{"id":13893,"date":"2025-04-14T10:27:46","date_gmt":"2025-04-14T09:27:46","guid":{"rendered":"https:\/\/www.mystery.city\/zpetna-vazba\/"},"modified":"2025-08-07T15:37:55","modified_gmt":"2025-08-07T14:37:55","slug":"zpetna-vazba","status":"publish","type":"page","link":"https:\/\/www.mystery.city\/cs\/zpetna-vazba\/","title":{"rendered":"Zp\u011btn\u00e1 vazba"},"content":{"rendered":"\t\t<div data-elementor-type=\"wp-post\" data-elementor-id=\"13893\" class=\"elementor elementor-13893 elementor-10304\" data-elementor-post-type=\"page\">\n\t\t\t\t<div class=\"elementor-element elementor-element-4d099d0 con-form e-flex e-con-boxed e-con e-parent\" data-id=\"4d099d0\" data-element_type=\"container\" data-e-type=\"container\" data-settings=\"{&quot;background_background&quot;:&quot;classic&quot;,&quot;_ha_eqh_enable&quot;:false}\">\n\t\t\t\t\t<div class=\"e-con-inner\">\n\t\t<div class=\"elementor-element elementor-element-fa1de9e e-con-full e-flex e-con e-child\" data-id=\"fa1de9e\" data-element_type=\"container\" data-e-type=\"container\" data-settings=\"{&quot;_ha_eqh_enable&quot;:false}\">\n\t\t<div class=\"elementor-element elementor-element-cb6ceef e-con-full e-flex e-con e-child\" data-id=\"cb6ceef\" data-element_type=\"container\" data-e-type=\"container\" data-settings=\"{&quot;_ha_eqh_enable&quot;:false}\">\n\t\t<div class=\"elementor-element elementor-element-a1bc532 e-con-full e-flex e-con e-child\" data-id=\"a1bc532\" data-element_type=\"container\" data-e-type=\"container\" data-settings=\"{&quot;_ha_eqh_enable&quot;:false}\">\n\t\t\t\t<div class=\"elementor-element elementor-element-b17e69b elementor-widget elementor-widget-heading\" data-id=\"b17e69b\" data-element_type=\"widget\" data-e-type=\"widget\" data-widget_type=\"heading.default\">\n\t\t\t\t<div class=\"elementor-widget-container\">\n\t\t\t\t\t<h1 class=\"elementor-heading-title elementor-size-default\">Zanechat recenzi<\/h1>\t\t\t\t<\/div>\n\t\t\t\t<\/div>\n\t\t\t\t<div class=\"elementor-element elementor-element-5d87249 elementor-widget elementor-widget-heading\" data-id=\"5d87249\" data-element_type=\"widget\" data-e-type=\"widget\" data-widget_type=\"heading.default\">\n\t\t\t\t<div class=\"elementor-widget-container\">\n\t\t\t\t\t<h2 class=\"elementor-heading-title elementor-size-default\">RECENZE N\u00c1M POM\u00c1HAJ\u00cd R\u016eST A ZLEP\u0160OVAT SE<\/h2>\t\t\t\t<\/div>\n\t\t\t\t<\/div>\n\t\t\t\t<\/div>\n\t\t\t\t<\/div>\n\t\t\t\t<\/div>\n\t\t\t\t\t<\/div>\n\t\t\t\t<\/div>\n\t\t<div class=\"elementor-element elementor-element-5dd8e8e con-form e-flex e-con-boxed e-con e-parent\" data-id=\"5dd8e8e\" data-element_type=\"container\" data-e-type=\"container\" data-settings=\"{&quot;background_background&quot;:&quot;classic&quot;,&quot;_ha_eqh_enable&quot;:false}\">\n\t\t\t\t\t<div class=\"e-con-inner\">\n\t\t<div class=\"elementor-element elementor-element-741aa4b e-con-full e-flex e-con e-child\" data-id=\"741aa4b\" data-element_type=\"container\" data-e-type=\"container\" data-settings=\"{&quot;background_background&quot;:&quot;classic&quot;,&quot;_ha_eqh_enable&quot;:false}\">\n\t\t\t\t<div class=\"elementor-element elementor-element-9eb76a1 elementor-button-align-stretch elementor-widget elementor-widget-form\" data-id=\"9eb76a1\" data-element_type=\"widget\" data-e-type=\"widget\" data-settings=\"{&quot;step_next_label&quot;:&quot;Dal\\u0161\\u00ed&quot;,&quot;step_previous_label&quot;:&quot;P\\u0159edchoz\\u00ed&quot;,&quot;button_width&quot;:&quot;100&quot;,&quot;step_type&quot;:&quot;number_text&quot;,&quot;step_icon_shape&quot;:&quot;circle&quot;}\" data-widget_type=\"form.default\">\n\t\t\t\t<div class=\"elementor-widget-container\">\n\t\t\t\t\t\t\t<form class=\"elementor-form\" method=\"post\" name=\"Kontaktn\u00ed formul\u00e1\u0159\" aria-label=\"Kontaktn\u00ed formul\u00e1\u0159\">\n\t\t\t<input type=\"hidden\" name=\"post_id\" value=\"13893\"\/>\n\t\t\t<input type=\"hidden\" name=\"form_id\" value=\"9eb76a1\"\/>\n\t\t\t<input type=\"hidden\" name=\"referer_title\" value=\"Zp\u011btn\u00e1 vazba - Mystery City Games\" \/>\n\n\t\t\t\t\t\t\t<input type=\"hidden\" name=\"queried_id\" value=\"13893\"\/>\n\t\t\t\n\t\t\t<div class=\"elementor-form-fields-wrapper elementor-labels-\">\n\t\t\t\t\t\t\t\t<div class=\"elementor-field-type-text elementor-field-group elementor-column elementor-field-group-name elementor-col-100\">\n\t\t\t\t\t\t\t\t\t\t\t\t<label for=\"form-field-name\" class=\"elementor-field-label elementor-screen-only\">\n\t\t\t\t\t\t\t\tN\u00e1zev\t\t\t\t\t\t\t<\/label>\n\t\t\t\t\t\t\t\t\t\t\t\t\t\t<input size=\"1\" type=\"text\" name=\"form_fields[name]\" id=\"form-field-name\" class=\"elementor-field elementor-size-sm  elementor-field-textual\" placeholder=\"N\u00e1zev\">\n\t\t\t\t\t\t\t\t\t\t\t<\/div>\n\t\t\t\t\t\t\t\t<div class=\"elementor-field-type-select elementor-field-group elementor-column elementor-field-group-field_55ecdda elementor-col-50 elementor-field-required\">\n\t\t\t\t\t\t\t\t\t\t\t\t<label for=\"form-field-field_55ecdda\" class=\"elementor-field-label elementor-screen-only\">\n\t\t\t\t\t\t\t\tM\u011bsto\t\t\t\t\t\t\t<\/label>\n\t\t\t\t\t\t\t\t<div class=\"elementor-field elementor-select-wrapper remove-before \">\n\t\t\t<div class=\"select-caret-down-wrapper\">\n\t\t\t\t<svg aria-hidden=\"true\" class=\"e-font-icon-svg e-eicon-caret-down\" viewBox=\"0 0 571.4 571.4\" xmlns=\"http:\/\/www.w3.org\/2000\/svg\"><path d=\"M571 393Q571 407 561 418L311 668Q300 679 286 679T261 668L11 418Q0 407 0 393T11 368 36 357H536Q550 357 561 368T571 393Z\"><\/path><\/svg>\t\t\t<\/div>\n\t\t\t<select name=\"form_fields[field_55ecdda]\" id=\"form-field-field_55ecdda\" class=\"elementor-field-textual elementor-size-sm\" required=\"required\">\n\t\t\t\t\t\t\t\t\t<option value=\"Ve kter\u00e9m m\u011bst\u011b jste hr\u00e1li?\">Ve kter\u00e9m m\u011bst\u011b jste hr\u00e1li?<\/option>\n\t\t\t\t\t\t\t\t\t<option value=\"Amsterdam\">Amsterdam<\/option>\n\t\t\t\t\t\t\t\t\t<option value=\"Ath\u00e9ny\">Ath\u00e9ny<\/option>\n\t\t\t\t\t\t\t\t\t<option value=\"Barcelona\">Barcelona<\/option>\n\t\t\t\t\t\t\t\t\t<option value=\"Dublin\">Dublin<\/option>\n\t\t\t\t\t\t\t\t\t<option value=\"Lisabon\">Lisabon<\/option>\n\t\t\t\t\t\t\t\t\t<option value=\"Lond\u00fdn\">Lond\u00fdn<\/option>\n\t\t\t\t\t\t\t\t\t<option value=\"Mil\u00e1n\">Mil\u00e1n<\/option>\n\t\t\t\t\t\t\t\t\t<option value=\"Neapol\">Neapol<\/option>\n\t\t\t\t\t\t\t\t\t<option value=\"Pa\u0159\u00ed\u017e\">Pa\u0159\u00ed\u017e<\/option>\n\t\t\t\t\t\t\t\t\t<option value=\"Praha\">Praha<\/option>\n\t\t\t\t\t\t\t\t\t<option value=\"Online\">Online<\/option>\n\t\t\t\t\t\t\t<\/select>\n\t\t<\/div>\n\t\t\t\t\t\t<\/div>\n\t\t\t\t\t\t\t\t<div class=\"elementor-field-type-select elementor-field-group elementor-column elementor-field-group-field_3202418 elementor-col-50 elementor-field-required\">\n\t\t\t\t\t\t\t\t\t\t\t\t<label for=\"form-field-field_3202418\" class=\"elementor-field-label elementor-screen-only\">\n\t\t\t\t\t\t\t\tHodnocen\u00ed\t\t\t\t\t\t\t<\/label>\n\t\t\t\t\t\t\t\t<div class=\"elementor-field elementor-select-wrapper remove-before \">\n\t\t\t<div class=\"select-caret-down-wrapper\">\n\t\t\t\t<svg aria-hidden=\"true\" class=\"e-font-icon-svg e-eicon-caret-down\" viewBox=\"0 0 571.4 571.4\" xmlns=\"http:\/\/www.w3.org\/2000\/svg\"><path d=\"M571 393Q571 407 561 418L311 668Q300 679 286 679T261 668L11 418Q0 407 0 393T11 368 36 357H536Q550 357 561 368T571 393Z\"><\/path><\/svg>\t\t\t<\/div>\n\t\t\t<select name=\"form_fields[field_3202418]\" id=\"form-field-field_3202418\" class=\"elementor-field-textual elementor-size-sm\" required=\"required\">\n\t\t\t\t\t\t\t\t\t<option value=\"Hodnocen\u00ed\">Hodnocen\u00ed<\/option>\n\t\t\t\t\t\t\t\t\t<option value=\"0 - Hrozn\u00e9\">0 - Hrozn\u00e9<\/option>\n\t\t\t\t\t\t\t\t\t<option value=\"1\">1<\/option>\n\t\t\t\t\t\t\t\t\t<option value=\"2\">2<\/option>\n\t\t\t\t\t\t\t\t\t<option value=\"3\">3<\/option>\n\t\t\t\t\t\t\t\t\t<option value=\"4\">4<\/option>\n\t\t\t\t\t\t\t\t\t<option value=\"5 - \u00da\u017easn\u00e9!\">5 - \u00da\u017easn\u00e9!<\/option>\n\t\t\t\t\t\t\t<\/select>\n\t\t<\/div>\n\t\t\t\t\t\t<\/div>\n\t\t\t\t\t\t\t\t<div class=\"elementor-field-type-textarea elementor-field-group elementor-column elementor-field-group-message elementor-col-100\">\n\t\t\t\t\t\t\t\t\t\t\t\t<label for=\"form-field-message\" class=\"elementor-field-label elementor-screen-only\">\n\t\t\t\t\t\t\t\tZpr\u00e1va\t\t\t\t\t\t\t<\/label>\n\t\t\t\t\t\t<textarea class=\"elementor-field-textual elementor-field  elementor-size-sm\" name=\"form_fields[message]\" id=\"form-field-message\" rows=\"4\" placeholder=\"Koment\u00e1\u0159e\"><\/textarea>\t\t\t\t<\/div>\n\t\t\t\t\t\t\t\t<div class=\"elementor-field-type-recaptcha_v3 elementor-field-group elementor-column elementor-field-group-field_1c19295 elementor-col-100 recaptcha_v3-bottomright\">\n\t\t\t\t\t<div class=\"elementor-field\" id=\"form-field-field_1c19295\"><div class=\"elementor-g-recaptcha\" data-sitekey=\"6LchFhIrAAAAAJYTGSCnDyms-VAvLZVl-SfbZhEj\" data-type=\"v3\" data-action=\"Form\" data-badge=\"bottomright\" data-size=\"invisible\"><\/div><\/div>\t\t\t\t<\/div>\n\t\t\t\t\t\t\t\t<div class=\"elementor-field-group elementor-column elementor-field-type-submit elementor-col-100 e-form__buttons\">\n\t\t\t\t\t<button class=\"elementor-button elementor-size-sm\" type=\"submit\">\n\t\t\t\t\t\t<span class=\"elementor-button-content-wrapper\">\n\t\t\t\t\t\t\t\t\t\t\t\t\t\t\t\t\t\t\t\t\t\t<span class=\"elementor-button-text\">Odeslat<\/span>\n\t\t\t\t\t\t\t\t\t\t\t\t\t<\/span>\n\t\t\t\t\t<\/button>\n\t\t\t\t<\/div>\n\t\t\t<\/div>\n\t\t<\/form>\n\t\t\t\t\t\t<\/div>\n\t\t\t\t<\/div>\n\t\t\t\t<\/div>\n\t\t\t\t\t<\/div>\n\t\t\t\t<\/div>\n\t\t\t\t<\/div>\n\t\t","protected":false},"excerpt":{"rendered":"<p>Zanechat recenzi RECENZE N\u00c1M POM\u00c1HAJ\u00cd R\u016eST A ZLEP\u0160OVAT SE<\/p>\n","protected":false},"author":2,"featured_media":0,"parent":0,"menu_order":0,"comment_status":"closed","ping_status":"open","template":"elementor_header_footer","meta":{"_acf_changed":false,"postBodyCss":"","postBodyMargin":[],"postBodyPadding":[],"postBodyBackground":{"backgroundType":"classic","gradient":""},"footnotes":""},"class_list":["post-13893","page","type-page","status-publish","hentry"],"blocksy_meta":[],"acf":[],"yoast_head":"<!-- This site is optimized with the Yoast SEO plugin v27.4 - https:\/\/yoast.com\/product\/yoast-seo-wordpress\/ -->\n<title>Zp\u011btn\u00e1 vazba - Mystery City Games<\/title>\n<meta name=\"robots\" content=\"index, follow, max-snippet:-1, max-image-preview:large, max-video-preview:-1\" \/>\n<link rel=\"canonical\" href=\"https:\/\/www.mystery.city\/cs\/zpetna-vazba\/\" \/>\n<meta property=\"og:locale\" content=\"cs_CZ\" \/>\n<meta property=\"og:type\" content=\"article\" \/>\n<meta property=\"og:title\" content=\"Zp\u011btn\u00e1 vazba - Mystery City Games\" \/>\n<meta property=\"og:description\" content=\"Zanechat recenzi RECENZE N\u00c1M POM\u00c1HAJ\u00cd R\u016eST A ZLEP\u0160OVAT SE\" \/>\n<meta property=\"og:url\" content=\"https:\/\/www.mystery.city\/cs\/zpetna-vazba\/\" \/>\n<meta property=\"og:site_name\" content=\"Mystery City Games\" \/>\n<meta property=\"article:publisher\" content=\"https:\/\/www.facebook.com\/MysteryCityGames\/\" \/>\n<meta property=\"article:modified_time\" content=\"2025-08-07T14:37:55+00:00\" \/>\n<meta property=\"og:image\" content=\"https:\/\/www.mystery.city\/wp-content\/uploads\/2025\/02\/Mystery-City-Games-Logo-2048x394-1.png\" \/>\n\t<meta property=\"og:image:width\" content=\"2048\" \/>\n\t<meta property=\"og:image:height\" content=\"394\" \/>\n\t<meta property=\"og:image:type\" content=\"image\/png\" \/>\n<meta name=\"twitter:card\" content=\"summary_large_image\" \/>\n<script type=\"application\/ld+json\" class=\"yoast-schema-graph\">{\"@context\":\"https:\\\/\\\/schema.org\",\"@graph\":[{\"@type\":\"WebPage\",\"@id\":\"https:\\\/\\\/www.mystery.city\\\/cs\\\/zpetna-vazba\\\/\",\"url\":\"https:\\\/\\\/www.mystery.city\\\/cs\\\/zpetna-vazba\\\/\",\"name\":\"Zp\u011btn\u00e1 vazba - Mystery City Games\",\"isPartOf\":{\"@id\":\"https:\\\/\\\/www.mystery.city\\\/cs\\\/#website\"},\"datePublished\":\"2025-04-14T09:27:46+00:00\",\"dateModified\":\"2025-08-07T14:37:55+00:00\",\"breadcrumb\":{\"@id\":\"https:\\\/\\\/www.mystery.city\\\/cs\\\/zpetna-vazba\\\/#breadcrumb\"},\"inLanguage\":\"cs\",\"potentialAction\":[{\"@type\":\"ReadAction\",\"target\":[\"https:\\\/\\\/www.mystery.city\\\/cs\\\/zpetna-vazba\\\/\"]}]},{\"@type\":\"BreadcrumbList\",\"@id\":\"https:\\\/\\\/www.mystery.city\\\/cs\\\/zpetna-vazba\\\/#breadcrumb\",\"itemListElement\":[{\"@type\":\"ListItem\",\"position\":1,\"name\":\"Home\",\"item\":\"https:\\\/\\\/www.mystery.city\\\/cs\\\/\"},{\"@type\":\"ListItem\",\"position\":2,\"name\":\"Zp\u011btn\u00e1 vazba\"}]},{\"@type\":\"WebSite\",\"@id\":\"https:\\\/\\\/www.mystery.city\\\/cs\\\/#website\",\"url\":\"https:\\\/\\\/www.mystery.city\\\/cs\\\/\",\"name\":\"Mystery City Games\",\"description\":\"Explore the City, Solve Puzzles, Unlock History\",\"alternateName\":\"Mystery City Games\",\"potentialAction\":[{\"@type\":\"SearchAction\",\"target\":{\"@type\":\"EntryPoint\",\"urlTemplate\":\"https:\\\/\\\/www.mystery.city\\\/cs\\\/?s={search_term_string}\"},\"query-input\":{\"@type\":\"PropertyValueSpecification\",\"valueRequired\":true,\"valueName\":\"search_term_string\"}}],\"inLanguage\":\"cs\"}]}<\/script>\n<!-- \/ Yoast SEO plugin. -->","yoast_head_json":{"title":"Zp\u011btn\u00e1 vazba - Mystery City Games","robots":{"index":"index","follow":"follow","max-snippet":"max-snippet:-1","max-image-preview":"max-image-preview:large","max-video-preview":"max-video-preview:-1"},"canonical":"https:\/\/www.mystery.city\/cs\/zpetna-vazba\/","og_locale":"cs_CZ","og_type":"article","og_title":"Zp\u011btn\u00e1 vazba - Mystery City Games","og_description":"Zanechat recenzi RECENZE N\u00c1M POM\u00c1HAJ\u00cd R\u016eST A ZLEP\u0160OVAT SE","og_url":"https:\/\/www.mystery.city\/cs\/zpetna-vazba\/","og_site_name":"Mystery City Games","article_publisher":"https:\/\/www.facebook.com\/MysteryCityGames\/","article_modified_time":"2025-08-07T14:37:55+00:00","og_image":[{"width":2048,"height":394,"url":"https:\/\/www.mystery.city\/wp-content\/uploads\/2025\/02\/Mystery-City-Games-Logo-2048x394-1.png","type":"image\/png"}],"twitter_card":"summary_large_image","schema":{"@context":"https:\/\/schema.org","@graph":[{"@type":"WebPage","@id":"https:\/\/www.mystery.city\/cs\/zpetna-vazba\/","url":"https:\/\/www.mystery.city\/cs\/zpetna-vazba\/","name":"Zp\u011btn\u00e1 vazba - Mystery City Games","isPartOf":{"@id":"https:\/\/www.mystery.city\/cs\/#website"},"datePublished":"2025-04-14T09:27:46+00:00","dateModified":"2025-08-07T14:37:55+00:00","breadcrumb":{"@id":"https:\/\/www.mystery.city\/cs\/zpetna-vazba\/#breadcrumb"},"inLanguage":"cs","potentialAction":[{"@type":"ReadAction","target":["https:\/\/www.mystery.city\/cs\/zpetna-vazba\/"]}]},{"@type":"BreadcrumbList","@id":"https:\/\/www.mystery.city\/cs\/zpetna-vazba\/#breadcrumb","itemListElement":[{"@type":"ListItem","position":1,"name":"Home","item":"https:\/\/www.mystery.city\/cs\/"},{"@type":"ListItem","position":2,"name":"Zp\u011btn\u00e1 vazba"}]},{"@type":"WebSite","@id":"https:\/\/www.mystery.city\/cs\/#website","url":"https:\/\/www.mystery.city\/cs\/","name":"Mystery City Games","description":"Explore the City, Solve Puzzles, Unlock History","alternateName":"Mystery City Games","potentialAction":[{"@type":"SearchAction","target":{"@type":"EntryPoint","urlTemplate":"https:\/\/www.mystery.city\/cs\/?s={search_term_string}"},"query-input":{"@type":"PropertyValueSpecification","valueRequired":true,"valueName":"search_term_string"}}],"inLanguage":"cs"}]}},"_links":{"self":[{"href":"https:\/\/www.mystery.city\/cs\/wp-json\/wp\/v2\/pages\/13893","targetHints":{"allow":["GET"]}}],"collection":[{"href":"https:\/\/www.mystery.city\/cs\/wp-json\/wp\/v2\/pages"}],"about":[{"href":"https:\/\/www.mystery.city\/cs\/wp-json\/wp\/v2\/types\/page"}],"author":[{"embeddable":true,"href":"https:\/\/www.mystery.city\/cs\/wp-json\/wp\/v2\/users\/2"}],"replies":[{"embeddable":true,"href":"https:\/\/www.mystery.city\/cs\/wp-json\/wp\/v2\/comments?post=13893"}],"version-history":[{"count":1,"href":"https:\/\/www.mystery.city\/cs\/wp-json\/wp\/v2\/pages\/13893\/revisions"}],"predecessor-version":[{"id":13895,"href":"https:\/\/www.mystery.city\/cs\/wp-json\/wp\/v2\/pages\/13893\/revisions\/13895"}],"wp:attachment":[{"href":"https:\/\/www.mystery.city\/cs\/wp-json\/wp\/v2\/media?parent=13893"}],"curies":[{"name":"wp","href":"https:\/\/api.w.org\/{rel}","templated":true}]}}