{"id":9405,"date":"2025-03-07T07:15:55","date_gmt":"2025-03-07T06:15:55","guid":{"rendered":"https:\/\/mysterycity.com\/product\/the-astronomers-treasure\/"},"modified":"2026-04-28T10:31:24","modified_gmt":"2026-04-28T09:31:24","slug":"praha-hledani-pokladu","status":"publish","type":"product","link":"https:\/\/www.mystery.city\/cs\/product\/praha-hledani-pokladu\/","title":{"rendered":"Astronom\u016fv Poklad"},"content":{"rendered":"<p><span style=\"font-weight: 400;\">Vydejte se na <strong>dobrodru\u017enou honbu za pokladem na vlastn\u00ed p\u011bst po<\/strong> <strong>historick\u00fdch ulic\u00edch Prahy<\/strong>. Hrajte si se skute\u010dn\u00fdmi<strong> mapami poklad\u016f, kouzeln\u00fdmi n\u00e1stroji<\/strong> a<strong> hledejte skryt\u00e9 stopy<\/strong>, zat\u00edmco prozkoum\u00e1v\u00e1te <strong>slavn\u00e9 pam\u00e1tky<\/strong> a pono\u0159\u00edte se do <strong>skute\u010dn\u00e9ho p\u0159\u00edb\u011bhu<\/strong> c\u00edsa\u0159sk\u00e9ho astronoma. <\/span><\/p>\n<p>Po z\u00e1hadn\u00e9 smrti c\u00edsa\u0159sk\u00e9ho astronoma hroz\u00ed, \u017ee jeho cenn\u00e1 sb\u00edrka m\u011b\u0159en\u00ed slune\u010dn\u00ed soustavy bude ztracena. Vydejte se po jeho stop\u00e1ch, \u0159e\u0161te h\u00e1danky a odhalte tajemstv\u00ed hv\u011bzd v t\u00e9to <g id=\"gid_5\"><a href=\"https:\/\/www.mystery.city\/cz\">venkovn\u00ed \u00fanikov\u00e9 m\u00edstnosti<\/a><\/g>. <\/p>\n<p>Dok\u00e1\u017ee\u0161 ty <b>vy\u0159e\u0161it tu <a href=\"https:\/\/www.instagram.com\/mysterycitygames\/\">z\u00e1hadu<\/a><\/b>?<span style=\"font-weight: 400;\"> <strong>Vstup do do minulosti<\/strong> a <strong>vydejte se na dobrodru\u017estv\u00ed<\/strong>, abyste zjistili zjistit pro\u010d je to ta nejz\u00e1bavn\u011bj\u0161\u00ed v\u011bc v Praze! <\/span><\/p>\n","protected":false},"excerpt":{"rendered":"<p><script type=\"text\/javascript\" src=\"https:\/\/bookeo.com\/widget.js?a=42553A7KH33190EEF261C7&#038;type=42553L4AYJP1993D22CF03\"><\/script><\/p>\n","protected":false},"featured_media":9407,"template":"","meta":{"_acf_changed":false,"postBodyCss":"","postBodyMargin":[],"postBodyPadding":[],"postBodyBackground":{"backgroundType":"classic","gradient":""}},"product_brand":[],"product_cat":[81],"product_tag":[144],"class_list":{"0":"post-9405","1":"product","2":"type-product","3":"status-publish","4":"has-post-thumbnail","6":"product_cat-game","7":"product_tag-bookeo-cs","9":"first","10":"instock","11":"virtual","12":"taxable","13":"purchasable","14":"product-type-simple"},"acf":[],"yoast_head":"<!-- This site is optimized with the Yoast SEO plugin v27.4 - https:\/\/yoast.com\/product\/yoast-seo-wordpress\/ -->\n<title>Praha Poklad Hled\u00e1n\u00ed - Mystery City Games - Astronom\u016fv Poklad<\/title>\n<meta name=\"description\" content=\"Z\u00fa\u010dastn\u011bte se pra\u017esk\u00e9 \u00fanikov\u00e9 hry s honbou za pokladem a odhalte tajemstv\u00ed Astronoma! \u0158e\u0161te skute\u010dn\u00e9 h\u00e1danky, objevujte skryt\u00e9 poklady a u\u017eijte si jedine\u010dnou m\u011bstskou v\u00fdpravu.\" \/>\n<meta name=\"robots\" content=\"index, follow, max-snippet:-1, max-image-preview:large, max-video-preview:-1\" \/>\n<link rel=\"canonical\" href=\"https:\/\/www.mystery.city\/cs\/product\/praha-hledani-pokladu\/\" \/>\n<meta property=\"og:locale\" content=\"cs_CZ\" \/>\n<meta property=\"og:type\" content=\"article\" \/>\n<meta property=\"og:title\" content=\"Praha Poklad Hled\u00e1n\u00ed - Mystery City Games - Astronom\u016fv Poklad\" \/>\n<meta property=\"og:description\" content=\"Z\u00fa\u010dastn\u011bte se pra\u017esk\u00e9 \u00fanikov\u00e9 hry s honbou za pokladem a odhalte tajemstv\u00ed Astronoma! \u0158e\u0161te skute\u010dn\u00e9 h\u00e1danky, objevujte skryt\u00e9 poklady a u\u017eijte si jedine\u010dnou m\u011bstskou v\u00fdpravu.\" \/>\n<meta property=\"og:url\" content=\"https:\/\/www.mystery.city\/cs\/product\/praha-hledani-pokladu\/\" \/>\n<meta property=\"og:site_name\" content=\"Mystery City Games\" \/>\n<meta property=\"article:publisher\" content=\"https:\/\/www.facebook.com\/MysteryCityGames\/\" \/>\n<meta property=\"article:modified_time\" content=\"2026-04-28T09:31:24+00:00\" \/>\n<meta property=\"og:image\" content=\"https:\/\/www.mystery.city\/wp-content\/uploads\/2025\/03\/Prague-with-stix.png\" \/>\n\t<meta property=\"og:image:width\" content=\"788\" \/>\n\t<meta property=\"og:image:height\" content=\"628\" \/>\n\t<meta property=\"og:image:type\" content=\"image\/png\" \/>\n<meta name=\"twitter:card\" content=\"summary_large_image\" \/>\n<script type=\"application\/ld+json\" class=\"yoast-schema-graph\">{\"@context\":\"https:\\\/\\\/schema.org\",\"@graph\":[{\"@type\":\"WebPage\",\"@id\":\"https:\\\/\\\/www.mystery.city\\\/cs\\\/product\\\/praha-hledani-pokladu\\\/\",\"url\":\"https:\\\/\\\/www.mystery.city\\\/cs\\\/product\\\/praha-hledani-pokladu\\\/\",\"name\":\"Praha Poklad Hled\u00e1n\u00ed - Mystery City Games - Astronom\u016fv Poklad\",\"isPartOf\":{\"@id\":\"https:\\\/\\\/www.mystery.city\\\/cs\\\/#website\"},\"primaryImageOfPage\":{\"@id\":\"https:\\\/\\\/www.mystery.city\\\/cs\\\/product\\\/praha-hledani-pokladu\\\/#primaryimage\"},\"image\":{\"@id\":\"https:\\\/\\\/www.mystery.city\\\/cs\\\/product\\\/praha-hledani-pokladu\\\/#primaryimage\"},\"thumbnailUrl\":\"https:\\\/\\\/www.mystery.city\\\/wp-content\\\/uploads\\\/2025\\\/03\\\/Prague-with-stix.png\",\"datePublished\":\"2025-03-07T06:15:55+00:00\",\"dateModified\":\"2026-04-28T09:31:24+00:00\",\"description\":\"Z\u00fa\u010dastn\u011bte se pra\u017esk\u00e9 \u00fanikov\u00e9 hry s honbou za pokladem a odhalte tajemstv\u00ed Astronoma! \u0158e\u0161te skute\u010dn\u00e9 h\u00e1danky, objevujte skryt\u00e9 poklady a u\u017eijte si jedine\u010dnou m\u011bstskou v\u00fdpravu.\",\"breadcrumb\":{\"@id\":\"https:\\\/\\\/www.mystery.city\\\/cs\\\/product\\\/praha-hledani-pokladu\\\/#breadcrumb\"},\"inLanguage\":\"cs\",\"potentialAction\":[{\"@type\":\"ReadAction\",\"target\":[\"https:\\\/\\\/www.mystery.city\\\/cs\\\/product\\\/praha-hledani-pokladu\\\/\"]}]},{\"@type\":\"ImageObject\",\"inLanguage\":\"cs\",\"@id\":\"https:\\\/\\\/www.mystery.city\\\/cs\\\/product\\\/praha-hledani-pokladu\\\/#primaryimage\",\"url\":\"https:\\\/\\\/www.mystery.city\\\/wp-content\\\/uploads\\\/2025\\\/03\\\/Prague-with-stix.png\",\"contentUrl\":\"https:\\\/\\\/www.mystery.city\\\/wp-content\\\/uploads\\\/2025\\\/03\\\/Prague-with-stix.png\",\"width\":788,\"height\":628,\"caption\":\"Prague Treasure Hunt | Self-guided Scavenger Hunt Adventure\"},{\"@type\":\"BreadcrumbList\",\"@id\":\"https:\\\/\\\/www.mystery.city\\\/cs\\\/product\\\/praha-hledani-pokladu\\\/#breadcrumb\",\"itemListElement\":[{\"@type\":\"ListItem\",\"position\":1,\"name\":\"Home\",\"item\":\"https:\\\/\\\/www.mystery.city\\\/cs\\\/\"},{\"@type\":\"ListItem\",\"position\":2,\"name\":\"Shop\",\"item\":\"https:\\\/\\\/www.mystery.city\\\/shop\\\/\"},{\"@type\":\"ListItem\",\"position\":3,\"name\":\"Astronom\u016fv Poklad\"}]},{\"@type\":\"WebSite\",\"@id\":\"https:\\\/\\\/www.mystery.city\\\/cs\\\/#website\",\"url\":\"https:\\\/\\\/www.mystery.city\\\/cs\\\/\",\"name\":\"Mystery City Games\",\"description\":\"Explore the City, Solve Puzzles, Unlock History\",\"alternateName\":\"Mystery City Games\",\"potentialAction\":[{\"@type\":\"SearchAction\",\"target\":{\"@type\":\"EntryPoint\",\"urlTemplate\":\"https:\\\/\\\/www.mystery.city\\\/cs\\\/?s={search_term_string}\"},\"query-input\":{\"@type\":\"PropertyValueSpecification\",\"valueRequired\":true,\"valueName\":\"search_term_string\"}}],\"inLanguage\":\"cs\"}]}<\/script>\n<!-- \/ Yoast SEO plugin. -->","yoast_head_json":{"title":"Praha Poklad Hled\u00e1n\u00ed - Mystery City Games - Astronom\u016fv Poklad","description":"Z\u00fa\u010dastn\u011bte se pra\u017esk\u00e9 \u00fanikov\u00e9 hry s honbou za pokladem a odhalte tajemstv\u00ed Astronoma! \u0158e\u0161te skute\u010dn\u00e9 h\u00e1danky, objevujte skryt\u00e9 poklady a u\u017eijte si jedine\u010dnou m\u011bstskou v\u00fdpravu.","robots":{"index":"index","follow":"follow","max-snippet":"max-snippet:-1","max-image-preview":"max-image-preview:large","max-video-preview":"max-video-preview:-1"},"canonical":"https:\/\/www.mystery.city\/cs\/product\/praha-hledani-pokladu\/","og_locale":"cs_CZ","og_type":"article","og_title":"Praha Poklad Hled\u00e1n\u00ed - Mystery City Games - Astronom\u016fv Poklad","og_description":"Z\u00fa\u010dastn\u011bte se pra\u017esk\u00e9 \u00fanikov\u00e9 hry s honbou za pokladem a odhalte tajemstv\u00ed Astronoma! \u0158e\u0161te skute\u010dn\u00e9 h\u00e1danky, objevujte skryt\u00e9 poklady a u\u017eijte si jedine\u010dnou m\u011bstskou v\u00fdpravu.","og_url":"https:\/\/www.mystery.city\/cs\/product\/praha-hledani-pokladu\/","og_site_name":"Mystery City Games","article_publisher":"https:\/\/www.facebook.com\/MysteryCityGames\/","article_modified_time":"2026-04-28T09:31:24+00:00","og_image":[{"width":788,"height":628,"url":"https:\/\/www.mystery.city\/wp-content\/uploads\/2025\/03\/Prague-with-stix.png","type":"image\/png"}],"twitter_card":"summary_large_image","schema":{"@context":"https:\/\/schema.org","@graph":[{"@type":"WebPage","@id":"https:\/\/www.mystery.city\/cs\/product\/praha-hledani-pokladu\/","url":"https:\/\/www.mystery.city\/cs\/product\/praha-hledani-pokladu\/","name":"Praha Poklad Hled\u00e1n\u00ed - Mystery City Games - Astronom\u016fv Poklad","isPartOf":{"@id":"https:\/\/www.mystery.city\/cs\/#website"},"primaryImageOfPage":{"@id":"https:\/\/www.mystery.city\/cs\/product\/praha-hledani-pokladu\/#primaryimage"},"image":{"@id":"https:\/\/www.mystery.city\/cs\/product\/praha-hledani-pokladu\/#primaryimage"},"thumbnailUrl":"https:\/\/www.mystery.city\/wp-content\/uploads\/2025\/03\/Prague-with-stix.png","datePublished":"2025-03-07T06:15:55+00:00","dateModified":"2026-04-28T09:31:24+00:00","description":"Z\u00fa\u010dastn\u011bte se pra\u017esk\u00e9 \u00fanikov\u00e9 hry s honbou za pokladem a odhalte tajemstv\u00ed Astronoma! \u0158e\u0161te skute\u010dn\u00e9 h\u00e1danky, objevujte skryt\u00e9 poklady a u\u017eijte si jedine\u010dnou m\u011bstskou v\u00fdpravu.","breadcrumb":{"@id":"https:\/\/www.mystery.city\/cs\/product\/praha-hledani-pokladu\/#breadcrumb"},"inLanguage":"cs","potentialAction":[{"@type":"ReadAction","target":["https:\/\/www.mystery.city\/cs\/product\/praha-hledani-pokladu\/"]}]},{"@type":"ImageObject","inLanguage":"cs","@id":"https:\/\/www.mystery.city\/cs\/product\/praha-hledani-pokladu\/#primaryimage","url":"https:\/\/www.mystery.city\/wp-content\/uploads\/2025\/03\/Prague-with-stix.png","contentUrl":"https:\/\/www.mystery.city\/wp-content\/uploads\/2025\/03\/Prague-with-stix.png","width":788,"height":628,"caption":"Prague Treasure Hunt | Self-guided Scavenger Hunt Adventure"},{"@type":"BreadcrumbList","@id":"https:\/\/www.mystery.city\/cs\/product\/praha-hledani-pokladu\/#breadcrumb","itemListElement":[{"@type":"ListItem","position":1,"name":"Home","item":"https:\/\/www.mystery.city\/cs\/"},{"@type":"ListItem","position":2,"name":"Shop","item":"https:\/\/www.mystery.city\/shop\/"},{"@type":"ListItem","position":3,"name":"Astronom\u016fv Poklad"}]},{"@type":"WebSite","@id":"https:\/\/www.mystery.city\/cs\/#website","url":"https:\/\/www.mystery.city\/cs\/","name":"Mystery City Games","description":"Explore the City, Solve Puzzles, Unlock History","alternateName":"Mystery City Games","potentialAction":[{"@type":"SearchAction","target":{"@type":"EntryPoint","urlTemplate":"https:\/\/www.mystery.city\/cs\/?s={search_term_string}"},"query-input":{"@type":"PropertyValueSpecification","valueRequired":true,"valueName":"search_term_string"}}],"inLanguage":"cs"}]}},"_links":{"self":[{"href":"https:\/\/www.mystery.city\/cs\/wp-json\/wp\/v2\/product\/9405","targetHints":{"allow":["GET"]}}],"collection":[{"href":"https:\/\/www.mystery.city\/cs\/wp-json\/wp\/v2\/product"}],"about":[{"href":"https:\/\/www.mystery.city\/cs\/wp-json\/wp\/v2\/types\/product"}],"wp:featuredmedia":[{"embeddable":true,"href":"https:\/\/www.mystery.city\/cs\/wp-json\/wp\/v2\/media\/9407"}],"wp:attachment":[{"href":"https:\/\/www.mystery.city\/cs\/wp-json\/wp\/v2\/media?parent=9405"}],"wp:term":[{"taxonomy":"product_brand","embeddable":true,"href":"https:\/\/www.mystery.city\/cs\/wp-json\/wp\/v2\/product_brand?post=9405"},{"taxonomy":"product_cat","embeddable":true,"href":"https:\/\/www.mystery.city\/cs\/wp-json\/wp\/v2\/product_cat?post=9405"},{"taxonomy":"product_tag","embeddable":true,"href":"https:\/\/www.mystery.city\/cs\/wp-json\/wp\/v2\/product_tag?post=9405"}],"curies":[{"name":"wp","href":"https:\/\/api.w.org\/{rel}","templated":true}]}}