{"id":9406,"date":"2025-03-07T07:15:59","date_gmt":"2025-03-07T06:15:59","guid":{"rendered":"https:\/\/mysterycity.com\/product\/the-astronomers-treasure-vzdelavani\/"},"modified":"2026-04-28T10:25:56","modified_gmt":"2026-04-28T09:25:56","slug":"praha-skolni-skupiny","status":"publish","type":"product","link":"https:\/\/www.mystery.city\/cs\/product\/praha-skolni-skupiny\/","title":{"rendered":"Astronom\u016fv Poklad pro \u0161koln\u00ed skupiny"},"content":{"rendered":"<p>P\u0159ij\u010fte objevit tu nejlep\u0161\u00ed hru v <strong>Praze<\/strong>, kter\u00e1 je <em>vzd\u011bl\u00e1vac\u00ed<\/em> i <em>z\u00e1bavn\u00e1<\/em>! Spolupracujte se spolu\u017e\u00e1ky a sout\u011b\u017ete p\u0159i \u0159e\u0161en\u00ed z\u00e1hady.<\/p>\n<p>V t\u00e9to sout\u011b\u017ei jsou hr\u00e1\u010di rozd\u011bleni do t\u00fdm\u016f, kter\u00e9:<\/p>\n<ul>\n<li>Z\u00e1vod m\u011bstem podle mapy poklad\u016f<\/li>\n<li>Spolupr\u00e1ce p\u0159i hled\u00e1n\u00ed stop<\/li>\n<li>Sout\u011b\u017ete se spolu\u017e\u00e1ky o v\u00edt\u011bzstv\u00ed<\/li>\n<li>Vy\u0159e\u0161te skute\u010dn\u00fd p\u0159\u00edpad z historie Prahy<\/li>\n<\/ul>\n<p><a href=\"https:\/\/mystery.city\/prague-cz\/\">Pro \u010deskou verzi klikn\u011bte zde.<\/a><\/p>\n","protected":false},"excerpt":{"rendered":"<p><script type=\"text\/javascript\" src=\"https:\/\/bookeo.com\/widget.js?a=42553A7KH33190EEF261C7&#038;type=425539EXH4M1912C463C35\"><\/script><\/p>\n","protected":false},"featured_media":9407,"template":"","meta":{"_acf_changed":false,"postBodyCss":"","postBodyMargin":[],"postBodyPadding":[],"postBodyBackground":{"backgroundType":"classic","gradient":""}},"product_brand":[],"product_cat":[80],"product_tag":[144],"class_list":{"0":"post-9406","1":"product","2":"type-product","3":"status-publish","4":"has-post-thumbnail","6":"product_cat-education","7":"product_tag-bookeo-cs","9":"first","10":"instock","11":"virtual","12":"taxable","13":"purchasable","14":"product-type-simple"},"acf":[],"yoast_head":"<!-- This site is optimized with the Yoast SEO plugin v27.4 - https:\/\/yoast.com\/product\/yoast-seo-wordpress\/ -->\n<title>Astronom\u016fv Poklad pro \u0161koln\u00ed skupiny - Mystery City Games<\/title>\n<meta name=\"description\" content=\"Za\u017eijte vzd\u011bl\u00e1vac\u00ed \u00fanikovou hru The Astronomer&#039;s Treasure, kter\u00e1 spojuje z\u00e1bavu s pozn\u00e1n\u00edm vesm\u00edru. P\u0159ipravte se na dobrodru\u017estv\u00ed!\" \/>\n<meta name=\"robots\" content=\"index, follow, max-snippet:-1, max-image-preview:large, max-video-preview:-1\" \/>\n<link rel=\"canonical\" href=\"https:\/\/www.mystery.city\/cs\/product\/praha-skolni-skupiny\/\" \/>\n<meta property=\"og:locale\" content=\"cs_CZ\" \/>\n<meta property=\"og:type\" content=\"article\" \/>\n<meta property=\"og:title\" content=\"Astronom\u016fv Poklad pro \u0161koln\u00ed skupiny - Mystery City Games\" \/>\n<meta property=\"og:description\" content=\"Za\u017eijte vzd\u011bl\u00e1vac\u00ed \u00fanikovou hru The Astronomer&#039;s Treasure, kter\u00e1 spojuje z\u00e1bavu s pozn\u00e1n\u00edm vesm\u00edru. P\u0159ipravte se na dobrodru\u017estv\u00ed!\" \/>\n<meta property=\"og:url\" content=\"https:\/\/www.mystery.city\/cs\/product\/praha-skolni-skupiny\/\" \/>\n<meta property=\"og:site_name\" content=\"Mystery City Games\" \/>\n<meta property=\"article:publisher\" content=\"https:\/\/www.facebook.com\/MysteryCityGames\/\" \/>\n<meta property=\"article:modified_time\" content=\"2026-04-28T09:25:56+00:00\" \/>\n<meta property=\"og:image\" content=\"https:\/\/www.mystery.city\/wp-content\/uploads\/2025\/03\/Prague-with-stix.png\" \/>\n\t<meta property=\"og:image:width\" content=\"788\" \/>\n\t<meta property=\"og:image:height\" content=\"628\" \/>\n\t<meta property=\"og:image:type\" content=\"image\/png\" \/>\n<meta name=\"twitter:card\" content=\"summary_large_image\" \/>\n<script type=\"application\/ld+json\" class=\"yoast-schema-graph\">{\"@context\":\"https:\\\/\\\/schema.org\",\"@graph\":[{\"@type\":\"WebPage\",\"@id\":\"https:\\\/\\\/www.mystery.city\\\/cs\\\/product\\\/praha-skolni-skupiny\\\/\",\"url\":\"https:\\\/\\\/www.mystery.city\\\/cs\\\/product\\\/praha-skolni-skupiny\\\/\",\"name\":\"Astronom\u016fv Poklad pro \u0161koln\u00ed skupiny - Mystery City Games\",\"isPartOf\":{\"@id\":\"https:\\\/\\\/www.mystery.city\\\/cs\\\/#website\"},\"primaryImageOfPage\":{\"@id\":\"https:\\\/\\\/www.mystery.city\\\/cs\\\/product\\\/praha-skolni-skupiny\\\/#primaryimage\"},\"image\":{\"@id\":\"https:\\\/\\\/www.mystery.city\\\/cs\\\/product\\\/praha-skolni-skupiny\\\/#primaryimage\"},\"thumbnailUrl\":\"https:\\\/\\\/www.mystery.city\\\/wp-content\\\/uploads\\\/2025\\\/03\\\/Prague-with-stix.png\",\"datePublished\":\"2025-03-07T06:15:59+00:00\",\"dateModified\":\"2026-04-28T09:25:56+00:00\",\"description\":\"Za\u017eijte vzd\u011bl\u00e1vac\u00ed \u00fanikovou hru The Astronomer's Treasure, kter\u00e1 spojuje z\u00e1bavu s pozn\u00e1n\u00edm vesm\u00edru. P\u0159ipravte se na dobrodru\u017estv\u00ed!\",\"breadcrumb\":{\"@id\":\"https:\\\/\\\/www.mystery.city\\\/cs\\\/product\\\/praha-skolni-skupiny\\\/#breadcrumb\"},\"inLanguage\":\"cs\",\"potentialAction\":[{\"@type\":\"ReadAction\",\"target\":[\"https:\\\/\\\/www.mystery.city\\\/cs\\\/product\\\/praha-skolni-skupiny\\\/\"]}]},{\"@type\":\"ImageObject\",\"inLanguage\":\"cs\",\"@id\":\"https:\\\/\\\/www.mystery.city\\\/cs\\\/product\\\/praha-skolni-skupiny\\\/#primaryimage\",\"url\":\"https:\\\/\\\/www.mystery.city\\\/wp-content\\\/uploads\\\/2025\\\/03\\\/Prague-with-stix.png\",\"contentUrl\":\"https:\\\/\\\/www.mystery.city\\\/wp-content\\\/uploads\\\/2025\\\/03\\\/Prague-with-stix.png\",\"width\":788,\"height\":628,\"caption\":\"Prague Treasure Hunt | Self-guided Scavenger Hunt Adventure\"},{\"@type\":\"BreadcrumbList\",\"@id\":\"https:\\\/\\\/www.mystery.city\\\/cs\\\/product\\\/praha-skolni-skupiny\\\/#breadcrumb\",\"itemListElement\":[{\"@type\":\"ListItem\",\"position\":1,\"name\":\"Home\",\"item\":\"https:\\\/\\\/www.mystery.city\\\/cs\\\/\"},{\"@type\":\"ListItem\",\"position\":2,\"name\":\"Shop\",\"item\":\"https:\\\/\\\/www.mystery.city\\\/shop\\\/\"},{\"@type\":\"ListItem\",\"position\":3,\"name\":\"Astronom\u016fv Poklad pro \u0161koln\u00ed skupiny\"}]},{\"@type\":\"WebSite\",\"@id\":\"https:\\\/\\\/www.mystery.city\\\/cs\\\/#website\",\"url\":\"https:\\\/\\\/www.mystery.city\\\/cs\\\/\",\"name\":\"Mystery City Games\",\"description\":\"Explore the City, Solve Puzzles, Unlock History\",\"alternateName\":\"Mystery City Games\",\"potentialAction\":[{\"@type\":\"SearchAction\",\"target\":{\"@type\":\"EntryPoint\",\"urlTemplate\":\"https:\\\/\\\/www.mystery.city\\\/cs\\\/?s={search_term_string}\"},\"query-input\":{\"@type\":\"PropertyValueSpecification\",\"valueRequired\":true,\"valueName\":\"search_term_string\"}}],\"inLanguage\":\"cs\"}]}<\/script>\n<!-- \/ Yoast SEO plugin. -->","yoast_head_json":{"title":"Astronom\u016fv Poklad pro \u0161koln\u00ed skupiny - Mystery City Games","description":"Za\u017eijte vzd\u011bl\u00e1vac\u00ed \u00fanikovou hru The Astronomer's Treasure, kter\u00e1 spojuje z\u00e1bavu s pozn\u00e1n\u00edm vesm\u00edru. P\u0159ipravte se na dobrodru\u017estv\u00ed!","robots":{"index":"index","follow":"follow","max-snippet":"max-snippet:-1","max-image-preview":"max-image-preview:large","max-video-preview":"max-video-preview:-1"},"canonical":"https:\/\/www.mystery.city\/cs\/product\/praha-skolni-skupiny\/","og_locale":"cs_CZ","og_type":"article","og_title":"Astronom\u016fv Poklad pro \u0161koln\u00ed skupiny - Mystery City Games","og_description":"Za\u017eijte vzd\u011bl\u00e1vac\u00ed \u00fanikovou hru The Astronomer's Treasure, kter\u00e1 spojuje z\u00e1bavu s pozn\u00e1n\u00edm vesm\u00edru. P\u0159ipravte se na dobrodru\u017estv\u00ed!","og_url":"https:\/\/www.mystery.city\/cs\/product\/praha-skolni-skupiny\/","og_site_name":"Mystery City Games","article_publisher":"https:\/\/www.facebook.com\/MysteryCityGames\/","article_modified_time":"2026-04-28T09:25:56+00:00","og_image":[{"width":788,"height":628,"url":"https:\/\/www.mystery.city\/wp-content\/uploads\/2025\/03\/Prague-with-stix.png","type":"image\/png"}],"twitter_card":"summary_large_image","schema":{"@context":"https:\/\/schema.org","@graph":[{"@type":"WebPage","@id":"https:\/\/www.mystery.city\/cs\/product\/praha-skolni-skupiny\/","url":"https:\/\/www.mystery.city\/cs\/product\/praha-skolni-skupiny\/","name":"Astronom\u016fv Poklad pro \u0161koln\u00ed skupiny - Mystery City Games","isPartOf":{"@id":"https:\/\/www.mystery.city\/cs\/#website"},"primaryImageOfPage":{"@id":"https:\/\/www.mystery.city\/cs\/product\/praha-skolni-skupiny\/#primaryimage"},"image":{"@id":"https:\/\/www.mystery.city\/cs\/product\/praha-skolni-skupiny\/#primaryimage"},"thumbnailUrl":"https:\/\/www.mystery.city\/wp-content\/uploads\/2025\/03\/Prague-with-stix.png","datePublished":"2025-03-07T06:15:59+00:00","dateModified":"2026-04-28T09:25:56+00:00","description":"Za\u017eijte vzd\u011bl\u00e1vac\u00ed \u00fanikovou hru The Astronomer's Treasure, kter\u00e1 spojuje z\u00e1bavu s pozn\u00e1n\u00edm vesm\u00edru. P\u0159ipravte se na dobrodru\u017estv\u00ed!","breadcrumb":{"@id":"https:\/\/www.mystery.city\/cs\/product\/praha-skolni-skupiny\/#breadcrumb"},"inLanguage":"cs","potentialAction":[{"@type":"ReadAction","target":["https:\/\/www.mystery.city\/cs\/product\/praha-skolni-skupiny\/"]}]},{"@type":"ImageObject","inLanguage":"cs","@id":"https:\/\/www.mystery.city\/cs\/product\/praha-skolni-skupiny\/#primaryimage","url":"https:\/\/www.mystery.city\/wp-content\/uploads\/2025\/03\/Prague-with-stix.png","contentUrl":"https:\/\/www.mystery.city\/wp-content\/uploads\/2025\/03\/Prague-with-stix.png","width":788,"height":628,"caption":"Prague Treasure Hunt | Self-guided Scavenger Hunt Adventure"},{"@type":"BreadcrumbList","@id":"https:\/\/www.mystery.city\/cs\/product\/praha-skolni-skupiny\/#breadcrumb","itemListElement":[{"@type":"ListItem","position":1,"name":"Home","item":"https:\/\/www.mystery.city\/cs\/"},{"@type":"ListItem","position":2,"name":"Shop","item":"https:\/\/www.mystery.city\/shop\/"},{"@type":"ListItem","position":3,"name":"Astronom\u016fv Poklad pro \u0161koln\u00ed skupiny"}]},{"@type":"WebSite","@id":"https:\/\/www.mystery.city\/cs\/#website","url":"https:\/\/www.mystery.city\/cs\/","name":"Mystery City Games","description":"Explore the City, Solve Puzzles, Unlock History","alternateName":"Mystery City Games","potentialAction":[{"@type":"SearchAction","target":{"@type":"EntryPoint","urlTemplate":"https:\/\/www.mystery.city\/cs\/?s={search_term_string}"},"query-input":{"@type":"PropertyValueSpecification","valueRequired":true,"valueName":"search_term_string"}}],"inLanguage":"cs"}]}},"_links":{"self":[{"href":"https:\/\/www.mystery.city\/cs\/wp-json\/wp\/v2\/product\/9406","targetHints":{"allow":["GET"]}}],"collection":[{"href":"https:\/\/www.mystery.city\/cs\/wp-json\/wp\/v2\/product"}],"about":[{"href":"https:\/\/www.mystery.city\/cs\/wp-json\/wp\/v2\/types\/product"}],"wp:featuredmedia":[{"embeddable":true,"href":"https:\/\/www.mystery.city\/cs\/wp-json\/wp\/v2\/media\/9407"}],"wp:attachment":[{"href":"https:\/\/www.mystery.city\/cs\/wp-json\/wp\/v2\/media?parent=9406"}],"wp:term":[{"taxonomy":"product_brand","embeddable":true,"href":"https:\/\/www.mystery.city\/cs\/wp-json\/wp\/v2\/product_brand?post=9406"},{"taxonomy":"product_cat","embeddable":true,"href":"https:\/\/www.mystery.city\/cs\/wp-json\/wp\/v2\/product_cat?post=9406"},{"taxonomy":"product_tag","embeddable":true,"href":"https:\/\/www.mystery.city\/cs\/wp-json\/wp\/v2\/product_tag?post=9406"}],"curies":[{"name":"wp","href":"https:\/\/api.w.org\/{rel}","templated":true}]}}