{"id":8977,"date":"2025-03-19T07:16:12","date_gmt":"2025-03-19T06:16:12","guid":{"rendered":"https:\/\/mysterycity.com\/bedingungen-und-konditionen\/"},"modified":"2025-08-15T21:47:43","modified_gmt":"2025-08-15T20:47:43","slug":"bedingungen-und-konditionen","status":"publish","type":"page","link":"https:\/\/www.mystery.city\/de\/bedingungen-und-konditionen\/","title":{"rendered":"Bedingungen und Konditionen"},"content":{"rendered":"\t\t<div data-elementor-type=\"wp-page\" data-elementor-id=\"8977\" class=\"elementor elementor-8977 elementor-5159\" data-elementor-post-type=\"page\">\n\t\t\t\t<div class=\"elementor-element elementor-element-c0309d9 e-flex e-con-boxed e-con e-parent\" data-id=\"c0309d9\" data-element_type=\"container\" data-e-type=\"container\" data-settings=\"{&quot;background_background&quot;:&quot;classic&quot;,&quot;_ha_eqh_enable&quot;:false}\">\n\t\t\t\t\t<div class=\"e-con-inner\">\n\t\t\t\t<div class=\"elementor-element elementor-element-3dea4d2 elementor-widget elementor-widget-heading\" data-id=\"3dea4d2\" data-element_type=\"widget\" data-e-type=\"widget\" data-widget_type=\"heading.default\">\n\t\t\t\t<div class=\"elementor-widget-container\">\n\t\t\t\t\t<h1 class=\"elementor-heading-title elementor-size-default\">Bedingungen &amp; Konditionen<\/h1>\t\t\t\t<\/div>\n\t\t\t\t<\/div>\n\t\t\t\t\t<\/div>\n\t\t\t\t<\/div>\n\t\t<div class=\"elementor-element elementor-element-23bb2d1 e-flex e-con-boxed e-con e-parent\" data-id=\"23bb2d1\" data-element_type=\"container\" data-e-type=\"container\" data-settings=\"{&quot;_ha_eqh_enable&quot;:false}\">\n\t\t\t\t\t<div class=\"e-con-inner\">\n\t\t\t\t<div class=\"elementor-element elementor-element-71370565 elementor-widget elementor-widget-text-editor\" data-id=\"71370565\" data-element_type=\"widget\" data-e-type=\"widget\" data-widget_type=\"text-editor.default\">\n\t\t\t\t<div class=\"elementor-widget-container\">\n\t\t\t\t\t\t\t\t\t\n<p>Die Website http:\/\/www.mystery.city, im Folgenden &#8218;die Website&#8216;, ist Eigentum von Mystery City Games BV, im Folgenden &#8218;Mystery City&#8216;, und wird von dieser betrieben. Mystery City hat das Recht, die nachstehenden Bedingungen von Zeit zu Zeit nach eigenem Ermessen und ohne vorherige Ank\u00fcndigung zu \u00e4ndern. &nbsp;<\/p>\n\n\n\n<p><strong>1. ALLGEMEIN<\/strong><\/p>\n\n\n\n<p>1.1. Nichts in diesen Gesch\u00e4ftsbedingungen soll Ihre gesetzlichen Rechte beeintr\u00e4chtigen. <\/p>\n\n\n\n<p>1.2 Die auf der Website dargestellten Marken und Logos sind Eigentum von Mystery City. Es ist Ihnen nicht gestattet, diese ohne schriftliche Zustimmung von Mystery City zu verwenden, und Sie akzeptieren, dass eine solche Verwendung eine Verletzung der Rechte von Mystery City darstellen kann. <\/p>\n\n\n\n<p>1.3 Diese Bedingungen und jeder Vertrag, der unter Einbeziehung dieser Bedingungen geschlossen wird, unterliegen dem niederl\u00e4ndischen Recht und alle Streitigkeiten unterliegen der ausschlie\u00dflichen Zust\u00e4ndigkeit der niederl\u00e4ndischen Gerichte.<\/p>\n\n\n\n<p>1.4. Die Website kann Hyperlinks zu Websites von Dritten enthalten. Der Betrieb von Websites Dritter unterliegt nicht der Kontrolle von Mystery City und Sie nutzen diese auf eigenes Risiko. Mystery City \u00fcbernimmt keine Haftung f\u00fcr Sch\u00e4den, die aus der Nutzung von Websites Dritter entstehen.   <\/p>\n\n\n\n<p>1.5 Mystery City sammelt und speichert Ihre pers\u00f6nlichen Daten wie Name, Telefonnummer und E-Mail, die f\u00fcr Ihre Buchung erforderlich sind. Sie stellen Mystery City Ihre Daten direkt zur Verf\u00fcgung, wenn Sie eine Buchung auf der Website abschlie\u00dfen. Wir verwenden diese Daten, um Ihre Buchung zu bearbeiten und Ihnen Details zu Ihrer Buchung zu mailen. Mystery City wird Ihre Daten an unsere Partner weitergeben, um eine reibungslose Durchf\u00fchrung Ihres Spiels zu erm\u00f6glichen, z.B. die Weitergabe des Namens auf der Buchung, damit unser Partner Ihre Identit\u00e4t \u00fcberpr\u00fcfen kann, wenn Sie f\u00fcr das Spiel ankommen, oder die Weitergabe der Anzahl der Personen auf der Buchung, damit der Partner die richtige Anzahl von Spielsets f\u00fcr Ihre Gruppe vorbereiten kann.   <\/p>\n\n\n\n<p>1.6. Mystery City Games erwartet von seinen Besuchern, dass sie keine Details des Spiels direkt an die \u00d6ffentlichkeit weitergeben. Alle Spielmaterialien sind das geistige Eigentum von Mystery City Games und d\u00fcrfen nicht fotografiert, kopiert oder in irgendeiner Weise weitergegeben werden.  <\/p>\n\n\n\n<p>1.7 Das Unternehmen ist berechtigt, den G\u00e4sten alle Sch\u00e4den in Rechnung zu stellen, die vors\u00e4tzlich und\/oder durch den Missbrauch von Spielfiguren verursacht wurden.&nbsp;<\/p>\n\n\n\n<p>1.8 Solange Sie im Besitz des Spielsets sind und sich auf dem Gel\u00e4nde von Mystery City oder einem der Partner von Mystery City aufhalten, m\u00fcssen Sie sicherstellen, dass Sie sich anst\u00e4ndig verhalten und mit unseren Partnern oder Mitarbeitern zusammenarbeiten.<\/p>\n\n\n\n<p>1.9 Mystery City duldet keine Art von Mobbing oder Bel\u00e4stigung gegen\u00fcber seinen Partnern oder Mitarbeitern.<\/p>\n\n\n\n<p><strong>2. BUCHUNGEN<\/strong><\/p>\n\n\n\n<p>2.1 Sie m\u00fcssen mindestens 16 Jahre alt sein, um ein Spiel bei uns buchen zu k\u00f6nnen.<\/p>\n\n\n\n<p>2.2.1 F\u00fcr Gruppen von bis zu 20 Spielern: Wenn Sie eine Buchung stornieren oder verschieben m\u00fcssen, kontaktieren Sie uns bitte mindestens 48 Stunden vor dem geplanten Spieltermin unter who@mystery.city. Sobald Sie ein Spiel bei uns gebucht haben, nehmen sich Mystery City und die Partner von Mystery City Zeit, um sicherzustellen, dass das Spiel f\u00fcr Sie verf\u00fcgbar ist. Wenn Sie Ihr Spiel weniger als 48 Stunden vor dem Spiel stornieren, haben Sie keinen Anspruch auf eine R\u00fcckerstattung. Spiele, die neu angesetzt wurden, k\u00f6nnen nicht storniert werden.   <\/p>\n\n\n\n<p>2.2.2 F\u00fcr Gruppen von mehr als 20 Spielern: Wenn Sie eine Buchung stornieren oder verschieben m\u00fcssen, kontaktieren Sie uns bitte mindestens 1 Woche vor dem geplanten Spiel unter who@mystery.city. Sobald Sie ein Spiel bei uns gebucht haben, nehmen sich Mystery City und die Partner von Mystery City Zeit, um sicherzustellen, dass das Spiel f\u00fcr Sie verf\u00fcgbar ist. Wenn Sie Ihr Spiel weniger als 1 Woche vor dem Spieltermin stornieren, haben Sie keinen Anspruch auf eine R\u00fcckerstattung. Spiele, die neu angesetzt wurden, k\u00f6nnen nicht storniert werden.   <\/p>\n\n\n\n<p>2.3 Jeder Kauf auf der Website ist erst g\u00fcltig, wenn er vom Unternehmen bearbeitet wurde. Sobald Ihre Buchung bearbeitet wurde, wird eine Best\u00e4tigungs-E-Mail an die im Online-Buchungsformular angegebene E-Mail-Adresse gesendet. <\/p>\n\n\n\n<p>2.4 Mystery City beh\u00e4lt sich das Recht vor, eine Buchung zu stornieren, auch wenn eine Best\u00e4tigung vorliegt. In diesem Fall erhalten Sie von Mystery City eine vollst\u00e4ndige R\u00fcckerstattung der Buchung. <\/p>\n\n\n\n<p>2.5 Buchungen d\u00fcrfen nicht zu kommerziellen Zwecken oder mit einem Aufschlag \u00fcbertragen oder weiterverkauft werden. Wird eine Buchung unter Versto\u00df gegen diese Bedingung \u00fcbertragen oder weiterverkauft, wird dem Inhaber der Buchung oder der Person, die das Recht auf Teilnahme am Spiel beansprucht, der Zutritt verweigert. <\/p>\n\n\n\n<p>2.6 Sie sind f\u00fcr die korrekte Eingabe Ihrer Daten in das Online-Buchungsformular selbst verantwortlich.<\/p>\n\n\n\n<p>2.7 Eine Buchung gilt als Nichterscheinen und der Eintritt wird verweigert, wenn sich die Gruppe um 20 Minuten oder mehr versp\u00e4tet, ohne Mystery City dar\u00fcber zu informieren. In einer solchen Situation wird die Zahlung f\u00fcr die Buchung nicht zur\u00fcckerstattet und die Buchung ist nicht \u00e4nderbar. <\/p>\n\n\n\n<p>2.8 Unsere Spiele sind auf eine Dauer von maximal zwei Stunden ausgelegt. In manchen F\u00e4llen k\u00f6nnen Sie l\u00e4nger brauchen, um das Spiel zu beenden, aber in jedem Fall m\u00fcssen Sie die Ausr\u00fcstung innerhalb von 15 Minuten nach Spielschluss von Mystery City oder dem Partner von Mystery City an den Startpunkt des Spiels zur\u00fcckbringen. &nbsp;<\/p>\n\n\n\n<p>2.9 Um zugelassen zu werden, m\u00fcssen Sie den vollst\u00e4ndigen Namen des Buchers best\u00e4tigen und eine Best\u00e4tigungs-E-Mail vorlegen.<\/p>\n\n\n\n<p>2.10 Die Spielsets und alle Spielfiguren sind Eigentum von Mystery City. In einigen F\u00e4llen kann es erforderlich sein, dass Sie f\u00fcr die Dauer des Spiels eine Kaution in Form von Bargeld oder einem g\u00fcltigen Ausweis bei Mystery City oder seinen Partnern hinterlegen m\u00fcssen. Wir werden Sie vor dem Spiel \u00fcber diese Anforderung informieren. Die Kaution wird Ihnen zur\u00fcckerstattet, sobald Sie das Spielset und alle Spielteile an Mystery City oder einen der Mystery City Partner in der Stadt, in der Sie spielen, zur\u00fcckgeben.   <\/p>\n\n\n\n<p>2.11 Kinder unter 13 Jahren m\u00fcssen f\u00fcr die Dauer des Spiels von einem Erwachsenen (\u00fcber 18) begleitet werden.<\/p>\n\n\n\n<p>2.12 Personen, die unter Alkohol- oder Drogeneinfluss stehen, werden abgewiesen und ihr Spiel wird als &#8222;No-Show&#8220; behandelt. In einer solchen Situation wird die Buchung nicht erstattet. <\/p>\n\n\n\n<p>2.13 Wenn Sie das Material nach Ihrem Erlebnis nicht zum Startpunkt zur\u00fcckbringen, werden Ihnen f\u00fcr jeden unvollst\u00e4ndigen oder fehlenden Rucksack 400 \u20ac berechnet.<\/p>\n\n\n\n<p><strong>3. PREIS UND BEZAHLUNG<\/strong><\/p>\n\n\n\n<p>3.1. Der Preis f\u00fcr ein Spiel ist auf der Website im Buchungsbereich f\u00fcr jede Stadt angegeben. <\/p>\n\n\n\n<p>3.2. Der Preis wird pro Person f\u00fcr City Games und pro Gruppengr\u00f6\u00dfe f\u00fcr Online Games festgelegt. <\/p>\n\n\n\n<p>3.3 Wir wickeln unsere Zahlungen \u00fcber einen Online-Zahlungsdienstleister namens STRIPE oder PAYPAL oder MOLLIE ab. F\u00fcr Gruppenveranstaltungen und f\u00fcr Einzelpersonen in den Niederlanden akzeptieren wir auch Zahlungen per Bank\u00fcberweisung. <\/p>\n\n\n\n<p>3.4 Die vollst\u00e4ndige Zahlung ist zum Zeitpunkt der Buchung erforderlich.<\/p>\n\n\n\n<p>3.5 Die Buchung muss \u00fcber die Website erfolgen. Wenn mehr Personen an dem Spiel teilnehmen, als Karten gebucht haben, kann die Preisdifferenz bei der Ankunft \u00fcber das Online-Buchungssystem abgerechnet werden. Die M\u00f6glichkeit, Spieler in letzter Minute hinzuzuf\u00fcgen, h\u00e4ngt von der maximalen Anzahl von Spielern pro Set und der Verf\u00fcgbarkeit von Spielsets ab. Mystery City beh\u00e4lt sich das Recht vor, die Teilnahme von Last-Minute-Spielern je nach Verf\u00fcgbarkeit abzulehnen.   <\/p>\n\n\n\n<p>3.6 Der im Rahmen des Teambuildings in Amsterdam enthaltene Getr\u00e4nkegutschein gilt f\u00fcr einen Kaffee, Tee, ein Bier oder ein Erfrischungsgetr\u00e4nk in einem unserer Partnerlokale.<\/p>\n\n\n\n<p>3.7 Im Falle einer Zahlung per Rechnung ist die Zahlung immer sp\u00e4testens am Tag der Veranstaltung f\u00e4llig. Wenn die Rechnung nicht innerhalb von 14 Tagen nach der Veranstaltung bezahlt wird, berechnen wir &nbsp;<a href=\"https:\/\/www.dnb.nl\/en\/statistics\/data-search\/#\/details\/statutory-interest-rate\/dataset\/2ed0b77d-72c5-47e8-8a3d-0c213048e11d\/resource\/b0304270-e4fb-41d5-bc2f-c7547a72fc0b\" target=\"_blank\" rel=\"noreferrer noopener\">den gesetzlichen Zinssatz<\/a> pro Woche f\u00fcr jede Woche, in der die Rechnung \u00fcberf\u00e4llig ist.&nbsp;<\/p>\n\n\n\n<p><strong>4. HAFTUNG UND SICHERHEIT<\/strong><\/p>\n\n\n\n<p>4.1. Die Spieler nehmen auf eigenes Risiko an der Veranstaltung teil. Mit der Teilnahme an Mystery City Games erkl\u00e4ren Sie sich damit einverstanden, dass weder Mystery City noch eine mit Mystery City verbundene Person Ihnen oder anderen Spielern gegen\u00fcber f\u00fcr direkte oder indirekte Sch\u00e4den haftet, die in irgendeiner Weise entstehen. Sie erkl\u00e4ren sich damit einverstanden, diese Haftung auf jeden unter Ihrem Namen gebuchten Spieler zu \u00fcbertragen.   <\/p>\n\n\n\n<p>4.2. Einige unserer Spiele enthalten ein physisches Element, wie z.B. das Herumlaufen in einer Stadt, die Verwendung von Werkzeugen, die wir zur Verf\u00fcgung stellen, oder die Besichtigung einer Stadtlandschaft. Mystery City haftet nicht f\u00fcr Sch\u00e4den, die an Personen oder Ausr\u00fcstung entstehen.  <\/p>\n\n\n\n<p><strong>5. NUTZUNG UND SICHERHEIT DER WEBSITE<\/strong><\/p>\n\n\n\n<p>5.1 Die Allgemeinen Gesch\u00e4ftsbedingungen gelten f\u00fcr die Nutzung der Website durch jeden Besucher.<\/p>\n\n\n\n<p>5.2 Die Website ist f\u00fcr Ihren pers\u00f6nlichen und nicht-kommerziellen Gebrauch bestimmt. Sie d\u00fcrfen keine Informationen, die Sie von dieser Website erhalten haben, ohne die schriftliche Zustimmung von Mystery City ver\u00e4ndern, kopieren, verteilen, \u00fcbertragen, ausstellen, vorf\u00fchren, reproduzieren, ver\u00f6ffentlichen, lizenzieren, davon abgeleitete Werke erstellen, \u00fcbertragen oder verkaufen. <\/p>\n\n\n\n<p>5.3 Es ist Ihnen nicht gestattet, einen Link zur Website zu erstellen oder Teile der Website f\u00fcr betr\u00fcgerische, ungesetzliche, verleumderische oder sch\u00e4dliche Zwecke zu nutzen.<\/p>\n\n\n\n<p>5.4 Das Unternehmen haftet gegen\u00fcber niemandem f\u00fcr direkte oder indirekte Sch\u00e4den, Folge- oder Nebensch\u00e4den, die sich aus der Nutzung der Website ergeben.<\/p>\n\n\n\n<p>6. E-MAIL- UND KONTAKTNUTZUNG<\/p>\n\n\n\n<p>6.1 Sie erteilen Mystery City Games die Erlaubnis, Sie mit Informationen \u00fcber Ihr Spiel zu kontaktieren.&nbsp;<\/p>\n\n\n\n<p>6.2 Sie erteilen Mystery City Games die Erlaubnis, Ihre Daten an seine Partner weiterzugeben, soweit dies erforderlich ist, um ein gutes Spielerlebnis zu gew\u00e4hrleisten.<\/p>\n\n\n\n<p><strong>7. FOTOS<\/strong><\/p>\n\n\n\n<p>7.1 Fotos von Mannschaften oder Teilnehmern werden nur mit der ausdr\u00fccklichen Zustimmung der Spieler, die auf dem Foto zu sehen sind, auf unsere Social Media-Kan\u00e4le hochgeladen.<\/p>\n\n\n\n<p>7.2 Wenn Sie m\u00f6chten, dass Ihr Foto von einem der Kan\u00e4le von Mystery City entfernt wird, dann informieren Sie uns bitte per E-Mail an who@mystery.city.<\/p>\n\n\n\n<p><strong>8. UNTERNEHMENS- UND KONTAKTANGABEN<\/strong><\/p>\n\n\n\n<p>Mystery City Games B.V.<\/p>\n\n\n\n<p>Zwanenburgwal 178<\/p>\n\n\n\n<p>1011 JH Amsterdam<\/p>\n\n\n\n<p>Die Niederlande<\/p>\n\n\n\n<p>who@mystery.city<\/p>\n\n\n\n<p>+31 6 47 79 95 24<\/p>\n\t\t\t\t\t\t\t\t<\/div>\n\t\t\t\t<\/div>\n\t\t\t\t\t<\/div>\n\t\t\t\t<\/div>\n\t\t\t\t<\/div>\n\t\t","protected":false},"excerpt":{"rendered":"<p>Bedingungen &amp; Konditionen Die Website http:\/\/www.mystery.city, im Folgenden &#8218;die Website&#8216;, ist Eigentum von Mystery City Games BV, im Folgenden &#8218;Mystery City&#8216;, und wird von dieser betrieben. Mystery City hat das Recht, die nachstehenden Bedingungen von Zeit zu Zeit nach eigenem Ermessen und ohne vorherige Ank\u00fcndigung zu \u00e4ndern. &nbsp; 1. ALLGEMEIN 1.1. Nichts in diesen Gesch\u00e4ftsbedingungen [&hellip;]<\/p>\n","protected":false},"author":2,"featured_media":0,"parent":0,"menu_order":0,"comment_status":"closed","ping_status":"closed","template":"elementor_header_footer","meta":{"_acf_changed":false,"postBodyCss":"","postBodyMargin":[],"postBodyPadding":[],"postBodyBackground":{"backgroundType":"classic","gradient":""},"footnotes":""},"class_list":["post-8977","page","type-page","status-publish","hentry"],"blocksy_meta":[],"acf":[],"yoast_head":"<!-- This site is optimized with the Yoast SEO plugin v27.4 - https:\/\/yoast.com\/product\/yoast-seo-wordpress\/ -->\n<title>Bedingungen und Konditionen - Mystery City Games<\/title>\n<meta name=\"description\" content=\"Bedingungen und Konditionen von Mystery City \u2013 Rechtliche Infos zu Buchung, Datenschutz, Haftung und Spielablauf verst\u00e4ndlich erkl\u00e4rt.\" \/>\n<meta name=\"robots\" content=\"index, follow, max-snippet:-1, max-image-preview:large, max-video-preview:-1\" \/>\n<link rel=\"canonical\" href=\"https:\/\/www.mystery.city\/de\/bedingungen-und-konditionen\/\" \/>\n<meta property=\"og:locale\" content=\"de_DE\" \/>\n<meta property=\"og:type\" content=\"article\" \/>\n<meta property=\"og:title\" content=\"Bedingungen und Konditionen - Mystery City Games\" \/>\n<meta property=\"og:description\" content=\"Bedingungen und Konditionen von Mystery City \u2013 Rechtliche Infos zu Buchung, Datenschutz, Haftung und Spielablauf verst\u00e4ndlich erkl\u00e4rt.\" \/>\n<meta property=\"og:url\" content=\"https:\/\/www.mystery.city\/de\/bedingungen-und-konditionen\/\" \/>\n<meta property=\"og:site_name\" content=\"Mystery City Games\" \/>\n<meta property=\"article:publisher\" content=\"https:\/\/www.facebook.com\/MysteryCityGames\/\" \/>\n<meta property=\"article:modified_time\" content=\"2025-08-15T20:47:43+00:00\" \/>\n<meta property=\"og:image\" content=\"https:\/\/www.mystery.city\/wp-content\/uploads\/2025\/02\/Mystery-City-Games-Logo-2048x394-1.png\" \/>\n\t<meta property=\"og:image:width\" content=\"2048\" \/>\n\t<meta property=\"og:image:height\" content=\"394\" \/>\n\t<meta property=\"og:image:type\" content=\"image\/png\" \/>\n<meta name=\"twitter:card\" content=\"summary_large_image\" \/>\n<script type=\"application\/ld+json\" class=\"yoast-schema-graph\">{\"@context\":\"https:\\\/\\\/schema.org\",\"@graph\":[{\"@type\":\"WebPage\",\"@id\":\"https:\\\/\\\/www.mystery.city\\\/de\\\/bedingungen-und-konditionen\\\/\",\"url\":\"https:\\\/\\\/www.mystery.city\\\/de\\\/bedingungen-und-konditionen\\\/\",\"name\":\"Bedingungen und Konditionen - Mystery City Games\",\"isPartOf\":{\"@id\":\"https:\\\/\\\/www.mystery.city\\\/de\\\/#website\"},\"datePublished\":\"2025-03-19T06:16:12+00:00\",\"dateModified\":\"2025-08-15T20:47:43+00:00\",\"description\":\"Bedingungen und Konditionen von Mystery City \u2013 Rechtliche Infos zu Buchung, Datenschutz, Haftung und Spielablauf verst\u00e4ndlich erkl\u00e4rt.\",\"breadcrumb\":{\"@id\":\"https:\\\/\\\/www.mystery.city\\\/de\\\/bedingungen-und-konditionen\\\/#breadcrumb\"},\"inLanguage\":\"de\",\"potentialAction\":[{\"@type\":\"ReadAction\",\"target\":[\"https:\\\/\\\/www.mystery.city\\\/de\\\/bedingungen-und-konditionen\\\/\"]}]},{\"@type\":\"BreadcrumbList\",\"@id\":\"https:\\\/\\\/www.mystery.city\\\/de\\\/bedingungen-und-konditionen\\\/#breadcrumb\",\"itemListElement\":[{\"@type\":\"ListItem\",\"position\":1,\"name\":\"Home\",\"item\":\"https:\\\/\\\/www.mystery.city\\\/de\\\/\"},{\"@type\":\"ListItem\",\"position\":2,\"name\":\"Bedingungen und Konditionen\"}]},{\"@type\":\"WebSite\",\"@id\":\"https:\\\/\\\/www.mystery.city\\\/de\\\/#website\",\"url\":\"https:\\\/\\\/www.mystery.city\\\/de\\\/\",\"name\":\"Mystery City Games\",\"description\":\"Explore the City, Solve Puzzles, Unlock History\",\"publisher\":{\"@id\":\"https:\\\/\\\/www.mystery.city\\\/de\\\/#organization\"},\"alternateName\":\"Mystery City Games\",\"potentialAction\":[{\"@type\":\"SearchAction\",\"target\":{\"@type\":\"EntryPoint\",\"urlTemplate\":\"https:\\\/\\\/www.mystery.city\\\/de\\\/?s={search_term_string}\"},\"query-input\":{\"@type\":\"PropertyValueSpecification\",\"valueRequired\":true,\"valueName\":\"search_term_string\"}}],\"inLanguage\":\"de\"},{\"@type\":\"Organization\",\"@id\":\"https:\\\/\\\/www.mystery.city\\\/de\\\/#organization\",\"name\":\"Mystery City Games\",\"alternateName\":\"Mystery City Games\",\"url\":\"https:\\\/\\\/www.mystery.city\\\/de\\\/\",\"logo\":{\"@type\":\"ImageObject\",\"inLanguage\":\"de\",\"@id\":\"https:\\\/\\\/www.mystery.city\\\/de\\\/#\\\/schema\\\/logo\\\/image\\\/\",\"url\":\"https:\\\/\\\/www.mystery.city\\\/wp-content\\\/uploads\\\/2025\\\/02\\\/Mystery-City-Games-Logo-2048x394-1.png\",\"contentUrl\":\"https:\\\/\\\/www.mystery.city\\\/wp-content\\\/uploads\\\/2025\\\/02\\\/Mystery-City-Games-Logo-2048x394-1.png\",\"width\":2048,\"height\":394,\"caption\":\"Mystery City Games\"},\"image\":{\"@id\":\"https:\\\/\\\/www.mystery.city\\\/de\\\/#\\\/schema\\\/logo\\\/image\\\/\"},\"sameAs\":[\"https:\\\/\\\/www.facebook.com\\\/MysteryCityGames\\\/\",\"https:\\\/\\\/www.instagram.com\\\/mysterycitygames\\\/\",\"https:\\\/\\\/www.linkedin.com\\\/company\\\/mystery-city-games\",\"https:\\\/\\\/www.tiktok.com\\\/@mysterycitygames\",\"https:\\\/\\\/www.youtube.com\\\/@mysterycitygames\"]}]}<\/script>\n<!-- \/ Yoast SEO plugin. -->","yoast_head_json":{"title":"Bedingungen und Konditionen - Mystery City Games","description":"Bedingungen und Konditionen von Mystery City \u2013 Rechtliche Infos zu Buchung, Datenschutz, Haftung und Spielablauf verst\u00e4ndlich erkl\u00e4rt.","robots":{"index":"index","follow":"follow","max-snippet":"max-snippet:-1","max-image-preview":"max-image-preview:large","max-video-preview":"max-video-preview:-1"},"canonical":"https:\/\/www.mystery.city\/de\/bedingungen-und-konditionen\/","og_locale":"de_DE","og_type":"article","og_title":"Bedingungen und Konditionen - Mystery City Games","og_description":"Bedingungen und Konditionen von Mystery City \u2013 Rechtliche Infos zu Buchung, Datenschutz, Haftung und Spielablauf verst\u00e4ndlich erkl\u00e4rt.","og_url":"https:\/\/www.mystery.city\/de\/bedingungen-und-konditionen\/","og_site_name":"Mystery City Games","article_publisher":"https:\/\/www.facebook.com\/MysteryCityGames\/","article_modified_time":"2025-08-15T20:47:43+00:00","og_image":[{"width":2048,"height":394,"url":"https:\/\/www.mystery.city\/wp-content\/uploads\/2025\/02\/Mystery-City-Games-Logo-2048x394-1.png","type":"image\/png"}],"twitter_card":"summary_large_image","schema":{"@context":"https:\/\/schema.org","@graph":[{"@type":"WebPage","@id":"https:\/\/www.mystery.city\/de\/bedingungen-und-konditionen\/","url":"https:\/\/www.mystery.city\/de\/bedingungen-und-konditionen\/","name":"Bedingungen und Konditionen - Mystery City Games","isPartOf":{"@id":"https:\/\/www.mystery.city\/de\/#website"},"datePublished":"2025-03-19T06:16:12+00:00","dateModified":"2025-08-15T20:47:43+00:00","description":"Bedingungen und Konditionen von Mystery City \u2013 Rechtliche Infos zu Buchung, Datenschutz, Haftung und Spielablauf verst\u00e4ndlich erkl\u00e4rt.","breadcrumb":{"@id":"https:\/\/www.mystery.city\/de\/bedingungen-und-konditionen\/#breadcrumb"},"inLanguage":"de","potentialAction":[{"@type":"ReadAction","target":["https:\/\/www.mystery.city\/de\/bedingungen-und-konditionen\/"]}]},{"@type":"BreadcrumbList","@id":"https:\/\/www.mystery.city\/de\/bedingungen-und-konditionen\/#breadcrumb","itemListElement":[{"@type":"ListItem","position":1,"name":"Home","item":"https:\/\/www.mystery.city\/de\/"},{"@type":"ListItem","position":2,"name":"Bedingungen und Konditionen"}]},{"@type":"WebSite","@id":"https:\/\/www.mystery.city\/de\/#website","url":"https:\/\/www.mystery.city\/de\/","name":"Mystery City Games","description":"Explore the City, Solve Puzzles, Unlock History","publisher":{"@id":"https:\/\/www.mystery.city\/de\/#organization"},"alternateName":"Mystery City Games","potentialAction":[{"@type":"SearchAction","target":{"@type":"EntryPoint","urlTemplate":"https:\/\/www.mystery.city\/de\/?s={search_term_string}"},"query-input":{"@type":"PropertyValueSpecification","valueRequired":true,"valueName":"search_term_string"}}],"inLanguage":"de"},{"@type":"Organization","@id":"https:\/\/www.mystery.city\/de\/#organization","name":"Mystery City Games","alternateName":"Mystery City Games","url":"https:\/\/www.mystery.city\/de\/","logo":{"@type":"ImageObject","inLanguage":"de","@id":"https:\/\/www.mystery.city\/de\/#\/schema\/logo\/image\/","url":"https:\/\/www.mystery.city\/wp-content\/uploads\/2025\/02\/Mystery-City-Games-Logo-2048x394-1.png","contentUrl":"https:\/\/www.mystery.city\/wp-content\/uploads\/2025\/02\/Mystery-City-Games-Logo-2048x394-1.png","width":2048,"height":394,"caption":"Mystery City Games"},"image":{"@id":"https:\/\/www.mystery.city\/de\/#\/schema\/logo\/image\/"},"sameAs":["https:\/\/www.facebook.com\/MysteryCityGames\/","https:\/\/www.instagram.com\/mysterycitygames\/","https:\/\/www.linkedin.com\/company\/mystery-city-games","https:\/\/www.tiktok.com\/@mysterycitygames","https:\/\/www.youtube.com\/@mysterycitygames"]}]}},"_links":{"self":[{"href":"https:\/\/www.mystery.city\/de\/wp-json\/wp\/v2\/pages\/8977","targetHints":{"allow":["GET"]}}],"collection":[{"href":"https:\/\/www.mystery.city\/de\/wp-json\/wp\/v2\/pages"}],"about":[{"href":"https:\/\/www.mystery.city\/de\/wp-json\/wp\/v2\/types\/page"}],"author":[{"embeddable":true,"href":"https:\/\/www.mystery.city\/de\/wp-json\/wp\/v2\/users\/2"}],"replies":[{"embeddable":true,"href":"https:\/\/www.mystery.city\/de\/wp-json\/wp\/v2\/comments?post=8977"}],"version-history":[{"count":8,"href":"https:\/\/www.mystery.city\/de\/wp-json\/wp\/v2\/pages\/8977\/revisions"}],"predecessor-version":[{"id":11834,"href":"https:\/\/www.mystery.city\/de\/wp-json\/wp\/v2\/pages\/8977\/revisions\/11834"}],"wp:attachment":[{"href":"https:\/\/www.mystery.city\/de\/wp-json\/wp\/v2\/media?parent=8977"}],"curies":[{"name":"wp","href":"https:\/\/api.w.org\/{rel}","templated":true}]}}