{"id":15678,"date":"2025-03-07T07:15:48","date_gmt":"2025-03-07T06:15:48","guid":{"rendered":"https:\/\/www.mystery.city\/product\/the-secret-of-cerda\/"},"modified":"2025-03-07T07:15:48","modified_gmt":"2025-03-07T06:15:48","slug":"the-secret-of-cerda","status":"publish","type":"product","link":"https:\/\/www.mystery.city\/de\/produkt\/the-secret-of-cerda\/","title":{"rendered":"The Secret of Cerd\u00e0"},"content":{"rendered":"<p><b>Barcelonas ber\u00fchmtes Gitterdesign<\/b> wurde von dem <b>exzentrischen Architekten Ildefons Cerd\u00e0<\/b> entworfen. Aber er hat <b>einige seltsame Geheimnisse<\/b> in seinem Entwurf <b>versteckt<\/b>&#8230; <b>folgen Sie seiner Spur <\/b>und <b>l\u00f6sen Sie die R\u00e4tsel<\/b> in diesem <a href=\"https:\/\/www.mystery.city\/de\/\"><b>outdoor escape room<\/b><\/a> um seine <b>lange verlorenen Geheimnisse<\/b> zu l\u00fcften! <\/p>\n<p><b>Erkunden Sie Barcelonas Geschichte<\/b> in dieser <b><a href=\"https:\/\/www.instagram.com\/mysterycitygames\/\">Schnitzeljagd<\/a><\/b>, die auf<b> einer wahren Geschichte<\/b> basiert. Besuchen Sie ber\u00fchmte Wahrzeichen, entdecken Sie verborgene Sch\u00e4tze, gehen Sie auf Schnitzeljagd und tauchen Sie ein in die Welt des Barcelonas des 19. <\/p>\n<p><b>K\u00f6nnen Sie das R\u00e4tsel l\u00f6sen? Tauchen Sie ein in die Geschichte und finden Sie heraus, warum dies die lustigste Aktivit\u00e4t in Barcelona ist! <\/b><\/p>\n","protected":false},"excerpt":{"rendered":"<p><script type=\"text\/javascript\" src=\"https:\/\/bookeo.com\/widget.js?a=42551JFW7PA17A3859B833&#038;type=42551EYNXAH1881FC32DE6&#038;languageCode=en_US\"><\/script><\/p>\n","protected":false},"featured_media":9219,"template":"","meta":{"_acf_changed":false,"postBodyCss":"","postBodyMargin":[],"postBodyPadding":[],"postBodyBackground":{"backgroundType":"classic","gradient":""}},"product_brand":[],"product_cat":[81],"product_tag":[167],"class_list":{"0":"post-15678","1":"product","2":"type-product","3":"status-publish","4":"has-post-thumbnail","6":"product_cat-game","7":"product_tag-bookeo","9":"first","10":"instock","11":"virtual","12":"taxable","13":"purchasable","14":"product-type-simple"},"acf":[],"yoast_head":"<!-- This site is optimized with the Yoast SEO plugin v27.4 - https:\/\/yoast.com\/product\/yoast-seo-wordpress\/ -->\n<title>Barcelona Schnitzeljagd - Mystery City Games - The Secret of Cerd\u00e0<\/title>\n<meta name=\"description\" content=\"Entdecken Sie die Geheimnisse von Cerd\u00e0 in diesem outdoor escape room Abenteuer. Eine echte Schnitzeljagd in Barcelona, vollgepackt mit R\u00e4tseln, Wahrzeichen und versteckten Juwelen der Stadt.\" \/>\n<meta name=\"robots\" content=\"index, follow, max-snippet:-1, max-image-preview:large, max-video-preview:-1\" \/>\n<link rel=\"canonical\" href=\"https:\/\/www.mystery.city\/de\/produkt\/the-secret-of-cerda\/\" \/>\n<meta property=\"og:locale\" content=\"de_DE\" \/>\n<meta property=\"og:type\" content=\"article\" \/>\n<meta property=\"og:title\" content=\"Barcelona Schnitzeljagd - Mystery City Games - The Secret of Cerd\u00e0\" \/>\n<meta property=\"og:description\" content=\"Entdecken Sie die Geheimnisse von Cerd\u00e0 in diesem outdoor escape room Abenteuer. Eine echte Schnitzeljagd in Barcelona, vollgepackt mit R\u00e4tseln, Wahrzeichen und versteckten Juwelen der Stadt.\" \/>\n<meta property=\"og:url\" content=\"https:\/\/www.mystery.city\/de\/produkt\/the-secret-of-cerda\/\" \/>\n<meta property=\"og:site_name\" content=\"Mystery City Games\" \/>\n<meta property=\"article:publisher\" content=\"https:\/\/www.facebook.com\/MysteryCityGames\/\" \/>\n<meta property=\"og:image\" content=\"https:\/\/www.mystery.city\/wp-content\/uploads\/2025\/03\/Cerda-with-stix-1.png\" \/>\n\t<meta property=\"og:image:width\" content=\"727\" \/>\n\t<meta property=\"og:image:height\" content=\"567\" \/>\n\t<meta property=\"og:image:type\" content=\"image\/png\" \/>\n<meta name=\"twitter:card\" content=\"summary_large_image\" \/>\n<script type=\"application\/ld+json\" class=\"yoast-schema-graph\">{\"@context\":\"https:\\\/\\\/schema.org\",\"@graph\":[{\"@type\":\"WebPage\",\"@id\":\"https:\\\/\\\/www.mystery.city\\\/de\\\/produkt\\\/the-secret-of-cerda\\\/\",\"url\":\"https:\\\/\\\/www.mystery.city\\\/de\\\/produkt\\\/the-secret-of-cerda\\\/\",\"name\":\"Barcelona Schnitzeljagd - Mystery City Games - The Secret of Cerd\u00e0\",\"isPartOf\":{\"@id\":\"https:\\\/\\\/www.mystery.city\\\/de\\\/#website\"},\"primaryImageOfPage\":{\"@id\":\"https:\\\/\\\/www.mystery.city\\\/de\\\/produkt\\\/the-secret-of-cerda\\\/#primaryimage\"},\"image\":{\"@id\":\"https:\\\/\\\/www.mystery.city\\\/de\\\/produkt\\\/the-secret-of-cerda\\\/#primaryimage\"},\"thumbnailUrl\":\"https:\\\/\\\/www.mystery.city\\\/wp-content\\\/uploads\\\/2025\\\/03\\\/Cerda-with-stix-1.png\",\"datePublished\":\"2025-03-07T06:15:48+00:00\",\"description\":\"Entdecken Sie die Geheimnisse von Cerd\u00e0 in diesem outdoor escape room Abenteuer. Eine echte Schnitzeljagd in Barcelona, vollgepackt mit R\u00e4tseln, Wahrzeichen und versteckten Juwelen der Stadt.\",\"breadcrumb\":{\"@id\":\"https:\\\/\\\/www.mystery.city\\\/de\\\/produkt\\\/the-secret-of-cerda\\\/#breadcrumb\"},\"inLanguage\":\"de\",\"potentialAction\":[{\"@type\":\"ReadAction\",\"target\":[\"https:\\\/\\\/www.mystery.city\\\/de\\\/produkt\\\/the-secret-of-cerda\\\/\"]}]},{\"@type\":\"ImageObject\",\"inLanguage\":\"de\",\"@id\":\"https:\\\/\\\/www.mystery.city\\\/de\\\/produkt\\\/the-secret-of-cerda\\\/#primaryimage\",\"url\":\"https:\\\/\\\/www.mystery.city\\\/wp-content\\\/uploads\\\/2025\\\/03\\\/Cerda-with-stix-1.png\",\"contentUrl\":\"https:\\\/\\\/www.mystery.city\\\/wp-content\\\/uploads\\\/2025\\\/03\\\/Cerda-with-stix-1.png\",\"width\":727,\"height\":567,\"caption\":\"Barcelona Treasure Hunt & Hidden Gems, The Secret of Cerd\u00e0\"},{\"@type\":\"BreadcrumbList\",\"@id\":\"https:\\\/\\\/www.mystery.city\\\/de\\\/produkt\\\/the-secret-of-cerda\\\/#breadcrumb\",\"itemListElement\":[{\"@type\":\"ListItem\",\"position\":1,\"name\":\"Home\",\"item\":\"https:\\\/\\\/www.mystery.city\\\/de\\\/\"},{\"@type\":\"ListItem\",\"position\":2,\"name\":\"Shop\",\"item\":\"https:\\\/\\\/www.mystery.city\\\/shop\\\/\"},{\"@type\":\"ListItem\",\"position\":3,\"name\":\"The Secret of Cerd\u00e0\"}]},{\"@type\":\"WebSite\",\"@id\":\"https:\\\/\\\/www.mystery.city\\\/de\\\/#website\",\"url\":\"https:\\\/\\\/www.mystery.city\\\/de\\\/\",\"name\":\"Mystery City Games\",\"description\":\"Explore the City, Solve Puzzles, Unlock History\",\"publisher\":{\"@id\":\"https:\\\/\\\/www.mystery.city\\\/de\\\/#organization\"},\"alternateName\":\"Mystery City Games\",\"potentialAction\":[{\"@type\":\"SearchAction\",\"target\":{\"@type\":\"EntryPoint\",\"urlTemplate\":\"https:\\\/\\\/www.mystery.city\\\/de\\\/?s={search_term_string}\"},\"query-input\":{\"@type\":\"PropertyValueSpecification\",\"valueRequired\":true,\"valueName\":\"search_term_string\"}}],\"inLanguage\":\"de\"},{\"@type\":\"Organization\",\"@id\":\"https:\\\/\\\/www.mystery.city\\\/de\\\/#organization\",\"name\":\"Mystery City Games\",\"alternateName\":\"Mystery City Games\",\"url\":\"https:\\\/\\\/www.mystery.city\\\/de\\\/\",\"logo\":{\"@type\":\"ImageObject\",\"inLanguage\":\"de\",\"@id\":\"https:\\\/\\\/www.mystery.city\\\/de\\\/#\\\/schema\\\/logo\\\/image\\\/\",\"url\":\"https:\\\/\\\/www.mystery.city\\\/wp-content\\\/uploads\\\/2025\\\/02\\\/Mystery-City-Games-Logo-2048x394-1.png\",\"contentUrl\":\"https:\\\/\\\/www.mystery.city\\\/wp-content\\\/uploads\\\/2025\\\/02\\\/Mystery-City-Games-Logo-2048x394-1.png\",\"width\":2048,\"height\":394,\"caption\":\"Mystery City Games\"},\"image\":{\"@id\":\"https:\\\/\\\/www.mystery.city\\\/de\\\/#\\\/schema\\\/logo\\\/image\\\/\"},\"sameAs\":[\"https:\\\/\\\/www.facebook.com\\\/MysteryCityGames\\\/\",\"https:\\\/\\\/www.instagram.com\\\/mysterycitygames\\\/\",\"https:\\\/\\\/www.linkedin.com\\\/company\\\/mystery-city-games\",\"https:\\\/\\\/www.tiktok.com\\\/@mysterycitygames\",\"https:\\\/\\\/www.youtube.com\\\/@mysterycitygames\"]}]}<\/script>\n<!-- \/ Yoast SEO plugin. -->","yoast_head_json":{"title":"Barcelona Schnitzeljagd - Mystery City Games - The Secret of Cerd\u00e0","description":"Entdecken Sie die Geheimnisse von Cerd\u00e0 in diesem outdoor escape room Abenteuer. Eine echte Schnitzeljagd in Barcelona, vollgepackt mit R\u00e4tseln, Wahrzeichen und versteckten Juwelen der Stadt.","robots":{"index":"index","follow":"follow","max-snippet":"max-snippet:-1","max-image-preview":"max-image-preview:large","max-video-preview":"max-video-preview:-1"},"canonical":"https:\/\/www.mystery.city\/de\/produkt\/the-secret-of-cerda\/","og_locale":"de_DE","og_type":"article","og_title":"Barcelona Schnitzeljagd - Mystery City Games - The Secret of Cerd\u00e0","og_description":"Entdecken Sie die Geheimnisse von Cerd\u00e0 in diesem outdoor escape room Abenteuer. Eine echte Schnitzeljagd in Barcelona, vollgepackt mit R\u00e4tseln, Wahrzeichen und versteckten Juwelen der Stadt.","og_url":"https:\/\/www.mystery.city\/de\/produkt\/the-secret-of-cerda\/","og_site_name":"Mystery City Games","article_publisher":"https:\/\/www.facebook.com\/MysteryCityGames\/","og_image":[{"width":727,"height":567,"url":"https:\/\/www.mystery.city\/wp-content\/uploads\/2025\/03\/Cerda-with-stix-1.png","type":"image\/png"}],"twitter_card":"summary_large_image","schema":{"@context":"https:\/\/schema.org","@graph":[{"@type":"WebPage","@id":"https:\/\/www.mystery.city\/de\/produkt\/the-secret-of-cerda\/","url":"https:\/\/www.mystery.city\/de\/produkt\/the-secret-of-cerda\/","name":"Barcelona Schnitzeljagd - Mystery City Games - The Secret of Cerd\u00e0","isPartOf":{"@id":"https:\/\/www.mystery.city\/de\/#website"},"primaryImageOfPage":{"@id":"https:\/\/www.mystery.city\/de\/produkt\/the-secret-of-cerda\/#primaryimage"},"image":{"@id":"https:\/\/www.mystery.city\/de\/produkt\/the-secret-of-cerda\/#primaryimage"},"thumbnailUrl":"https:\/\/www.mystery.city\/wp-content\/uploads\/2025\/03\/Cerda-with-stix-1.png","datePublished":"2025-03-07T06:15:48+00:00","description":"Entdecken Sie die Geheimnisse von Cerd\u00e0 in diesem outdoor escape room Abenteuer. Eine echte Schnitzeljagd in Barcelona, vollgepackt mit R\u00e4tseln, Wahrzeichen und versteckten Juwelen der Stadt.","breadcrumb":{"@id":"https:\/\/www.mystery.city\/de\/produkt\/the-secret-of-cerda\/#breadcrumb"},"inLanguage":"de","potentialAction":[{"@type":"ReadAction","target":["https:\/\/www.mystery.city\/de\/produkt\/the-secret-of-cerda\/"]}]},{"@type":"ImageObject","inLanguage":"de","@id":"https:\/\/www.mystery.city\/de\/produkt\/the-secret-of-cerda\/#primaryimage","url":"https:\/\/www.mystery.city\/wp-content\/uploads\/2025\/03\/Cerda-with-stix-1.png","contentUrl":"https:\/\/www.mystery.city\/wp-content\/uploads\/2025\/03\/Cerda-with-stix-1.png","width":727,"height":567,"caption":"Barcelona Treasure Hunt & Hidden Gems, The Secret of Cerd\u00e0"},{"@type":"BreadcrumbList","@id":"https:\/\/www.mystery.city\/de\/produkt\/the-secret-of-cerda\/#breadcrumb","itemListElement":[{"@type":"ListItem","position":1,"name":"Home","item":"https:\/\/www.mystery.city\/de\/"},{"@type":"ListItem","position":2,"name":"Shop","item":"https:\/\/www.mystery.city\/shop\/"},{"@type":"ListItem","position":3,"name":"The Secret of Cerd\u00e0"}]},{"@type":"WebSite","@id":"https:\/\/www.mystery.city\/de\/#website","url":"https:\/\/www.mystery.city\/de\/","name":"Mystery City Games","description":"Explore the City, Solve Puzzles, Unlock History","publisher":{"@id":"https:\/\/www.mystery.city\/de\/#organization"},"alternateName":"Mystery City Games","potentialAction":[{"@type":"SearchAction","target":{"@type":"EntryPoint","urlTemplate":"https:\/\/www.mystery.city\/de\/?s={search_term_string}"},"query-input":{"@type":"PropertyValueSpecification","valueRequired":true,"valueName":"search_term_string"}}],"inLanguage":"de"},{"@type":"Organization","@id":"https:\/\/www.mystery.city\/de\/#organization","name":"Mystery City Games","alternateName":"Mystery City Games","url":"https:\/\/www.mystery.city\/de\/","logo":{"@type":"ImageObject","inLanguage":"de","@id":"https:\/\/www.mystery.city\/de\/#\/schema\/logo\/image\/","url":"https:\/\/www.mystery.city\/wp-content\/uploads\/2025\/02\/Mystery-City-Games-Logo-2048x394-1.png","contentUrl":"https:\/\/www.mystery.city\/wp-content\/uploads\/2025\/02\/Mystery-City-Games-Logo-2048x394-1.png","width":2048,"height":394,"caption":"Mystery City Games"},"image":{"@id":"https:\/\/www.mystery.city\/de\/#\/schema\/logo\/image\/"},"sameAs":["https:\/\/www.facebook.com\/MysteryCityGames\/","https:\/\/www.instagram.com\/mysterycitygames\/","https:\/\/www.linkedin.com\/company\/mystery-city-games","https:\/\/www.tiktok.com\/@mysterycitygames","https:\/\/www.youtube.com\/@mysterycitygames"]}]}},"_links":{"self":[{"href":"https:\/\/www.mystery.city\/de\/wp-json\/wp\/v2\/product\/15678","targetHints":{"allow":["GET"]}}],"collection":[{"href":"https:\/\/www.mystery.city\/de\/wp-json\/wp\/v2\/product"}],"about":[{"href":"https:\/\/www.mystery.city\/de\/wp-json\/wp\/v2\/types\/product"}],"wp:featuredmedia":[{"embeddable":true,"href":"https:\/\/www.mystery.city\/de\/wp-json\/wp\/v2\/media\/9219"}],"wp:attachment":[{"href":"https:\/\/www.mystery.city\/de\/wp-json\/wp\/v2\/media?parent=15678"}],"wp:term":[{"taxonomy":"product_brand","embeddable":true,"href":"https:\/\/www.mystery.city\/de\/wp-json\/wp\/v2\/product_brand?post=15678"},{"taxonomy":"product_cat","embeddable":true,"href":"https:\/\/www.mystery.city\/de\/wp-json\/wp\/v2\/product_cat?post=15678"},{"taxonomy":"product_tag","embeddable":true,"href":"https:\/\/www.mystery.city\/de\/wp-json\/wp\/v2\/product_tag?post=15678"}],"curies":[{"name":"wp","href":"https:\/\/api.w.org\/{rel}","templated":true}]}}