{"id":9435,"date":"2025-03-07T08:16:00","date_gmt":"2025-03-07T07:16:00","guid":{"rendered":"https:\/\/mysterycity.com\/product\/der-geheime-absender\/"},"modified":"2026-03-17T10:35:14","modified_gmt":"2026-03-17T09:35:14","slug":"amsterdam-schnitzeljagd","status":"publish","type":"product","link":"https:\/\/www.mystery.city\/de\/produkt\/amsterdam-schnitzeljagd\/","title":{"rendered":"Der Geheime Absender"},"content":{"rendered":"<p>Haben Sie das Zeug dazu, dem geheimnisvollen Orden des Rosenkreuzes beizutreten? In diesem <b>outdoor <a href=\"https:\/\/www.instagram.com\/mysterycitygames\/\">escape room<\/a><\/b> m\u00fcssen Sie sich bew\u00e4hren, indem Sie ihrer <b>mysteri\u00f6sen Spur <\/b>folgen und <b>Herausforderungen meistern<\/b>, um die Identit\u00e4t eines ihrer historischen Mitglieder aufzudecken, das nur als <em>A Secret Sender<\/em> bekannt ist. <\/p>\n<p><b>Erkunden Sie die Geschichte Amsterdams<\/b> in dieser <b>Schnitzeljagd<\/b>, die auf<b> einer wahren Geschichte<\/b> basiert. Besuchen Sie ber\u00fchmte Wahrzeichen, entdecken Sie verborgene Sch\u00e4tze und tauchen Sie ein in die Welt von <em>A Secret Sender<\/em>. <\/p>\n<p>K\u00f6nnen Sie <b>das R\u00e4tsel l\u00f6sen<\/b>? Tauchen Sie ein in die Geschichte und finden Sie heraus, warum dies die <b> <a href=\"https:\/\/www.mystery.city\/de\/amsterdam-schnitzeljagden\/\">lustigste Aktivit\u00e4t in Amsterdam<\/a><\/b> ist <b>!<\/b> <\/p>\n","protected":false},"excerpt":{"rendered":"<p><script type=\"text\/javascript\" src=\"https:\/\/bookeo.com\/widget.js?a=42551JFW7PA17A3859B833&#038;type=4255137K7FF17A387B3A7E\"><\/script><\/p>\n","protected":false},"featured_media":10260,"template":"","meta":{"_acf_changed":false,"postBodyCss":"","postBodyMargin":[],"postBodyPadding":[],"postBodyBackground":{"backgroundType":"classic","gradient":""}},"product_brand":[],"product_cat":[81],"product_tag":[],"class_list":{"0":"post-9435","1":"product","2":"type-product","3":"status-publish","4":"has-post-thumbnail","6":"product_cat-game","8":"first","9":"instock","10":"virtual","11":"taxable","12":"purchasable","13":"product-type-simple"},"acf":[],"yoast_head":"<!-- This site is optimized with the Yoast SEO plugin v27.4 - https:\/\/yoast.com\/product\/yoast-seo-wordpress\/ -->\n<title>Amsterdam Schnitzeljagd Abenteuer | Der Geheime Absender Mystery<\/title>\n<meta name=\"description\" content=\"Begeben Sie sich auf eine aufregende Schnitzeljagd durch Amsterdam mit echten Stra\u00dfen, versteckten Juwelen und Escape-Room-R\u00e4tseln. Keine App, nur Hinweise, Karten und Spa\u00df in der Stadt.\" \/>\n<meta name=\"robots\" content=\"index, follow, max-snippet:-1, max-image-preview:large, max-video-preview:-1\" \/>\n<link rel=\"canonical\" href=\"https:\/\/www.mystery.city\/de\/produkt\/amsterdam-schnitzeljagd\/\" \/>\n<meta property=\"og:locale\" content=\"de_DE\" \/>\n<meta property=\"og:type\" content=\"article\" \/>\n<meta property=\"og:title\" content=\"Amsterdam Schnitzeljagd Abenteuer | Der Geheime Absender Mystery\" \/>\n<meta property=\"og:description\" content=\"Begeben Sie sich auf eine aufregende Schnitzeljagd durch Amsterdam mit echten Stra\u00dfen, versteckten Juwelen und Escape-Room-R\u00e4tseln. Keine App, nur Hinweise, Karten und Spa\u00df in der Stadt.\" \/>\n<meta property=\"og:url\" content=\"https:\/\/www.mystery.city\/de\/produkt\/amsterdam-schnitzeljagd\/\" \/>\n<meta property=\"og:site_name\" content=\"Mystery City Games\" \/>\n<meta property=\"article:publisher\" content=\"https:\/\/www.facebook.com\/MysteryCityGames\/\" \/>\n<meta property=\"article:modified_time\" content=\"2026-03-17T09:35:14+00:00\" \/>\n<meta property=\"og:image\" content=\"https:\/\/www.mystery.city\/wp-content\/uploads\/2025\/03\/TMASS-with-stix2.png\" \/>\n\t<meta property=\"og:image:width\" content=\"698\" \/>\n\t<meta property=\"og:image:height\" content=\"559\" \/>\n\t<meta property=\"og:image:type\" content=\"image\/png\" \/>\n<meta name=\"twitter:card\" content=\"summary_large_image\" \/>\n<script type=\"application\/ld+json\" class=\"yoast-schema-graph\">{\"@context\":\"https:\\\/\\\/schema.org\",\"@graph\":[{\"@type\":\"WebPage\",\"@id\":\"https:\\\/\\\/www.mystery.city\\\/de\\\/produkt\\\/amsterdam-schnitzeljagd\\\/\",\"url\":\"https:\\\/\\\/www.mystery.city\\\/de\\\/produkt\\\/amsterdam-schnitzeljagd\\\/\",\"name\":\"Amsterdam Schnitzeljagd Abenteuer | Der Geheime Absender Mystery\",\"isPartOf\":{\"@id\":\"https:\\\/\\\/www.mystery.city\\\/de\\\/#website\"},\"primaryImageOfPage\":{\"@id\":\"https:\\\/\\\/www.mystery.city\\\/de\\\/produkt\\\/amsterdam-schnitzeljagd\\\/#primaryimage\"},\"image\":{\"@id\":\"https:\\\/\\\/www.mystery.city\\\/de\\\/produkt\\\/amsterdam-schnitzeljagd\\\/#primaryimage\"},\"thumbnailUrl\":\"https:\\\/\\\/www.mystery.city\\\/wp-content\\\/uploads\\\/2025\\\/03\\\/TMASS-with-stix2.png\",\"datePublished\":\"2025-03-07T07:16:00+00:00\",\"dateModified\":\"2026-03-17T09:35:14+00:00\",\"description\":\"Begeben Sie sich auf eine aufregende Schnitzeljagd durch Amsterdam mit echten Stra\u00dfen, versteckten Juwelen und Escape-Room-R\u00e4tseln. Keine App, nur Hinweise, Karten und Spa\u00df in der Stadt.\",\"breadcrumb\":{\"@id\":\"https:\\\/\\\/www.mystery.city\\\/de\\\/produkt\\\/amsterdam-schnitzeljagd\\\/#breadcrumb\"},\"inLanguage\":\"de\",\"potentialAction\":[{\"@type\":\"ReadAction\",\"target\":[\"https:\\\/\\\/www.mystery.city\\\/de\\\/produkt\\\/amsterdam-schnitzeljagd\\\/\"]}]},{\"@type\":\"ImageObject\",\"inLanguage\":\"de\",\"@id\":\"https:\\\/\\\/www.mystery.city\\\/de\\\/produkt\\\/amsterdam-schnitzeljagd\\\/#primaryimage\",\"url\":\"https:\\\/\\\/www.mystery.city\\\/wp-content\\\/uploads\\\/2025\\\/03\\\/TMASS-with-stix2.png\",\"contentUrl\":\"https:\\\/\\\/www.mystery.city\\\/wp-content\\\/uploads\\\/2025\\\/03\\\/TMASS-with-stix2.png\",\"width\":698,\"height\":559,\"caption\":\"Amsterdam Schnitzeljagd Abenteuer\"},{\"@type\":\"BreadcrumbList\",\"@id\":\"https:\\\/\\\/www.mystery.city\\\/de\\\/produkt\\\/amsterdam-schnitzeljagd\\\/#breadcrumb\",\"itemListElement\":[{\"@type\":\"ListItem\",\"position\":1,\"name\":\"Home\",\"item\":\"https:\\\/\\\/www.mystery.city\\\/de\\\/\"},{\"@type\":\"ListItem\",\"position\":2,\"name\":\"Shop\",\"item\":\"https:\\\/\\\/www.mystery.city\\\/shop\\\/\"},{\"@type\":\"ListItem\",\"position\":3,\"name\":\"Der Geheime Absender\"}]},{\"@type\":\"WebSite\",\"@id\":\"https:\\\/\\\/www.mystery.city\\\/de\\\/#website\",\"url\":\"https:\\\/\\\/www.mystery.city\\\/de\\\/\",\"name\":\"Mystery City Games\",\"description\":\"Explore the City, Solve Puzzles, Unlock History\",\"publisher\":{\"@id\":\"https:\\\/\\\/www.mystery.city\\\/de\\\/#organization\"},\"alternateName\":\"Mystery City Games\",\"potentialAction\":[{\"@type\":\"SearchAction\",\"target\":{\"@type\":\"EntryPoint\",\"urlTemplate\":\"https:\\\/\\\/www.mystery.city\\\/de\\\/?s={search_term_string}\"},\"query-input\":{\"@type\":\"PropertyValueSpecification\",\"valueRequired\":true,\"valueName\":\"search_term_string\"}}],\"inLanguage\":\"de\"},{\"@type\":\"Organization\",\"@id\":\"https:\\\/\\\/www.mystery.city\\\/de\\\/#organization\",\"name\":\"Mystery City Games\",\"alternateName\":\"Mystery City Games\",\"url\":\"https:\\\/\\\/www.mystery.city\\\/de\\\/\",\"logo\":{\"@type\":\"ImageObject\",\"inLanguage\":\"de\",\"@id\":\"https:\\\/\\\/www.mystery.city\\\/de\\\/#\\\/schema\\\/logo\\\/image\\\/\",\"url\":\"https:\\\/\\\/www.mystery.city\\\/wp-content\\\/uploads\\\/2025\\\/02\\\/Mystery-City-Games-Logo-2048x394-1.png\",\"contentUrl\":\"https:\\\/\\\/www.mystery.city\\\/wp-content\\\/uploads\\\/2025\\\/02\\\/Mystery-City-Games-Logo-2048x394-1.png\",\"width\":2048,\"height\":394,\"caption\":\"Mystery City Games\"},\"image\":{\"@id\":\"https:\\\/\\\/www.mystery.city\\\/de\\\/#\\\/schema\\\/logo\\\/image\\\/\"},\"sameAs\":[\"https:\\\/\\\/www.facebook.com\\\/MysteryCityGames\\\/\",\"https:\\\/\\\/www.instagram.com\\\/mysterycitygames\\\/\",\"https:\\\/\\\/www.linkedin.com\\\/company\\\/mystery-city-games\",\"https:\\\/\\\/www.tiktok.com\\\/@mysterycitygames\",\"https:\\\/\\\/www.youtube.com\\\/@mysterycitygames\"]}]}<\/script>\n<!-- \/ Yoast SEO plugin. -->","yoast_head_json":{"title":"Amsterdam Schnitzeljagd Abenteuer | Der Geheime Absender Mystery","description":"Begeben Sie sich auf eine aufregende Schnitzeljagd durch Amsterdam mit echten Stra\u00dfen, versteckten Juwelen und Escape-Room-R\u00e4tseln. Keine App, nur Hinweise, Karten und Spa\u00df in der Stadt.","robots":{"index":"index","follow":"follow","max-snippet":"max-snippet:-1","max-image-preview":"max-image-preview:large","max-video-preview":"max-video-preview:-1"},"canonical":"https:\/\/www.mystery.city\/de\/produkt\/amsterdam-schnitzeljagd\/","og_locale":"de_DE","og_type":"article","og_title":"Amsterdam Schnitzeljagd Abenteuer | Der Geheime Absender Mystery","og_description":"Begeben Sie sich auf eine aufregende Schnitzeljagd durch Amsterdam mit echten Stra\u00dfen, versteckten Juwelen und Escape-Room-R\u00e4tseln. Keine App, nur Hinweise, Karten und Spa\u00df in der Stadt.","og_url":"https:\/\/www.mystery.city\/de\/produkt\/amsterdam-schnitzeljagd\/","og_site_name":"Mystery City Games","article_publisher":"https:\/\/www.facebook.com\/MysteryCityGames\/","article_modified_time":"2026-03-17T09:35:14+00:00","og_image":[{"width":698,"height":559,"url":"https:\/\/www.mystery.city\/wp-content\/uploads\/2025\/03\/TMASS-with-stix2.png","type":"image\/png"}],"twitter_card":"summary_large_image","schema":{"@context":"https:\/\/schema.org","@graph":[{"@type":"WebPage","@id":"https:\/\/www.mystery.city\/de\/produkt\/amsterdam-schnitzeljagd\/","url":"https:\/\/www.mystery.city\/de\/produkt\/amsterdam-schnitzeljagd\/","name":"Amsterdam Schnitzeljagd Abenteuer | Der Geheime Absender Mystery","isPartOf":{"@id":"https:\/\/www.mystery.city\/de\/#website"},"primaryImageOfPage":{"@id":"https:\/\/www.mystery.city\/de\/produkt\/amsterdam-schnitzeljagd\/#primaryimage"},"image":{"@id":"https:\/\/www.mystery.city\/de\/produkt\/amsterdam-schnitzeljagd\/#primaryimage"},"thumbnailUrl":"https:\/\/www.mystery.city\/wp-content\/uploads\/2025\/03\/TMASS-with-stix2.png","datePublished":"2025-03-07T07:16:00+00:00","dateModified":"2026-03-17T09:35:14+00:00","description":"Begeben Sie sich auf eine aufregende Schnitzeljagd durch Amsterdam mit echten Stra\u00dfen, versteckten Juwelen und Escape-Room-R\u00e4tseln. Keine App, nur Hinweise, Karten und Spa\u00df in der Stadt.","breadcrumb":{"@id":"https:\/\/www.mystery.city\/de\/produkt\/amsterdam-schnitzeljagd\/#breadcrumb"},"inLanguage":"de","potentialAction":[{"@type":"ReadAction","target":["https:\/\/www.mystery.city\/de\/produkt\/amsterdam-schnitzeljagd\/"]}]},{"@type":"ImageObject","inLanguage":"de","@id":"https:\/\/www.mystery.city\/de\/produkt\/amsterdam-schnitzeljagd\/#primaryimage","url":"https:\/\/www.mystery.city\/wp-content\/uploads\/2025\/03\/TMASS-with-stix2.png","contentUrl":"https:\/\/www.mystery.city\/wp-content\/uploads\/2025\/03\/TMASS-with-stix2.png","width":698,"height":559,"caption":"Amsterdam Schnitzeljagd Abenteuer"},{"@type":"BreadcrumbList","@id":"https:\/\/www.mystery.city\/de\/produkt\/amsterdam-schnitzeljagd\/#breadcrumb","itemListElement":[{"@type":"ListItem","position":1,"name":"Home","item":"https:\/\/www.mystery.city\/de\/"},{"@type":"ListItem","position":2,"name":"Shop","item":"https:\/\/www.mystery.city\/shop\/"},{"@type":"ListItem","position":3,"name":"Der Geheime Absender"}]},{"@type":"WebSite","@id":"https:\/\/www.mystery.city\/de\/#website","url":"https:\/\/www.mystery.city\/de\/","name":"Mystery City Games","description":"Explore the City, Solve Puzzles, Unlock History","publisher":{"@id":"https:\/\/www.mystery.city\/de\/#organization"},"alternateName":"Mystery City Games","potentialAction":[{"@type":"SearchAction","target":{"@type":"EntryPoint","urlTemplate":"https:\/\/www.mystery.city\/de\/?s={search_term_string}"},"query-input":{"@type":"PropertyValueSpecification","valueRequired":true,"valueName":"search_term_string"}}],"inLanguage":"de"},{"@type":"Organization","@id":"https:\/\/www.mystery.city\/de\/#organization","name":"Mystery City Games","alternateName":"Mystery City Games","url":"https:\/\/www.mystery.city\/de\/","logo":{"@type":"ImageObject","inLanguage":"de","@id":"https:\/\/www.mystery.city\/de\/#\/schema\/logo\/image\/","url":"https:\/\/www.mystery.city\/wp-content\/uploads\/2025\/02\/Mystery-City-Games-Logo-2048x394-1.png","contentUrl":"https:\/\/www.mystery.city\/wp-content\/uploads\/2025\/02\/Mystery-City-Games-Logo-2048x394-1.png","width":2048,"height":394,"caption":"Mystery City Games"},"image":{"@id":"https:\/\/www.mystery.city\/de\/#\/schema\/logo\/image\/"},"sameAs":["https:\/\/www.facebook.com\/MysteryCityGames\/","https:\/\/www.instagram.com\/mysterycitygames\/","https:\/\/www.linkedin.com\/company\/mystery-city-games","https:\/\/www.tiktok.com\/@mysterycitygames","https:\/\/www.youtube.com\/@mysterycitygames"]}]}},"_links":{"self":[{"href":"https:\/\/www.mystery.city\/de\/wp-json\/wp\/v2\/product\/9435","targetHints":{"allow":["GET"]}}],"collection":[{"href":"https:\/\/www.mystery.city\/de\/wp-json\/wp\/v2\/product"}],"about":[{"href":"https:\/\/www.mystery.city\/de\/wp-json\/wp\/v2\/types\/product"}],"wp:featuredmedia":[{"embeddable":true,"href":"https:\/\/www.mystery.city\/de\/wp-json\/wp\/v2\/media\/10260"}],"wp:attachment":[{"href":"https:\/\/www.mystery.city\/de\/wp-json\/wp\/v2\/media?parent=9435"}],"wp:term":[{"taxonomy":"product_brand","embeddable":true,"href":"https:\/\/www.mystery.city\/de\/wp-json\/wp\/v2\/product_brand?post=9435"},{"taxonomy":"product_cat","embeddable":true,"href":"https:\/\/www.mystery.city\/de\/wp-json\/wp\/v2\/product_cat?post=9435"},{"taxonomy":"product_tag","embeddable":true,"href":"https:\/\/www.mystery.city\/de\/wp-json\/wp\/v2\/product_tag?post=9435"}],"curies":[{"name":"wp","href":"https:\/\/api.w.org\/{rel}","templated":true}]}}