{"id":9436,"date":"2025-03-20T15:23:35","date_gmt":"2025-03-20T14:23:35","guid":{"rendered":"https:\/\/mysterycity.com\/product\/der-geheime-absender-team-building\/"},"modified":"2026-03-17T10:35:14","modified_gmt":"2026-03-17T09:35:14","slug":"amsterdam-team-building","status":"publish","type":"product","link":"https:\/\/www.mystery.city\/de\/produkt\/amsterdam-team-building\/","title":{"rendered":"Der Geheime Absender &#8211; Team building"},"content":{"rendered":"<h3>Entdecken Sie Amsterdam und st\u00e4rken Sie Ihr Team<\/h3>\n<p>Team building Event mit Preisen, Foto und Getr\u00e4nken inklusive!<\/p>\n<p>Bei dieser Aktivit\u00e4t werden die Spieler in Teams aufgeteilt, die:<\/p>\n<ul>\n<li>Rennen Sie durch die Stadt und folgen Sie einer Schatzkarte<\/li>\n<li>Arbeiten Sie zusammen, um Hinweise zu finden und Schl\u00f6sser zu entriegeln<\/li>\n<li>Konkurrieren Sie mit Ihren Kollegen um den Sieg<\/li>\n<li>Entdecken Sie eine wahre Geschichte aus der Amsterdamer Geschichte<\/li>\n<li>Feiern Sie mit einem Drink am Ende<\/li>\n<\/ul>\n","protected":false},"excerpt":{"rendered":"<p><script type=\"text\/javascript\" src=\"https:\/\/bookeo.com\/widget.js?a=42551JFW7PA17A3859B833&#038;type=42551MX6YTJ17A3DF8790F\"><\/script><\/p>\n","protected":false},"featured_media":10964,"template":"","meta":{"_acf_changed":false,"postBodyCss":"","postBodyMargin":[],"postBodyPadding":[],"postBodyBackground":{"backgroundType":"classic","gradient":""}},"product_brand":[],"product_cat":[25,79],"product_tag":[],"class_list":{"0":"post-9436","1":"product","2":"type-product","3":"status-publish","4":"has-post-thumbnail","6":"product_cat-uncategorized","7":"product_cat-teambuilding","9":"first","10":"instock","11":"virtual","12":"taxable","13":"purchasable","14":"product-type-simple"},"acf":[],"yoast_head":"<!-- This site is optimized with the Yoast SEO plugin v27.4 - https:\/\/yoast.com\/product\/yoast-seo-wordpress\/ -->\n<title>Der Geheime Absender - Team building - Mystery City Games<\/title>\n<meta name=\"description\" content=\"Team-Event in der Stadt: L\u00f6st gemeinsam R\u00e4tsel, erkundet die City und st\u00e4rkt das Team bei spannenden Teambuilding-Events.\" \/>\n<meta name=\"robots\" content=\"index, follow, max-snippet:-1, max-image-preview:large, max-video-preview:-1\" \/>\n<link rel=\"canonical\" href=\"https:\/\/www.mystery.city\/de\/produkt\/amsterdam-team-building\/\" \/>\n<meta property=\"og:locale\" content=\"de_DE\" \/>\n<meta property=\"og:type\" content=\"article\" \/>\n<meta property=\"og:title\" content=\"Der Geheime Absender - Team building - Mystery City Games\" \/>\n<meta property=\"og:description\" content=\"Team-Event in der Stadt: L\u00f6st gemeinsam R\u00e4tsel, erkundet die City und st\u00e4rkt das Team bei spannenden Teambuilding-Events.\" \/>\n<meta property=\"og:url\" content=\"https:\/\/www.mystery.city\/de\/produkt\/amsterdam-team-building\/\" \/>\n<meta property=\"og:site_name\" content=\"Mystery City Games\" \/>\n<meta property=\"article:publisher\" content=\"https:\/\/www.facebook.com\/MysteryCityGames\/\" \/>\n<meta property=\"article:modified_time\" content=\"2026-03-17T09:35:14+00:00\" \/>\n<meta property=\"og:image\" content=\"https:\/\/www.mystery.city\/wp-content\/uploads\/2025\/04\/Team-building-picture-with-stickers-1.png\" \/>\n\t<meta property=\"og:image:width\" content=\"797\" \/>\n\t<meta property=\"og:image:height\" content=\"556\" \/>\n\t<meta property=\"og:image:type\" content=\"image\/png\" \/>\n<meta name=\"twitter:card\" content=\"summary_large_image\" \/>\n<script type=\"application\/ld+json\" class=\"yoast-schema-graph\">{\"@context\":\"https:\\\/\\\/schema.org\",\"@graph\":[{\"@type\":\"WebPage\",\"@id\":\"https:\\\/\\\/www.mystery.city\\\/de\\\/produkt\\\/amsterdam-team-building\\\/\",\"url\":\"https:\\\/\\\/www.mystery.city\\\/de\\\/produkt\\\/amsterdam-team-building\\\/\",\"name\":\"Der Geheime Absender - Team building - Mystery City Games\",\"isPartOf\":{\"@id\":\"https:\\\/\\\/www.mystery.city\\\/de\\\/#website\"},\"primaryImageOfPage\":{\"@id\":\"https:\\\/\\\/www.mystery.city\\\/de\\\/produkt\\\/amsterdam-team-building\\\/#primaryimage\"},\"image\":{\"@id\":\"https:\\\/\\\/www.mystery.city\\\/de\\\/produkt\\\/amsterdam-team-building\\\/#primaryimage\"},\"thumbnailUrl\":\"https:\\\/\\\/www.mystery.city\\\/wp-content\\\/uploads\\\/2025\\\/04\\\/Team-building-picture-with-stickers-1.png\",\"datePublished\":\"2025-03-20T14:23:35+00:00\",\"dateModified\":\"2026-03-17T09:35:14+00:00\",\"description\":\"Team-Event in der Stadt: L\u00f6st gemeinsam R\u00e4tsel, erkundet die City und st\u00e4rkt das Team bei spannenden Teambuilding-Events.\",\"breadcrumb\":{\"@id\":\"https:\\\/\\\/www.mystery.city\\\/de\\\/produkt\\\/amsterdam-team-building\\\/#breadcrumb\"},\"inLanguage\":\"de\",\"potentialAction\":[{\"@type\":\"ReadAction\",\"target\":[\"https:\\\/\\\/www.mystery.city\\\/de\\\/produkt\\\/amsterdam-team-building\\\/\"]}]},{\"@type\":\"ImageObject\",\"inLanguage\":\"de\",\"@id\":\"https:\\\/\\\/www.mystery.city\\\/de\\\/produkt\\\/amsterdam-team-building\\\/#primaryimage\",\"url\":\"https:\\\/\\\/www.mystery.city\\\/wp-content\\\/uploads\\\/2025\\\/04\\\/Team-building-picture-with-stickers-1.png\",\"contentUrl\":\"https:\\\/\\\/www.mystery.city\\\/wp-content\\\/uploads\\\/2025\\\/04\\\/Team-building-picture-with-stickers-1.png\",\"width\":797,\"height\":556,\"caption\":\"Outdoor Escape Rooms & Treasure Hunts, Mystery City Games\"},{\"@type\":\"BreadcrumbList\",\"@id\":\"https:\\\/\\\/www.mystery.city\\\/de\\\/produkt\\\/amsterdam-team-building\\\/#breadcrumb\",\"itemListElement\":[{\"@type\":\"ListItem\",\"position\":1,\"name\":\"Home\",\"item\":\"https:\\\/\\\/www.mystery.city\\\/de\\\/\"},{\"@type\":\"ListItem\",\"position\":2,\"name\":\"Shop\",\"item\":\"https:\\\/\\\/www.mystery.city\\\/shop\\\/\"},{\"@type\":\"ListItem\",\"position\":3,\"name\":\"Der Geheime Absender &#8211; Team building\"}]},{\"@type\":\"WebSite\",\"@id\":\"https:\\\/\\\/www.mystery.city\\\/de\\\/#website\",\"url\":\"https:\\\/\\\/www.mystery.city\\\/de\\\/\",\"name\":\"Mystery City Games\",\"description\":\"Explore the City, Solve Puzzles, Unlock History\",\"publisher\":{\"@id\":\"https:\\\/\\\/www.mystery.city\\\/de\\\/#organization\"},\"alternateName\":\"Mystery City Games\",\"potentialAction\":[{\"@type\":\"SearchAction\",\"target\":{\"@type\":\"EntryPoint\",\"urlTemplate\":\"https:\\\/\\\/www.mystery.city\\\/de\\\/?s={search_term_string}\"},\"query-input\":{\"@type\":\"PropertyValueSpecification\",\"valueRequired\":true,\"valueName\":\"search_term_string\"}}],\"inLanguage\":\"de\"},{\"@type\":\"Organization\",\"@id\":\"https:\\\/\\\/www.mystery.city\\\/de\\\/#organization\",\"name\":\"Mystery City Games\",\"alternateName\":\"Mystery City Games\",\"url\":\"https:\\\/\\\/www.mystery.city\\\/de\\\/\",\"logo\":{\"@type\":\"ImageObject\",\"inLanguage\":\"de\",\"@id\":\"https:\\\/\\\/www.mystery.city\\\/de\\\/#\\\/schema\\\/logo\\\/image\\\/\",\"url\":\"https:\\\/\\\/www.mystery.city\\\/wp-content\\\/uploads\\\/2025\\\/02\\\/Mystery-City-Games-Logo-2048x394-1.png\",\"contentUrl\":\"https:\\\/\\\/www.mystery.city\\\/wp-content\\\/uploads\\\/2025\\\/02\\\/Mystery-City-Games-Logo-2048x394-1.png\",\"width\":2048,\"height\":394,\"caption\":\"Mystery City Games\"},\"image\":{\"@id\":\"https:\\\/\\\/www.mystery.city\\\/de\\\/#\\\/schema\\\/logo\\\/image\\\/\"},\"sameAs\":[\"https:\\\/\\\/www.facebook.com\\\/MysteryCityGames\\\/\",\"https:\\\/\\\/www.instagram.com\\\/mysterycitygames\\\/\",\"https:\\\/\\\/www.linkedin.com\\\/company\\\/mystery-city-games\",\"https:\\\/\\\/www.tiktok.com\\\/@mysterycitygames\",\"https:\\\/\\\/www.youtube.com\\\/@mysterycitygames\"]}]}<\/script>\n<!-- \/ Yoast SEO plugin. -->","yoast_head_json":{"title":"Der Geheime Absender - Team building - Mystery City Games","description":"Team-Event in der Stadt: L\u00f6st gemeinsam R\u00e4tsel, erkundet die City und st\u00e4rkt das Team bei spannenden Teambuilding-Events.","robots":{"index":"index","follow":"follow","max-snippet":"max-snippet:-1","max-image-preview":"max-image-preview:large","max-video-preview":"max-video-preview:-1"},"canonical":"https:\/\/www.mystery.city\/de\/produkt\/amsterdam-team-building\/","og_locale":"de_DE","og_type":"article","og_title":"Der Geheime Absender - Team building - Mystery City Games","og_description":"Team-Event in der Stadt: L\u00f6st gemeinsam R\u00e4tsel, erkundet die City und st\u00e4rkt das Team bei spannenden Teambuilding-Events.","og_url":"https:\/\/www.mystery.city\/de\/produkt\/amsterdam-team-building\/","og_site_name":"Mystery City Games","article_publisher":"https:\/\/www.facebook.com\/MysteryCityGames\/","article_modified_time":"2026-03-17T09:35:14+00:00","og_image":[{"width":797,"height":556,"url":"https:\/\/www.mystery.city\/wp-content\/uploads\/2025\/04\/Team-building-picture-with-stickers-1.png","type":"image\/png"}],"twitter_card":"summary_large_image","schema":{"@context":"https:\/\/schema.org","@graph":[{"@type":"WebPage","@id":"https:\/\/www.mystery.city\/de\/produkt\/amsterdam-team-building\/","url":"https:\/\/www.mystery.city\/de\/produkt\/amsterdam-team-building\/","name":"Der Geheime Absender - Team building - Mystery City Games","isPartOf":{"@id":"https:\/\/www.mystery.city\/de\/#website"},"primaryImageOfPage":{"@id":"https:\/\/www.mystery.city\/de\/produkt\/amsterdam-team-building\/#primaryimage"},"image":{"@id":"https:\/\/www.mystery.city\/de\/produkt\/amsterdam-team-building\/#primaryimage"},"thumbnailUrl":"https:\/\/www.mystery.city\/wp-content\/uploads\/2025\/04\/Team-building-picture-with-stickers-1.png","datePublished":"2025-03-20T14:23:35+00:00","dateModified":"2026-03-17T09:35:14+00:00","description":"Team-Event in der Stadt: L\u00f6st gemeinsam R\u00e4tsel, erkundet die City und st\u00e4rkt das Team bei spannenden Teambuilding-Events.","breadcrumb":{"@id":"https:\/\/www.mystery.city\/de\/produkt\/amsterdam-team-building\/#breadcrumb"},"inLanguage":"de","potentialAction":[{"@type":"ReadAction","target":["https:\/\/www.mystery.city\/de\/produkt\/amsterdam-team-building\/"]}]},{"@type":"ImageObject","inLanguage":"de","@id":"https:\/\/www.mystery.city\/de\/produkt\/amsterdam-team-building\/#primaryimage","url":"https:\/\/www.mystery.city\/wp-content\/uploads\/2025\/04\/Team-building-picture-with-stickers-1.png","contentUrl":"https:\/\/www.mystery.city\/wp-content\/uploads\/2025\/04\/Team-building-picture-with-stickers-1.png","width":797,"height":556,"caption":"Outdoor Escape Rooms & Treasure Hunts, Mystery City Games"},{"@type":"BreadcrumbList","@id":"https:\/\/www.mystery.city\/de\/produkt\/amsterdam-team-building\/#breadcrumb","itemListElement":[{"@type":"ListItem","position":1,"name":"Home","item":"https:\/\/www.mystery.city\/de\/"},{"@type":"ListItem","position":2,"name":"Shop","item":"https:\/\/www.mystery.city\/shop\/"},{"@type":"ListItem","position":3,"name":"Der Geheime Absender &#8211; Team building"}]},{"@type":"WebSite","@id":"https:\/\/www.mystery.city\/de\/#website","url":"https:\/\/www.mystery.city\/de\/","name":"Mystery City Games","description":"Explore the City, Solve Puzzles, Unlock History","publisher":{"@id":"https:\/\/www.mystery.city\/de\/#organization"},"alternateName":"Mystery City Games","potentialAction":[{"@type":"SearchAction","target":{"@type":"EntryPoint","urlTemplate":"https:\/\/www.mystery.city\/de\/?s={search_term_string}"},"query-input":{"@type":"PropertyValueSpecification","valueRequired":true,"valueName":"search_term_string"}}],"inLanguage":"de"},{"@type":"Organization","@id":"https:\/\/www.mystery.city\/de\/#organization","name":"Mystery City Games","alternateName":"Mystery City Games","url":"https:\/\/www.mystery.city\/de\/","logo":{"@type":"ImageObject","inLanguage":"de","@id":"https:\/\/www.mystery.city\/de\/#\/schema\/logo\/image\/","url":"https:\/\/www.mystery.city\/wp-content\/uploads\/2025\/02\/Mystery-City-Games-Logo-2048x394-1.png","contentUrl":"https:\/\/www.mystery.city\/wp-content\/uploads\/2025\/02\/Mystery-City-Games-Logo-2048x394-1.png","width":2048,"height":394,"caption":"Mystery City Games"},"image":{"@id":"https:\/\/www.mystery.city\/de\/#\/schema\/logo\/image\/"},"sameAs":["https:\/\/www.facebook.com\/MysteryCityGames\/","https:\/\/www.instagram.com\/mysterycitygames\/","https:\/\/www.linkedin.com\/company\/mystery-city-games","https:\/\/www.tiktok.com\/@mysterycitygames","https:\/\/www.youtube.com\/@mysterycitygames"]}]}},"_links":{"self":[{"href":"https:\/\/www.mystery.city\/de\/wp-json\/wp\/v2\/product\/9436","targetHints":{"allow":["GET"]}}],"collection":[{"href":"https:\/\/www.mystery.city\/de\/wp-json\/wp\/v2\/product"}],"about":[{"href":"https:\/\/www.mystery.city\/de\/wp-json\/wp\/v2\/types\/product"}],"wp:featuredmedia":[{"embeddable":true,"href":"https:\/\/www.mystery.city\/de\/wp-json\/wp\/v2\/media\/10964"}],"wp:attachment":[{"href":"https:\/\/www.mystery.city\/de\/wp-json\/wp\/v2\/media?parent=9436"}],"wp:term":[{"taxonomy":"product_brand","embeddable":true,"href":"https:\/\/www.mystery.city\/de\/wp-json\/wp\/v2\/product_brand?post=9436"},{"taxonomy":"product_cat","embeddable":true,"href":"https:\/\/www.mystery.city\/de\/wp-json\/wp\/v2\/product_cat?post=9436"},{"taxonomy":"product_tag","embeddable":true,"href":"https:\/\/www.mystery.city\/de\/wp-json\/wp\/v2\/product_tag?post=9436"}],"curies":[{"name":"wp","href":"https:\/\/api.w.org\/{rel}","templated":true}]}}