{"id":8966,"date":"2025-03-19T07:16:12","date_gmt":"2025-03-19T06:16:12","guid":{"rendered":"https:\/\/mysterycity.com\/terminos-y-condiciones\/"},"modified":"2025-08-15T21:29:35","modified_gmt":"2025-08-15T20:29:35","slug":"terminos-y-condiciones","status":"publish","type":"page","link":"https:\/\/www.mystery.city\/es\/terminos-y-condiciones\/","title":{"rendered":"T\u00e9rminos y condiciones"},"content":{"rendered":"\t\t<div data-elementor-type=\"wp-page\" data-elementor-id=\"8966\" class=\"elementor elementor-8966 elementor-5159\" data-elementor-post-type=\"page\">\n\t\t\t\t<div class=\"elementor-element elementor-element-c0309d9 e-flex e-con-boxed e-con e-parent\" data-id=\"c0309d9\" data-element_type=\"container\" data-e-type=\"container\" data-settings=\"{&quot;background_background&quot;:&quot;classic&quot;,&quot;_ha_eqh_enable&quot;:false}\">\n\t\t\t\t\t<div class=\"e-con-inner\">\n\t\t\t\t<div class=\"elementor-element elementor-element-3dea4d2 elementor-widget elementor-widget-heading\" data-id=\"3dea4d2\" data-element_type=\"widget\" data-e-type=\"widget\" data-widget_type=\"heading.default\">\n\t\t\t\t<div class=\"elementor-widget-container\">\n\t\t\t\t\t<h1 class=\"elementor-heading-title elementor-size-default\">Condiciones generales<\/h1>\t\t\t\t<\/div>\n\t\t\t\t<\/div>\n\t\t\t\t\t<\/div>\n\t\t\t\t<\/div>\n\t\t<div class=\"elementor-element elementor-element-23bb2d1 e-flex e-con-boxed e-con e-parent\" data-id=\"23bb2d1\" data-element_type=\"container\" data-e-type=\"container\" data-settings=\"{&quot;_ha_eqh_enable&quot;:false}\">\n\t\t\t\t\t<div class=\"e-con-inner\">\n\t\t\t\t<div class=\"elementor-element elementor-element-71370565 elementor-widget elementor-widget-text-editor\" data-id=\"71370565\" data-element_type=\"widget\" data-e-type=\"widget\" data-widget_type=\"text-editor.default\">\n\t\t\t\t<div class=\"elementor-widget-container\">\n\t\t\t\t\t\t\t\t\t\n<p>El sitio web http:\/\/www.mystery.city, en adelante \u00abel sitio web\u00bb, es propiedad y est\u00e1 gestionado por Mystery City Games BV, en adelante \u00abMystery City\u00bb. Mystery City tiene derecho a modificar los t\u00e9rminos y condiciones que figuran a continuaci\u00f3n de vez en cuando, a su entera discreci\u00f3n y sin previo aviso. &nbsp;<\/p>\n\n\n\n<p><strong>1. GENERAL<\/strong><\/p>\n\n\n\n<p>1.1. Nada de lo dispuesto en estos t\u00e9rminos y condiciones pretende afectar a tus derechos legales. <\/p>\n\n\n\n<p>1.2 Las marcas y logotipos que aparecen en el sitio web son propiedad de Mystery City. No est\u00e1s autorizado a utilizarlos sin el consentimiento por escrito de Mystery City, y aceptas que cualquier uso de este tipo puede constituir una infracci\u00f3n de los derechos de Mystery City. <\/p>\n\n\n\n<p>1.3 Estas condiciones y cualquier contrato celebrado que incorpore estas condiciones se regir\u00e1n por la legislaci\u00f3n holandesa y todas las disputas se someter\u00e1n a la jurisdicci\u00f3n exclusiva de los tribunales holandeses.<\/p>\n\n\n\n<p>1.4. El sitio web puede contener hiperv\u00ednculos a sitios web de terceros. El funcionamiento de los sitios web de terceros est\u00e1 fuera del control de Mystery City y t\u00fa los utilizas por tu cuenta y riesgo. Mystery City no se hace responsable de ning\u00fan da\u00f1o derivado del uso de sitios web de terceros.   <\/p>\n\n\n\n<p>1.5 Mystery City recoge y almacena tus datos personales, como nombre, n\u00famero de tel\u00e9fono y correo electr\u00f3nico, que son necesarios para tu reserva. Proporcionas directamente tus datos a Mystery City cuando completas una reserva en el sitio web. Utilizamos estos datos para procesar tu reserva y enviarte por correo electr\u00f3nico detalles sobre la misma. Mystery City compartir\u00e1 tus datos con nuestros socios para la correcta ejecuci\u00f3n de tu juego, por ejemplo compartiendo el nombre en la reserva para que nuestro socio pueda verificar tu identidad cuando llegues para el juego o por ejemplo compartiendo el n\u00famero de personas en la reserva para que el socio pueda preparar el n\u00famero correcto de juegos para tu grupo.   <\/p>\n\n\n\n<p>1.6. Mystery City espera que los visitantes no revelen ning\u00fan detalle del juego directamente al p\u00fablico. Todos los materiales del juego son propiedad intelectual de Mystery City Games y no pueden fotografiarse, copiarse ni redistribuirse de ninguna manera.  <\/p>\n\n\n\n<p>1.7 La empresa tiene derecho a cobrar a los invitados por cualquier da\u00f1o intencionado y\/o causado por el mal uso de las piezas de juego.&nbsp;<\/p>\n\n\n\n<p>1.8 Mientras est\u00e9s en posesi\u00f3n del juego y mientras te encuentres en las instalaciones de Mystery City o de cualquiera de los socios de Mystery City, debes asegurarte de adoptar las normas de comportamiento adecuadas y cooperar con nuestros socios o empleados.<\/p>\n\n\n\n<p>1.9 Mystery City no tolera ning\u00fan tipo de intimidaci\u00f3n o acoso hacia sus socios o empleados.<\/p>\n\n\n\n<p><strong>2. RESERVAS<\/strong><\/p>\n\n\n\n<p>2.1 Debes tener al menos 16 a\u00f1os para reservar una partida con nosotros.<\/p>\n\n\n\n<p>2.2.1 Para grupos de hasta 20 jugadores: Si tienes que anular o cambiar la fecha de una reserva, ponte en contacto con nosotros en who@mystery.city al menos 48 horas antes de la fecha prevista para la partida. Una vez que hayas reservado una partida con nosotros, Mystery City y los socios de Mystery City se toman el tiempo necesario para asegurarse de que la partida est\u00e9 disponible para ti. Si cancelas tu partida con menos de 48 horas de antelaci\u00f3n, no tendr\u00e1s derecho a reembolso. Las partidas que se hayan reprogramado no pueden cancelarse.   <\/p>\n\n\n\n<p>2.2.2 Para grupos de m\u00e1s de 20 jugadores: Si tienes que anular o cambiar la fecha de una reserva, ponte en contacto con nosotros en who@mystery.city al menos 1 semana antes de la fecha prevista para la partida. Una vez que hayas reservado una partida con nosotros, Mystery City y los socios de Mystery City se toman el tiempo necesario para asegurarse de que la partida est\u00e9 disponible para ti. Si cancelas tu partida con menos de 1 semana de antelaci\u00f3n, no tendr\u00e1s derecho a reembolso. Las partidas que se hayan reprogramado no pueden cancelarse.   <\/p>\n\n\n\n<p>2.3 Cualquier compra en el sitio web s\u00f3lo ser\u00e1 v\u00e1lida cuando sea procesada por la empresa. Una vez procesada tu reserva, se enviar\u00e1 un correo electr\u00f3nico de confirmaci\u00f3n a la direcci\u00f3n de correo electr\u00f3nico indicada en el formulario de reserva online. <\/p>\n\n\n\n<p>2.4 Mystery City se reserva el derecho a cancelar una reserva, incluso con confirmaci\u00f3n. En este caso, Mystery City te reembolsar\u00e1 el importe total de la reserva. <\/p>\n\n\n\n<p>2.5 Las reservas no podr\u00e1n transferirse ni revenderse con fines comerciales ni con recargo. Si se transfiere o revende una reserva incumpliendo esta condici\u00f3n, se denegar\u00e1 la admisi\u00f3n al portador de la reserva o a la persona que reclame el derecho a participar en el juego. <\/p>\n\n\n\n<p>2.6 Eres enteramente responsable de introducir correctamente tus datos en el formulario de reserva online.<\/p>\n\n\n\n<p>2.7 Una reserva se considera no presentada y se denegar\u00e1 la entrada si el grupo se retrasa 20 minutos o m\u00e1s sin avisar a Mystery City. En tal situaci\u00f3n, el pago de la reserva no ser\u00e1 reembolsable y la reserva no podr\u00e1 modificarse. <\/p>\n\n\n\n<p>2.8 Nuestros juegos est\u00e1n dise\u00f1ados para durar un m\u00e1ximo de dos horas. En algunos casos puedes tardar m\u00e1s en completar el juego, pero en cualquier caso, tienes que devolver el equipo al punto de inicio del juego en los 15 minutos siguientes a la hora de cierre de Mystery City o del socio de Mystery City. &nbsp;<\/p>\n\n\n\n<p>2.9 Para ser admitido, deber\u00e1s confirmar el nombre completo del autor de la reserva y mostrar un correo electr\u00f3nico de confirmaci\u00f3n.<\/p>\n\n\n\n<p>2.10 Los juegos y todas las piezas de juego son propiedad de Mystery City. En algunos casos, se te puede pedir que dejes un dep\u00f3sito, como dinero en efectivo o un documento de identidad v\u00e1lido, en Mystery City o en sus socios durante la duraci\u00f3n del juego. Te informaremos de este requisito antes de la partida. La fianza se te devolver\u00e1 una vez que hayas devuelto el juego y todas las piezas a Mystery City o a uno de los socios de Mystery City en la ciudad en la que est\u00e9s jugando.   <\/p>\n\n\n\n<p>2.11 Los menores de 13 a\u00f1os deben estar acompa\u00f1ados por un adulto (mayor de 18) durante todo el partido.<\/p>\n\n\n\n<p>2.12 Las personas bajo los efectos del alcohol o las drogas ser\u00e1n rechazadas y su partida se considerar\u00e1 como no presentada. En tal situaci\u00f3n, no se reembolsar\u00e1 la reserva. <\/p>\n\n\n\n<p>2.13 Si no devuelves el material al punto de partida despu\u00e9s de tu experiencia, se te cobrar\u00e1n 400 euros por cada mochila incompleta o que falte.<\/p>\n\n\n\n<p><strong>3. PRECIO Y PAGO<\/strong><\/p>\n\n\n\n<p>3.1. El precio de un partido se indica en el sitio web, en la secci\u00f3n de reservas de cada ciudad. <\/p>\n\n\n\n<p>3.2. El precio se fija por persona para los Juegos en la ciudad y por tama\u00f1o de grupo para los Juegos en l\u00ednea. <\/p>\n\n\n\n<p>3.3 Procesamos nuestros pagos a trav\u00e9s de un procesador de pagos online llamado STRIPE o PAYPAL o MOLLIE. Para eventos en grupo y para particulares en Holanda, tambi\u00e9n aceptamos el pago por transferencia bancaria. <\/p>\n\n\n\n<p>3.4 Se requiere el pago completo en el momento de la reserva.<\/p>\n\n\n\n<p>3.5 La reserva debe hacerse en el sitio web. Si asisten al partido m\u00e1s personas de las que han reservado entradas, la diferencia de precio se puede liquidar a la llegada a trav\u00e9s del sistema de reservas en l\u00ednea. La disponibilidad para a\u00f1adir jugadores de \u00faltima hora depende del n\u00famero m\u00e1ximo de jugadores por juego y de la disponibilidad de juegos. Ciudad Misterio se reserva el derecho a rechazar la participaci\u00f3n de jugadores de \u00faltima hora en funci\u00f3n de la disponibilidad.   <\/p>\n\n\n\n<p>3.6 La ficha de bebida incluida como parte de la experiencia de team building en \u00c1msterdam es v\u00e1lida para un caf\u00e9, t\u00e9, cerveza o refresco en uno de nuestros locales asociados.<\/p>\n\n\n\n<p>3.7 En caso de pago mediante factura, el pago siempre vence a m\u00e1s tardar el d\u00eda del evento. Si la factura no se paga en los 14 d\u00edas siguientes al evento, cobraremos &nbsp;<a href=\"https:\/\/www.dnb.nl\/en\/statistics\/data-search\/#\/details\/statutory-interest-rate\/dataset\/2ed0b77d-72c5-47e8-8a3d-0c213048e11d\/resource\/b0304270-e4fb-41d5-bc2f-c7547a72fc0b\" target=\"_blank\" rel=\"noreferrer noopener\">el tipo de inter\u00e9s legal<\/a> por semana por cada semana que la factura permanezca vencida.&nbsp;<\/p>\n\n\n\n<p><strong>4. RESPONSABILIDAD Y SEGURIDAD<\/strong><\/p>\n\n\n\n<p>4.1. Los jugadores participan en el evento por su cuenta y riesgo. Al participar en los juegos de Mystery City, aceptas que ni Mystery City ni ninguna persona asociada a Mystery City ser\u00e1 responsable ante ti ni ante ning\u00fan otro jugador de los da\u00f1os directos o indirectos que se produzcan de cualquier modo. Aceptas transmitir esta responsabilidad a todos los jugadores inscritos a tu nombre.   <\/p>\n\n\n\n<p>4.2. Algunos de nuestros juegos contienen un elemento f\u00edsico, como caminar por una ciudad, utilizar objetos que te proporcionamos u observar el paisaje de una ciudad. Mystery City no se hace responsable de los da\u00f1os personales o causados al equipo.  <\/p>\n\n\n\n<p><strong>5. USO Y SEGURIDAD DEL SITIO WEB<\/strong><\/p>\n\n\n\n<p>5.1 Los t\u00e9rminos y condiciones se aplican al uso del sitio web por parte de cualquier visitante.<\/p>\n\n\n\n<p>5.2 El sitio web es para tu uso personal y no comercial. No puedes modificar, copiar, distribuir, transmitir, mostrar, ejecutar, reproducir, publicar, licenciar, crear trabajos derivados, transferir o vender ninguna informaci\u00f3n obtenida de este sitio web sin el consentimiento por escrito de Mystery City. <\/p>\n\n\n\n<p>5.3 No se te permite establecer enlaces ni utilizar ninguna parte del sitio web con fines fraudulentos, ilegales, difamatorios o perjudiciales.<\/p>\n\n\n\n<p>5.4 La empresa no ser\u00e1 responsable ante ninguna persona de ning\u00fan da\u00f1o directo o indirecto, consecuente o fortuito, derivado del uso del sitio web.<\/p>\n\n\n\n<p>6. USO DEL CORREO ELECTR\u00d3NICO Y DE LOS CONTACTOS<\/p>\n\n\n\n<p>6.1 Autorizas a Mystery City a ponerse en contacto contigo para informarte sobre tu juego.&nbsp;<\/p>\n\n\n\n<p>6.2 Das permiso a Mystery City para compartir tu informaci\u00f3n con sus socios en la medida necesaria para garantizar una buena experiencia de juego.<\/p>\n\n\n\n<p><strong>7. FOTOS<\/strong><\/p>\n\n\n\n<p>7.1 S\u00f3lo se subir\u00e1n fotos de equipos o participantes a nuestros canales de redes sociales con el consentimiento expl\u00edcito de los jugadores que aparezcan en la foto.<\/p>\n\n\n\n<p>7.2 Si deseas que se elimine tu foto de cualquiera de los canales de Mystery City, notif\u00edcanoslo por correo electr\u00f3nico a who@mystery.city.<\/p>\n\n\n\n<p><strong>8. EMPRESA Y DATOS DE CONTACTO<\/strong><\/p>\n\n\n\n<p>Mystery City Games B.V.<\/p>\n\n\n\n<p>Zwanenburgwal 178<\/p>\n\n\n\n<p>1011 JH Amsterdam<\/p>\n\n\n\n<p>Pa\u00edses Bajos<\/p>\n\n\n\n<p>who@mystery.city<\/p>\n\n\n\n<p>+31 6 47 79 95 24<\/p>\n\t\t\t\t\t\t\t\t<\/div>\n\t\t\t\t<\/div>\n\t\t\t\t\t<\/div>\n\t\t\t\t<\/div>\n\t\t\t\t<\/div>\n\t\t","protected":false},"excerpt":{"rendered":"<p>Condiciones generales El sitio web http:\/\/www.mystery.city, en adelante \u00abel sitio web\u00bb, es propiedad y est\u00e1 gestionado por Mystery City Games BV, en adelante \u00abMystery City\u00bb. Mystery City tiene derecho a modificar los t\u00e9rminos y condiciones que figuran a continuaci\u00f3n de vez en cuando, a su entera discreci\u00f3n y sin previo aviso. &nbsp; 1. GENERAL 1.1. [&hellip;]<\/p>\n","protected":false},"author":2,"featured_media":0,"parent":0,"menu_order":0,"comment_status":"closed","ping_status":"closed","template":"elementor_header_footer","meta":{"_acf_changed":false,"postBodyCss":"","postBodyMargin":[],"postBodyPadding":[],"postBodyBackground":{"backgroundType":"classic","gradient":""},"footnotes":""},"class_list":["post-8966","page","type-page","status-publish","hentry"],"blocksy_meta":[],"acf":[],"yoast_head":"<!-- This site is optimized with the Yoast SEO plugin v27.4 - https:\/\/yoast.com\/product\/yoast-seo-wordpress\/ -->\n<title>T\u00e9rminos y condiciones - Mystery City Games<\/title>\n<meta name=\"description\" content=\"Consulta los t\u00e9rminos y condiciones de Mystery City para conocer las normativas, responsabilidades y detalles legales del juego\" \/>\n<meta name=\"robots\" content=\"index, follow, max-snippet:-1, max-image-preview:large, max-video-preview:-1\" \/>\n<link rel=\"canonical\" href=\"https:\/\/www.mystery.city\/es\/terminos-y-condiciones\/\" \/>\n<meta property=\"og:locale\" content=\"es_ES\" \/>\n<meta property=\"og:type\" content=\"article\" \/>\n<meta property=\"og:title\" content=\"T\u00e9rminos y condiciones - Mystery City Games\" \/>\n<meta property=\"og:description\" content=\"Consulta los t\u00e9rminos y condiciones de Mystery City para conocer las normativas, responsabilidades y detalles legales del juego\" \/>\n<meta property=\"og:url\" content=\"https:\/\/www.mystery.city\/es\/terminos-y-condiciones\/\" \/>\n<meta property=\"og:site_name\" content=\"Mystery City Games\" \/>\n<meta property=\"article:publisher\" content=\"https:\/\/www.facebook.com\/MysteryCityGames\/\" \/>\n<meta property=\"article:modified_time\" content=\"2025-08-15T20:29:35+00:00\" \/>\n<meta property=\"og:image\" content=\"https:\/\/www.mystery.city\/wp-content\/uploads\/2025\/02\/Mystery-City-Games-Logo-2048x394-1.png\" \/>\n\t<meta property=\"og:image:width\" content=\"2048\" \/>\n\t<meta property=\"og:image:height\" content=\"394\" \/>\n\t<meta property=\"og:image:type\" content=\"image\/png\" \/>\n<meta name=\"twitter:card\" content=\"summary_large_image\" \/>\n<script type=\"application\/ld+json\" class=\"yoast-schema-graph\">{\"@context\":\"https:\\\/\\\/schema.org\",\"@graph\":[{\"@type\":\"WebPage\",\"@id\":\"https:\\\/\\\/www.mystery.city\\\/es\\\/terminos-y-condiciones\\\/\",\"url\":\"https:\\\/\\\/www.mystery.city\\\/es\\\/terminos-y-condiciones\\\/\",\"name\":\"T\u00e9rminos y condiciones - Mystery City Games\",\"isPartOf\":{\"@id\":\"https:\\\/\\\/www.mystery.city\\\/es\\\/#website\"},\"datePublished\":\"2025-03-19T06:16:12+00:00\",\"dateModified\":\"2025-08-15T20:29:35+00:00\",\"description\":\"Consulta los t\u00e9rminos y condiciones de Mystery City para conocer las normativas, responsabilidades y detalles legales del juego\",\"breadcrumb\":{\"@id\":\"https:\\\/\\\/www.mystery.city\\\/es\\\/terminos-y-condiciones\\\/#breadcrumb\"},\"inLanguage\":\"es\",\"potentialAction\":[{\"@type\":\"ReadAction\",\"target\":[\"https:\\\/\\\/www.mystery.city\\\/es\\\/terminos-y-condiciones\\\/\"]}]},{\"@type\":\"BreadcrumbList\",\"@id\":\"https:\\\/\\\/www.mystery.city\\\/es\\\/terminos-y-condiciones\\\/#breadcrumb\",\"itemListElement\":[{\"@type\":\"ListItem\",\"position\":1,\"name\":\"Home\",\"item\":\"https:\\\/\\\/www.mystery.city\\\/es\\\/\"},{\"@type\":\"ListItem\",\"position\":2,\"name\":\"T\u00e9rminos y condiciones\"}]},{\"@type\":\"WebSite\",\"@id\":\"https:\\\/\\\/www.mystery.city\\\/es\\\/#website\",\"url\":\"https:\\\/\\\/www.mystery.city\\\/es\\\/\",\"name\":\"Mystery City Games\",\"description\":\"Explore the City, Solve Puzzles, Unlock History\",\"publisher\":{\"@id\":\"https:\\\/\\\/www.mystery.city\\\/es\\\/#organization\"},\"alternateName\":\"Mystery City Games\",\"potentialAction\":[{\"@type\":\"SearchAction\",\"target\":{\"@type\":\"EntryPoint\",\"urlTemplate\":\"https:\\\/\\\/www.mystery.city\\\/es\\\/?s={search_term_string}\"},\"query-input\":{\"@type\":\"PropertyValueSpecification\",\"valueRequired\":true,\"valueName\":\"search_term_string\"}}],\"inLanguage\":\"es\"},{\"@type\":\"Organization\",\"@id\":\"https:\\\/\\\/www.mystery.city\\\/es\\\/#organization\",\"name\":\"Mystery City Games\",\"alternateName\":\"Mystery City Games\",\"url\":\"https:\\\/\\\/www.mystery.city\\\/es\\\/\",\"logo\":{\"@type\":\"ImageObject\",\"inLanguage\":\"es\",\"@id\":\"https:\\\/\\\/www.mystery.city\\\/es\\\/#\\\/schema\\\/logo\\\/image\\\/\",\"url\":\"https:\\\/\\\/www.mystery.city\\\/wp-content\\\/uploads\\\/2025\\\/02\\\/Mystery-City-Games-Logo-2048x394-1.png\",\"contentUrl\":\"https:\\\/\\\/www.mystery.city\\\/wp-content\\\/uploads\\\/2025\\\/02\\\/Mystery-City-Games-Logo-2048x394-1.png\",\"width\":2048,\"height\":394,\"caption\":\"Mystery City Games\"},\"image\":{\"@id\":\"https:\\\/\\\/www.mystery.city\\\/es\\\/#\\\/schema\\\/logo\\\/image\\\/\"},\"sameAs\":[\"https:\\\/\\\/www.facebook.com\\\/MysteryCityGames\\\/\",\"https:\\\/\\\/www.instagram.com\\\/mysterycitygames\\\/\",\"https:\\\/\\\/www.linkedin.com\\\/company\\\/mystery-city-games\",\"https:\\\/\\\/www.tiktok.com\\\/@mysterycitygames\",\"https:\\\/\\\/www.youtube.com\\\/@mysterycitygames\"]}]}<\/script>\n<!-- \/ Yoast SEO plugin. -->","yoast_head_json":{"title":"T\u00e9rminos y condiciones - Mystery City Games","description":"Consulta los t\u00e9rminos y condiciones de Mystery City para conocer las normativas, responsabilidades y detalles legales del juego","robots":{"index":"index","follow":"follow","max-snippet":"max-snippet:-1","max-image-preview":"max-image-preview:large","max-video-preview":"max-video-preview:-1"},"canonical":"https:\/\/www.mystery.city\/es\/terminos-y-condiciones\/","og_locale":"es_ES","og_type":"article","og_title":"T\u00e9rminos y condiciones - Mystery City Games","og_description":"Consulta los t\u00e9rminos y condiciones de Mystery City para conocer las normativas, responsabilidades y detalles legales del juego","og_url":"https:\/\/www.mystery.city\/es\/terminos-y-condiciones\/","og_site_name":"Mystery City Games","article_publisher":"https:\/\/www.facebook.com\/MysteryCityGames\/","article_modified_time":"2025-08-15T20:29:35+00:00","og_image":[{"width":2048,"height":394,"url":"https:\/\/www.mystery.city\/wp-content\/uploads\/2025\/02\/Mystery-City-Games-Logo-2048x394-1.png","type":"image\/png"}],"twitter_card":"summary_large_image","schema":{"@context":"https:\/\/schema.org","@graph":[{"@type":"WebPage","@id":"https:\/\/www.mystery.city\/es\/terminos-y-condiciones\/","url":"https:\/\/www.mystery.city\/es\/terminos-y-condiciones\/","name":"T\u00e9rminos y condiciones - Mystery City Games","isPartOf":{"@id":"https:\/\/www.mystery.city\/es\/#website"},"datePublished":"2025-03-19T06:16:12+00:00","dateModified":"2025-08-15T20:29:35+00:00","description":"Consulta los t\u00e9rminos y condiciones de Mystery City para conocer las normativas, responsabilidades y detalles legales del juego","breadcrumb":{"@id":"https:\/\/www.mystery.city\/es\/terminos-y-condiciones\/#breadcrumb"},"inLanguage":"es","potentialAction":[{"@type":"ReadAction","target":["https:\/\/www.mystery.city\/es\/terminos-y-condiciones\/"]}]},{"@type":"BreadcrumbList","@id":"https:\/\/www.mystery.city\/es\/terminos-y-condiciones\/#breadcrumb","itemListElement":[{"@type":"ListItem","position":1,"name":"Home","item":"https:\/\/www.mystery.city\/es\/"},{"@type":"ListItem","position":2,"name":"T\u00e9rminos y condiciones"}]},{"@type":"WebSite","@id":"https:\/\/www.mystery.city\/es\/#website","url":"https:\/\/www.mystery.city\/es\/","name":"Mystery City Games","description":"Explore the City, Solve Puzzles, Unlock History","publisher":{"@id":"https:\/\/www.mystery.city\/es\/#organization"},"alternateName":"Mystery City Games","potentialAction":[{"@type":"SearchAction","target":{"@type":"EntryPoint","urlTemplate":"https:\/\/www.mystery.city\/es\/?s={search_term_string}"},"query-input":{"@type":"PropertyValueSpecification","valueRequired":true,"valueName":"search_term_string"}}],"inLanguage":"es"},{"@type":"Organization","@id":"https:\/\/www.mystery.city\/es\/#organization","name":"Mystery City Games","alternateName":"Mystery City Games","url":"https:\/\/www.mystery.city\/es\/","logo":{"@type":"ImageObject","inLanguage":"es","@id":"https:\/\/www.mystery.city\/es\/#\/schema\/logo\/image\/","url":"https:\/\/www.mystery.city\/wp-content\/uploads\/2025\/02\/Mystery-City-Games-Logo-2048x394-1.png","contentUrl":"https:\/\/www.mystery.city\/wp-content\/uploads\/2025\/02\/Mystery-City-Games-Logo-2048x394-1.png","width":2048,"height":394,"caption":"Mystery City Games"},"image":{"@id":"https:\/\/www.mystery.city\/es\/#\/schema\/logo\/image\/"},"sameAs":["https:\/\/www.facebook.com\/MysteryCityGames\/","https:\/\/www.instagram.com\/mysterycitygames\/","https:\/\/www.linkedin.com\/company\/mystery-city-games","https:\/\/www.tiktok.com\/@mysterycitygames","https:\/\/www.youtube.com\/@mysterycitygames"]}]}},"_links":{"self":[{"href":"https:\/\/www.mystery.city\/es\/wp-json\/wp\/v2\/pages\/8966","targetHints":{"allow":["GET"]}}],"collection":[{"href":"https:\/\/www.mystery.city\/es\/wp-json\/wp\/v2\/pages"}],"about":[{"href":"https:\/\/www.mystery.city\/es\/wp-json\/wp\/v2\/types\/page"}],"author":[{"embeddable":true,"href":"https:\/\/www.mystery.city\/es\/wp-json\/wp\/v2\/users\/2"}],"replies":[{"embeddable":true,"href":"https:\/\/www.mystery.city\/es\/wp-json\/wp\/v2\/comments?post=8966"}],"version-history":[{"count":10,"href":"https:\/\/www.mystery.city\/es\/wp-json\/wp\/v2\/pages\/8966\/revisions"}],"predecessor-version":[{"id":11966,"href":"https:\/\/www.mystery.city\/es\/wp-json\/wp\/v2\/pages\/8966\/revisions\/11966"}],"wp:attachment":[{"href":"https:\/\/www.mystery.city\/es\/wp-json\/wp\/v2\/media?parent=8966"}],"curies":[{"name":"wp","href":"https:\/\/api.w.org\/{rel}","templated":true}]}}