{"id":9316,"date":"2025-03-26T14:24:06","date_gmt":"2025-03-26T13:24:06","guid":{"rendered":"https:\/\/mysterycity.com\/product\/la-busqueda-de-la-piedra-de-la-serpiente\/"},"modified":"2026-04-22T11:25:46","modified_gmt":"2026-04-22T10:25:46","slug":"la-busqueda-de-la-piedra-de-la-serpiente","status":"publish","type":"product","link":"https:\/\/www.mystery.city\/es\/producto\/la-busqueda-de-la-piedra-de-la-serpiente\/","title":{"rendered":"La B\u00fasqueda de la Piedra de la Serpiente"},"content":{"rendered":"<p>Tu <b>profesora ha desaparecido<\/b>&#8230; \u00a1debe tener algo que ver con su <b>b\u00fasqueda de la m\u00edtica Piedra de la Serpiente<\/b>! <b>Sigue su rastro<\/b> y <b>resuelve sus enigmas<\/b> en este <b>juego de escape al aire libre<\/b> para descubrir <b>la historia perdida<\/b> de <b>magia y brujer\u00eda<\/b> <b>de Barcelona<\/b>.<\/p>\n<p><b>Explora la historia de Barcelona<\/b> en esta <b>aventura de b\u00fasqueda del tesoro<\/b> basada en<b> una historia real<\/b>. Visita monumentos famosos, descubre joyas ocultas y sum\u00e9rgete en el mundo de la magia y la brujer\u00eda medievales.<\/p>\n<p>\u00bfPuedes <b>resolver el misterio<\/b>? \u00a1Ad\u00e9ntrate en la historia y descubre por qu\u00e9 \u00e9sta es la <b>actividad m\u00e1s divertida de Barcelona!<\/b><\/p>\n","protected":false},"excerpt":{"rendered":"<p><script type=\"text\/javascript\" src=\"https:\/\/bookeo.com\/widget.js?a=42551JFW7PA17A3859B833&#038;type=425513M7F7M1881FE1C17C&#038;languageCode=es_ES\"><\/script><\/p>\n","protected":false},"featured_media":7856,"template":"","meta":{"_acf_changed":false,"postBodyCss":"","postBodyMargin":[],"postBodyPadding":[],"postBodyBackground":{"backgroundType":"classic","gradient":""}},"product_brand":[],"product_cat":[81,25],"product_tag":[117],"class_list":{"0":"post-9316","1":"product","2":"type-product","3":"status-publish","4":"has-post-thumbnail","6":"product_cat-game","7":"product_cat-uncategorized","8":"product_tag-bookeo-es","10":"first","11":"instock","12":"virtual","13":"taxable","14":"purchasable","15":"product-type-simple"},"acf":[],"yoast_head":"<!-- This site is optimized with the Yoast SEO plugin v27.4 - https:\/\/yoast.com\/product\/yoast-seo-wordpress\/ -->\n<title>La B\u00fasqueda de la Piedra de la Serpiente - Mystery City Games<\/title>\n<meta name=\"description\" content=\"Vive la aventura en La b\u00fasqueda de la Piedra de la Serpiente, un juego de escape lleno de misterio y emoci\u00f3n. \u00a1Desc\u00fabrelo ya!\" \/>\n<meta name=\"robots\" content=\"index, follow, max-snippet:-1, max-image-preview:large, max-video-preview:-1\" \/>\n<link rel=\"canonical\" href=\"https:\/\/www.mystery.city\/es\/producto\/la-busqueda-de-la-piedra-de-la-serpiente\/\" \/>\n<meta property=\"og:locale\" content=\"es_ES\" \/>\n<meta property=\"og:type\" content=\"article\" \/>\n<meta property=\"og:title\" content=\"La B\u00fasqueda de la Piedra de la Serpiente - Mystery City Games\" \/>\n<meta property=\"og:description\" content=\"Vive la aventura en La b\u00fasqueda de la Piedra de la Serpiente, un juego de escape lleno de misterio y emoci\u00f3n. \u00a1Desc\u00fabrelo ya!\" \/>\n<meta property=\"og:url\" content=\"https:\/\/www.mystery.city\/es\/producto\/la-busqueda-de-la-piedra-de-la-serpiente\/\" \/>\n<meta property=\"og:site_name\" content=\"Mystery City Games\" \/>\n<meta property=\"article:publisher\" content=\"https:\/\/www.facebook.com\/MysteryCityGames\/\" \/>\n<meta property=\"article:modified_time\" content=\"2026-04-22T10:25:46+00:00\" \/>\n<meta property=\"og:image\" content=\"https:\/\/www.mystery.city\/wp-content\/uploads\/2025\/03\/Snake-with-stix.png\" \/>\n\t<meta property=\"og:image:width\" content=\"700\" \/>\n\t<meta property=\"og:image:height\" content=\"566\" \/>\n\t<meta property=\"og:image:type\" content=\"image\/png\" \/>\n<meta name=\"twitter:card\" content=\"summary_large_image\" \/>\n<script type=\"application\/ld+json\" class=\"yoast-schema-graph\">{\"@context\":\"https:\\\/\\\/schema.org\",\"@graph\":[{\"@type\":\"WebPage\",\"@id\":\"https:\\\/\\\/www.mystery.city\\\/es\\\/producto\\\/la-busqueda-de-la-piedra-de-la-serpiente\\\/\",\"url\":\"https:\\\/\\\/www.mystery.city\\\/es\\\/producto\\\/la-busqueda-de-la-piedra-de-la-serpiente\\\/\",\"name\":\"La B\u00fasqueda de la Piedra de la Serpiente - Mystery City Games\",\"isPartOf\":{\"@id\":\"https:\\\/\\\/www.mystery.city\\\/es\\\/#website\"},\"primaryImageOfPage\":{\"@id\":\"https:\\\/\\\/www.mystery.city\\\/es\\\/producto\\\/la-busqueda-de-la-piedra-de-la-serpiente\\\/#primaryimage\"},\"image\":{\"@id\":\"https:\\\/\\\/www.mystery.city\\\/es\\\/producto\\\/la-busqueda-de-la-piedra-de-la-serpiente\\\/#primaryimage\"},\"thumbnailUrl\":\"https:\\\/\\\/www.mystery.city\\\/wp-content\\\/uploads\\\/2025\\\/03\\\/Snake-with-stix.png\",\"datePublished\":\"2025-03-26T13:24:06+00:00\",\"dateModified\":\"2026-04-22T10:25:46+00:00\",\"description\":\"Vive la aventura en La b\u00fasqueda de la Piedra de la Serpiente, un juego de escape lleno de misterio y emoci\u00f3n. \u00a1Desc\u00fabrelo ya!\",\"breadcrumb\":{\"@id\":\"https:\\\/\\\/www.mystery.city\\\/es\\\/producto\\\/la-busqueda-de-la-piedra-de-la-serpiente\\\/#breadcrumb\"},\"inLanguage\":\"es\",\"potentialAction\":[{\"@type\":\"ReadAction\",\"target\":[\"https:\\\/\\\/www.mystery.city\\\/es\\\/producto\\\/la-busqueda-de-la-piedra-de-la-serpiente\\\/\"]}]},{\"@type\":\"ImageObject\",\"inLanguage\":\"es\",\"@id\":\"https:\\\/\\\/www.mystery.city\\\/es\\\/producto\\\/la-busqueda-de-la-piedra-de-la-serpiente\\\/#primaryimage\",\"url\":\"https:\\\/\\\/www.mystery.city\\\/wp-content\\\/uploads\\\/2025\\\/03\\\/Snake-with-stix.png\",\"contentUrl\":\"https:\\\/\\\/www.mystery.city\\\/wp-content\\\/uploads\\\/2025\\\/03\\\/Snake-with-stix.png\",\"width\":700,\"height\":566,\"caption\":\"Barcelona Outdoor Escape Room \u2013 The Snake Stone Quest\"},{\"@type\":\"BreadcrumbList\",\"@id\":\"https:\\\/\\\/www.mystery.city\\\/es\\\/producto\\\/la-busqueda-de-la-piedra-de-la-serpiente\\\/#breadcrumb\",\"itemListElement\":[{\"@type\":\"ListItem\",\"position\":1,\"name\":\"Home\",\"item\":\"https:\\\/\\\/www.mystery.city\\\/es\\\/\"},{\"@type\":\"ListItem\",\"position\":2,\"name\":\"Shop\",\"item\":\"https:\\\/\\\/www.mystery.city\\\/shop\\\/\"},{\"@type\":\"ListItem\",\"position\":3,\"name\":\"La B\u00fasqueda de la Piedra de la Serpiente\"}]},{\"@type\":\"WebSite\",\"@id\":\"https:\\\/\\\/www.mystery.city\\\/es\\\/#website\",\"url\":\"https:\\\/\\\/www.mystery.city\\\/es\\\/\",\"name\":\"Mystery City Games\",\"description\":\"Explore the City, Solve Puzzles, Unlock History\",\"publisher\":{\"@id\":\"https:\\\/\\\/www.mystery.city\\\/es\\\/#organization\"},\"alternateName\":\"Mystery City Games\",\"potentialAction\":[{\"@type\":\"SearchAction\",\"target\":{\"@type\":\"EntryPoint\",\"urlTemplate\":\"https:\\\/\\\/www.mystery.city\\\/es\\\/?s={search_term_string}\"},\"query-input\":{\"@type\":\"PropertyValueSpecification\",\"valueRequired\":true,\"valueName\":\"search_term_string\"}}],\"inLanguage\":\"es\"},{\"@type\":\"Organization\",\"@id\":\"https:\\\/\\\/www.mystery.city\\\/es\\\/#organization\",\"name\":\"Mystery City Games\",\"alternateName\":\"Mystery City Games\",\"url\":\"https:\\\/\\\/www.mystery.city\\\/es\\\/\",\"logo\":{\"@type\":\"ImageObject\",\"inLanguage\":\"es\",\"@id\":\"https:\\\/\\\/www.mystery.city\\\/es\\\/#\\\/schema\\\/logo\\\/image\\\/\",\"url\":\"https:\\\/\\\/www.mystery.city\\\/wp-content\\\/uploads\\\/2025\\\/02\\\/Mystery-City-Games-Logo-2048x394-1.png\",\"contentUrl\":\"https:\\\/\\\/www.mystery.city\\\/wp-content\\\/uploads\\\/2025\\\/02\\\/Mystery-City-Games-Logo-2048x394-1.png\",\"width\":2048,\"height\":394,\"caption\":\"Mystery City Games\"},\"image\":{\"@id\":\"https:\\\/\\\/www.mystery.city\\\/es\\\/#\\\/schema\\\/logo\\\/image\\\/\"},\"sameAs\":[\"https:\\\/\\\/www.facebook.com\\\/MysteryCityGames\\\/\",\"https:\\\/\\\/www.instagram.com\\\/mysterycitygames\\\/\",\"https:\\\/\\\/www.linkedin.com\\\/company\\\/mystery-city-games\",\"https:\\\/\\\/www.tiktok.com\\\/@mysterycitygames\",\"https:\\\/\\\/www.youtube.com\\\/@mysterycitygames\"]}]}<\/script>\n<!-- \/ Yoast SEO plugin. -->","yoast_head_json":{"title":"La B\u00fasqueda de la Piedra de la Serpiente - Mystery City Games","description":"Vive la aventura en La b\u00fasqueda de la Piedra de la Serpiente, un juego de escape lleno de misterio y emoci\u00f3n. \u00a1Desc\u00fabrelo ya!","robots":{"index":"index","follow":"follow","max-snippet":"max-snippet:-1","max-image-preview":"max-image-preview:large","max-video-preview":"max-video-preview:-1"},"canonical":"https:\/\/www.mystery.city\/es\/producto\/la-busqueda-de-la-piedra-de-la-serpiente\/","og_locale":"es_ES","og_type":"article","og_title":"La B\u00fasqueda de la Piedra de la Serpiente - Mystery City Games","og_description":"Vive la aventura en La b\u00fasqueda de la Piedra de la Serpiente, un juego de escape lleno de misterio y emoci\u00f3n. \u00a1Desc\u00fabrelo ya!","og_url":"https:\/\/www.mystery.city\/es\/producto\/la-busqueda-de-la-piedra-de-la-serpiente\/","og_site_name":"Mystery City Games","article_publisher":"https:\/\/www.facebook.com\/MysteryCityGames\/","article_modified_time":"2026-04-22T10:25:46+00:00","og_image":[{"width":700,"height":566,"url":"https:\/\/www.mystery.city\/wp-content\/uploads\/2025\/03\/Snake-with-stix.png","type":"image\/png"}],"twitter_card":"summary_large_image","schema":{"@context":"https:\/\/schema.org","@graph":[{"@type":"WebPage","@id":"https:\/\/www.mystery.city\/es\/producto\/la-busqueda-de-la-piedra-de-la-serpiente\/","url":"https:\/\/www.mystery.city\/es\/producto\/la-busqueda-de-la-piedra-de-la-serpiente\/","name":"La B\u00fasqueda de la Piedra de la Serpiente - Mystery City Games","isPartOf":{"@id":"https:\/\/www.mystery.city\/es\/#website"},"primaryImageOfPage":{"@id":"https:\/\/www.mystery.city\/es\/producto\/la-busqueda-de-la-piedra-de-la-serpiente\/#primaryimage"},"image":{"@id":"https:\/\/www.mystery.city\/es\/producto\/la-busqueda-de-la-piedra-de-la-serpiente\/#primaryimage"},"thumbnailUrl":"https:\/\/www.mystery.city\/wp-content\/uploads\/2025\/03\/Snake-with-stix.png","datePublished":"2025-03-26T13:24:06+00:00","dateModified":"2026-04-22T10:25:46+00:00","description":"Vive la aventura en La b\u00fasqueda de la Piedra de la Serpiente, un juego de escape lleno de misterio y emoci\u00f3n. \u00a1Desc\u00fabrelo ya!","breadcrumb":{"@id":"https:\/\/www.mystery.city\/es\/producto\/la-busqueda-de-la-piedra-de-la-serpiente\/#breadcrumb"},"inLanguage":"es","potentialAction":[{"@type":"ReadAction","target":["https:\/\/www.mystery.city\/es\/producto\/la-busqueda-de-la-piedra-de-la-serpiente\/"]}]},{"@type":"ImageObject","inLanguage":"es","@id":"https:\/\/www.mystery.city\/es\/producto\/la-busqueda-de-la-piedra-de-la-serpiente\/#primaryimage","url":"https:\/\/www.mystery.city\/wp-content\/uploads\/2025\/03\/Snake-with-stix.png","contentUrl":"https:\/\/www.mystery.city\/wp-content\/uploads\/2025\/03\/Snake-with-stix.png","width":700,"height":566,"caption":"Barcelona Outdoor Escape Room \u2013 The Snake Stone Quest"},{"@type":"BreadcrumbList","@id":"https:\/\/www.mystery.city\/es\/producto\/la-busqueda-de-la-piedra-de-la-serpiente\/#breadcrumb","itemListElement":[{"@type":"ListItem","position":1,"name":"Home","item":"https:\/\/www.mystery.city\/es\/"},{"@type":"ListItem","position":2,"name":"Shop","item":"https:\/\/www.mystery.city\/shop\/"},{"@type":"ListItem","position":3,"name":"La B\u00fasqueda de la Piedra de la Serpiente"}]},{"@type":"WebSite","@id":"https:\/\/www.mystery.city\/es\/#website","url":"https:\/\/www.mystery.city\/es\/","name":"Mystery City Games","description":"Explore the City, Solve Puzzles, Unlock History","publisher":{"@id":"https:\/\/www.mystery.city\/es\/#organization"},"alternateName":"Mystery City Games","potentialAction":[{"@type":"SearchAction","target":{"@type":"EntryPoint","urlTemplate":"https:\/\/www.mystery.city\/es\/?s={search_term_string}"},"query-input":{"@type":"PropertyValueSpecification","valueRequired":true,"valueName":"search_term_string"}}],"inLanguage":"es"},{"@type":"Organization","@id":"https:\/\/www.mystery.city\/es\/#organization","name":"Mystery City Games","alternateName":"Mystery City Games","url":"https:\/\/www.mystery.city\/es\/","logo":{"@type":"ImageObject","inLanguage":"es","@id":"https:\/\/www.mystery.city\/es\/#\/schema\/logo\/image\/","url":"https:\/\/www.mystery.city\/wp-content\/uploads\/2025\/02\/Mystery-City-Games-Logo-2048x394-1.png","contentUrl":"https:\/\/www.mystery.city\/wp-content\/uploads\/2025\/02\/Mystery-City-Games-Logo-2048x394-1.png","width":2048,"height":394,"caption":"Mystery City Games"},"image":{"@id":"https:\/\/www.mystery.city\/es\/#\/schema\/logo\/image\/"},"sameAs":["https:\/\/www.facebook.com\/MysteryCityGames\/","https:\/\/www.instagram.com\/mysterycitygames\/","https:\/\/www.linkedin.com\/company\/mystery-city-games","https:\/\/www.tiktok.com\/@mysterycitygames","https:\/\/www.youtube.com\/@mysterycitygames"]}]}},"_links":{"self":[{"href":"https:\/\/www.mystery.city\/es\/wp-json\/wp\/v2\/product\/9316","targetHints":{"allow":["GET"]}}],"collection":[{"href":"https:\/\/www.mystery.city\/es\/wp-json\/wp\/v2\/product"}],"about":[{"href":"https:\/\/www.mystery.city\/es\/wp-json\/wp\/v2\/types\/product"}],"wp:featuredmedia":[{"embeddable":true,"href":"https:\/\/www.mystery.city\/es\/wp-json\/wp\/v2\/media\/7856"}],"wp:attachment":[{"href":"https:\/\/www.mystery.city\/es\/wp-json\/wp\/v2\/media?parent=9316"}],"wp:term":[{"taxonomy":"product_brand","embeddable":true,"href":"https:\/\/www.mystery.city\/es\/wp-json\/wp\/v2\/product_brand?post=9316"},{"taxonomy":"product_cat","embeddable":true,"href":"https:\/\/www.mystery.city\/es\/wp-json\/wp\/v2\/product_cat?post=9316"},{"taxonomy":"product_tag","embeddable":true,"href":"https:\/\/www.mystery.city\/es\/wp-json\/wp\/v2\/product_tag?post=9316"}],"curies":[{"name":"wp","href":"https:\/\/api.w.org\/{rel}","templated":true}]}}