{"id":9404,"date":"2025-03-07T08:15:50","date_gmt":"2025-03-07T07:15:50","guid":{"rendered":"https:\/\/mysterycity.com\/product\/el-secreto-del-rey\/"},"modified":"2026-03-16T17:01:52","modified_gmt":"2026-03-16T16:01:52","slug":"escape-room-al-aire-libre-sintra","status":"publish","type":"product","link":"https:\/\/www.mystery.city\/es\/producto\/escape-room-al-aire-libre-sintra\/","title":{"rendered":"El Secreto del Rey"},"content":{"rendered":"<p>El <b>Rey tiene un secreto<\/b>. Est\u00e1 enamorado. Pero su <b>amor est\u00e1 prohibido<\/b>. Pero el Rey tiene un plan para que puedan estar juntos&#8230;<b> \u00a1sigue su rastro<\/b> y <b>resuelve sus desaf\u00edos<\/b> en esta <b>escape room al aire<\/b> libre para ayudar al Rey a salvar a su amor!<\/p>\n<p><b>Explora<\/b> <b>la historia<\/b> <b>de Sintra<\/b> en esta <b>aventura de b\u00fasqueda del tesoro<\/b> basada en<b> una historia real<\/b>. Visita monumentos famosos, descubre joyas ocultas y sum\u00e9rgete en el mundo del amor y la realeza.<\/p>\n<p>\u00bfPuedes <b>resolver el misterio<\/b>? \u00a1Ad\u00e9ntrate en la historia y descubre por qu\u00e9 \u00e9sta es la <b>actividad m\u00e1s divertida de Sintra!<\/b><\/p>\n","protected":false},"excerpt":{"rendered":"<p><script type=\"text\/javascript\" src=\"https:\/\/bookeo.com\/widget.js?a=42551JFW7PA17A3859B833&#038;type=4255179JP4L187237843C4&#038;languageCode=es_ES\"><\/script><\/p>\n","protected":false},"featured_media":7910,"template":"","meta":{"_acf_changed":false,"postBodyCss":"","postBodyMargin":[],"postBodyPadding":[],"postBodyBackground":{"backgroundType":"classic","gradient":""}},"product_brand":[],"product_cat":[81,25],"product_tag":[117],"class_list":{"0":"post-9404","1":"product","2":"type-product","3":"status-publish","4":"has-post-thumbnail","6":"product_cat-game","7":"product_cat-uncategorized","8":"product_tag-bookeo-es","10":"first","11":"instock","12":"virtual","13":"taxable","14":"purchasable","15":"product-type-simple"},"acf":[],"yoast_head":"<!-- This site is optimized with the Yoast SEO plugin v27.4 - https:\/\/yoast.com\/product\/yoast-seo-wordpress\/ -->\n<title>El Secreto del Rey - Mystery City Games<\/title>\n<meta name=\"description\" content=\"Descubre &quot;El Secreto del Rey&quot;, un escape room de misterio y aventura que te reta a resolver enigmas y salvar al reino.\" \/>\n<meta name=\"robots\" content=\"index, follow, max-snippet:-1, max-image-preview:large, max-video-preview:-1\" \/>\n<link rel=\"canonical\" href=\"https:\/\/www.mystery.city\/es\/producto\/escape-room-al-aire-libre-sintra\/\" \/>\n<meta property=\"og:locale\" content=\"es_ES\" \/>\n<meta property=\"og:type\" content=\"article\" \/>\n<meta property=\"og:title\" content=\"El Secreto del Rey - Mystery City Games\" \/>\n<meta property=\"og:description\" content=\"Descubre &quot;El Secreto del Rey&quot;, un escape room de misterio y aventura que te reta a resolver enigmas y salvar al reino.\" \/>\n<meta property=\"og:url\" content=\"https:\/\/www.mystery.city\/es\/producto\/escape-room-al-aire-libre-sintra\/\" \/>\n<meta property=\"og:site_name\" content=\"Mystery City Games\" \/>\n<meta property=\"article:publisher\" content=\"https:\/\/www.facebook.com\/MysteryCityGames\/\" \/>\n<meta property=\"article:modified_time\" content=\"2026-03-16T16:01:52+00:00\" \/>\n<meta property=\"og:image\" content=\"https:\/\/www.mystery.city\/wp-content\/uploads\/2025\/03\/Sintra-w-stix.png\" \/>\n\t<meta property=\"og:image:width\" content=\"707\" \/>\n\t<meta property=\"og:image:height\" content=\"557\" \/>\n\t<meta property=\"og:image:type\" content=\"image\/png\" \/>\n<meta name=\"twitter:card\" content=\"summary_large_image\" \/>\n<script type=\"application\/ld+json\" class=\"yoast-schema-graph\">{\"@context\":\"https:\\\/\\\/schema.org\",\"@graph\":[{\"@type\":\"WebPage\",\"@id\":\"https:\\\/\\\/www.mystery.city\\\/es\\\/producto\\\/escape-room-al-aire-libre-sintra\\\/\",\"url\":\"https:\\\/\\\/www.mystery.city\\\/es\\\/producto\\\/escape-room-al-aire-libre-sintra\\\/\",\"name\":\"El Secreto del Rey - Mystery City Games\",\"isPartOf\":{\"@id\":\"https:\\\/\\\/www.mystery.city\\\/es\\\/#website\"},\"primaryImageOfPage\":{\"@id\":\"https:\\\/\\\/www.mystery.city\\\/es\\\/producto\\\/escape-room-al-aire-libre-sintra\\\/#primaryimage\"},\"image\":{\"@id\":\"https:\\\/\\\/www.mystery.city\\\/es\\\/producto\\\/escape-room-al-aire-libre-sintra\\\/#primaryimage\"},\"thumbnailUrl\":\"https:\\\/\\\/www.mystery.city\\\/wp-content\\\/uploads\\\/2025\\\/03\\\/Sintra-w-stix.png\",\"datePublished\":\"2025-03-07T07:15:50+00:00\",\"dateModified\":\"2026-03-16T16:01:52+00:00\",\"description\":\"Descubre \\\"El Secreto del Rey\\\", un escape room de misterio y aventura que te reta a resolver enigmas y salvar al reino.\",\"breadcrumb\":{\"@id\":\"https:\\\/\\\/www.mystery.city\\\/es\\\/producto\\\/escape-room-al-aire-libre-sintra\\\/#breadcrumb\"},\"inLanguage\":\"es\",\"potentialAction\":[{\"@type\":\"ReadAction\",\"target\":[\"https:\\\/\\\/www.mystery.city\\\/es\\\/producto\\\/escape-room-al-aire-libre-sintra\\\/\"]}]},{\"@type\":\"ImageObject\",\"inLanguage\":\"es\",\"@id\":\"https:\\\/\\\/www.mystery.city\\\/es\\\/producto\\\/escape-room-al-aire-libre-sintra\\\/#primaryimage\",\"url\":\"https:\\\/\\\/www.mystery.city\\\/wp-content\\\/uploads\\\/2025\\\/03\\\/Sintra-w-stix.png\",\"contentUrl\":\"https:\\\/\\\/www.mystery.city\\\/wp-content\\\/uploads\\\/2025\\\/03\\\/Sintra-w-stix.png\",\"width\":707,\"height\":557,\"caption\":\"Treasure Hunt Sintra \u2013 Outdoor Escape Room Adventure Game\"},{\"@type\":\"BreadcrumbList\",\"@id\":\"https:\\\/\\\/www.mystery.city\\\/es\\\/producto\\\/escape-room-al-aire-libre-sintra\\\/#breadcrumb\",\"itemListElement\":[{\"@type\":\"ListItem\",\"position\":1,\"name\":\"Home\",\"item\":\"https:\\\/\\\/www.mystery.city\\\/es\\\/\"},{\"@type\":\"ListItem\",\"position\":2,\"name\":\"Shop\",\"item\":\"https:\\\/\\\/www.mystery.city\\\/shop\\\/\"},{\"@type\":\"ListItem\",\"position\":3,\"name\":\"El Secreto del Rey\"}]},{\"@type\":\"WebSite\",\"@id\":\"https:\\\/\\\/www.mystery.city\\\/es\\\/#website\",\"url\":\"https:\\\/\\\/www.mystery.city\\\/es\\\/\",\"name\":\"Mystery City Games\",\"description\":\"Explore the City, Solve Puzzles, Unlock History\",\"publisher\":{\"@id\":\"https:\\\/\\\/www.mystery.city\\\/es\\\/#organization\"},\"alternateName\":\"Mystery City Games\",\"potentialAction\":[{\"@type\":\"SearchAction\",\"target\":{\"@type\":\"EntryPoint\",\"urlTemplate\":\"https:\\\/\\\/www.mystery.city\\\/es\\\/?s={search_term_string}\"},\"query-input\":{\"@type\":\"PropertyValueSpecification\",\"valueRequired\":true,\"valueName\":\"search_term_string\"}}],\"inLanguage\":\"es\"},{\"@type\":\"Organization\",\"@id\":\"https:\\\/\\\/www.mystery.city\\\/es\\\/#organization\",\"name\":\"Mystery City Games\",\"alternateName\":\"Mystery City Games\",\"url\":\"https:\\\/\\\/www.mystery.city\\\/es\\\/\",\"logo\":{\"@type\":\"ImageObject\",\"inLanguage\":\"es\",\"@id\":\"https:\\\/\\\/www.mystery.city\\\/es\\\/#\\\/schema\\\/logo\\\/image\\\/\",\"url\":\"https:\\\/\\\/www.mystery.city\\\/wp-content\\\/uploads\\\/2025\\\/02\\\/Mystery-City-Games-Logo-2048x394-1.png\",\"contentUrl\":\"https:\\\/\\\/www.mystery.city\\\/wp-content\\\/uploads\\\/2025\\\/02\\\/Mystery-City-Games-Logo-2048x394-1.png\",\"width\":2048,\"height\":394,\"caption\":\"Mystery City Games\"},\"image\":{\"@id\":\"https:\\\/\\\/www.mystery.city\\\/es\\\/#\\\/schema\\\/logo\\\/image\\\/\"},\"sameAs\":[\"https:\\\/\\\/www.facebook.com\\\/MysteryCityGames\\\/\",\"https:\\\/\\\/www.instagram.com\\\/mysterycitygames\\\/\",\"https:\\\/\\\/www.linkedin.com\\\/company\\\/mystery-city-games\",\"https:\\\/\\\/www.tiktok.com\\\/@mysterycitygames\",\"https:\\\/\\\/www.youtube.com\\\/@mysterycitygames\"]}]}<\/script>\n<!-- \/ Yoast SEO plugin. -->","yoast_head_json":{"title":"El Secreto del Rey - Mystery City Games","description":"Descubre \"El Secreto del Rey\", un escape room de misterio y aventura que te reta a resolver enigmas y salvar al reino.","robots":{"index":"index","follow":"follow","max-snippet":"max-snippet:-1","max-image-preview":"max-image-preview:large","max-video-preview":"max-video-preview:-1"},"canonical":"https:\/\/www.mystery.city\/es\/producto\/escape-room-al-aire-libre-sintra\/","og_locale":"es_ES","og_type":"article","og_title":"El Secreto del Rey - Mystery City Games","og_description":"Descubre \"El Secreto del Rey\", un escape room de misterio y aventura que te reta a resolver enigmas y salvar al reino.","og_url":"https:\/\/www.mystery.city\/es\/producto\/escape-room-al-aire-libre-sintra\/","og_site_name":"Mystery City Games","article_publisher":"https:\/\/www.facebook.com\/MysteryCityGames\/","article_modified_time":"2026-03-16T16:01:52+00:00","og_image":[{"width":707,"height":557,"url":"https:\/\/www.mystery.city\/wp-content\/uploads\/2025\/03\/Sintra-w-stix.png","type":"image\/png"}],"twitter_card":"summary_large_image","schema":{"@context":"https:\/\/schema.org","@graph":[{"@type":"WebPage","@id":"https:\/\/www.mystery.city\/es\/producto\/escape-room-al-aire-libre-sintra\/","url":"https:\/\/www.mystery.city\/es\/producto\/escape-room-al-aire-libre-sintra\/","name":"El Secreto del Rey - Mystery City Games","isPartOf":{"@id":"https:\/\/www.mystery.city\/es\/#website"},"primaryImageOfPage":{"@id":"https:\/\/www.mystery.city\/es\/producto\/escape-room-al-aire-libre-sintra\/#primaryimage"},"image":{"@id":"https:\/\/www.mystery.city\/es\/producto\/escape-room-al-aire-libre-sintra\/#primaryimage"},"thumbnailUrl":"https:\/\/www.mystery.city\/wp-content\/uploads\/2025\/03\/Sintra-w-stix.png","datePublished":"2025-03-07T07:15:50+00:00","dateModified":"2026-03-16T16:01:52+00:00","description":"Descubre \"El Secreto del Rey\", un escape room de misterio y aventura que te reta a resolver enigmas y salvar al reino.","breadcrumb":{"@id":"https:\/\/www.mystery.city\/es\/producto\/escape-room-al-aire-libre-sintra\/#breadcrumb"},"inLanguage":"es","potentialAction":[{"@type":"ReadAction","target":["https:\/\/www.mystery.city\/es\/producto\/escape-room-al-aire-libre-sintra\/"]}]},{"@type":"ImageObject","inLanguage":"es","@id":"https:\/\/www.mystery.city\/es\/producto\/escape-room-al-aire-libre-sintra\/#primaryimage","url":"https:\/\/www.mystery.city\/wp-content\/uploads\/2025\/03\/Sintra-w-stix.png","contentUrl":"https:\/\/www.mystery.city\/wp-content\/uploads\/2025\/03\/Sintra-w-stix.png","width":707,"height":557,"caption":"Treasure Hunt Sintra \u2013 Outdoor Escape Room Adventure Game"},{"@type":"BreadcrumbList","@id":"https:\/\/www.mystery.city\/es\/producto\/escape-room-al-aire-libre-sintra\/#breadcrumb","itemListElement":[{"@type":"ListItem","position":1,"name":"Home","item":"https:\/\/www.mystery.city\/es\/"},{"@type":"ListItem","position":2,"name":"Shop","item":"https:\/\/www.mystery.city\/shop\/"},{"@type":"ListItem","position":3,"name":"El Secreto del Rey"}]},{"@type":"WebSite","@id":"https:\/\/www.mystery.city\/es\/#website","url":"https:\/\/www.mystery.city\/es\/","name":"Mystery City Games","description":"Explore the City, Solve Puzzles, Unlock History","publisher":{"@id":"https:\/\/www.mystery.city\/es\/#organization"},"alternateName":"Mystery City Games","potentialAction":[{"@type":"SearchAction","target":{"@type":"EntryPoint","urlTemplate":"https:\/\/www.mystery.city\/es\/?s={search_term_string}"},"query-input":{"@type":"PropertyValueSpecification","valueRequired":true,"valueName":"search_term_string"}}],"inLanguage":"es"},{"@type":"Organization","@id":"https:\/\/www.mystery.city\/es\/#organization","name":"Mystery City Games","alternateName":"Mystery City Games","url":"https:\/\/www.mystery.city\/es\/","logo":{"@type":"ImageObject","inLanguage":"es","@id":"https:\/\/www.mystery.city\/es\/#\/schema\/logo\/image\/","url":"https:\/\/www.mystery.city\/wp-content\/uploads\/2025\/02\/Mystery-City-Games-Logo-2048x394-1.png","contentUrl":"https:\/\/www.mystery.city\/wp-content\/uploads\/2025\/02\/Mystery-City-Games-Logo-2048x394-1.png","width":2048,"height":394,"caption":"Mystery City Games"},"image":{"@id":"https:\/\/www.mystery.city\/es\/#\/schema\/logo\/image\/"},"sameAs":["https:\/\/www.facebook.com\/MysteryCityGames\/","https:\/\/www.instagram.com\/mysterycitygames\/","https:\/\/www.linkedin.com\/company\/mystery-city-games","https:\/\/www.tiktok.com\/@mysterycitygames","https:\/\/www.youtube.com\/@mysterycitygames"]}]}},"_links":{"self":[{"href":"https:\/\/www.mystery.city\/es\/wp-json\/wp\/v2\/product\/9404","targetHints":{"allow":["GET"]}}],"collection":[{"href":"https:\/\/www.mystery.city\/es\/wp-json\/wp\/v2\/product"}],"about":[{"href":"https:\/\/www.mystery.city\/es\/wp-json\/wp\/v2\/types\/product"}],"wp:featuredmedia":[{"embeddable":true,"href":"https:\/\/www.mystery.city\/es\/wp-json\/wp\/v2\/media\/7910"}],"wp:attachment":[{"href":"https:\/\/www.mystery.city\/es\/wp-json\/wp\/v2\/media?parent=9404"}],"wp:term":[{"taxonomy":"product_brand","embeddable":true,"href":"https:\/\/www.mystery.city\/es\/wp-json\/wp\/v2\/product_brand?post=9404"},{"taxonomy":"product_cat","embeddable":true,"href":"https:\/\/www.mystery.city\/es\/wp-json\/wp\/v2\/product_cat?post=9404"},{"taxonomy":"product_tag","embeddable":true,"href":"https:\/\/www.mystery.city\/es\/wp-json\/wp\/v2\/product_tag?post=9404"}],"curies":[{"name":"wp","href":"https:\/\/api.w.org\/{rel}","templated":true}]}}