{"id":9432,"date":"2025-03-07T08:16:00","date_gmt":"2025-03-07T07:16:00","guid":{"rendered":"https:\/\/mysterycity.com\/product\/el-remitente-secreto\/"},"modified":"2026-03-16T17:01:52","modified_gmt":"2026-03-16T16:01:52","slug":"escape-room-al-aire-libre-amsterdam","status":"publish","type":"product","link":"https:\/\/www.mystery.city\/es\/producto\/escape-room-al-aire-libre-amsterdam\/","title":{"rendered":"El Remitente Secreto"},"content":{"rendered":"<p>\u00bfTienes lo que hay que tener para unirte a la secreta Orden de la Rosa Cruz? Tendr\u00e1s que demostrar tu val\u00eda en este <b> <a href=\"https:\/\/www.instagram.com\/mysterycitygames\/\">escape room<\/a> al aire<\/b> libre siguiendo su <b>misterioso rastro <\/b>y <b>completando retos<\/b> para descubrir la identidad de uno de sus miembros hist\u00f3ricos, conocido s\u00f3lo como <em>El Remitente Secreto<\/em>.<\/p>\n<p><b>Explora la historia de \u00c1msterdam<\/b> en esta <b>aventura de b\u00fasqueda del tesoro<\/b> basada en<b> una historia real<\/b>. Visita monumentos famosos, descubre joyas ocultas y sum\u00e9rgete en el mundo de <em>Un Remitente Secreto<\/em>.<\/p>\n<p>\u00bfPuedes <b>resolver el misterio<\/b>? \u00a1Ad\u00e9ntrate en la historia y descubre por qu\u00e9 \u00e9sta es la <b> <a href=\"https:\/\/www.mystery.city\/es\/busqueda-del-tesoro-en-amsterdam\/\">actividad m\u00e1s divertida de \u00c1msterdam<\/a>!<\/b><\/p>\n","protected":false},"excerpt":{"rendered":"<p><script type=\"text\/javascript\" src=\"https:\/\/bookeo.com\/widget.js?a=42551JFW7PA17A3859B833&#038;type=4255137K7FF17A387B3A7E&#038;languageCode=es_ES\"><\/script><\/p>\n","protected":false},"featured_media":10264,"template":"","meta":{"_acf_changed":false,"postBodyCss":"","postBodyMargin":[],"postBodyPadding":[],"postBodyBackground":{"backgroundType":"classic","gradient":""}},"product_brand":[],"product_cat":[81],"product_tag":[],"class_list":{"0":"post-9432","1":"product","2":"type-product","3":"status-publish","4":"has-post-thumbnail","6":"product_cat-game","8":"first","9":"instock","10":"virtual","11":"taxable","12":"purchasable","13":"product-type-simple"},"acf":[],"yoast_head":"<!-- This site is optimized with the Yoast SEO plugin v27.4 - https:\/\/yoast.com\/product\/yoast-seo-wordpress\/ -->\n<title>La Aventura de la B\u00fasqueda del Tesoro en \u00c1msterdam | Mystery City Games<\/title>\n<meta name=\"description\" content=\"Descubre El Remitente Secreto, una experiencia interactiva de misterio para jugar con amigos y resolver enigmas inolvidables.\" \/>\n<meta name=\"robots\" content=\"index, follow, max-snippet:-1, max-image-preview:large, max-video-preview:-1\" \/>\n<link rel=\"canonical\" href=\"https:\/\/www.mystery.city\/es\/producto\/escape-room-al-aire-libre-amsterdam\/\" \/>\n<meta property=\"og:locale\" content=\"es_ES\" \/>\n<meta property=\"og:type\" content=\"article\" \/>\n<meta property=\"og:title\" content=\"La Aventura de la B\u00fasqueda del Tesoro en \u00c1msterdam | Mystery City Games\" \/>\n<meta property=\"og:description\" content=\"Descubre El Remitente Secreto, una experiencia interactiva de misterio para jugar con amigos y resolver enigmas inolvidables.\" \/>\n<meta property=\"og:url\" content=\"https:\/\/www.mystery.city\/es\/producto\/escape-room-al-aire-libre-amsterdam\/\" \/>\n<meta property=\"og:site_name\" content=\"Mystery City Games\" \/>\n<meta property=\"article:publisher\" content=\"https:\/\/www.facebook.com\/MysteryCityGames\/\" \/>\n<meta property=\"article:modified_time\" content=\"2026-03-16T16:01:52+00:00\" \/>\n<meta property=\"og:image\" content=\"https:\/\/www.mystery.city\/wp-content\/uploads\/2025\/03\/TMASS-with-stix2.png\" \/>\n\t<meta property=\"og:image:width\" content=\"698\" \/>\n\t<meta property=\"og:image:height\" content=\"559\" \/>\n\t<meta property=\"og:image:type\" content=\"image\/png\" \/>\n<meta name=\"twitter:card\" content=\"summary_large_image\" \/>\n<script type=\"application\/ld+json\" class=\"yoast-schema-graph\">{\"@context\":\"https:\\\/\\\/schema.org\",\"@graph\":[{\"@type\":\"WebPage\",\"@id\":\"https:\\\/\\\/www.mystery.city\\\/es\\\/producto\\\/escape-room-al-aire-libre-amsterdam\\\/\",\"url\":\"https:\\\/\\\/www.mystery.city\\\/es\\\/producto\\\/escape-room-al-aire-libre-amsterdam\\\/\",\"name\":\"La Aventura de la B\u00fasqueda del Tesoro en \u00c1msterdam | Mystery City Games\",\"isPartOf\":{\"@id\":\"https:\\\/\\\/www.mystery.city\\\/es\\\/#website\"},\"primaryImageOfPage\":{\"@id\":\"https:\\\/\\\/www.mystery.city\\\/es\\\/producto\\\/escape-room-al-aire-libre-amsterdam\\\/#primaryimage\"},\"image\":{\"@id\":\"https:\\\/\\\/www.mystery.city\\\/es\\\/producto\\\/escape-room-al-aire-libre-amsterdam\\\/#primaryimage\"},\"thumbnailUrl\":\"https:\\\/\\\/www.mystery.city\\\/wp-content\\\/uploads\\\/2025\\\/03\\\/TMASS-with-stix2.png\",\"datePublished\":\"2025-03-07T07:16:00+00:00\",\"dateModified\":\"2026-03-16T16:01:52+00:00\",\"description\":\"Descubre El Remitente Secreto, una experiencia interactiva de misterio para jugar con amigos y resolver enigmas inolvidables.\",\"breadcrumb\":{\"@id\":\"https:\\\/\\\/www.mystery.city\\\/es\\\/producto\\\/escape-room-al-aire-libre-amsterdam\\\/#breadcrumb\"},\"inLanguage\":\"es\",\"potentialAction\":[{\"@type\":\"ReadAction\",\"target\":[\"https:\\\/\\\/www.mystery.city\\\/es\\\/producto\\\/escape-room-al-aire-libre-amsterdam\\\/\"]}]},{\"@type\":\"ImageObject\",\"inLanguage\":\"es\",\"@id\":\"https:\\\/\\\/www.mystery.city\\\/es\\\/producto\\\/escape-room-al-aire-libre-amsterdam\\\/#primaryimage\",\"url\":\"https:\\\/\\\/www.mystery.city\\\/wp-content\\\/uploads\\\/2025\\\/03\\\/TMASS-with-stix2.png\",\"contentUrl\":\"https:\\\/\\\/www.mystery.city\\\/wp-content\\\/uploads\\\/2025\\\/03\\\/TMASS-with-stix2.png\",\"width\":698,\"height\":559,\"caption\":\"La Aventura de la B\u00fasqueda del Tesoro en \u00c1msterdam\"},{\"@type\":\"BreadcrumbList\",\"@id\":\"https:\\\/\\\/www.mystery.city\\\/es\\\/producto\\\/escape-room-al-aire-libre-amsterdam\\\/#breadcrumb\",\"itemListElement\":[{\"@type\":\"ListItem\",\"position\":1,\"name\":\"Home\",\"item\":\"https:\\\/\\\/www.mystery.city\\\/es\\\/\"},{\"@type\":\"ListItem\",\"position\":2,\"name\":\"Shop\",\"item\":\"https:\\\/\\\/www.mystery.city\\\/shop\\\/\"},{\"@type\":\"ListItem\",\"position\":3,\"name\":\"El Remitente Secreto\"}]},{\"@type\":\"WebSite\",\"@id\":\"https:\\\/\\\/www.mystery.city\\\/es\\\/#website\",\"url\":\"https:\\\/\\\/www.mystery.city\\\/es\\\/\",\"name\":\"Mystery City Games\",\"description\":\"Explore the City, Solve Puzzles, Unlock History\",\"publisher\":{\"@id\":\"https:\\\/\\\/www.mystery.city\\\/es\\\/#organization\"},\"alternateName\":\"Mystery City Games\",\"potentialAction\":[{\"@type\":\"SearchAction\",\"target\":{\"@type\":\"EntryPoint\",\"urlTemplate\":\"https:\\\/\\\/www.mystery.city\\\/es\\\/?s={search_term_string}\"},\"query-input\":{\"@type\":\"PropertyValueSpecification\",\"valueRequired\":true,\"valueName\":\"search_term_string\"}}],\"inLanguage\":\"es\"},{\"@type\":\"Organization\",\"@id\":\"https:\\\/\\\/www.mystery.city\\\/es\\\/#organization\",\"name\":\"Mystery City Games\",\"alternateName\":\"Mystery City Games\",\"url\":\"https:\\\/\\\/www.mystery.city\\\/es\\\/\",\"logo\":{\"@type\":\"ImageObject\",\"inLanguage\":\"es\",\"@id\":\"https:\\\/\\\/www.mystery.city\\\/es\\\/#\\\/schema\\\/logo\\\/image\\\/\",\"url\":\"https:\\\/\\\/www.mystery.city\\\/wp-content\\\/uploads\\\/2025\\\/02\\\/Mystery-City-Games-Logo-2048x394-1.png\",\"contentUrl\":\"https:\\\/\\\/www.mystery.city\\\/wp-content\\\/uploads\\\/2025\\\/02\\\/Mystery-City-Games-Logo-2048x394-1.png\",\"width\":2048,\"height\":394,\"caption\":\"Mystery City Games\"},\"image\":{\"@id\":\"https:\\\/\\\/www.mystery.city\\\/es\\\/#\\\/schema\\\/logo\\\/image\\\/\"},\"sameAs\":[\"https:\\\/\\\/www.facebook.com\\\/MysteryCityGames\\\/\",\"https:\\\/\\\/www.instagram.com\\\/mysterycitygames\\\/\",\"https:\\\/\\\/www.linkedin.com\\\/company\\\/mystery-city-games\",\"https:\\\/\\\/www.tiktok.com\\\/@mysterycitygames\",\"https:\\\/\\\/www.youtube.com\\\/@mysterycitygames\"]}]}<\/script>\n<!-- \/ Yoast SEO plugin. -->","yoast_head_json":{"title":"La Aventura de la B\u00fasqueda del Tesoro en \u00c1msterdam | Mystery City Games","description":"Descubre El Remitente Secreto, una experiencia interactiva de misterio para jugar con amigos y resolver enigmas inolvidables.","robots":{"index":"index","follow":"follow","max-snippet":"max-snippet:-1","max-image-preview":"max-image-preview:large","max-video-preview":"max-video-preview:-1"},"canonical":"https:\/\/www.mystery.city\/es\/producto\/escape-room-al-aire-libre-amsterdam\/","og_locale":"es_ES","og_type":"article","og_title":"La Aventura de la B\u00fasqueda del Tesoro en \u00c1msterdam | Mystery City Games","og_description":"Descubre El Remitente Secreto, una experiencia interactiva de misterio para jugar con amigos y resolver enigmas inolvidables.","og_url":"https:\/\/www.mystery.city\/es\/producto\/escape-room-al-aire-libre-amsterdam\/","og_site_name":"Mystery City Games","article_publisher":"https:\/\/www.facebook.com\/MysteryCityGames\/","article_modified_time":"2026-03-16T16:01:52+00:00","og_image":[{"width":698,"height":559,"url":"https:\/\/www.mystery.city\/wp-content\/uploads\/2025\/03\/TMASS-with-stix2.png","type":"image\/png"}],"twitter_card":"summary_large_image","schema":{"@context":"https:\/\/schema.org","@graph":[{"@type":"WebPage","@id":"https:\/\/www.mystery.city\/es\/producto\/escape-room-al-aire-libre-amsterdam\/","url":"https:\/\/www.mystery.city\/es\/producto\/escape-room-al-aire-libre-amsterdam\/","name":"La Aventura de la B\u00fasqueda del Tesoro en \u00c1msterdam | Mystery City Games","isPartOf":{"@id":"https:\/\/www.mystery.city\/es\/#website"},"primaryImageOfPage":{"@id":"https:\/\/www.mystery.city\/es\/producto\/escape-room-al-aire-libre-amsterdam\/#primaryimage"},"image":{"@id":"https:\/\/www.mystery.city\/es\/producto\/escape-room-al-aire-libre-amsterdam\/#primaryimage"},"thumbnailUrl":"https:\/\/www.mystery.city\/wp-content\/uploads\/2025\/03\/TMASS-with-stix2.png","datePublished":"2025-03-07T07:16:00+00:00","dateModified":"2026-03-16T16:01:52+00:00","description":"Descubre El Remitente Secreto, una experiencia interactiva de misterio para jugar con amigos y resolver enigmas inolvidables.","breadcrumb":{"@id":"https:\/\/www.mystery.city\/es\/producto\/escape-room-al-aire-libre-amsterdam\/#breadcrumb"},"inLanguage":"es","potentialAction":[{"@type":"ReadAction","target":["https:\/\/www.mystery.city\/es\/producto\/escape-room-al-aire-libre-amsterdam\/"]}]},{"@type":"ImageObject","inLanguage":"es","@id":"https:\/\/www.mystery.city\/es\/producto\/escape-room-al-aire-libre-amsterdam\/#primaryimage","url":"https:\/\/www.mystery.city\/wp-content\/uploads\/2025\/03\/TMASS-with-stix2.png","contentUrl":"https:\/\/www.mystery.city\/wp-content\/uploads\/2025\/03\/TMASS-with-stix2.png","width":698,"height":559,"caption":"La Aventura de la B\u00fasqueda del Tesoro en \u00c1msterdam"},{"@type":"BreadcrumbList","@id":"https:\/\/www.mystery.city\/es\/producto\/escape-room-al-aire-libre-amsterdam\/#breadcrumb","itemListElement":[{"@type":"ListItem","position":1,"name":"Home","item":"https:\/\/www.mystery.city\/es\/"},{"@type":"ListItem","position":2,"name":"Shop","item":"https:\/\/www.mystery.city\/shop\/"},{"@type":"ListItem","position":3,"name":"El Remitente Secreto"}]},{"@type":"WebSite","@id":"https:\/\/www.mystery.city\/es\/#website","url":"https:\/\/www.mystery.city\/es\/","name":"Mystery City Games","description":"Explore the City, Solve Puzzles, Unlock History","publisher":{"@id":"https:\/\/www.mystery.city\/es\/#organization"},"alternateName":"Mystery City Games","potentialAction":[{"@type":"SearchAction","target":{"@type":"EntryPoint","urlTemplate":"https:\/\/www.mystery.city\/es\/?s={search_term_string}"},"query-input":{"@type":"PropertyValueSpecification","valueRequired":true,"valueName":"search_term_string"}}],"inLanguage":"es"},{"@type":"Organization","@id":"https:\/\/www.mystery.city\/es\/#organization","name":"Mystery City Games","alternateName":"Mystery City Games","url":"https:\/\/www.mystery.city\/es\/","logo":{"@type":"ImageObject","inLanguage":"es","@id":"https:\/\/www.mystery.city\/es\/#\/schema\/logo\/image\/","url":"https:\/\/www.mystery.city\/wp-content\/uploads\/2025\/02\/Mystery-City-Games-Logo-2048x394-1.png","contentUrl":"https:\/\/www.mystery.city\/wp-content\/uploads\/2025\/02\/Mystery-City-Games-Logo-2048x394-1.png","width":2048,"height":394,"caption":"Mystery City Games"},"image":{"@id":"https:\/\/www.mystery.city\/es\/#\/schema\/logo\/image\/"},"sameAs":["https:\/\/www.facebook.com\/MysteryCityGames\/","https:\/\/www.instagram.com\/mysterycitygames\/","https:\/\/www.linkedin.com\/company\/mystery-city-games","https:\/\/www.tiktok.com\/@mysterycitygames","https:\/\/www.youtube.com\/@mysterycitygames"]}]}},"_links":{"self":[{"href":"https:\/\/www.mystery.city\/es\/wp-json\/wp\/v2\/product\/9432","targetHints":{"allow":["GET"]}}],"collection":[{"href":"https:\/\/www.mystery.city\/es\/wp-json\/wp\/v2\/product"}],"about":[{"href":"https:\/\/www.mystery.city\/es\/wp-json\/wp\/v2\/types\/product"}],"wp:featuredmedia":[{"embeddable":true,"href":"https:\/\/www.mystery.city\/es\/wp-json\/wp\/v2\/media\/10264"}],"wp:attachment":[{"href":"https:\/\/www.mystery.city\/es\/wp-json\/wp\/v2\/media?parent=9432"}],"wp:term":[{"taxonomy":"product_brand","embeddable":true,"href":"https:\/\/www.mystery.city\/es\/wp-json\/wp\/v2\/product_brand?post=9432"},{"taxonomy":"product_cat","embeddable":true,"href":"https:\/\/www.mystery.city\/es\/wp-json\/wp\/v2\/product_cat?post=9432"},{"taxonomy":"product_tag","embeddable":true,"href":"https:\/\/www.mystery.city\/es\/wp-json\/wp\/v2\/product_tag?post=9432"}],"curies":[{"name":"wp","href":"https:\/\/api.w.org\/{rel}","templated":true}]}}