{"id":9440,"date":"2025-03-07T07:15:48","date_gmt":"2025-03-07T06:15:48","guid":{"rendered":"https:\/\/mysterycity.com\/product\/el-secreto-de-cerda\/"},"modified":"2026-03-16T17:01:52","modified_gmt":"2026-03-16T16:01:52","slug":"escape-room-al-aire-libre-barcelona","status":"publish","type":"product","link":"https:\/\/www.mystery.city\/es\/producto\/escape-room-al-aire-libre-barcelona\/","title":{"rendered":"El Secreto de Cerd\u00e0"},"content":{"rendered":"<p>El <b>famoso<\/b> dise\u00f1o <b>cuadriculado de<\/b> Barcelona fue creado por el <b>exc\u00e9ntrico arquitecto Ildefons Cerd\u00e0<\/b>. Pero ha <b>escondido algunos extra\u00f1os secretos<\/b> en su dise\u00f1o&#8230; <b>\u00a1sigue su rastro <\/b>y <b>resuelve los enigmas<\/b> de esta <a href=\"https:\/\/www.mystery.city\/es\/\"><b>escape room al aire<\/b> libre<\/a> para descubrir sus <b>secretos perdidos hace mucho tiempo<\/b>!<\/p>\n<p><b>Explora la historia de Barcelona<\/b> en esta <b><a href=\"https:\/\/www.instagram.com\/mysterycitygames\/\">aventura<\/a> de b\u00fasqueda del tesoro<\/b> basada en<b> una historia real<\/b>. Visita monumentos famosos, descubre joyas ocultas y sum\u00e9rgete en el mundo de la Barcelona del siglo XIX.<\/p>\n<p><b>\u00bfPuedes resolver el misterio? \u00a1Ad\u00e9ntrate en la historia y descubre por qu\u00e9 \u00e9sta es la actividad m\u00e1s divertida de Barcelona! <\/b><\/p>\n","protected":false},"excerpt":{"rendered":"<p><script type=\"text\/javascript\" src=\"https:\/\/bookeo.com\/widget.js?a=42551JFW7PA17A3859B833&#038;type=42551EYNXAH1881FC32DE6&#038;languageCode=es_ES\"><\/script><\/p>\n","protected":false},"featured_media":9222,"template":"","meta":{"_acf_changed":false,"postBodyCss":"","postBodyMargin":[],"postBodyPadding":[],"postBodyBackground":{"backgroundType":"classic","gradient":""}},"product_brand":[],"product_cat":[81,25],"product_tag":[117],"class_list":{"0":"post-9440","1":"product","2":"type-product","3":"status-publish","4":"has-post-thumbnail","6":"product_cat-game","7":"product_cat-uncategorized","8":"product_tag-bookeo-es","10":"first","11":"instock","12":"virtual","13":"taxable","14":"purchasable","15":"product-type-simple"},"acf":[],"yoast_head":"<!-- This site is optimized with the Yoast SEO plugin v27.4 - https:\/\/yoast.com\/product\/yoast-seo-wordpress\/ -->\n<title>Barcelona B\u00fasqueda del Tesoro | Escape Room al Aire Libre<\/title>\n<meta name=\"description\" content=\"Descubre la ciudad con esta Barcelona b\u00fasqueda del tesoro \u00fanica. Resuelve enigmas, explora monumentos y vive una aventura educativa al aire libre.\" \/>\n<meta name=\"robots\" content=\"index, follow, max-snippet:-1, max-image-preview:large, max-video-preview:-1\" \/>\n<link rel=\"canonical\" href=\"https:\/\/www.mystery.city\/es\/producto\/escape-room-al-aire-libre-barcelona\/\" \/>\n<meta property=\"og:locale\" content=\"es_ES\" \/>\n<meta property=\"og:type\" content=\"article\" \/>\n<meta property=\"og:title\" content=\"Barcelona B\u00fasqueda del Tesoro | Escape Room al Aire Libre\" \/>\n<meta property=\"og:description\" content=\"Descubre la ciudad con esta Barcelona b\u00fasqueda del tesoro \u00fanica. Resuelve enigmas, explora monumentos y vive una aventura educativa al aire libre.\" \/>\n<meta property=\"og:url\" content=\"https:\/\/www.mystery.city\/es\/producto\/escape-room-al-aire-libre-barcelona\/\" \/>\n<meta property=\"og:site_name\" content=\"Mystery City Games\" \/>\n<meta property=\"article:publisher\" content=\"https:\/\/www.facebook.com\/MysteryCityGames\/\" \/>\n<meta property=\"article:modified_time\" content=\"2026-03-16T16:01:52+00:00\" \/>\n<meta property=\"og:image\" content=\"https:\/\/www.mystery.city\/wp-content\/uploads\/2025\/03\/Cerda-with-stix-1.png\" \/>\n\t<meta property=\"og:image:width\" content=\"727\" \/>\n\t<meta property=\"og:image:height\" content=\"567\" \/>\n\t<meta property=\"og:image:type\" content=\"image\/png\" \/>\n<meta name=\"twitter:card\" content=\"summary_large_image\" \/>\n<script type=\"application\/ld+json\" class=\"yoast-schema-graph\">{\"@context\":\"https:\\\/\\\/schema.org\",\"@graph\":[{\"@type\":\"WebPage\",\"@id\":\"https:\\\/\\\/www.mystery.city\\\/es\\\/producto\\\/escape-room-al-aire-libre-barcelona\\\/\",\"url\":\"https:\\\/\\\/www.mystery.city\\\/es\\\/producto\\\/escape-room-al-aire-libre-barcelona\\\/\",\"name\":\"Barcelona B\u00fasqueda del Tesoro | Escape Room al Aire Libre\",\"isPartOf\":{\"@id\":\"https:\\\/\\\/www.mystery.city\\\/es\\\/#website\"},\"primaryImageOfPage\":{\"@id\":\"https:\\\/\\\/www.mystery.city\\\/es\\\/producto\\\/escape-room-al-aire-libre-barcelona\\\/#primaryimage\"},\"image\":{\"@id\":\"https:\\\/\\\/www.mystery.city\\\/es\\\/producto\\\/escape-room-al-aire-libre-barcelona\\\/#primaryimage\"},\"thumbnailUrl\":\"https:\\\/\\\/www.mystery.city\\\/wp-content\\\/uploads\\\/2025\\\/03\\\/Cerda-with-stix-1.png\",\"datePublished\":\"2025-03-07T06:15:48+00:00\",\"dateModified\":\"2026-03-16T16:01:52+00:00\",\"description\":\"Descubre la ciudad con esta Barcelona b\u00fasqueda del tesoro \u00fanica. Resuelve enigmas, explora monumentos y vive una aventura educativa al aire libre.\",\"breadcrumb\":{\"@id\":\"https:\\\/\\\/www.mystery.city\\\/es\\\/producto\\\/escape-room-al-aire-libre-barcelona\\\/#breadcrumb\"},\"inLanguage\":\"es\",\"potentialAction\":[{\"@type\":\"ReadAction\",\"target\":[\"https:\\\/\\\/www.mystery.city\\\/es\\\/producto\\\/escape-room-al-aire-libre-barcelona\\\/\"]}]},{\"@type\":\"ImageObject\",\"inLanguage\":\"es\",\"@id\":\"https:\\\/\\\/www.mystery.city\\\/es\\\/producto\\\/escape-room-al-aire-libre-barcelona\\\/#primaryimage\",\"url\":\"https:\\\/\\\/www.mystery.city\\\/wp-content\\\/uploads\\\/2025\\\/03\\\/Cerda-with-stix-1.png\",\"contentUrl\":\"https:\\\/\\\/www.mystery.city\\\/wp-content\\\/uploads\\\/2025\\\/03\\\/Cerda-with-stix-1.png\",\"width\":727,\"height\":567,\"caption\":\"Barcelona Treasure Hunt & Hidden Gems, The Secret of Cerd\u00e0\"},{\"@type\":\"BreadcrumbList\",\"@id\":\"https:\\\/\\\/www.mystery.city\\\/es\\\/producto\\\/escape-room-al-aire-libre-barcelona\\\/#breadcrumb\",\"itemListElement\":[{\"@type\":\"ListItem\",\"position\":1,\"name\":\"Home\",\"item\":\"https:\\\/\\\/www.mystery.city\\\/es\\\/\"},{\"@type\":\"ListItem\",\"position\":2,\"name\":\"Shop\",\"item\":\"https:\\\/\\\/www.mystery.city\\\/shop\\\/\"},{\"@type\":\"ListItem\",\"position\":3,\"name\":\"El Secreto de Cerd\u00e0\"}]},{\"@type\":\"WebSite\",\"@id\":\"https:\\\/\\\/www.mystery.city\\\/es\\\/#website\",\"url\":\"https:\\\/\\\/www.mystery.city\\\/es\\\/\",\"name\":\"Mystery City Games\",\"description\":\"Explore the City, Solve Puzzles, Unlock History\",\"publisher\":{\"@id\":\"https:\\\/\\\/www.mystery.city\\\/es\\\/#organization\"},\"alternateName\":\"Mystery City Games\",\"potentialAction\":[{\"@type\":\"SearchAction\",\"target\":{\"@type\":\"EntryPoint\",\"urlTemplate\":\"https:\\\/\\\/www.mystery.city\\\/es\\\/?s={search_term_string}\"},\"query-input\":{\"@type\":\"PropertyValueSpecification\",\"valueRequired\":true,\"valueName\":\"search_term_string\"}}],\"inLanguage\":\"es\"},{\"@type\":\"Organization\",\"@id\":\"https:\\\/\\\/www.mystery.city\\\/es\\\/#organization\",\"name\":\"Mystery City Games\",\"alternateName\":\"Mystery City Games\",\"url\":\"https:\\\/\\\/www.mystery.city\\\/es\\\/\",\"logo\":{\"@type\":\"ImageObject\",\"inLanguage\":\"es\",\"@id\":\"https:\\\/\\\/www.mystery.city\\\/es\\\/#\\\/schema\\\/logo\\\/image\\\/\",\"url\":\"https:\\\/\\\/www.mystery.city\\\/wp-content\\\/uploads\\\/2025\\\/02\\\/Mystery-City-Games-Logo-2048x394-1.png\",\"contentUrl\":\"https:\\\/\\\/www.mystery.city\\\/wp-content\\\/uploads\\\/2025\\\/02\\\/Mystery-City-Games-Logo-2048x394-1.png\",\"width\":2048,\"height\":394,\"caption\":\"Mystery City Games\"},\"image\":{\"@id\":\"https:\\\/\\\/www.mystery.city\\\/es\\\/#\\\/schema\\\/logo\\\/image\\\/\"},\"sameAs\":[\"https:\\\/\\\/www.facebook.com\\\/MysteryCityGames\\\/\",\"https:\\\/\\\/www.instagram.com\\\/mysterycitygames\\\/\",\"https:\\\/\\\/www.linkedin.com\\\/company\\\/mystery-city-games\",\"https:\\\/\\\/www.tiktok.com\\\/@mysterycitygames\",\"https:\\\/\\\/www.youtube.com\\\/@mysterycitygames\"]}]}<\/script>\n<!-- \/ Yoast SEO plugin. -->","yoast_head_json":{"title":"Barcelona B\u00fasqueda del Tesoro | Escape Room al Aire Libre","description":"Descubre la ciudad con esta Barcelona b\u00fasqueda del tesoro \u00fanica. Resuelve enigmas, explora monumentos y vive una aventura educativa al aire libre.","robots":{"index":"index","follow":"follow","max-snippet":"max-snippet:-1","max-image-preview":"max-image-preview:large","max-video-preview":"max-video-preview:-1"},"canonical":"https:\/\/www.mystery.city\/es\/producto\/escape-room-al-aire-libre-barcelona\/","og_locale":"es_ES","og_type":"article","og_title":"Barcelona B\u00fasqueda del Tesoro | Escape Room al Aire Libre","og_description":"Descubre la ciudad con esta Barcelona b\u00fasqueda del tesoro \u00fanica. Resuelve enigmas, explora monumentos y vive una aventura educativa al aire libre.","og_url":"https:\/\/www.mystery.city\/es\/producto\/escape-room-al-aire-libre-barcelona\/","og_site_name":"Mystery City Games","article_publisher":"https:\/\/www.facebook.com\/MysteryCityGames\/","article_modified_time":"2026-03-16T16:01:52+00:00","og_image":[{"width":727,"height":567,"url":"https:\/\/www.mystery.city\/wp-content\/uploads\/2025\/03\/Cerda-with-stix-1.png","type":"image\/png"}],"twitter_card":"summary_large_image","schema":{"@context":"https:\/\/schema.org","@graph":[{"@type":"WebPage","@id":"https:\/\/www.mystery.city\/es\/producto\/escape-room-al-aire-libre-barcelona\/","url":"https:\/\/www.mystery.city\/es\/producto\/escape-room-al-aire-libre-barcelona\/","name":"Barcelona B\u00fasqueda del Tesoro | Escape Room al Aire Libre","isPartOf":{"@id":"https:\/\/www.mystery.city\/es\/#website"},"primaryImageOfPage":{"@id":"https:\/\/www.mystery.city\/es\/producto\/escape-room-al-aire-libre-barcelona\/#primaryimage"},"image":{"@id":"https:\/\/www.mystery.city\/es\/producto\/escape-room-al-aire-libre-barcelona\/#primaryimage"},"thumbnailUrl":"https:\/\/www.mystery.city\/wp-content\/uploads\/2025\/03\/Cerda-with-stix-1.png","datePublished":"2025-03-07T06:15:48+00:00","dateModified":"2026-03-16T16:01:52+00:00","description":"Descubre la ciudad con esta Barcelona b\u00fasqueda del tesoro \u00fanica. Resuelve enigmas, explora monumentos y vive una aventura educativa al aire libre.","breadcrumb":{"@id":"https:\/\/www.mystery.city\/es\/producto\/escape-room-al-aire-libre-barcelona\/#breadcrumb"},"inLanguage":"es","potentialAction":[{"@type":"ReadAction","target":["https:\/\/www.mystery.city\/es\/producto\/escape-room-al-aire-libre-barcelona\/"]}]},{"@type":"ImageObject","inLanguage":"es","@id":"https:\/\/www.mystery.city\/es\/producto\/escape-room-al-aire-libre-barcelona\/#primaryimage","url":"https:\/\/www.mystery.city\/wp-content\/uploads\/2025\/03\/Cerda-with-stix-1.png","contentUrl":"https:\/\/www.mystery.city\/wp-content\/uploads\/2025\/03\/Cerda-with-stix-1.png","width":727,"height":567,"caption":"Barcelona Treasure Hunt & Hidden Gems, The Secret of Cerd\u00e0"},{"@type":"BreadcrumbList","@id":"https:\/\/www.mystery.city\/es\/producto\/escape-room-al-aire-libre-barcelona\/#breadcrumb","itemListElement":[{"@type":"ListItem","position":1,"name":"Home","item":"https:\/\/www.mystery.city\/es\/"},{"@type":"ListItem","position":2,"name":"Shop","item":"https:\/\/www.mystery.city\/shop\/"},{"@type":"ListItem","position":3,"name":"El Secreto de Cerd\u00e0"}]},{"@type":"WebSite","@id":"https:\/\/www.mystery.city\/es\/#website","url":"https:\/\/www.mystery.city\/es\/","name":"Mystery City Games","description":"Explore the City, Solve Puzzles, Unlock History","publisher":{"@id":"https:\/\/www.mystery.city\/es\/#organization"},"alternateName":"Mystery City Games","potentialAction":[{"@type":"SearchAction","target":{"@type":"EntryPoint","urlTemplate":"https:\/\/www.mystery.city\/es\/?s={search_term_string}"},"query-input":{"@type":"PropertyValueSpecification","valueRequired":true,"valueName":"search_term_string"}}],"inLanguage":"es"},{"@type":"Organization","@id":"https:\/\/www.mystery.city\/es\/#organization","name":"Mystery City Games","alternateName":"Mystery City Games","url":"https:\/\/www.mystery.city\/es\/","logo":{"@type":"ImageObject","inLanguage":"es","@id":"https:\/\/www.mystery.city\/es\/#\/schema\/logo\/image\/","url":"https:\/\/www.mystery.city\/wp-content\/uploads\/2025\/02\/Mystery-City-Games-Logo-2048x394-1.png","contentUrl":"https:\/\/www.mystery.city\/wp-content\/uploads\/2025\/02\/Mystery-City-Games-Logo-2048x394-1.png","width":2048,"height":394,"caption":"Mystery City Games"},"image":{"@id":"https:\/\/www.mystery.city\/es\/#\/schema\/logo\/image\/"},"sameAs":["https:\/\/www.facebook.com\/MysteryCityGames\/","https:\/\/www.instagram.com\/mysterycitygames\/","https:\/\/www.linkedin.com\/company\/mystery-city-games","https:\/\/www.tiktok.com\/@mysterycitygames","https:\/\/www.youtube.com\/@mysterycitygames"]}]}},"_links":{"self":[{"href":"https:\/\/www.mystery.city\/es\/wp-json\/wp\/v2\/product\/9440","targetHints":{"allow":["GET"]}}],"collection":[{"href":"https:\/\/www.mystery.city\/es\/wp-json\/wp\/v2\/product"}],"about":[{"href":"https:\/\/www.mystery.city\/es\/wp-json\/wp\/v2\/types\/product"}],"wp:featuredmedia":[{"embeddable":true,"href":"https:\/\/www.mystery.city\/es\/wp-json\/wp\/v2\/media\/9222"}],"wp:attachment":[{"href":"https:\/\/www.mystery.city\/es\/wp-json\/wp\/v2\/media?parent=9440"}],"wp:term":[{"taxonomy":"product_brand","embeddable":true,"href":"https:\/\/www.mystery.city\/es\/wp-json\/wp\/v2\/product_brand?post=9440"},{"taxonomy":"product_cat","embeddable":true,"href":"https:\/\/www.mystery.city\/es\/wp-json\/wp\/v2\/product_cat?post=9440"},{"taxonomy":"product_tag","embeddable":true,"href":"https:\/\/www.mystery.city\/es\/wp-json\/wp\/v2\/product_tag?post=9440"}],"curies":[{"name":"wp","href":"https:\/\/api.w.org\/{rel}","templated":true}]}}