{"id":8957,"date":"2025-03-19T07:16:12","date_gmt":"2025-03-19T06:16:12","guid":{"rendered":"https:\/\/mysterycity.com\/conditions-generales-dutilisation\/"},"modified":"2025-05-18T18:58:44","modified_gmt":"2025-05-18T17:58:44","slug":"conditions-generales-dutilisation","status":"publish","type":"page","link":"https:\/\/www.mystery.city\/fr\/conditions-generales-dutilisation\/","title":{"rendered":"Conditions g\u00e9n\u00e9rales d&rsquo;utilisation"},"content":{"rendered":"\t\t<div data-elementor-type=\"wp-page\" data-elementor-id=\"8957\" class=\"elementor elementor-8957 elementor-5159\" data-elementor-post-type=\"page\">\n\t\t\t\t<div class=\"elementor-element elementor-element-c0309d9 e-flex e-con-boxed e-con e-parent\" data-id=\"c0309d9\" data-element_type=\"container\" data-e-type=\"container\" data-settings=\"{&quot;background_background&quot;:&quot;classic&quot;,&quot;_ha_eqh_enable&quot;:false}\">\n\t\t\t\t\t<div class=\"e-con-inner\">\n\t\t\t\t<div class=\"elementor-element elementor-element-3dea4d2 elementor-widget elementor-widget-heading\" data-id=\"3dea4d2\" data-element_type=\"widget\" data-e-type=\"widget\" data-widget_type=\"heading.default\">\n\t\t\t\t<div class=\"elementor-widget-container\">\n\t\t\t\t\t<h1 class=\"elementor-heading-title elementor-size-default\">Conditions g\u00e9n\u00e9rales d'utilisation<\/h1>\t\t\t\t<\/div>\n\t\t\t\t<\/div>\n\t\t\t\t\t<\/div>\n\t\t\t\t<\/div>\n\t\t<div class=\"elementor-element elementor-element-23bb2d1 e-flex e-con-boxed e-con e-parent\" data-id=\"23bb2d1\" data-element_type=\"container\" data-e-type=\"container\" data-settings=\"{&quot;_ha_eqh_enable&quot;:false}\">\n\t\t\t\t\t<div class=\"e-con-inner\">\n\t\t\t\t<div class=\"elementor-element elementor-element-71370565 elementor-widget elementor-widget-text-editor\" data-id=\"71370565\" data-element_type=\"widget\" data-e-type=\"widget\" data-widget_type=\"text-editor.default\">\n\t\t\t\t<div class=\"elementor-widget-container\">\n\t\t\t\t\t\t\t\t\t\n<p>Le site web http:\/\/www.mystery.city, ci-apr\u00e8s d\u00e9nomm\u00e9 \u00ab\u00a0le site web\u00a0\u00bb, est d\u00e9tenu et exploit\u00e9 par Mystery City Games BV, ci-apr\u00e8s d\u00e9nomm\u00e9 \u00ab\u00a0Mystery City\u00a0\u00bb. Mystery City a le droit de modifier les conditions ci-dessous de temps \u00e0 autre, \u00e0 sa seule discr\u00e9tion et sans pr\u00e9avis. &nbsp;<\/p>\n\n\n\n<p><strong>1. G\u00c9N\u00c9RALIT\u00c9S<\/strong><\/p>\n\n\n\n<p>1.1. Aucune disposition des pr\u00e9sentes conditions g\u00e9n\u00e9rales n&rsquo;est destin\u00e9e \u00e0 affecter vos droits statutaires. <\/p>\n\n\n\n<p>1.2 Les marques et logos figurant sur le site sont la propri\u00e9t\u00e9 de Mystery City. Vous n&rsquo;\u00eates pas autoris\u00e9 \u00e0 les utiliser sans l&rsquo;accord \u00e9crit de Mystery City, et vous acceptez que toute utilisation de ce type puisse constituer une violation des droits de Mystery City. <\/p>\n\n\n\n<p>1.3 Les pr\u00e9sentes conditions g\u00e9n\u00e9rales et tout contrat conclu sur la base de celles-ci sont r\u00e9gis par le droit n\u00e9erlandais et tous les litiges sont soumis \u00e0 la comp\u00e9tence exclusive des tribunaux n\u00e9erlandais.<\/p>\n\n\n\n<p>1.4. Le site web peut contenir des hyperliens vers des sites web de tiers. Le fonctionnement des sites web de tiers \u00e9chappe au contr\u00f4le de Mystery City et vous les utilisez \u00e0 vos propres risques. La Cit\u00e9 du myst\u00e8re n&rsquo;accepte aucune responsabilit\u00e9 pour tout dommage r\u00e9sultant de l&rsquo;utilisation de sites web de tiers.   <\/p>\n\n\n\n<p>1.5 Mystery City recueille et stocke vos donn\u00e9es personnelles telles que le nom, le num\u00e9ro de t\u00e9l\u00e9phone et l&rsquo;adresse \u00e9lectronique, qui sont n\u00e9cessaires pour votre r\u00e9servation. Vous fournissez directement vos donn\u00e9es \u00e0 Mystery City lorsque vous effectuez une r\u00e9servation sur le site web. Nous utilisons ces donn\u00e9es pour traiter votre r\u00e9servation et vous envoyer par e-mail les d\u00e9tails de votre r\u00e9servation. Mystery City partagera vos donn\u00e9es avec nos partenaires pour la bonne ex\u00e9cution de votre jeu, par exemple en partageant le nom sur la r\u00e9servation afin que notre partenaire puisse v\u00e9rifier votre identit\u00e9 lorsque vous arrivez pour le jeu ou par exemple en partageant le nombre de personnes sur la r\u00e9servation afin que le partenaire puisse pr\u00e9parer le nombre correct de sets de jeu pour votre groupe.   <\/p>\n\n\n\n<p>1.6. Mystery City Games attend de ses visiteurs qu&rsquo;ils ne divulguent aucun d\u00e9tail du jeu directement au public. Tout le mat\u00e9riel du jeu est la propri\u00e9t\u00e9 intellectuelle de Mystery City Games et ne peut \u00eatre photographi\u00e9, copi\u00e9 ou redistribu\u00e9 de quelque mani\u00e8re que ce soit.  <\/p>\n\n\n\n<p>1.7 L&rsquo;entreprise est en droit de facturer aux invit\u00e9s tout dommage intentionnel et\/ou caus\u00e9 par une mauvaise utilisation des pi\u00e8ces de jeu.&nbsp;<\/p>\n\n\n\n<p>1.8 Pendant que vous \u00eates en possession du jeu et que vous \u00eates dans les locaux de Mystery City ou de l&rsquo;un des partenaires de Mystery City, vous devez veiller \u00e0 adopter des normes de comportement correctes et \u00e0 coop\u00e9rer avec nos partenaires ou nos employ\u00e9s.<\/p>\n\n\n\n<p>1.9 Mystery City ne tol\u00e8re aucune forme d&rsquo;intimidation ou de harc\u00e8lement \u00e0 l&rsquo;\u00e9gard de ses partenaires ou de ses employ\u00e9s.<\/p>\n\n\n\n<p><strong>2. R\u00c9SERVATIONS<\/strong><\/p>\n\n\n\n<p>2.1 Vous devez \u00eatre \u00e2g\u00e9 d&rsquo;au moins 16 ans pour r\u00e9server un jeu avec nous.<\/p>\n\n\n\n<p>2.2.1 Pour les groupes de 20 joueurs maximum : Si vous devez annuler ou reporter une r\u00e9servation, veuillez nous contacter \u00e0 l&rsquo;adresse who@mystery.city au moins 48 heures avant la date pr\u00e9vue de votre jeu. Une fois que vous avez r\u00e9serv\u00e9 un jeu avec nous, Mystery City et les partenaires de Mystery City prennent le temps de s&rsquo;assurer que le jeu est disponible pour vous. Si vous annulez votre jeu moins de 48 heures avant celui-ci, vous ne pourrez pas pr\u00e9tendre \u00e0 un remboursement. Les parties qui ont \u00e9t\u00e9 reprogramm\u00e9es ne peuvent pas \u00eatre annul\u00e9es.   <\/p>\n\n\n\n<p>2.2.2 Pour les groupes de plus de 20 joueurs : Si vous devez annuler ou reporter une r\u00e9servation, veuillez nous contacter \u00e0 l&rsquo;adresse who@mystery.city au moins 1 semaine avant la date pr\u00e9vue de votre jeu. Une fois que vous avez r\u00e9serv\u00e9 un jeu avec nous, Mystery City et les partenaires de Mystery City prennent le temps de s&rsquo;assurer que le jeu est disponible pour vous. Si vous annulez votre jeu moins d&rsquo;une semaine avant celui-ci, vous n&rsquo;aurez pas droit \u00e0 un remboursement. Les parties qui ont \u00e9t\u00e9 reprogramm\u00e9es ne peuvent pas \u00eatre annul\u00e9es.   <\/p>\n\n\n\n<p>2.3 Tout achat sur le site web n&rsquo;est valable que lorsqu&rsquo;il est trait\u00e9 par la soci\u00e9t\u00e9. Une fois votre r\u00e9servation trait\u00e9e, un courriel de confirmation sera envoy\u00e9 \u00e0 l&rsquo;adresse \u00e9lectronique indiqu\u00e9e dans le formulaire de r\u00e9servation en ligne. <\/p>\n\n\n\n<p>2.4 Mystery City se r\u00e9serve le droit d&rsquo;annuler une r\u00e9servation, m\u00eame avec une confirmation. Dans ce cas, Mystery City vous remboursera int\u00e9gralement la r\u00e9servation. <\/p>\n\n\n\n<p>2.5 Les r\u00e9servations ne peuvent \u00eatre c\u00e9d\u00e9es ou revendues \u00e0 des fins commerciales ou \u00e0 un prix sup\u00e9rieur. Si une r\u00e9servation est transf\u00e9r\u00e9e ou revendue en violation de cette condition, le porteur de la r\u00e9servation ou la personne revendiquant le droit de participer au jeu se verra refuser l&rsquo;entr\u00e9e. <\/p>\n\n\n\n<p>2.6 Vous \u00eates enti\u00e8rement responsable de la saisie correcte de vos donn\u00e9es sur le formulaire de r\u00e9servation en ligne.<\/p>\n\n\n\n<p>2.7 Une r\u00e9servation devient un no-show et l&rsquo;entr\u00e9e sera refus\u00e9e si le groupe est en retard de 20 minutes ou plus sans en avertir Mystery City. Dans une telle situation, le paiement de la r\u00e9servation n&rsquo;est pas remboursable et la r\u00e9servation n&rsquo;est pas modifiable. <\/p>\n\n\n\n<p>2.8 Nos jeux sont con\u00e7us pour durer au maximum deux heures. Dans certains cas, vous pouvez prendre plus de temps pour terminer le jeu, mais dans tous les cas, vous devez ramener le mat\u00e9riel au point de d\u00e9part du jeu dans les 15 minutes qui suivent l&rsquo;heure de fermeture de Mystery City ou du partenaire de Mystery City. &nbsp;<\/p>\n\n\n\n<p>2.9 Pour \u00eatre admis, vous devez confirmer le nom complet de l&rsquo;auteur de la r\u00e9servation et pr\u00e9senter un courriel de confirmation.<\/p>\n\n\n\n<p>2.10 Les jeux et toutes les pi\u00e8ces de jeu sont la propri\u00e9t\u00e9 de Mystery City. Dans certains cas, il peut vous \u00eatre demand\u00e9 de laisser un d\u00e9p\u00f4t tel que de l&rsquo;argent liquide ou une pi\u00e8ce d&rsquo;identit\u00e9 valide \u00e0 Mystery City ou \u00e0 ses partenaires pour la dur\u00e9e du jeu. Nous vous informerons de cette exigence avant le jeu. La caution vous sera restitu\u00e9e une fois que vous aurez rendu le jeu et toutes les pi\u00e8ces du jeu \u00e0 Mystery City ou \u00e0 l&rsquo;un des partenaires de Mystery City dans la ville o\u00f9 vous jouez.   <\/p>\n\n\n\n<p>2.11 Les enfants de moins de 13 ans doivent \u00eatre accompagn\u00e9s d&rsquo;un adulte (plus de 18 ans) pendant toute la dur\u00e9e du match.<\/p>\n\n\n\n<p>2.12 Les personnes sous l&rsquo;influence de l&rsquo;alcool ou de drogues seront refus\u00e9es et leur match sera trait\u00e9 comme une non-pr\u00e9sentation. Dans ce cas, la r\u00e9servation n&rsquo;est pas remboursable. <\/p>\n\n\n\n<p>2.13 Si vous ne ramenez pas le mat\u00e9riel au point de d\u00e9part apr\u00e8s votre exp\u00e9rience, vous devrez payer 400 \u20ac pour chaque sac-\u00e0-dos incomplet ou manquant.<\/p>\n\n\n\n<p><strong>3. PRIX ET PAIEMENT<\/strong><\/p>\n\n\n\n<p>3.1. Le prix d&rsquo;un jeu est indiqu\u00e9 sur le site web dans la section r\u00e9servation pour chaque ville. <\/p>\n\n\n\n<p>3.2. Le prix est fix\u00e9 par personne pour les jeux de ville et par taille de groupe pour les jeux en ligne. <\/p>\n\n\n\n<p>3.3 Nous traitons nos paiements par l&rsquo;interm\u00e9diaire d&rsquo;un syst\u00e8me de paiement en ligne appel\u00e9 STRIPE ou PAYPAL ou MOLLIE. Pour les \u00e9v\u00e9nements de groupe et pour les particuliers aux Pays-Bas, nous acceptons \u00e9galement les paiements par virement bancaire. <\/p>\n\n\n\n<p>3.4 Le paiement int\u00e9gral est exig\u00e9 au moment de la r\u00e9servation.<\/p>\n\n\n\n<p>3.5 Les r\u00e9servations doivent \u00eatre effectu\u00e9es sur le site web. Si le nombre de participants au match est sup\u00e9rieur au nombre de billets r\u00e9serv\u00e9s, la diff\u00e9rence de prix peut \u00eatre r\u00e9gl\u00e9e \u00e0 l&rsquo;arriv\u00e9e par le biais du syst\u00e8me de r\u00e9servation en ligne. La possibilit\u00e9 d&rsquo;ajouter des joueurs \u00e0 la derni\u00e8re minute d\u00e9pend du nombre maximum de joueurs par jeu et de la disponibilit\u00e9 des jeux. Mystery City se r\u00e9serve le droit de refuser la participation de joueurs de derni\u00e8re minute en fonction des disponibilit\u00e9s.   <\/p>\n\n\n\n<p>3.6 Le jeton de boisson inclus dans l&rsquo;exp\u00e9rience de team building \u00e0 Amsterdam est valable pour un caf\u00e9, un th\u00e9, une bi\u00e8re ou une boisson non alcoolis\u00e9e dans l&rsquo;un de nos \u00e9tablissements partenaires.<\/p>\n\n\n\n<p>3.7 En cas de paiement par facture, le paiement est toujours d\u00fb au plus tard le jour de l&rsquo;\u00e9v\u00e9nement. Si la facture n&rsquo;est pas pay\u00e9e dans les 14 jours suivant l&rsquo;\u00e9v\u00e9nement, nous facturerons &nbsp;<a href=\"https:\/\/www.dnb.nl\/en\/statistics\/data-search\/#\/details\/statutory-interest-rate\/dataset\/2ed0b77d-72c5-47e8-8a3d-0c213048e11d\/resource\/b0304270-e4fb-41d5-bc2f-c7547a72fc0b\" target=\"_blank\" rel=\"noreferrer noopener\">le taux d&rsquo;int\u00e9r\u00eat l\u00e9gal<\/a> par semaine pour chaque semaine de retard.&nbsp;<\/p>\n\n\n\n<p><strong>4. RESPONSABILIT\u00c9 ET S\u00c9CURIT\u00c9<\/strong><\/p>\n\n\n\n<p>4.1. Les joueurs participent \u00e0 l&rsquo;\u00e9v\u00e9nement \u00e0 leurs propres risques. En participant aux jeux de Mystery City, vous acceptez que ni Mystery City ni aucune personne associ\u00e9e \u00e0 Mystery City ne soit responsable envers vous ou tout autre joueur de tout dommage direct ou indirect survenant de quelque mani\u00e8re que ce soit. Vous acceptez de transmettre cette responsabilit\u00e9 \u00e0 tous les joueurs inscrits sous votre nom.   <\/p>\n\n\n\n<p>4.2. Certains de nos jeux contiennent un \u00e9l\u00e9ment physique tel que marcher dans une ville, utiliser des objets que nous fournissons ou regarder un paysage urbain. Mystery City n&rsquo;est pas responsable des dommages personnels ou mat\u00e9riels caus\u00e9s.  <\/p>\n\n\n\n<p><strong>5. UTILISATION ET S\u00c9CURIT\u00c9 DU SITE WEB<\/strong><\/p>\n\n\n\n<p>5.1 Les conditions g\u00e9n\u00e9rales s&rsquo;appliquent \u00e0 l&rsquo;utilisation du site web par tout visiteur.<\/p>\n\n\n\n<p>5.2 Le site web est destin\u00e9 \u00e0 votre usage personnel et non commercial. Vous n&rsquo;\u00eates pas autoris\u00e9 \u00e0 modifier, copier, distribuer, transmettre, afficher, ex\u00e9cuter, reproduire, publier, conc\u00e9der sous licence, cr\u00e9er des \u0153uvres d\u00e9riv\u00e9es, transf\u00e9rer ou vendre des informations obtenues \u00e0 partir de ce site web sans l&rsquo;accord \u00e9crit de la ville de Myst\u00e8re. <\/p>\n\n\n\n<p>5.3 Vous n&rsquo;\u00eates pas autoris\u00e9 \u00e0 \u00e9tablir un lien vers le site web ou \u00e0 utiliser toute partie de celui-ci \u00e0 des fins frauduleuses, ill\u00e9gales, diffamatoires ou pr\u00e9judiciables.<\/p>\n\n\n\n<p>5.4 L&rsquo;entreprise ne peut \u00eatre tenue responsable envers quiconque de tout dommage direct ou indirect, cons\u00e9cutif ou accessoire r\u00e9sultant de l&rsquo;utilisation du site web.<\/p>\n\n\n\n<p>6. UTILISATION DU COURRIER \u00c9LECTRONIQUE ET DES CONTACTS<\/p>\n\n\n\n<p>6.1 Vous autorisez Mystery City \u00e0 vous contacter pour vous communiquer des informations sur votre jeu.&nbsp;<\/p>\n\n\n\n<p>6.2 Vous autorisez Mystery City \u00e0 partager vos informations avec ses partenaires dans la mesure n\u00e9cessaire pour assurer une bonne exp\u00e9rience du jeu.<\/p>\n\n\n\n<p><strong>7. PHOTOS<\/strong><\/p>\n\n\n\n<p>7.1 Les photos des \u00e9quipes ou des participants ne seront t\u00e9l\u00e9charg\u00e9es sur nos canaux de m\u00e9dias sociaux qu&rsquo;avec le consentement explicite des joueurs apparaissant sur la photo.<\/p>\n\n\n\n<p>7.2 Si vous souhaitez que votre photo soit retir\u00e9e de l&rsquo;un des canaux de Mystery City, veuillez nous en informer par courrier \u00e9lectronique \u00e0 l&rsquo;adresse who@mystery.city.<\/p>\n\n\n\n<p><strong>8. SOCI\u00c9T\u00c9 ET COORDONN\u00c9ES<\/strong><\/p>\n\n\n\n<p>Mystery City Games B.V.<\/p>\n\n\n\n<p>Zwanenburgwal 178<\/p>\n\n\n\n<p>1011 JH Amsterdam<\/p>\n\n\n\n<p>Les Pays-Bas<\/p>\n\n\n\n<p>who@mystery.city<\/p>\n\n\n\n<p>+31 6 47 79 95 24<\/p>\n\t\t\t\t\t\t\t\t<\/div>\n\t\t\t\t<\/div>\n\t\t\t\t\t<\/div>\n\t\t\t\t<\/div>\n\t\t\t\t<\/div>\n\t\t","protected":false},"excerpt":{"rendered":"<p>Conditions g\u00e9n\u00e9rales d&rsquo;utilisation Le site web http:\/\/www.mystery.city, ci-apr\u00e8s d\u00e9nomm\u00e9 \u00ab\u00a0le site web\u00a0\u00bb, est d\u00e9tenu et exploit\u00e9 par Mystery City Games BV, ci-apr\u00e8s d\u00e9nomm\u00e9 \u00ab\u00a0Mystery City\u00a0\u00bb. Mystery City a le droit de modifier les conditions ci-dessous de temps \u00e0 autre, \u00e0 sa seule discr\u00e9tion et sans pr\u00e9avis. &nbsp; 1. G\u00c9N\u00c9RALIT\u00c9S 1.1. Aucune disposition des pr\u00e9sentes conditions [&hellip;]<\/p>\n","protected":false},"author":2,"featured_media":0,"parent":0,"menu_order":0,"comment_status":"closed","ping_status":"closed","template":"elementor_header_footer","meta":{"_acf_changed":false,"postBodyCss":"","postBodyMargin":[],"postBodyPadding":[],"postBodyBackground":{"backgroundType":"classic","gradient":""},"footnotes":""},"class_list":["post-8957","page","type-page","status-publish","hentry"],"blocksy_meta":[],"acf":[],"yoast_head":"<!-- This site is optimized with the Yoast SEO plugin v27.4 - https:\/\/yoast.com\/product\/yoast-seo-wordpress\/ -->\n<title>Conditions g\u00e9n\u00e9rales d&#039;utilisation - Mystery City Games<\/title>\n<meta name=\"robots\" content=\"index, follow, max-snippet:-1, max-image-preview:large, max-video-preview:-1\" \/>\n<link rel=\"canonical\" href=\"https:\/\/www.mystery.city\/fr\/conditions-generales-dutilisation\/\" \/>\n<meta property=\"og:locale\" content=\"fr_FR\" \/>\n<meta property=\"og:type\" content=\"article\" \/>\n<meta property=\"og:title\" content=\"Conditions g\u00e9n\u00e9rales d&#039;utilisation - Mystery City Games\" \/>\n<meta property=\"og:description\" content=\"Conditions g\u00e9n\u00e9rales d&rsquo;utilisation Le site web http:\/\/www.mystery.city, ci-apr\u00e8s d\u00e9nomm\u00e9 \u00ab\u00a0le site web\u00a0\u00bb, est d\u00e9tenu et exploit\u00e9 par Mystery City Games BV, ci-apr\u00e8s d\u00e9nomm\u00e9 \u00ab\u00a0Mystery City\u00a0\u00bb. Mystery City a le droit de modifier les conditions ci-dessous de temps \u00e0 autre, \u00e0 sa seule discr\u00e9tion et sans pr\u00e9avis. &nbsp; 1. G\u00c9N\u00c9RALIT\u00c9S 1.1. Aucune disposition des pr\u00e9sentes conditions [&hellip;]\" \/>\n<meta property=\"og:url\" content=\"https:\/\/www.mystery.city\/fr\/conditions-generales-dutilisation\/\" \/>\n<meta property=\"og:site_name\" content=\"Mystery City Games\" \/>\n<meta property=\"article:publisher\" content=\"https:\/\/www.facebook.com\/MysteryCityGames\/\" \/>\n<meta property=\"article:modified_time\" content=\"2025-05-18T17:58:44+00:00\" \/>\n<meta property=\"og:image\" content=\"https:\/\/www.mystery.city\/wp-content\/uploads\/2025\/02\/Mystery-City-Games-Logo-2048x394-1.png\" \/>\n\t<meta property=\"og:image:width\" content=\"2048\" \/>\n\t<meta property=\"og:image:height\" content=\"394\" \/>\n\t<meta property=\"og:image:type\" content=\"image\/png\" \/>\n<meta name=\"twitter:card\" content=\"summary_large_image\" \/>\n<script type=\"application\/ld+json\" class=\"yoast-schema-graph\">{\"@context\":\"https:\\\/\\\/schema.org\",\"@graph\":[{\"@type\":\"WebPage\",\"@id\":\"https:\\\/\\\/www.mystery.city\\\/fr\\\/conditions-generales-dutilisation\\\/\",\"url\":\"https:\\\/\\\/www.mystery.city\\\/fr\\\/conditions-generales-dutilisation\\\/\",\"name\":\"Conditions g\u00e9n\u00e9rales d'utilisation - Mystery City Games\",\"isPartOf\":{\"@id\":\"https:\\\/\\\/www.mystery.city\\\/fr\\\/#website\"},\"datePublished\":\"2025-03-19T06:16:12+00:00\",\"dateModified\":\"2025-05-18T17:58:44+00:00\",\"breadcrumb\":{\"@id\":\"https:\\\/\\\/www.mystery.city\\\/fr\\\/conditions-generales-dutilisation\\\/#breadcrumb\"},\"inLanguage\":\"fr-FR\",\"potentialAction\":[{\"@type\":\"ReadAction\",\"target\":[\"https:\\\/\\\/www.mystery.city\\\/fr\\\/conditions-generales-dutilisation\\\/\"]}]},{\"@type\":\"BreadcrumbList\",\"@id\":\"https:\\\/\\\/www.mystery.city\\\/fr\\\/conditions-generales-dutilisation\\\/#breadcrumb\",\"itemListElement\":[{\"@type\":\"ListItem\",\"position\":1,\"name\":\"Home\",\"item\":\"https:\\\/\\\/www.mystery.city\\\/fr\\\/\"},{\"@type\":\"ListItem\",\"position\":2,\"name\":\"Conditions g\u00e9n\u00e9rales d&#8217;utilisation\"}]},{\"@type\":\"WebSite\",\"@id\":\"https:\\\/\\\/www.mystery.city\\\/fr\\\/#website\",\"url\":\"https:\\\/\\\/www.mystery.city\\\/fr\\\/\",\"name\":\"Mystery City Games\",\"description\":\"Explore the City, Solve Puzzles, Unlock History\",\"publisher\":{\"@id\":\"https:\\\/\\\/www.mystery.city\\\/fr\\\/#organization\"},\"alternateName\":\"Mystery City Games\",\"potentialAction\":[{\"@type\":\"SearchAction\",\"target\":{\"@type\":\"EntryPoint\",\"urlTemplate\":\"https:\\\/\\\/www.mystery.city\\\/fr\\\/?s={search_term_string}\"},\"query-input\":{\"@type\":\"PropertyValueSpecification\",\"valueRequired\":true,\"valueName\":\"search_term_string\"}}],\"inLanguage\":\"fr-FR\"},{\"@type\":\"Organization\",\"@id\":\"https:\\\/\\\/www.mystery.city\\\/fr\\\/#organization\",\"name\":\"Mystery City Games\",\"alternateName\":\"Mystery City Games\",\"url\":\"https:\\\/\\\/www.mystery.city\\\/fr\\\/\",\"logo\":{\"@type\":\"ImageObject\",\"inLanguage\":\"fr-FR\",\"@id\":\"https:\\\/\\\/www.mystery.city\\\/fr\\\/#\\\/schema\\\/logo\\\/image\\\/\",\"url\":\"https:\\\/\\\/www.mystery.city\\\/wp-content\\\/uploads\\\/2025\\\/02\\\/Mystery-City-Games-Logo-2048x394-1.png\",\"contentUrl\":\"https:\\\/\\\/www.mystery.city\\\/wp-content\\\/uploads\\\/2025\\\/02\\\/Mystery-City-Games-Logo-2048x394-1.png\",\"width\":2048,\"height\":394,\"caption\":\"Mystery City Games\"},\"image\":{\"@id\":\"https:\\\/\\\/www.mystery.city\\\/fr\\\/#\\\/schema\\\/logo\\\/image\\\/\"},\"sameAs\":[\"https:\\\/\\\/www.facebook.com\\\/MysteryCityGames\\\/\",\"https:\\\/\\\/www.instagram.com\\\/mysterycitygames\\\/\",\"https:\\\/\\\/www.linkedin.com\\\/company\\\/mystery-city-games\",\"https:\\\/\\\/www.tiktok.com\\\/@mysterycitygames\",\"https:\\\/\\\/www.youtube.com\\\/@mysterycitygames\"]}]}<\/script>\n<!-- \/ Yoast SEO plugin. -->","yoast_head_json":{"title":"Conditions g\u00e9n\u00e9rales d'utilisation - Mystery City Games","robots":{"index":"index","follow":"follow","max-snippet":"max-snippet:-1","max-image-preview":"max-image-preview:large","max-video-preview":"max-video-preview:-1"},"canonical":"https:\/\/www.mystery.city\/fr\/conditions-generales-dutilisation\/","og_locale":"fr_FR","og_type":"article","og_title":"Conditions g\u00e9n\u00e9rales d'utilisation - Mystery City Games","og_description":"Conditions g\u00e9n\u00e9rales d&rsquo;utilisation Le site web http:\/\/www.mystery.city, ci-apr\u00e8s d\u00e9nomm\u00e9 \u00ab\u00a0le site web\u00a0\u00bb, est d\u00e9tenu et exploit\u00e9 par Mystery City Games BV, ci-apr\u00e8s d\u00e9nomm\u00e9 \u00ab\u00a0Mystery City\u00a0\u00bb. Mystery City a le droit de modifier les conditions ci-dessous de temps \u00e0 autre, \u00e0 sa seule discr\u00e9tion et sans pr\u00e9avis. &nbsp; 1. G\u00c9N\u00c9RALIT\u00c9S 1.1. Aucune disposition des pr\u00e9sentes conditions [&hellip;]","og_url":"https:\/\/www.mystery.city\/fr\/conditions-generales-dutilisation\/","og_site_name":"Mystery City Games","article_publisher":"https:\/\/www.facebook.com\/MysteryCityGames\/","article_modified_time":"2025-05-18T17:58:44+00:00","og_image":[{"width":2048,"height":394,"url":"https:\/\/www.mystery.city\/wp-content\/uploads\/2025\/02\/Mystery-City-Games-Logo-2048x394-1.png","type":"image\/png"}],"twitter_card":"summary_large_image","schema":{"@context":"https:\/\/schema.org","@graph":[{"@type":"WebPage","@id":"https:\/\/www.mystery.city\/fr\/conditions-generales-dutilisation\/","url":"https:\/\/www.mystery.city\/fr\/conditions-generales-dutilisation\/","name":"Conditions g\u00e9n\u00e9rales d'utilisation - Mystery City Games","isPartOf":{"@id":"https:\/\/www.mystery.city\/fr\/#website"},"datePublished":"2025-03-19T06:16:12+00:00","dateModified":"2025-05-18T17:58:44+00:00","breadcrumb":{"@id":"https:\/\/www.mystery.city\/fr\/conditions-generales-dutilisation\/#breadcrumb"},"inLanguage":"fr-FR","potentialAction":[{"@type":"ReadAction","target":["https:\/\/www.mystery.city\/fr\/conditions-generales-dutilisation\/"]}]},{"@type":"BreadcrumbList","@id":"https:\/\/www.mystery.city\/fr\/conditions-generales-dutilisation\/#breadcrumb","itemListElement":[{"@type":"ListItem","position":1,"name":"Home","item":"https:\/\/www.mystery.city\/fr\/"},{"@type":"ListItem","position":2,"name":"Conditions g\u00e9n\u00e9rales d&#8217;utilisation"}]},{"@type":"WebSite","@id":"https:\/\/www.mystery.city\/fr\/#website","url":"https:\/\/www.mystery.city\/fr\/","name":"Mystery City Games","description":"Explore the City, Solve Puzzles, Unlock History","publisher":{"@id":"https:\/\/www.mystery.city\/fr\/#organization"},"alternateName":"Mystery City Games","potentialAction":[{"@type":"SearchAction","target":{"@type":"EntryPoint","urlTemplate":"https:\/\/www.mystery.city\/fr\/?s={search_term_string}"},"query-input":{"@type":"PropertyValueSpecification","valueRequired":true,"valueName":"search_term_string"}}],"inLanguage":"fr-FR"},{"@type":"Organization","@id":"https:\/\/www.mystery.city\/fr\/#organization","name":"Mystery City Games","alternateName":"Mystery City Games","url":"https:\/\/www.mystery.city\/fr\/","logo":{"@type":"ImageObject","inLanguage":"fr-FR","@id":"https:\/\/www.mystery.city\/fr\/#\/schema\/logo\/image\/","url":"https:\/\/www.mystery.city\/wp-content\/uploads\/2025\/02\/Mystery-City-Games-Logo-2048x394-1.png","contentUrl":"https:\/\/www.mystery.city\/wp-content\/uploads\/2025\/02\/Mystery-City-Games-Logo-2048x394-1.png","width":2048,"height":394,"caption":"Mystery City Games"},"image":{"@id":"https:\/\/www.mystery.city\/fr\/#\/schema\/logo\/image\/"},"sameAs":["https:\/\/www.facebook.com\/MysteryCityGames\/","https:\/\/www.instagram.com\/mysterycitygames\/","https:\/\/www.linkedin.com\/company\/mystery-city-games","https:\/\/www.tiktok.com\/@mysterycitygames","https:\/\/www.youtube.com\/@mysterycitygames"]}]}},"_links":{"self":[{"href":"https:\/\/www.mystery.city\/fr\/wp-json\/wp\/v2\/pages\/8957","targetHints":{"allow":["GET"]}}],"collection":[{"href":"https:\/\/www.mystery.city\/fr\/wp-json\/wp\/v2\/pages"}],"about":[{"href":"https:\/\/www.mystery.city\/fr\/wp-json\/wp\/v2\/types\/page"}],"author":[{"embeddable":true,"href":"https:\/\/www.mystery.city\/fr\/wp-json\/wp\/v2\/users\/2"}],"replies":[{"embeddable":true,"href":"https:\/\/www.mystery.city\/fr\/wp-json\/wp\/v2\/comments?post=8957"}],"version-history":[{"count":12,"href":"https:\/\/www.mystery.city\/fr\/wp-json\/wp\/v2\/pages\/8957\/revisions"}],"predecessor-version":[{"id":11803,"href":"https:\/\/www.mystery.city\/fr\/wp-json\/wp\/v2\/pages\/8957\/revisions\/11803"}],"wp:attachment":[{"href":"https:\/\/www.mystery.city\/fr\/wp-json\/wp\/v2\/media?parent=8957"}],"curies":[{"name":"wp","href":"https:\/\/api.w.org\/{rel}","templated":true}]}}