{"id":15438,"date":"2026-02-24T14:49:46","date_gmt":"2026-02-24T13:49:46","guid":{"rendered":"https:\/\/www.mystery.city\/?post_type=product&#038;p=15438"},"modified":"2026-03-16T15:57:39","modified_gmt":"2026-03-16T14:57:39","slug":"lisbonne-team-building","status":"publish","type":"product","link":"https:\/\/www.mystery.city\/fr\/produit\/lisbonne-team-building\/","title":{"rendered":"L&rsquo;Espion de l&rsquo;Ombre &#8211; Team Building"},"content":{"rendered":"<div class=\"elementor-element elementor-element-6b6b29d elementor-widget__width-initial elementor-widget elementor-widget-text-editor\" data-id=\"6b6b29d\" data-element_type=\"widget\" data-widget_type=\"text-editor.default\">\n<div class=\"elementor-widget-container\">\n<h3>Chasse au tr\u00e9sor \u00e0 travers Lisbonne<\/h3>\n<p>Venez d\u00e9couvrir<strong> la meilleure <a href=\"https:\/\/www.mystery.city\/fr\/team-building\/\">sortie d&rsquo;\u00e9quipe<\/a><\/strong> \u00e0 Lisbonne ! <strong>Collaborez<\/strong> avec vos coll\u00e8gues, <strong>participez \u00e0 la<\/strong> r\u00e9solution d&rsquo;un myst\u00e8re et <strong>profitez d&rsquo;<\/strong> une journ\u00e9e d&rsquo;excursion.<\/p>\n<p>Lors de cet \u00e9v\u00e9nement d&rsquo;entreprise, les joueurs sont r\u00e9partis en \u00e9quipes qui :<\/p>\n<ul>\n<li>Course \u00e0 travers la ville en suivant une carte au tr\u00e9sor<\/li>\n<li>Collaborer pour trouver des indices et des suspects<\/li>\n<li>Concourir avec leurs coll\u00e8gues pour gagner<\/li>\n<li>D\u00e9couvrez une v\u00e9ritable histoire de Lisbonne<\/li>\n<\/ul>\n<\/div>\n<\/div>\n<div class=\"elementor-element elementor-element-21cd6a4 elementor-widget elementor-widget-heading\" data-id=\"21cd6a4\" data-element_type=\"widget\" data-widget_type=\"heading.default\">\n<div class=\"elementor-widget-container\">\n<p class=\"elementor-heading-title elementor-size-default\"><a>Si vous souhaitez jouer en portugais, cliquez ici<\/a><\/p>\n<\/div>\n<\/div>\n","protected":false},"excerpt":{"rendered":"<p><script type=\"text\/javascript\" src=\"https:\/\/bookeo.com\/widget.js?a=42551JFW7PA17A3859B833&#038;type=425519MYPX319C6B8FEB80\"><\/script><\/p>\n","protected":false},"featured_media":15372,"template":"","meta":{"_acf_changed":false,"postBodyCss":"","postBodyMargin":[],"postBodyPadding":[],"postBodyBackground":{"backgroundType":"classic","gradient":""}},"product_brand":[],"product_cat":[79],"product_tag":[119],"class_list":{"0":"post-15438","1":"product","2":"type-product","3":"status-publish","4":"has-post-thumbnail","6":"product_cat-teambuilding","7":"product_tag-bookeo-fr","9":"first","10":"instock","11":"virtual","12":"taxable","13":"purchasable","14":"product-type-simple"},"acf":[],"yoast_head":"<!-- This site is optimized with the Yoast SEO plugin v27.4 - https:\/\/yoast.com\/product\/yoast-seo-wordpress\/ -->\n<title>Lisbon Team Building Game | Corporate Events | Mystery City Games<\/title>\n<meta name=\"description\" content=\"Organisez votre prochain team building \u00e0 Lisbonne avec un jeu de piste ! R\u00e9soudre des \u00e9nigmes, explorer la ville et concourir pour gagner - prix et boissons inclus !\" \/>\n<meta name=\"robots\" content=\"index, follow, max-snippet:-1, max-image-preview:large, max-video-preview:-1\" \/>\n<link rel=\"canonical\" href=\"https:\/\/www.mystery.city\/fr\/produit\/lisbonne-team-building\/\" \/>\n<meta property=\"og:locale\" content=\"fr_FR\" \/>\n<meta property=\"og:type\" content=\"article\" \/>\n<meta property=\"og:title\" content=\"Lisbon Team Building Game | Corporate Events | Mystery City Games\" \/>\n<meta property=\"og:description\" content=\"Organisez votre prochain team building \u00e0 Lisbonne avec un jeu de piste ! R\u00e9soudre des \u00e9nigmes, explorer la ville et concourir pour gagner - prix et boissons inclus !\" \/>\n<meta property=\"og:url\" content=\"https:\/\/www.mystery.city\/fr\/produit\/lisbonne-team-building\/\" \/>\n<meta property=\"og:site_name\" content=\"Mystery City Games\" \/>\n<meta property=\"article:publisher\" content=\"https:\/\/www.facebook.com\/MysteryCityGames\/\" \/>\n<meta property=\"article:modified_time\" content=\"2026-03-16T14:57:39+00:00\" \/>\n<meta property=\"og:image\" content=\"https:\/\/www.mystery.city\/wp-content\/uploads\/2026\/01\/Lisbon-w-stix.webp\" \/>\n\t<meta property=\"og:image:width\" content=\"884\" \/>\n\t<meta property=\"og:image:height\" content=\"630\" \/>\n\t<meta property=\"og:image:type\" content=\"image\/webp\" \/>\n<meta name=\"twitter:card\" content=\"summary_large_image\" \/>\n<script type=\"application\/ld+json\" class=\"yoast-schema-graph\">{\"@context\":\"https:\\\/\\\/schema.org\",\"@graph\":[{\"@type\":\"WebPage\",\"@id\":\"https:\\\/\\\/www.mystery.city\\\/fr\\\/produit\\\/lisbonne-team-building\\\/\",\"url\":\"https:\\\/\\\/www.mystery.city\\\/fr\\\/produit\\\/lisbonne-team-building\\\/\",\"name\":\"Lisbon Team Building Game | Corporate Events | Mystery City Games\",\"isPartOf\":{\"@id\":\"https:\\\/\\\/www.mystery.city\\\/fr\\\/#website\"},\"primaryImageOfPage\":{\"@id\":\"https:\\\/\\\/www.mystery.city\\\/fr\\\/produit\\\/lisbonne-team-building\\\/#primaryimage\"},\"image\":{\"@id\":\"https:\\\/\\\/www.mystery.city\\\/fr\\\/produit\\\/lisbonne-team-building\\\/#primaryimage\"},\"thumbnailUrl\":\"https:\\\/\\\/www.mystery.city\\\/wp-content\\\/uploads\\\/2026\\\/01\\\/Lisbon-w-stix.webp\",\"datePublished\":\"2026-02-24T13:49:46+00:00\",\"dateModified\":\"2026-03-16T14:57:39+00:00\",\"description\":\"Organisez votre prochain team building \u00e0 Lisbonne avec un jeu de piste ! R\u00e9soudre des \u00e9nigmes, explorer la ville et concourir pour gagner - prix et boissons inclus !\",\"breadcrumb\":{\"@id\":\"https:\\\/\\\/www.mystery.city\\\/fr\\\/produit\\\/lisbonne-team-building\\\/#breadcrumb\"},\"inLanguage\":\"fr-FR\",\"potentialAction\":[{\"@type\":\"ReadAction\",\"target\":[\"https:\\\/\\\/www.mystery.city\\\/fr\\\/produit\\\/lisbonne-team-building\\\/\"]}]},{\"@type\":\"ImageObject\",\"inLanguage\":\"fr-FR\",\"@id\":\"https:\\\/\\\/www.mystery.city\\\/fr\\\/produit\\\/lisbonne-team-building\\\/#primaryimage\",\"url\":\"https:\\\/\\\/www.mystery.city\\\/wp-content\\\/uploads\\\/2026\\\/01\\\/Lisbon-w-stix.webp\",\"contentUrl\":\"https:\\\/\\\/www.mystery.city\\\/wp-content\\\/uploads\\\/2026\\\/01\\\/Lisbon-w-stix.webp\",\"width\":884,\"height\":630,\"caption\":\"Chasse au tr\u00e9sor \u00e0 Lisbonne, chasse au tr\u00e9sor \u00e0 Lisbonne, escape room en plein air \u00e0 Lisbonne, activit\u00e9 de team building \u00e0 Lisbonne, \u00e9v\u00e9nements d'entreprise \u00e0 Lisbonne, groupes scolaires \u00e0 Lisbonne.\"},{\"@type\":\"BreadcrumbList\",\"@id\":\"https:\\\/\\\/www.mystery.city\\\/fr\\\/produit\\\/lisbonne-team-building\\\/#breadcrumb\",\"itemListElement\":[{\"@type\":\"ListItem\",\"position\":1,\"name\":\"Home\",\"item\":\"https:\\\/\\\/www.mystery.city\\\/fr\\\/\"},{\"@type\":\"ListItem\",\"position\":2,\"name\":\"Shop\",\"item\":\"https:\\\/\\\/www.mystery.city\\\/shop\\\/\"},{\"@type\":\"ListItem\",\"position\":3,\"name\":\"L&#8217;Espion de l&#8217;Ombre &#8211; Team Building\"}]},{\"@type\":\"WebSite\",\"@id\":\"https:\\\/\\\/www.mystery.city\\\/fr\\\/#website\",\"url\":\"https:\\\/\\\/www.mystery.city\\\/fr\\\/\",\"name\":\"Mystery City Games\",\"description\":\"Explore the City, Solve Puzzles, Unlock History\",\"publisher\":{\"@id\":\"https:\\\/\\\/www.mystery.city\\\/fr\\\/#organization\"},\"alternateName\":\"Mystery City Games\",\"potentialAction\":[{\"@type\":\"SearchAction\",\"target\":{\"@type\":\"EntryPoint\",\"urlTemplate\":\"https:\\\/\\\/www.mystery.city\\\/fr\\\/?s={search_term_string}\"},\"query-input\":{\"@type\":\"PropertyValueSpecification\",\"valueRequired\":true,\"valueName\":\"search_term_string\"}}],\"inLanguage\":\"fr-FR\"},{\"@type\":\"Organization\",\"@id\":\"https:\\\/\\\/www.mystery.city\\\/fr\\\/#organization\",\"name\":\"Mystery City Games\",\"alternateName\":\"Mystery City Games\",\"url\":\"https:\\\/\\\/www.mystery.city\\\/fr\\\/\",\"logo\":{\"@type\":\"ImageObject\",\"inLanguage\":\"fr-FR\",\"@id\":\"https:\\\/\\\/www.mystery.city\\\/fr\\\/#\\\/schema\\\/logo\\\/image\\\/\",\"url\":\"https:\\\/\\\/www.mystery.city\\\/wp-content\\\/uploads\\\/2025\\\/02\\\/Mystery-City-Games-Logo-2048x394-1.png\",\"contentUrl\":\"https:\\\/\\\/www.mystery.city\\\/wp-content\\\/uploads\\\/2025\\\/02\\\/Mystery-City-Games-Logo-2048x394-1.png\",\"width\":2048,\"height\":394,\"caption\":\"Mystery City Games\"},\"image\":{\"@id\":\"https:\\\/\\\/www.mystery.city\\\/fr\\\/#\\\/schema\\\/logo\\\/image\\\/\"},\"sameAs\":[\"https:\\\/\\\/www.facebook.com\\\/MysteryCityGames\\\/\",\"https:\\\/\\\/www.instagram.com\\\/mysterycitygames\\\/\",\"https:\\\/\\\/www.linkedin.com\\\/company\\\/mystery-city-games\",\"https:\\\/\\\/www.tiktok.com\\\/@mysterycitygames\",\"https:\\\/\\\/www.youtube.com\\\/@mysterycitygames\"]}]}<\/script>\n<!-- \/ Yoast SEO plugin. -->","yoast_head_json":{"title":"Lisbon Team Building Game | Corporate Events | Mystery City Games","description":"Organisez votre prochain team building \u00e0 Lisbonne avec un jeu de piste ! R\u00e9soudre des \u00e9nigmes, explorer la ville et concourir pour gagner - prix et boissons inclus !","robots":{"index":"index","follow":"follow","max-snippet":"max-snippet:-1","max-image-preview":"max-image-preview:large","max-video-preview":"max-video-preview:-1"},"canonical":"https:\/\/www.mystery.city\/fr\/produit\/lisbonne-team-building\/","og_locale":"fr_FR","og_type":"article","og_title":"Lisbon Team Building Game | Corporate Events | Mystery City Games","og_description":"Organisez votre prochain team building \u00e0 Lisbonne avec un jeu de piste ! R\u00e9soudre des \u00e9nigmes, explorer la ville et concourir pour gagner - prix et boissons inclus !","og_url":"https:\/\/www.mystery.city\/fr\/produit\/lisbonne-team-building\/","og_site_name":"Mystery City Games","article_publisher":"https:\/\/www.facebook.com\/MysteryCityGames\/","article_modified_time":"2026-03-16T14:57:39+00:00","og_image":[{"width":884,"height":630,"url":"https:\/\/www.mystery.city\/wp-content\/uploads\/2026\/01\/Lisbon-w-stix.webp","type":"image\/webp"}],"twitter_card":"summary_large_image","schema":{"@context":"https:\/\/schema.org","@graph":[{"@type":"WebPage","@id":"https:\/\/www.mystery.city\/fr\/produit\/lisbonne-team-building\/","url":"https:\/\/www.mystery.city\/fr\/produit\/lisbonne-team-building\/","name":"Lisbon Team Building Game | Corporate Events | Mystery City Games","isPartOf":{"@id":"https:\/\/www.mystery.city\/fr\/#website"},"primaryImageOfPage":{"@id":"https:\/\/www.mystery.city\/fr\/produit\/lisbonne-team-building\/#primaryimage"},"image":{"@id":"https:\/\/www.mystery.city\/fr\/produit\/lisbonne-team-building\/#primaryimage"},"thumbnailUrl":"https:\/\/www.mystery.city\/wp-content\/uploads\/2026\/01\/Lisbon-w-stix.webp","datePublished":"2026-02-24T13:49:46+00:00","dateModified":"2026-03-16T14:57:39+00:00","description":"Organisez votre prochain team building \u00e0 Lisbonne avec un jeu de piste ! R\u00e9soudre des \u00e9nigmes, explorer la ville et concourir pour gagner - prix et boissons inclus !","breadcrumb":{"@id":"https:\/\/www.mystery.city\/fr\/produit\/lisbonne-team-building\/#breadcrumb"},"inLanguage":"fr-FR","potentialAction":[{"@type":"ReadAction","target":["https:\/\/www.mystery.city\/fr\/produit\/lisbonne-team-building\/"]}]},{"@type":"ImageObject","inLanguage":"fr-FR","@id":"https:\/\/www.mystery.city\/fr\/produit\/lisbonne-team-building\/#primaryimage","url":"https:\/\/www.mystery.city\/wp-content\/uploads\/2026\/01\/Lisbon-w-stix.webp","contentUrl":"https:\/\/www.mystery.city\/wp-content\/uploads\/2026\/01\/Lisbon-w-stix.webp","width":884,"height":630,"caption":"Chasse au tr\u00e9sor \u00e0 Lisbonne, chasse au tr\u00e9sor \u00e0 Lisbonne, escape room en plein air \u00e0 Lisbonne, activit\u00e9 de team building \u00e0 Lisbonne, \u00e9v\u00e9nements d'entreprise \u00e0 Lisbonne, groupes scolaires \u00e0 Lisbonne."},{"@type":"BreadcrumbList","@id":"https:\/\/www.mystery.city\/fr\/produit\/lisbonne-team-building\/#breadcrumb","itemListElement":[{"@type":"ListItem","position":1,"name":"Home","item":"https:\/\/www.mystery.city\/fr\/"},{"@type":"ListItem","position":2,"name":"Shop","item":"https:\/\/www.mystery.city\/shop\/"},{"@type":"ListItem","position":3,"name":"L&#8217;Espion de l&#8217;Ombre &#8211; Team Building"}]},{"@type":"WebSite","@id":"https:\/\/www.mystery.city\/fr\/#website","url":"https:\/\/www.mystery.city\/fr\/","name":"Mystery City Games","description":"Explore the City, Solve Puzzles, Unlock History","publisher":{"@id":"https:\/\/www.mystery.city\/fr\/#organization"},"alternateName":"Mystery City Games","potentialAction":[{"@type":"SearchAction","target":{"@type":"EntryPoint","urlTemplate":"https:\/\/www.mystery.city\/fr\/?s={search_term_string}"},"query-input":{"@type":"PropertyValueSpecification","valueRequired":true,"valueName":"search_term_string"}}],"inLanguage":"fr-FR"},{"@type":"Organization","@id":"https:\/\/www.mystery.city\/fr\/#organization","name":"Mystery City Games","alternateName":"Mystery City Games","url":"https:\/\/www.mystery.city\/fr\/","logo":{"@type":"ImageObject","inLanguage":"fr-FR","@id":"https:\/\/www.mystery.city\/fr\/#\/schema\/logo\/image\/","url":"https:\/\/www.mystery.city\/wp-content\/uploads\/2025\/02\/Mystery-City-Games-Logo-2048x394-1.png","contentUrl":"https:\/\/www.mystery.city\/wp-content\/uploads\/2025\/02\/Mystery-City-Games-Logo-2048x394-1.png","width":2048,"height":394,"caption":"Mystery City Games"},"image":{"@id":"https:\/\/www.mystery.city\/fr\/#\/schema\/logo\/image\/"},"sameAs":["https:\/\/www.facebook.com\/MysteryCityGames\/","https:\/\/www.instagram.com\/mysterycitygames\/","https:\/\/www.linkedin.com\/company\/mystery-city-games","https:\/\/www.tiktok.com\/@mysterycitygames","https:\/\/www.youtube.com\/@mysterycitygames"]}]}},"_links":{"self":[{"href":"https:\/\/www.mystery.city\/fr\/wp-json\/wp\/v2\/product\/15438","targetHints":{"allow":["GET"]}}],"collection":[{"href":"https:\/\/www.mystery.city\/fr\/wp-json\/wp\/v2\/product"}],"about":[{"href":"https:\/\/www.mystery.city\/fr\/wp-json\/wp\/v2\/types\/product"}],"wp:featuredmedia":[{"embeddable":true,"href":"https:\/\/www.mystery.city\/fr\/wp-json\/wp\/v2\/media\/15372"}],"wp:attachment":[{"href":"https:\/\/www.mystery.city\/fr\/wp-json\/wp\/v2\/media?parent=15438"}],"wp:term":[{"taxonomy":"product_brand","embeddable":true,"href":"https:\/\/www.mystery.city\/fr\/wp-json\/wp\/v2\/product_brand?post=15438"},{"taxonomy":"product_cat","embeddable":true,"href":"https:\/\/www.mystery.city\/fr\/wp-json\/wp\/v2\/product_cat?post=15438"},{"taxonomy":"product_tag","embeddable":true,"href":"https:\/\/www.mystery.city\/fr\/wp-json\/wp\/v2\/product_tag?post=15438"}],"curies":[{"name":"wp","href":"https:\/\/api.w.org\/{rel}","templated":true}]}}