{"id":15651,"date":"2025-03-07T08:15:49","date_gmt":"2025-03-07T07:15:49","guid":{"rendered":"https:\/\/www.mystery.city\/product\/l-affaire-des-joyaux-de-la-couronne\/"},"modified":"2026-04-21T14:35:35","modified_gmt":"2026-04-21T13:35:35","slug":"jeu-de-piste-dublin","status":"publish","type":"product","link":"https:\/\/www.mystery.city\/fr\/produit\/jeu-de-piste-dublin\/","title":{"rendered":"L&rsquo; Affaire des Joyaux de la Couronne"},"content":{"rendered":"<p>Les inestimables <b>joyaux de la Couronne de l&rsquo;Irlande ont \u00e9t\u00e9 vol\u00e9s <\/b>tout droit du <b>ch\u00e2teau de Dublin<\/b> ! Enfilez votre <b>chapeau de d\u00e9tective, suivez la piste <\/b>et <b>enqu\u00eatez sur les indices <\/b>afin de <b>r\u00e9soudre le crime <\/b>dans ce <a href=\"https:\/\/www.mystery.city\/fr\/\"><b>escape room en plein air <\/b><\/a>, avant que les voleurs ne s&rsquo;enfuient !<\/p>\n<p><b>D\u00e9couvrez l&rsquo;histoire de Dublin<\/b> gr\u00e2ce \u00e0 cette <b>chasse au tr\u00e9sor bas\u00e9e sur une aventure<\/b> inspir\u00e9e d&rsquo;<b> une vraie histoire<\/b>. Visitez des sites c\u00e9l\u00e8bres, d\u00e9couvrez des tr\u00e9sors cach\u00e9s, et plongez dans l&rsquo; univers du scandale et de la trahison.<\/p>\n<p>Pouvez-vous vous <b>r\u00e9soudre le myst\u00e8re<\/b> ? Plongez dans l&rsquo;histoire et d\u00e9couvrez pourquoi c&rsquo;est l&rsquo; activit\u00e9 <b>la plus amusante \u00e0 Dublin !<\/b><\/p>\n","protected":false},"excerpt":{"rendered":"<p><script type=\"text\/javascript\" src=\"https:\/\/bookeo.com\/widget.js?a=42551JFW7PA17A3859B833&#038;type=42551YT9WWR18A45A22C2C\"><\/script><\/p>\n","protected":false},"featured_media":9211,"template":"","meta":{"_acf_changed":false,"postBodyCss":"","postBodyMargin":[],"postBodyPadding":[],"postBodyBackground":{"backgroundType":"classic","gradient":""}},"product_brand":[],"product_cat":[81],"product_tag":[119],"class_list":{"0":"post-15651","1":"product","2":"type-product","3":"status-publish","4":"has-post-thumbnail","6":"product_cat-game","7":"product_tag-bookeo-fr","9":"first","10":"instock","11":"virtual","12":"taxable","13":"purchasable","14":"product-type-simple"},"acf":[],"yoast_head":"<!-- This site is optimized with the Yoast SEO plugin v27.4 - https:\/\/yoast.com\/product\/yoast-seo-wordpress\/ -->\n<title>Dublin Jeu de Piste - Mystery City Games - L&#039; Affaire des Joyaux de la Couronne<\/title>\n<meta name=\"description\" content=\"Participez \u00e0 une chasse au tr\u00e9sor \u00e0 travers Dublin ! R\u00e9solvez des \u00e9nigmes, trouvez des suspects, et r\u00e9cup\u00e9rez les joyaux vol\u00e9s gr\u00e2ce \u00e0 ce jeu de piste.\" \/>\n<meta name=\"robots\" content=\"index, follow, max-snippet:-1, max-image-preview:large, max-video-preview:-1\" \/>\n<link rel=\"canonical\" href=\"https:\/\/www.mystery.city\/fr\/produit\/jeu-de-piste-dublin\/\" \/>\n<meta property=\"og:locale\" content=\"fr_FR\" \/>\n<meta property=\"og:type\" content=\"article\" \/>\n<meta property=\"og:title\" content=\"Dublin Jeu de Piste - Mystery City Games - L&#039; Affaire des Joyaux de la Couronne\" \/>\n<meta property=\"og:description\" content=\"Participez \u00e0 une chasse au tr\u00e9sor \u00e0 travers Dublin ! R\u00e9solvez des \u00e9nigmes, trouvez des suspects, et r\u00e9cup\u00e9rez les joyaux vol\u00e9s gr\u00e2ce \u00e0 ce jeu de piste.\" \/>\n<meta property=\"og:url\" content=\"https:\/\/www.mystery.city\/fr\/produit\/jeu-de-piste-dublin\/\" \/>\n<meta property=\"og:site_name\" content=\"Mystery City Games\" \/>\n<meta property=\"article:publisher\" content=\"https:\/\/www.facebook.com\/MysteryCityGames\/\" \/>\n<meta property=\"article:modified_time\" content=\"2026-04-21T13:35:35+00:00\" \/>\n<meta property=\"og:image\" content=\"https:\/\/www.mystery.city\/wp-content\/uploads\/2025\/03\/Dublin-with-stix.png\" \/>\n\t<meta property=\"og:image:width\" content=\"717\" \/>\n\t<meta property=\"og:image:height\" content=\"562\" \/>\n\t<meta property=\"og:image:type\" content=\"image\/png\" \/>\n<meta name=\"twitter:card\" content=\"summary_large_image\" \/>\n<script type=\"application\/ld+json\" class=\"yoast-schema-graph\">{\"@context\":\"https:\\\/\\\/schema.org\",\"@graph\":[{\"@type\":\"WebPage\",\"@id\":\"https:\\\/\\\/www.mystery.city\\\/fr\\\/produit\\\/jeu-de-piste-dublin\\\/\",\"url\":\"https:\\\/\\\/www.mystery.city\\\/fr\\\/produit\\\/jeu-de-piste-dublin\\\/\",\"name\":\"Dublin Jeu de Piste - Mystery City Games - L' Affaire des Joyaux de la Couronne\",\"isPartOf\":{\"@id\":\"https:\\\/\\\/www.mystery.city\\\/fr\\\/#website\"},\"primaryImageOfPage\":{\"@id\":\"https:\\\/\\\/www.mystery.city\\\/fr\\\/produit\\\/jeu-de-piste-dublin\\\/#primaryimage\"},\"image\":{\"@id\":\"https:\\\/\\\/www.mystery.city\\\/fr\\\/produit\\\/jeu-de-piste-dublin\\\/#primaryimage\"},\"thumbnailUrl\":\"https:\\\/\\\/www.mystery.city\\\/wp-content\\\/uploads\\\/2025\\\/03\\\/Dublin-with-stix.png\",\"datePublished\":\"2025-03-07T07:15:49+00:00\",\"dateModified\":\"2026-04-21T13:35:35+00:00\",\"description\":\"Participez \u00e0 une chasse au tr\u00e9sor \u00e0 travers Dublin ! R\u00e9solvez des \u00e9nigmes, trouvez des suspects, et r\u00e9cup\u00e9rez les joyaux vol\u00e9s gr\u00e2ce \u00e0 ce jeu de piste.\",\"breadcrumb\":{\"@id\":\"https:\\\/\\\/www.mystery.city\\\/fr\\\/produit\\\/jeu-de-piste-dublin\\\/#breadcrumb\"},\"inLanguage\":\"fr-FR\",\"potentialAction\":[{\"@type\":\"ReadAction\",\"target\":[\"https:\\\/\\\/www.mystery.city\\\/fr\\\/produit\\\/jeu-de-piste-dublin\\\/\"]}]},{\"@type\":\"ImageObject\",\"inLanguage\":\"fr-FR\",\"@id\":\"https:\\\/\\\/www.mystery.city\\\/fr\\\/produit\\\/jeu-de-piste-dublin\\\/#primaryimage\",\"url\":\"https:\\\/\\\/www.mystery.city\\\/wp-content\\\/uploads\\\/2025\\\/03\\\/Dublin-with-stix.png\",\"contentUrl\":\"https:\\\/\\\/www.mystery.city\\\/wp-content\\\/uploads\\\/2025\\\/03\\\/Dublin-with-stix.png\",\"width\":717,\"height\":562,\"caption\":\"Dublin Chasse au tr\u00e9sor, Chasse au tr\u00e9sor, Chasse au tr\u00e9sor, Chasse au tr\u00e9sor, Escape game en plein air, Jeux de la ville myst\u00e9rieuse \u00e0 Dublin, choses \u00e0 faire \u00e0 Dublin, activit\u00e9 de groupe \u00e0 Dublin\"},{\"@type\":\"BreadcrumbList\",\"@id\":\"https:\\\/\\\/www.mystery.city\\\/fr\\\/produit\\\/jeu-de-piste-dublin\\\/#breadcrumb\",\"itemListElement\":[{\"@type\":\"ListItem\",\"position\":1,\"name\":\"Home\",\"item\":\"https:\\\/\\\/www.mystery.city\\\/fr\\\/\"},{\"@type\":\"ListItem\",\"position\":2,\"name\":\"Boutique\",\"item\":\"https:\\\/\\\/www.mystery.city\\\/shop\\\/\"},{\"@type\":\"ListItem\",\"position\":3,\"name\":\"L&#8217; Affaire des Joyaux de la Couronne\"}]},{\"@type\":\"WebSite\",\"@id\":\"https:\\\/\\\/www.mystery.city\\\/fr\\\/#website\",\"url\":\"https:\\\/\\\/www.mystery.city\\\/fr\\\/\",\"name\":\"Mystery City Games\",\"description\":\"Explore the City, Solve Puzzles, Unlock History\",\"publisher\":{\"@id\":\"https:\\\/\\\/www.mystery.city\\\/fr\\\/#organization\"},\"alternateName\":\"Mystery City Games\",\"potentialAction\":[{\"@type\":\"SearchAction\",\"target\":{\"@type\":\"EntryPoint\",\"urlTemplate\":\"https:\\\/\\\/www.mystery.city\\\/fr\\\/?s={search_term_string}\"},\"query-input\":{\"@type\":\"PropertyValueSpecification\",\"valueRequired\":true,\"valueName\":\"search_term_string\"}}],\"inLanguage\":\"fr-FR\"},{\"@type\":\"Organization\",\"@id\":\"https:\\\/\\\/www.mystery.city\\\/fr\\\/#organization\",\"name\":\"Mystery City Games\",\"alternateName\":\"Mystery City Games\",\"url\":\"https:\\\/\\\/www.mystery.city\\\/fr\\\/\",\"logo\":{\"@type\":\"ImageObject\",\"inLanguage\":\"fr-FR\",\"@id\":\"https:\\\/\\\/www.mystery.city\\\/fr\\\/#\\\/schema\\\/logo\\\/image\\\/\",\"url\":\"https:\\\/\\\/www.mystery.city\\\/wp-content\\\/uploads\\\/2025\\\/02\\\/Mystery-City-Games-Logo-2048x394-1.png\",\"contentUrl\":\"https:\\\/\\\/www.mystery.city\\\/wp-content\\\/uploads\\\/2025\\\/02\\\/Mystery-City-Games-Logo-2048x394-1.png\",\"width\":2048,\"height\":394,\"caption\":\"Mystery City Games\"},\"image\":{\"@id\":\"https:\\\/\\\/www.mystery.city\\\/fr\\\/#\\\/schema\\\/logo\\\/image\\\/\"},\"sameAs\":[\"https:\\\/\\\/www.facebook.com\\\/MysteryCityGames\\\/\",\"https:\\\/\\\/www.instagram.com\\\/mysterycitygames\\\/\",\"https:\\\/\\\/www.linkedin.com\\\/company\\\/mystery-city-games\",\"https:\\\/\\\/www.tiktok.com\\\/@mysterycitygames\",\"https:\\\/\\\/www.youtube.com\\\/@mysterycitygames\"]}]}<\/script>\n<!-- \/ Yoast SEO plugin. -->","yoast_head_json":{"title":"Dublin Jeu de Piste - Mystery City Games - L' Affaire des Joyaux de la Couronne","description":"Participez \u00e0 une chasse au tr\u00e9sor \u00e0 travers Dublin ! R\u00e9solvez des \u00e9nigmes, trouvez des suspects, et r\u00e9cup\u00e9rez les joyaux vol\u00e9s gr\u00e2ce \u00e0 ce jeu de piste.","robots":{"index":"index","follow":"follow","max-snippet":"max-snippet:-1","max-image-preview":"max-image-preview:large","max-video-preview":"max-video-preview:-1"},"canonical":"https:\/\/www.mystery.city\/fr\/produit\/jeu-de-piste-dublin\/","og_locale":"fr_FR","og_type":"article","og_title":"Dublin Jeu de Piste - Mystery City Games - L' Affaire des Joyaux de la Couronne","og_description":"Participez \u00e0 une chasse au tr\u00e9sor \u00e0 travers Dublin ! R\u00e9solvez des \u00e9nigmes, trouvez des suspects, et r\u00e9cup\u00e9rez les joyaux vol\u00e9s gr\u00e2ce \u00e0 ce jeu de piste.","og_url":"https:\/\/www.mystery.city\/fr\/produit\/jeu-de-piste-dublin\/","og_site_name":"Mystery City Games","article_publisher":"https:\/\/www.facebook.com\/MysteryCityGames\/","article_modified_time":"2026-04-21T13:35:35+00:00","og_image":[{"width":717,"height":562,"url":"https:\/\/www.mystery.city\/wp-content\/uploads\/2025\/03\/Dublin-with-stix.png","type":"image\/png"}],"twitter_card":"summary_large_image","schema":{"@context":"https:\/\/schema.org","@graph":[{"@type":"WebPage","@id":"https:\/\/www.mystery.city\/fr\/produit\/jeu-de-piste-dublin\/","url":"https:\/\/www.mystery.city\/fr\/produit\/jeu-de-piste-dublin\/","name":"Dublin Jeu de Piste - Mystery City Games - L' Affaire des Joyaux de la Couronne","isPartOf":{"@id":"https:\/\/www.mystery.city\/fr\/#website"},"primaryImageOfPage":{"@id":"https:\/\/www.mystery.city\/fr\/produit\/jeu-de-piste-dublin\/#primaryimage"},"image":{"@id":"https:\/\/www.mystery.city\/fr\/produit\/jeu-de-piste-dublin\/#primaryimage"},"thumbnailUrl":"https:\/\/www.mystery.city\/wp-content\/uploads\/2025\/03\/Dublin-with-stix.png","datePublished":"2025-03-07T07:15:49+00:00","dateModified":"2026-04-21T13:35:35+00:00","description":"Participez \u00e0 une chasse au tr\u00e9sor \u00e0 travers Dublin ! R\u00e9solvez des \u00e9nigmes, trouvez des suspects, et r\u00e9cup\u00e9rez les joyaux vol\u00e9s gr\u00e2ce \u00e0 ce jeu de piste.","breadcrumb":{"@id":"https:\/\/www.mystery.city\/fr\/produit\/jeu-de-piste-dublin\/#breadcrumb"},"inLanguage":"fr-FR","potentialAction":[{"@type":"ReadAction","target":["https:\/\/www.mystery.city\/fr\/produit\/jeu-de-piste-dublin\/"]}]},{"@type":"ImageObject","inLanguage":"fr-FR","@id":"https:\/\/www.mystery.city\/fr\/produit\/jeu-de-piste-dublin\/#primaryimage","url":"https:\/\/www.mystery.city\/wp-content\/uploads\/2025\/03\/Dublin-with-stix.png","contentUrl":"https:\/\/www.mystery.city\/wp-content\/uploads\/2025\/03\/Dublin-with-stix.png","width":717,"height":562,"caption":"Dublin Chasse au tr\u00e9sor, Chasse au tr\u00e9sor, Chasse au tr\u00e9sor, Chasse au tr\u00e9sor, Escape game en plein air, Jeux de la ville myst\u00e9rieuse \u00e0 Dublin, choses \u00e0 faire \u00e0 Dublin, activit\u00e9 de groupe \u00e0 Dublin"},{"@type":"BreadcrumbList","@id":"https:\/\/www.mystery.city\/fr\/produit\/jeu-de-piste-dublin\/#breadcrumb","itemListElement":[{"@type":"ListItem","position":1,"name":"Home","item":"https:\/\/www.mystery.city\/fr\/"},{"@type":"ListItem","position":2,"name":"Boutique","item":"https:\/\/www.mystery.city\/shop\/"},{"@type":"ListItem","position":3,"name":"L&#8217; Affaire des Joyaux de la Couronne"}]},{"@type":"WebSite","@id":"https:\/\/www.mystery.city\/fr\/#website","url":"https:\/\/www.mystery.city\/fr\/","name":"Mystery City Games","description":"Explore the City, Solve Puzzles, Unlock History","publisher":{"@id":"https:\/\/www.mystery.city\/fr\/#organization"},"alternateName":"Mystery City Games","potentialAction":[{"@type":"SearchAction","target":{"@type":"EntryPoint","urlTemplate":"https:\/\/www.mystery.city\/fr\/?s={search_term_string}"},"query-input":{"@type":"PropertyValueSpecification","valueRequired":true,"valueName":"search_term_string"}}],"inLanguage":"fr-FR"},{"@type":"Organization","@id":"https:\/\/www.mystery.city\/fr\/#organization","name":"Mystery City Games","alternateName":"Mystery City Games","url":"https:\/\/www.mystery.city\/fr\/","logo":{"@type":"ImageObject","inLanguage":"fr-FR","@id":"https:\/\/www.mystery.city\/fr\/#\/schema\/logo\/image\/","url":"https:\/\/www.mystery.city\/wp-content\/uploads\/2025\/02\/Mystery-City-Games-Logo-2048x394-1.png","contentUrl":"https:\/\/www.mystery.city\/wp-content\/uploads\/2025\/02\/Mystery-City-Games-Logo-2048x394-1.png","width":2048,"height":394,"caption":"Mystery City Games"},"image":{"@id":"https:\/\/www.mystery.city\/fr\/#\/schema\/logo\/image\/"},"sameAs":["https:\/\/www.facebook.com\/MysteryCityGames\/","https:\/\/www.instagram.com\/mysterycitygames\/","https:\/\/www.linkedin.com\/company\/mystery-city-games","https:\/\/www.tiktok.com\/@mysterycitygames","https:\/\/www.youtube.com\/@mysterycitygames"]}]}},"_links":{"self":[{"href":"https:\/\/www.mystery.city\/fr\/wp-json\/wp\/v2\/product\/15651","targetHints":{"allow":["GET"]}}],"collection":[{"href":"https:\/\/www.mystery.city\/fr\/wp-json\/wp\/v2\/product"}],"about":[{"href":"https:\/\/www.mystery.city\/fr\/wp-json\/wp\/v2\/types\/product"}],"wp:featuredmedia":[{"embeddable":true,"href":"https:\/\/www.mystery.city\/fr\/wp-json\/wp\/v2\/media\/9211"}],"wp:attachment":[{"href":"https:\/\/www.mystery.city\/fr\/wp-json\/wp\/v2\/media?parent=15651"}],"wp:term":[{"taxonomy":"product_brand","embeddable":true,"href":"https:\/\/www.mystery.city\/fr\/wp-json\/wp\/v2\/product_brand?post=15651"},{"taxonomy":"product_cat","embeddable":true,"href":"https:\/\/www.mystery.city\/fr\/wp-json\/wp\/v2\/product_cat?post=15651"},{"taxonomy":"product_tag","embeddable":true,"href":"https:\/\/www.mystery.city\/fr\/wp-json\/wp\/v2\/product_tag?post=15651"}],"curies":[{"name":"wp","href":"https:\/\/api.w.org\/{rel}","templated":true}]}}