{"id":9318,"date":"2025-03-26T14:24:06","date_gmt":"2025-03-26T13:24:06","guid":{"rendered":"https:\/\/mysterycity.com\/product\/la-recherche-de-la-pierre-du-serpent\/"},"modified":"2025-09-12T00:40:13","modified_gmt":"2025-09-11T23:40:13","slug":"la-recherche-de-la-pierre-du-serpent","status":"publish","type":"product","link":"https:\/\/www.mystery.city\/fr\/produit\/la-recherche-de-la-pierre-du-serpent\/","title":{"rendered":"La Recherche de la Pierre du Serpent"},"content":{"rendered":"<p>Votre <b>professeur a disparu<\/b>&#8230; cela doit avoir un rapport avec sa <b>Recherche de la Pierre du Serpent mythique<\/b>! <b>Suivez sa trace<\/b> et <b>r\u00e9solvez ses \u00e9nigmes<\/b> dans cet <b>escape game en plein air<\/b> afin de d\u00e9couvrir l&rsquo;<b>histoire perdue de Barcelone<\/b> en mati\u00e8re de <b>magie et de sorcellerie<\/b>.<\/p>\n<p><b>Explorez l&rsquo;histoire de Barcelone<\/b> dans cette <b>chasse au tr\u00e9sor<\/b> bas\u00e9e sur<b> une histoire vraie<\/b>. Visitez des sites c\u00e9l\u00e8bres, d\u00e9couvrez des joyaux cach\u00e9s et plongez dans le monde des rois, des alchimistes, et des sorciers de la Barcelone m\u00e9di\u00e9vale.<\/p>\n<p><b>R\u00e9soudrez-vous le myst\u00e8re ? <\/b>Entrez dans l&rsquo;histoire et d\u00e9couvrez pourquoi il s&rsquo;agit de l&rsquo;<b>activit\u00e9 la plus amusante de Barcelone !<\/b><\/p>\n","protected":false},"excerpt":{"rendered":"<p><script type=\"text\/javascript\" src=\"https:\/\/bookeo.com\/widget.js?a=42551JFW7PA17A3859B833&#038;type=425513M7F7M1881FE1C17C&#038;languageCode=fr_FR\"><\/script><\/p>\n","protected":false},"featured_media":7852,"template":"","meta":{"_acf_changed":false,"postBodyCss":"","postBodyMargin":[],"postBodyPadding":[],"postBodyBackground":{"backgroundType":"classic","gradient":""}},"product_brand":[],"product_cat":[81,25],"product_tag":[119],"class_list":{"0":"post-9318","1":"product","2":"type-product","3":"status-publish","4":"has-post-thumbnail","6":"product_cat-game","7":"product_cat-uncategorized","8":"product_tag-bookeo-fr","10":"first","11":"instock","12":"virtual","13":"taxable","14":"purchasable","15":"product-type-simple"},"acf":[],"yoast_head":"<!-- This site is optimized with the Yoast SEO plugin v27.4 - https:\/\/yoast.com\/product\/yoast-seo-wordpress\/ -->\n<title>La Recherche de la Pierre du Serpent - Mystery City Games<\/title>\n<meta name=\"description\" content=\"D\u00e9couvrez des histoires de rois, de sorci\u00e8res et de sorciers dans la Barcelone m\u00e9di\u00e9vale avec cette chasse au tr\u00e9sor inspir\u00e9e de faits r\u00e9els. \u00c0 ne pas manquer !\" \/>\n<meta name=\"robots\" content=\"index, follow, max-snippet:-1, max-image-preview:large, max-video-preview:-1\" \/>\n<link rel=\"canonical\" href=\"https:\/\/www.mystery.city\/fr\/produit\/la-recherche-de-la-pierre-du-serpent\/\" \/>\n<meta property=\"og:locale\" content=\"fr_FR\" \/>\n<meta property=\"og:type\" content=\"article\" \/>\n<meta property=\"og:title\" content=\"La Recherche de la Pierre du Serpent - Mystery City Games\" \/>\n<meta property=\"og:description\" content=\"D\u00e9couvrez des histoires de rois, de sorci\u00e8res et de sorciers dans la Barcelone m\u00e9di\u00e9vale avec cette chasse au tr\u00e9sor inspir\u00e9e de faits r\u00e9els. \u00c0 ne pas manquer !\" \/>\n<meta property=\"og:url\" content=\"https:\/\/www.mystery.city\/fr\/produit\/la-recherche-de-la-pierre-du-serpent\/\" \/>\n<meta property=\"og:site_name\" content=\"Mystery City Games\" \/>\n<meta property=\"article:publisher\" content=\"https:\/\/www.facebook.com\/MysteryCityGames\/\" \/>\n<meta property=\"article:modified_time\" content=\"2025-09-11T23:40:13+00:00\" \/>\n<meta property=\"og:image\" content=\"https:\/\/www.mystery.city\/wp-content\/uploads\/2025\/03\/Snake-with-stix.png\" \/>\n\t<meta property=\"og:image:width\" content=\"700\" \/>\n\t<meta property=\"og:image:height\" content=\"566\" \/>\n\t<meta property=\"og:image:type\" content=\"image\/png\" \/>\n<meta name=\"twitter:card\" content=\"summary_large_image\" \/>\n<script type=\"application\/ld+json\" class=\"yoast-schema-graph\">{\"@context\":\"https:\\\/\\\/schema.org\",\"@graph\":[{\"@type\":\"WebPage\",\"@id\":\"https:\\\/\\\/www.mystery.city\\\/fr\\\/produit\\\/la-recherche-de-la-pierre-du-serpent\\\/\",\"url\":\"https:\\\/\\\/www.mystery.city\\\/fr\\\/produit\\\/la-recherche-de-la-pierre-du-serpent\\\/\",\"name\":\"La Recherche de la Pierre du Serpent - Mystery City Games\",\"isPartOf\":{\"@id\":\"https:\\\/\\\/www.mystery.city\\\/fr\\\/#website\"},\"primaryImageOfPage\":{\"@id\":\"https:\\\/\\\/www.mystery.city\\\/fr\\\/produit\\\/la-recherche-de-la-pierre-du-serpent\\\/#primaryimage\"},\"image\":{\"@id\":\"https:\\\/\\\/www.mystery.city\\\/fr\\\/produit\\\/la-recherche-de-la-pierre-du-serpent\\\/#primaryimage\"},\"thumbnailUrl\":\"https:\\\/\\\/www.mystery.city\\\/wp-content\\\/uploads\\\/2025\\\/03\\\/Snake-with-stix.png\",\"datePublished\":\"2025-03-26T13:24:06+00:00\",\"dateModified\":\"2025-09-11T23:40:13+00:00\",\"description\":\"D\u00e9couvrez des histoires de rois, de sorci\u00e8res et de sorciers dans la Barcelone m\u00e9di\u00e9vale avec cette chasse au tr\u00e9sor inspir\u00e9e de faits r\u00e9els. \u00c0 ne pas manquer !\",\"breadcrumb\":{\"@id\":\"https:\\\/\\\/www.mystery.city\\\/fr\\\/produit\\\/la-recherche-de-la-pierre-du-serpent\\\/#breadcrumb\"},\"inLanguage\":\"fr-FR\",\"potentialAction\":[{\"@type\":\"ReadAction\",\"target\":[\"https:\\\/\\\/www.mystery.city\\\/fr\\\/produit\\\/la-recherche-de-la-pierre-du-serpent\\\/\"]}]},{\"@type\":\"ImageObject\",\"inLanguage\":\"fr-FR\",\"@id\":\"https:\\\/\\\/www.mystery.city\\\/fr\\\/produit\\\/la-recherche-de-la-pierre-du-serpent\\\/#primaryimage\",\"url\":\"https:\\\/\\\/www.mystery.city\\\/wp-content\\\/uploads\\\/2025\\\/03\\\/Snake-with-stix.png\",\"contentUrl\":\"https:\\\/\\\/www.mystery.city\\\/wp-content\\\/uploads\\\/2025\\\/03\\\/Snake-with-stix.png\",\"width\":700,\"height\":566,\"caption\":\"Barcelona Outdoor Escape Room \u2013 The Snake Stone Quest\"},{\"@type\":\"BreadcrumbList\",\"@id\":\"https:\\\/\\\/www.mystery.city\\\/fr\\\/produit\\\/la-recherche-de-la-pierre-du-serpent\\\/#breadcrumb\",\"itemListElement\":[{\"@type\":\"ListItem\",\"position\":1,\"name\":\"Home\",\"item\":\"https:\\\/\\\/www.mystery.city\\\/fr\\\/\"},{\"@type\":\"ListItem\",\"position\":2,\"name\":\"Boutique\",\"item\":\"https:\\\/\\\/www.mystery.city\\\/shop\\\/\"},{\"@type\":\"ListItem\",\"position\":3,\"name\":\"La Recherche de la Pierre du Serpent\"}]},{\"@type\":\"WebSite\",\"@id\":\"https:\\\/\\\/www.mystery.city\\\/fr\\\/#website\",\"url\":\"https:\\\/\\\/www.mystery.city\\\/fr\\\/\",\"name\":\"Mystery City Games\",\"description\":\"Explore the City, Solve Puzzles, Unlock History\",\"publisher\":{\"@id\":\"https:\\\/\\\/www.mystery.city\\\/fr\\\/#organization\"},\"alternateName\":\"Mystery City Games\",\"potentialAction\":[{\"@type\":\"SearchAction\",\"target\":{\"@type\":\"EntryPoint\",\"urlTemplate\":\"https:\\\/\\\/www.mystery.city\\\/fr\\\/?s={search_term_string}\"},\"query-input\":{\"@type\":\"PropertyValueSpecification\",\"valueRequired\":true,\"valueName\":\"search_term_string\"}}],\"inLanguage\":\"fr-FR\"},{\"@type\":\"Organization\",\"@id\":\"https:\\\/\\\/www.mystery.city\\\/fr\\\/#organization\",\"name\":\"Mystery City Games\",\"alternateName\":\"Mystery City Games\",\"url\":\"https:\\\/\\\/www.mystery.city\\\/fr\\\/\",\"logo\":{\"@type\":\"ImageObject\",\"inLanguage\":\"fr-FR\",\"@id\":\"https:\\\/\\\/www.mystery.city\\\/fr\\\/#\\\/schema\\\/logo\\\/image\\\/\",\"url\":\"https:\\\/\\\/www.mystery.city\\\/wp-content\\\/uploads\\\/2025\\\/02\\\/Mystery-City-Games-Logo-2048x394-1.png\",\"contentUrl\":\"https:\\\/\\\/www.mystery.city\\\/wp-content\\\/uploads\\\/2025\\\/02\\\/Mystery-City-Games-Logo-2048x394-1.png\",\"width\":2048,\"height\":394,\"caption\":\"Mystery City Games\"},\"image\":{\"@id\":\"https:\\\/\\\/www.mystery.city\\\/fr\\\/#\\\/schema\\\/logo\\\/image\\\/\"},\"sameAs\":[\"https:\\\/\\\/www.facebook.com\\\/MysteryCityGames\\\/\",\"https:\\\/\\\/www.instagram.com\\\/mysterycitygames\\\/\",\"https:\\\/\\\/www.linkedin.com\\\/company\\\/mystery-city-games\",\"https:\\\/\\\/www.tiktok.com\\\/@mysterycitygames\",\"https:\\\/\\\/www.youtube.com\\\/@mysterycitygames\"]}]}<\/script>\n<!-- \/ Yoast SEO plugin. -->","yoast_head_json":{"title":"La Recherche de la Pierre du Serpent - Mystery City Games","description":"D\u00e9couvrez des histoires de rois, de sorci\u00e8res et de sorciers dans la Barcelone m\u00e9di\u00e9vale avec cette chasse au tr\u00e9sor inspir\u00e9e de faits r\u00e9els. \u00c0 ne pas manquer !","robots":{"index":"index","follow":"follow","max-snippet":"max-snippet:-1","max-image-preview":"max-image-preview:large","max-video-preview":"max-video-preview:-1"},"canonical":"https:\/\/www.mystery.city\/fr\/produit\/la-recherche-de-la-pierre-du-serpent\/","og_locale":"fr_FR","og_type":"article","og_title":"La Recherche de la Pierre du Serpent - Mystery City Games","og_description":"D\u00e9couvrez des histoires de rois, de sorci\u00e8res et de sorciers dans la Barcelone m\u00e9di\u00e9vale avec cette chasse au tr\u00e9sor inspir\u00e9e de faits r\u00e9els. \u00c0 ne pas manquer !","og_url":"https:\/\/www.mystery.city\/fr\/produit\/la-recherche-de-la-pierre-du-serpent\/","og_site_name":"Mystery City Games","article_publisher":"https:\/\/www.facebook.com\/MysteryCityGames\/","article_modified_time":"2025-09-11T23:40:13+00:00","og_image":[{"width":700,"height":566,"url":"https:\/\/www.mystery.city\/wp-content\/uploads\/2025\/03\/Snake-with-stix.png","type":"image\/png"}],"twitter_card":"summary_large_image","schema":{"@context":"https:\/\/schema.org","@graph":[{"@type":"WebPage","@id":"https:\/\/www.mystery.city\/fr\/produit\/la-recherche-de-la-pierre-du-serpent\/","url":"https:\/\/www.mystery.city\/fr\/produit\/la-recherche-de-la-pierre-du-serpent\/","name":"La Recherche de la Pierre du Serpent - Mystery City Games","isPartOf":{"@id":"https:\/\/www.mystery.city\/fr\/#website"},"primaryImageOfPage":{"@id":"https:\/\/www.mystery.city\/fr\/produit\/la-recherche-de-la-pierre-du-serpent\/#primaryimage"},"image":{"@id":"https:\/\/www.mystery.city\/fr\/produit\/la-recherche-de-la-pierre-du-serpent\/#primaryimage"},"thumbnailUrl":"https:\/\/www.mystery.city\/wp-content\/uploads\/2025\/03\/Snake-with-stix.png","datePublished":"2025-03-26T13:24:06+00:00","dateModified":"2025-09-11T23:40:13+00:00","description":"D\u00e9couvrez des histoires de rois, de sorci\u00e8res et de sorciers dans la Barcelone m\u00e9di\u00e9vale avec cette chasse au tr\u00e9sor inspir\u00e9e de faits r\u00e9els. \u00c0 ne pas manquer !","breadcrumb":{"@id":"https:\/\/www.mystery.city\/fr\/produit\/la-recherche-de-la-pierre-du-serpent\/#breadcrumb"},"inLanguage":"fr-FR","potentialAction":[{"@type":"ReadAction","target":["https:\/\/www.mystery.city\/fr\/produit\/la-recherche-de-la-pierre-du-serpent\/"]}]},{"@type":"ImageObject","inLanguage":"fr-FR","@id":"https:\/\/www.mystery.city\/fr\/produit\/la-recherche-de-la-pierre-du-serpent\/#primaryimage","url":"https:\/\/www.mystery.city\/wp-content\/uploads\/2025\/03\/Snake-with-stix.png","contentUrl":"https:\/\/www.mystery.city\/wp-content\/uploads\/2025\/03\/Snake-with-stix.png","width":700,"height":566,"caption":"Barcelona Outdoor Escape Room \u2013 The Snake Stone Quest"},{"@type":"BreadcrumbList","@id":"https:\/\/www.mystery.city\/fr\/produit\/la-recherche-de-la-pierre-du-serpent\/#breadcrumb","itemListElement":[{"@type":"ListItem","position":1,"name":"Home","item":"https:\/\/www.mystery.city\/fr\/"},{"@type":"ListItem","position":2,"name":"Boutique","item":"https:\/\/www.mystery.city\/shop\/"},{"@type":"ListItem","position":3,"name":"La Recherche de la Pierre du Serpent"}]},{"@type":"WebSite","@id":"https:\/\/www.mystery.city\/fr\/#website","url":"https:\/\/www.mystery.city\/fr\/","name":"Mystery City Games","description":"Explore the City, Solve Puzzles, Unlock History","publisher":{"@id":"https:\/\/www.mystery.city\/fr\/#organization"},"alternateName":"Mystery City Games","potentialAction":[{"@type":"SearchAction","target":{"@type":"EntryPoint","urlTemplate":"https:\/\/www.mystery.city\/fr\/?s={search_term_string}"},"query-input":{"@type":"PropertyValueSpecification","valueRequired":true,"valueName":"search_term_string"}}],"inLanguage":"fr-FR"},{"@type":"Organization","@id":"https:\/\/www.mystery.city\/fr\/#organization","name":"Mystery City Games","alternateName":"Mystery City Games","url":"https:\/\/www.mystery.city\/fr\/","logo":{"@type":"ImageObject","inLanguage":"fr-FR","@id":"https:\/\/www.mystery.city\/fr\/#\/schema\/logo\/image\/","url":"https:\/\/www.mystery.city\/wp-content\/uploads\/2025\/02\/Mystery-City-Games-Logo-2048x394-1.png","contentUrl":"https:\/\/www.mystery.city\/wp-content\/uploads\/2025\/02\/Mystery-City-Games-Logo-2048x394-1.png","width":2048,"height":394,"caption":"Mystery City Games"},"image":{"@id":"https:\/\/www.mystery.city\/fr\/#\/schema\/logo\/image\/"},"sameAs":["https:\/\/www.facebook.com\/MysteryCityGames\/","https:\/\/www.instagram.com\/mysterycitygames\/","https:\/\/www.linkedin.com\/company\/mystery-city-games","https:\/\/www.tiktok.com\/@mysterycitygames","https:\/\/www.youtube.com\/@mysterycitygames"]}]}},"_links":{"self":[{"href":"https:\/\/www.mystery.city\/fr\/wp-json\/wp\/v2\/product\/9318","targetHints":{"allow":["GET"]}}],"collection":[{"href":"https:\/\/www.mystery.city\/fr\/wp-json\/wp\/v2\/product"}],"about":[{"href":"https:\/\/www.mystery.city\/fr\/wp-json\/wp\/v2\/types\/product"}],"wp:featuredmedia":[{"embeddable":true,"href":"https:\/\/www.mystery.city\/fr\/wp-json\/wp\/v2\/media\/7852"}],"wp:attachment":[{"href":"https:\/\/www.mystery.city\/fr\/wp-json\/wp\/v2\/media?parent=9318"}],"wp:term":[{"taxonomy":"product_brand","embeddable":true,"href":"https:\/\/www.mystery.city\/fr\/wp-json\/wp\/v2\/product_brand?post=9318"},{"taxonomy":"product_cat","embeddable":true,"href":"https:\/\/www.mystery.city\/fr\/wp-json\/wp\/v2\/product_cat?post=9318"},{"taxonomy":"product_tag","embeddable":true,"href":"https:\/\/www.mystery.city\/fr\/wp-json\/wp\/v2\/product_tag?post=9318"}],"curies":[{"name":"wp","href":"https:\/\/api.w.org\/{rel}","templated":true}]}}