{"id":9319,"date":"2025-03-20T15:23:35","date_gmt":"2025-03-20T14:23:35","guid":{"rendered":"https:\/\/mysterycity.com\/product\/le-correspondant-inconnu-team-building\/"},"modified":"2026-03-16T15:57:39","modified_gmt":"2026-03-16T14:57:39","slug":"amsterdam-team-building","status":"publish","type":"product","link":"https:\/\/www.mystery.city\/fr\/produit\/amsterdam-team-building\/","title":{"rendered":"Le Correspondant Inconnu &#8211; Team building"},"content":{"rendered":"<h3>D\u00e9couvrez Amsterdam et renforcez votre \u00e9quipe<\/h3>\n<p>Ev\u00e9nement de team building avec prix, photo et boissons incluses !<\/p>\n<p>Dans cette activit\u00e9, les joueurs sont r\u00e9partis en \u00e9quipes qui :<\/p>\n<ul>\n<li>Courir \u00e0 travers la ville en suivant une carte au tr\u00e9sor<\/li>\n<li>Collaborer pour trouver des indices et ouvrir les cadenas<\/li>\n<li>Concourir avec leurs coll\u00e8gues pour gagner<\/li>\n<li>D\u00e9couvrez une histoire r\u00e9elle de l&rsquo;histoire d&rsquo;Amsterdam<\/li>\n<li>C\u00e9l\u00e9brez avec un verre \u00e0 la fin<\/li>\n<\/ul>\n","protected":false},"excerpt":{"rendered":"<p><script type=\"text\/javascript\" src=\"https:\/\/bookeo.com\/widget.js?a=42551JFW7PA17A3859B833&#038;type=42551MX6YTJ17A3DF8790F&#038;languageCode=fr_FR\"><\/script><\/p>\n","protected":false},"featured_media":10963,"template":"","meta":{"_acf_changed":false,"postBodyCss":"","postBodyMargin":[],"postBodyPadding":[],"postBodyBackground":{"backgroundType":"classic","gradient":""}},"product_brand":[],"product_cat":[79,25],"product_tag":[],"class_list":{"0":"post-9319","1":"product","2":"type-product","3":"status-publish","4":"has-post-thumbnail","6":"product_cat-teambuilding","7":"product_cat-uncategorized","9":"first","10":"instock","11":"virtual","12":"taxable","13":"purchasable","14":"product-type-simple"},"acf":[],"yoast_head":"<!-- This site is optimized with the Yoast SEO plugin v27.4 - https:\/\/yoast.com\/product\/yoast-seo-wordpress\/ -->\n<title>Le Correspondant Inconnu - Team building - Mystery City Games<\/title>\n<meta name=\"description\" content=\"Un \u00e9v\u00e9nement de team building en fran\u00e7ais \u00e0 Amsterdam : collaborez et rivalisez pour r\u00e9soudre un myst\u00e8re tout en d\u00e9couvrant la ville.\" \/>\n<meta name=\"robots\" content=\"index, follow, max-snippet:-1, max-image-preview:large, max-video-preview:-1\" \/>\n<link rel=\"canonical\" href=\"https:\/\/www.mystery.city\/fr\/produit\/amsterdam-team-building\/\" \/>\n<meta property=\"og:locale\" content=\"fr_FR\" \/>\n<meta property=\"og:type\" content=\"article\" \/>\n<meta property=\"og:title\" content=\"Le Correspondant Inconnu - Team building - Mystery City Games\" \/>\n<meta property=\"og:description\" content=\"Un \u00e9v\u00e9nement de team building en fran\u00e7ais \u00e0 Amsterdam : collaborez et rivalisez pour r\u00e9soudre un myst\u00e8re tout en d\u00e9couvrant la ville.\" \/>\n<meta property=\"og:url\" content=\"https:\/\/www.mystery.city\/fr\/produit\/amsterdam-team-building\/\" \/>\n<meta property=\"og:site_name\" content=\"Mystery City Games\" \/>\n<meta property=\"article:publisher\" content=\"https:\/\/www.facebook.com\/MysteryCityGames\/\" \/>\n<meta property=\"article:modified_time\" content=\"2026-03-16T14:57:39+00:00\" \/>\n<meta property=\"og:image\" content=\"https:\/\/www.mystery.city\/wp-content\/uploads\/2025\/04\/Team-building-picture-with-stickers-1.png\" \/>\n\t<meta property=\"og:image:width\" content=\"797\" \/>\n\t<meta property=\"og:image:height\" content=\"556\" \/>\n\t<meta property=\"og:image:type\" content=\"image\/png\" \/>\n<meta name=\"twitter:card\" content=\"summary_large_image\" \/>\n<script type=\"application\/ld+json\" class=\"yoast-schema-graph\">{\"@context\":\"https:\\\/\\\/schema.org\",\"@graph\":[{\"@type\":\"WebPage\",\"@id\":\"https:\\\/\\\/www.mystery.city\\\/fr\\\/produit\\\/amsterdam-team-building\\\/\",\"url\":\"https:\\\/\\\/www.mystery.city\\\/fr\\\/produit\\\/amsterdam-team-building\\\/\",\"name\":\"Le Correspondant Inconnu - Team building - Mystery City Games\",\"isPartOf\":{\"@id\":\"https:\\\/\\\/www.mystery.city\\\/fr\\\/#website\"},\"primaryImageOfPage\":{\"@id\":\"https:\\\/\\\/www.mystery.city\\\/fr\\\/produit\\\/amsterdam-team-building\\\/#primaryimage\"},\"image\":{\"@id\":\"https:\\\/\\\/www.mystery.city\\\/fr\\\/produit\\\/amsterdam-team-building\\\/#primaryimage\"},\"thumbnailUrl\":\"https:\\\/\\\/www.mystery.city\\\/wp-content\\\/uploads\\\/2025\\\/04\\\/Team-building-picture-with-stickers-1.png\",\"datePublished\":\"2025-03-20T14:23:35+00:00\",\"dateModified\":\"2026-03-16T14:57:39+00:00\",\"description\":\"Un \u00e9v\u00e9nement de team building en fran\u00e7ais \u00e0 Amsterdam : collaborez et rivalisez pour r\u00e9soudre un myst\u00e8re tout en d\u00e9couvrant la ville.\",\"breadcrumb\":{\"@id\":\"https:\\\/\\\/www.mystery.city\\\/fr\\\/produit\\\/amsterdam-team-building\\\/#breadcrumb\"},\"inLanguage\":\"fr-FR\",\"potentialAction\":[{\"@type\":\"ReadAction\",\"target\":[\"https:\\\/\\\/www.mystery.city\\\/fr\\\/produit\\\/amsterdam-team-building\\\/\"]}]},{\"@type\":\"ImageObject\",\"inLanguage\":\"fr-FR\",\"@id\":\"https:\\\/\\\/www.mystery.city\\\/fr\\\/produit\\\/amsterdam-team-building\\\/#primaryimage\",\"url\":\"https:\\\/\\\/www.mystery.city\\\/wp-content\\\/uploads\\\/2025\\\/04\\\/Team-building-picture-with-stickers-1.png\",\"contentUrl\":\"https:\\\/\\\/www.mystery.city\\\/wp-content\\\/uploads\\\/2025\\\/04\\\/Team-building-picture-with-stickers-1.png\",\"width\":797,\"height\":556,\"caption\":\"Outdoor Escape Rooms & Treasure Hunts, Mystery City Games\"},{\"@type\":\"BreadcrumbList\",\"@id\":\"https:\\\/\\\/www.mystery.city\\\/fr\\\/produit\\\/amsterdam-team-building\\\/#breadcrumb\",\"itemListElement\":[{\"@type\":\"ListItem\",\"position\":1,\"name\":\"Home\",\"item\":\"https:\\\/\\\/www.mystery.city\\\/fr\\\/\"},{\"@type\":\"ListItem\",\"position\":2,\"name\":\"Shop\",\"item\":\"https:\\\/\\\/www.mystery.city\\\/shop\\\/\"},{\"@type\":\"ListItem\",\"position\":3,\"name\":\"Le Correspondant Inconnu &#8211; Team building\"}]},{\"@type\":\"WebSite\",\"@id\":\"https:\\\/\\\/www.mystery.city\\\/fr\\\/#website\",\"url\":\"https:\\\/\\\/www.mystery.city\\\/fr\\\/\",\"name\":\"Mystery City Games\",\"description\":\"Explore the City, Solve Puzzles, Unlock History\",\"publisher\":{\"@id\":\"https:\\\/\\\/www.mystery.city\\\/fr\\\/#organization\"},\"alternateName\":\"Mystery City Games\",\"potentialAction\":[{\"@type\":\"SearchAction\",\"target\":{\"@type\":\"EntryPoint\",\"urlTemplate\":\"https:\\\/\\\/www.mystery.city\\\/fr\\\/?s={search_term_string}\"},\"query-input\":{\"@type\":\"PropertyValueSpecification\",\"valueRequired\":true,\"valueName\":\"search_term_string\"}}],\"inLanguage\":\"fr-FR\"},{\"@type\":\"Organization\",\"@id\":\"https:\\\/\\\/www.mystery.city\\\/fr\\\/#organization\",\"name\":\"Mystery City Games\",\"alternateName\":\"Mystery City Games\",\"url\":\"https:\\\/\\\/www.mystery.city\\\/fr\\\/\",\"logo\":{\"@type\":\"ImageObject\",\"inLanguage\":\"fr-FR\",\"@id\":\"https:\\\/\\\/www.mystery.city\\\/fr\\\/#\\\/schema\\\/logo\\\/image\\\/\",\"url\":\"https:\\\/\\\/www.mystery.city\\\/wp-content\\\/uploads\\\/2025\\\/02\\\/Mystery-City-Games-Logo-2048x394-1.png\",\"contentUrl\":\"https:\\\/\\\/www.mystery.city\\\/wp-content\\\/uploads\\\/2025\\\/02\\\/Mystery-City-Games-Logo-2048x394-1.png\",\"width\":2048,\"height\":394,\"caption\":\"Mystery City Games\"},\"image\":{\"@id\":\"https:\\\/\\\/www.mystery.city\\\/fr\\\/#\\\/schema\\\/logo\\\/image\\\/\"},\"sameAs\":[\"https:\\\/\\\/www.facebook.com\\\/MysteryCityGames\\\/\",\"https:\\\/\\\/www.instagram.com\\\/mysterycitygames\\\/\",\"https:\\\/\\\/www.linkedin.com\\\/company\\\/mystery-city-games\",\"https:\\\/\\\/www.tiktok.com\\\/@mysterycitygames\",\"https:\\\/\\\/www.youtube.com\\\/@mysterycitygames\"]}]}<\/script>\n<!-- \/ Yoast SEO plugin. -->","yoast_head_json":{"title":"Le Correspondant Inconnu - Team building - Mystery City Games","description":"Un \u00e9v\u00e9nement de team building en fran\u00e7ais \u00e0 Amsterdam : collaborez et rivalisez pour r\u00e9soudre un myst\u00e8re tout en d\u00e9couvrant la ville.","robots":{"index":"index","follow":"follow","max-snippet":"max-snippet:-1","max-image-preview":"max-image-preview:large","max-video-preview":"max-video-preview:-1"},"canonical":"https:\/\/www.mystery.city\/fr\/produit\/amsterdam-team-building\/","og_locale":"fr_FR","og_type":"article","og_title":"Le Correspondant Inconnu - Team building - Mystery City Games","og_description":"Un \u00e9v\u00e9nement de team building en fran\u00e7ais \u00e0 Amsterdam : collaborez et rivalisez pour r\u00e9soudre un myst\u00e8re tout en d\u00e9couvrant la ville.","og_url":"https:\/\/www.mystery.city\/fr\/produit\/amsterdam-team-building\/","og_site_name":"Mystery City Games","article_publisher":"https:\/\/www.facebook.com\/MysteryCityGames\/","article_modified_time":"2026-03-16T14:57:39+00:00","og_image":[{"width":797,"height":556,"url":"https:\/\/www.mystery.city\/wp-content\/uploads\/2025\/04\/Team-building-picture-with-stickers-1.png","type":"image\/png"}],"twitter_card":"summary_large_image","schema":{"@context":"https:\/\/schema.org","@graph":[{"@type":"WebPage","@id":"https:\/\/www.mystery.city\/fr\/produit\/amsterdam-team-building\/","url":"https:\/\/www.mystery.city\/fr\/produit\/amsterdam-team-building\/","name":"Le Correspondant Inconnu - Team building - Mystery City Games","isPartOf":{"@id":"https:\/\/www.mystery.city\/fr\/#website"},"primaryImageOfPage":{"@id":"https:\/\/www.mystery.city\/fr\/produit\/amsterdam-team-building\/#primaryimage"},"image":{"@id":"https:\/\/www.mystery.city\/fr\/produit\/amsterdam-team-building\/#primaryimage"},"thumbnailUrl":"https:\/\/www.mystery.city\/wp-content\/uploads\/2025\/04\/Team-building-picture-with-stickers-1.png","datePublished":"2025-03-20T14:23:35+00:00","dateModified":"2026-03-16T14:57:39+00:00","description":"Un \u00e9v\u00e9nement de team building en fran\u00e7ais \u00e0 Amsterdam : collaborez et rivalisez pour r\u00e9soudre un myst\u00e8re tout en d\u00e9couvrant la ville.","breadcrumb":{"@id":"https:\/\/www.mystery.city\/fr\/produit\/amsterdam-team-building\/#breadcrumb"},"inLanguage":"fr-FR","potentialAction":[{"@type":"ReadAction","target":["https:\/\/www.mystery.city\/fr\/produit\/amsterdam-team-building\/"]}]},{"@type":"ImageObject","inLanguage":"fr-FR","@id":"https:\/\/www.mystery.city\/fr\/produit\/amsterdam-team-building\/#primaryimage","url":"https:\/\/www.mystery.city\/wp-content\/uploads\/2025\/04\/Team-building-picture-with-stickers-1.png","contentUrl":"https:\/\/www.mystery.city\/wp-content\/uploads\/2025\/04\/Team-building-picture-with-stickers-1.png","width":797,"height":556,"caption":"Outdoor Escape Rooms & Treasure Hunts, Mystery City Games"},{"@type":"BreadcrumbList","@id":"https:\/\/www.mystery.city\/fr\/produit\/amsterdam-team-building\/#breadcrumb","itemListElement":[{"@type":"ListItem","position":1,"name":"Home","item":"https:\/\/www.mystery.city\/fr\/"},{"@type":"ListItem","position":2,"name":"Shop","item":"https:\/\/www.mystery.city\/shop\/"},{"@type":"ListItem","position":3,"name":"Le Correspondant Inconnu &#8211; Team building"}]},{"@type":"WebSite","@id":"https:\/\/www.mystery.city\/fr\/#website","url":"https:\/\/www.mystery.city\/fr\/","name":"Mystery City Games","description":"Explore the City, Solve Puzzles, Unlock History","publisher":{"@id":"https:\/\/www.mystery.city\/fr\/#organization"},"alternateName":"Mystery City Games","potentialAction":[{"@type":"SearchAction","target":{"@type":"EntryPoint","urlTemplate":"https:\/\/www.mystery.city\/fr\/?s={search_term_string}"},"query-input":{"@type":"PropertyValueSpecification","valueRequired":true,"valueName":"search_term_string"}}],"inLanguage":"fr-FR"},{"@type":"Organization","@id":"https:\/\/www.mystery.city\/fr\/#organization","name":"Mystery City Games","alternateName":"Mystery City Games","url":"https:\/\/www.mystery.city\/fr\/","logo":{"@type":"ImageObject","inLanguage":"fr-FR","@id":"https:\/\/www.mystery.city\/fr\/#\/schema\/logo\/image\/","url":"https:\/\/www.mystery.city\/wp-content\/uploads\/2025\/02\/Mystery-City-Games-Logo-2048x394-1.png","contentUrl":"https:\/\/www.mystery.city\/wp-content\/uploads\/2025\/02\/Mystery-City-Games-Logo-2048x394-1.png","width":2048,"height":394,"caption":"Mystery City Games"},"image":{"@id":"https:\/\/www.mystery.city\/fr\/#\/schema\/logo\/image\/"},"sameAs":["https:\/\/www.facebook.com\/MysteryCityGames\/","https:\/\/www.instagram.com\/mysterycitygames\/","https:\/\/www.linkedin.com\/company\/mystery-city-games","https:\/\/www.tiktok.com\/@mysterycitygames","https:\/\/www.youtube.com\/@mysterycitygames"]}]}},"_links":{"self":[{"href":"https:\/\/www.mystery.city\/fr\/wp-json\/wp\/v2\/product\/9319","targetHints":{"allow":["GET"]}}],"collection":[{"href":"https:\/\/www.mystery.city\/fr\/wp-json\/wp\/v2\/product"}],"about":[{"href":"https:\/\/www.mystery.city\/fr\/wp-json\/wp\/v2\/types\/product"}],"wp:featuredmedia":[{"embeddable":true,"href":"https:\/\/www.mystery.city\/fr\/wp-json\/wp\/v2\/media\/10963"}],"wp:attachment":[{"href":"https:\/\/www.mystery.city\/fr\/wp-json\/wp\/v2\/media?parent=9319"}],"wp:term":[{"taxonomy":"product_brand","embeddable":true,"href":"https:\/\/www.mystery.city\/fr\/wp-json\/wp\/v2\/product_brand?post=9319"},{"taxonomy":"product_cat","embeddable":true,"href":"https:\/\/www.mystery.city\/fr\/wp-json\/wp\/v2\/product_cat?post=9319"},{"taxonomy":"product_tag","embeddable":true,"href":"https:\/\/www.mystery.city\/fr\/wp-json\/wp\/v2\/product_tag?post=9319"}],"curies":[{"name":"wp","href":"https:\/\/api.w.org\/{rel}","templated":true}]}}