{"id":9343,"date":"2025-03-07T10:25:16","date_gmt":"2025-03-07T09:25:16","guid":{"rendered":"https:\/\/mysterycity.com\/product\/le-correspondant-inconnu-groupes-scolaires\/"},"modified":"2026-05-04T15:05:52","modified_gmt":"2026-05-04T14:05:52","slug":"amsterdam-groupes-scolaires","status":"publish","type":"product","link":"https:\/\/www.mystery.city\/fr\/produit\/amsterdam-groupes-scolaires\/","title":{"rendered":"Le Correspondant Inconnu &#8211; Groupes Scolaires"},"content":{"rendered":"<p>Venez d\u00e9couvrir le meilleur jeu d&rsquo;Amsterdam qui est \u00e0 la fois <em>\u00e9ducatif<\/em> et <em>amusant<\/em>! Collaborez avec vos camarades de classe et participez \u00e0 une comp\u00e9tition pour r\u00e9soudre un myst\u00e8re.<\/p>\n<p>Lors de cet \u00e9v\u00e9nement, votre groupe sera divis\u00e9 en \u00e9quipes qui :<\/p>\n<ul>\n<li>Parcourez la ville en suivant une carte au tr\u00e9sor, en passant par les attractions incontournables et les recoins secrets.<\/li>\n<li>Collaborez pour r\u00e9soudre les \u00e9nigmes de l&rsquo;escape room<\/li>\n<li>D\u00e9verrouillez les cadenas d&rsquo;une bo\u00eete \u00e0 tr\u00e9sors afin de r\u00e9soudre le myst\u00e8re.<\/li>\n<li>Affrontez vos camarades de classe pour gagner<\/li>\n<li>Apprenez des histoires vraies de l&rsquo;histoire d&rsquo;Amsterdam !<\/li>\n<\/ul>\n","protected":false},"excerpt":{"rendered":"<p><script type=\"text\/javascript\" src=\"https:\/\/bookeo.com\/widget.js?a=42551JFW7PA17A3859B833&#038;type=42551AYTRKL1879E2CF1BA&#038;languageCode=fr_FR\"><\/script><\/p>\n","protected":false},"featured_media":7072,"template":"","meta":{"_acf_changed":false,"postBodyCss":"","postBodyMargin":[],"postBodyPadding":[],"postBodyBackground":{"backgroundType":"classic","gradient":""}},"product_brand":[],"product_cat":[80],"product_tag":[],"class_list":{"0":"post-9343","1":"product","2":"type-product","3":"status-publish","4":"has-post-thumbnail","6":"product_cat-education","8":"first","9":"instock","10":"taxable","11":"shipping-taxable","12":"purchasable","13":"product-type-simple"},"acf":[],"yoast_head":"<!-- This site is optimized with the Yoast SEO plugin v27.4 - https:\/\/yoast.com\/product\/yoast-seo-wordpress\/ -->\n<title>Le Correspondant Inconnu - Groupes Scolaires - Mystery City Games<\/title>\n<meta name=\"description\" content=\"Plongez dans l&#039;histoire secr\u00e8te de Amsterdam \u00e0 travers un escape game \u00e9ducatif unique pour groupes scolaires en en fran\u00e7ais !\" \/>\n<meta name=\"robots\" content=\"index, follow, max-snippet:-1, max-image-preview:large, max-video-preview:-1\" \/>\n<link rel=\"canonical\" href=\"https:\/\/www.mystery.city\/fr\/produit\/amsterdam-groupes-scolaires\/\" \/>\n<meta property=\"og:locale\" content=\"fr_FR\" \/>\n<meta property=\"og:type\" content=\"article\" \/>\n<meta property=\"og:title\" content=\"Le Correspondant Inconnu - Groupes Scolaires - Mystery City Games\" \/>\n<meta property=\"og:description\" content=\"Plongez dans l&#039;histoire secr\u00e8te de Amsterdam \u00e0 travers un escape game \u00e9ducatif unique pour groupes scolaires en en fran\u00e7ais !\" \/>\n<meta property=\"og:url\" content=\"https:\/\/www.mystery.city\/fr\/produit\/amsterdam-groupes-scolaires\/\" \/>\n<meta property=\"og:site_name\" content=\"Mystery City Games\" \/>\n<meta property=\"article:publisher\" content=\"https:\/\/www.facebook.com\/MysteryCityGames\/\" \/>\n<meta property=\"article:modified_time\" content=\"2026-05-04T14:05:52+00:00\" \/>\n<meta property=\"og:image\" content=\"https:\/\/www.mystery.city\/wp-content\/uploads\/2025\/03\/admin-ajax-1.webp\" \/>\n\t<meta property=\"og:image:width\" content=\"600\" \/>\n\t<meta property=\"og:image:height\" content=\"400\" \/>\n\t<meta property=\"og:image:type\" content=\"image\/webp\" \/>\n<meta name=\"twitter:card\" content=\"summary_large_image\" \/>\n<script type=\"application\/ld+json\" class=\"yoast-schema-graph\">{\"@context\":\"https:\\\/\\\/schema.org\",\"@graph\":[{\"@type\":\"WebPage\",\"@id\":\"https:\\\/\\\/www.mystery.city\\\/fr\\\/produit\\\/amsterdam-groupes-scolaires\\\/\",\"url\":\"https:\\\/\\\/www.mystery.city\\\/fr\\\/produit\\\/amsterdam-groupes-scolaires\\\/\",\"name\":\"Le Correspondant Inconnu - Groupes Scolaires - Mystery City Games\",\"isPartOf\":{\"@id\":\"https:\\\/\\\/www.mystery.city\\\/fr\\\/#website\"},\"primaryImageOfPage\":{\"@id\":\"https:\\\/\\\/www.mystery.city\\\/fr\\\/produit\\\/amsterdam-groupes-scolaires\\\/#primaryimage\"},\"image\":{\"@id\":\"https:\\\/\\\/www.mystery.city\\\/fr\\\/produit\\\/amsterdam-groupes-scolaires\\\/#primaryimage\"},\"thumbnailUrl\":\"https:\\\/\\\/www.mystery.city\\\/wp-content\\\/uploads\\\/2025\\\/03\\\/admin-ajax-1.webp\",\"datePublished\":\"2025-03-07T09:25:16+00:00\",\"dateModified\":\"2026-05-04T14:05:52+00:00\",\"description\":\"Plongez dans l'histoire secr\u00e8te de Amsterdam \u00e0 travers un escape game \u00e9ducatif unique pour groupes scolaires en en fran\u00e7ais !\",\"breadcrumb\":{\"@id\":\"https:\\\/\\\/www.mystery.city\\\/fr\\\/produit\\\/amsterdam-groupes-scolaires\\\/#breadcrumb\"},\"inLanguage\":\"fr-FR\",\"potentialAction\":[{\"@type\":\"ReadAction\",\"target\":[\"https:\\\/\\\/www.mystery.city\\\/fr\\\/produit\\\/amsterdam-groupes-scolaires\\\/\"]}]},{\"@type\":\"ImageObject\",\"inLanguage\":\"fr-FR\",\"@id\":\"https:\\\/\\\/www.mystery.city\\\/fr\\\/produit\\\/amsterdam-groupes-scolaires\\\/#primaryimage\",\"url\":\"https:\\\/\\\/www.mystery.city\\\/wp-content\\\/uploads\\\/2025\\\/03\\\/admin-ajax-1.webp\",\"contentUrl\":\"https:\\\/\\\/www.mystery.city\\\/wp-content\\\/uploads\\\/2025\\\/03\\\/admin-ajax-1.webp\",\"width\":600,\"height\":400,\"caption\":\"Amsterdam School Group Activity | Escape Games for Students\"},{\"@type\":\"BreadcrumbList\",\"@id\":\"https:\\\/\\\/www.mystery.city\\\/fr\\\/produit\\\/amsterdam-groupes-scolaires\\\/#breadcrumb\",\"itemListElement\":[{\"@type\":\"ListItem\",\"position\":1,\"name\":\"Home\",\"item\":\"https:\\\/\\\/www.mystery.city\\\/fr\\\/\"},{\"@type\":\"ListItem\",\"position\":2,\"name\":\"Shop\",\"item\":\"https:\\\/\\\/www.mystery.city\\\/shop\\\/\"},{\"@type\":\"ListItem\",\"position\":3,\"name\":\"Le Correspondant Inconnu &#8211; Groupes Scolaires\"}]},{\"@type\":\"WebSite\",\"@id\":\"https:\\\/\\\/www.mystery.city\\\/fr\\\/#website\",\"url\":\"https:\\\/\\\/www.mystery.city\\\/fr\\\/\",\"name\":\"Mystery City Games\",\"description\":\"Explore the City, Solve Puzzles, Unlock History\",\"publisher\":{\"@id\":\"https:\\\/\\\/www.mystery.city\\\/fr\\\/#organization\"},\"alternateName\":\"Mystery City Games\",\"potentialAction\":[{\"@type\":\"SearchAction\",\"target\":{\"@type\":\"EntryPoint\",\"urlTemplate\":\"https:\\\/\\\/www.mystery.city\\\/fr\\\/?s={search_term_string}\"},\"query-input\":{\"@type\":\"PropertyValueSpecification\",\"valueRequired\":true,\"valueName\":\"search_term_string\"}}],\"inLanguage\":\"fr-FR\"},{\"@type\":\"Organization\",\"@id\":\"https:\\\/\\\/www.mystery.city\\\/fr\\\/#organization\",\"name\":\"Mystery City Games\",\"alternateName\":\"Mystery City Games\",\"url\":\"https:\\\/\\\/www.mystery.city\\\/fr\\\/\",\"logo\":{\"@type\":\"ImageObject\",\"inLanguage\":\"fr-FR\",\"@id\":\"https:\\\/\\\/www.mystery.city\\\/fr\\\/#\\\/schema\\\/logo\\\/image\\\/\",\"url\":\"https:\\\/\\\/www.mystery.city\\\/wp-content\\\/uploads\\\/2025\\\/02\\\/Mystery-City-Games-Logo-2048x394-1.png\",\"contentUrl\":\"https:\\\/\\\/www.mystery.city\\\/wp-content\\\/uploads\\\/2025\\\/02\\\/Mystery-City-Games-Logo-2048x394-1.png\",\"width\":2048,\"height\":394,\"caption\":\"Mystery City Games\"},\"image\":{\"@id\":\"https:\\\/\\\/www.mystery.city\\\/fr\\\/#\\\/schema\\\/logo\\\/image\\\/\"},\"sameAs\":[\"https:\\\/\\\/www.facebook.com\\\/MysteryCityGames\\\/\",\"https:\\\/\\\/www.instagram.com\\\/mysterycitygames\\\/\",\"https:\\\/\\\/www.linkedin.com\\\/company\\\/mystery-city-games\",\"https:\\\/\\\/www.tiktok.com\\\/@mysterycitygames\",\"https:\\\/\\\/www.youtube.com\\\/@mysterycitygames\"]}]}<\/script>\n<!-- \/ Yoast SEO plugin. -->","yoast_head_json":{"title":"Le Correspondant Inconnu - Groupes Scolaires - Mystery City Games","description":"Plongez dans l'histoire secr\u00e8te de Amsterdam \u00e0 travers un escape game \u00e9ducatif unique pour groupes scolaires en en fran\u00e7ais !","robots":{"index":"index","follow":"follow","max-snippet":"max-snippet:-1","max-image-preview":"max-image-preview:large","max-video-preview":"max-video-preview:-1"},"canonical":"https:\/\/www.mystery.city\/fr\/produit\/amsterdam-groupes-scolaires\/","og_locale":"fr_FR","og_type":"article","og_title":"Le Correspondant Inconnu - Groupes Scolaires - Mystery City Games","og_description":"Plongez dans l'histoire secr\u00e8te de Amsterdam \u00e0 travers un escape game \u00e9ducatif unique pour groupes scolaires en en fran\u00e7ais !","og_url":"https:\/\/www.mystery.city\/fr\/produit\/amsterdam-groupes-scolaires\/","og_site_name":"Mystery City Games","article_publisher":"https:\/\/www.facebook.com\/MysteryCityGames\/","article_modified_time":"2026-05-04T14:05:52+00:00","og_image":[{"width":600,"height":400,"url":"https:\/\/www.mystery.city\/wp-content\/uploads\/2025\/03\/admin-ajax-1.webp","type":"image\/webp"}],"twitter_card":"summary_large_image","schema":{"@context":"https:\/\/schema.org","@graph":[{"@type":"WebPage","@id":"https:\/\/www.mystery.city\/fr\/produit\/amsterdam-groupes-scolaires\/","url":"https:\/\/www.mystery.city\/fr\/produit\/amsterdam-groupes-scolaires\/","name":"Le Correspondant Inconnu - Groupes Scolaires - Mystery City Games","isPartOf":{"@id":"https:\/\/www.mystery.city\/fr\/#website"},"primaryImageOfPage":{"@id":"https:\/\/www.mystery.city\/fr\/produit\/amsterdam-groupes-scolaires\/#primaryimage"},"image":{"@id":"https:\/\/www.mystery.city\/fr\/produit\/amsterdam-groupes-scolaires\/#primaryimage"},"thumbnailUrl":"https:\/\/www.mystery.city\/wp-content\/uploads\/2025\/03\/admin-ajax-1.webp","datePublished":"2025-03-07T09:25:16+00:00","dateModified":"2026-05-04T14:05:52+00:00","description":"Plongez dans l'histoire secr\u00e8te de Amsterdam \u00e0 travers un escape game \u00e9ducatif unique pour groupes scolaires en en fran\u00e7ais !","breadcrumb":{"@id":"https:\/\/www.mystery.city\/fr\/produit\/amsterdam-groupes-scolaires\/#breadcrumb"},"inLanguage":"fr-FR","potentialAction":[{"@type":"ReadAction","target":["https:\/\/www.mystery.city\/fr\/produit\/amsterdam-groupes-scolaires\/"]}]},{"@type":"ImageObject","inLanguage":"fr-FR","@id":"https:\/\/www.mystery.city\/fr\/produit\/amsterdam-groupes-scolaires\/#primaryimage","url":"https:\/\/www.mystery.city\/wp-content\/uploads\/2025\/03\/admin-ajax-1.webp","contentUrl":"https:\/\/www.mystery.city\/wp-content\/uploads\/2025\/03\/admin-ajax-1.webp","width":600,"height":400,"caption":"Amsterdam School Group Activity | Escape Games for Students"},{"@type":"BreadcrumbList","@id":"https:\/\/www.mystery.city\/fr\/produit\/amsterdam-groupes-scolaires\/#breadcrumb","itemListElement":[{"@type":"ListItem","position":1,"name":"Home","item":"https:\/\/www.mystery.city\/fr\/"},{"@type":"ListItem","position":2,"name":"Shop","item":"https:\/\/www.mystery.city\/shop\/"},{"@type":"ListItem","position":3,"name":"Le Correspondant Inconnu &#8211; Groupes Scolaires"}]},{"@type":"WebSite","@id":"https:\/\/www.mystery.city\/fr\/#website","url":"https:\/\/www.mystery.city\/fr\/","name":"Mystery City Games","description":"Explore the City, Solve Puzzles, Unlock History","publisher":{"@id":"https:\/\/www.mystery.city\/fr\/#organization"},"alternateName":"Mystery City Games","potentialAction":[{"@type":"SearchAction","target":{"@type":"EntryPoint","urlTemplate":"https:\/\/www.mystery.city\/fr\/?s={search_term_string}"},"query-input":{"@type":"PropertyValueSpecification","valueRequired":true,"valueName":"search_term_string"}}],"inLanguage":"fr-FR"},{"@type":"Organization","@id":"https:\/\/www.mystery.city\/fr\/#organization","name":"Mystery City Games","alternateName":"Mystery City Games","url":"https:\/\/www.mystery.city\/fr\/","logo":{"@type":"ImageObject","inLanguage":"fr-FR","@id":"https:\/\/www.mystery.city\/fr\/#\/schema\/logo\/image\/","url":"https:\/\/www.mystery.city\/wp-content\/uploads\/2025\/02\/Mystery-City-Games-Logo-2048x394-1.png","contentUrl":"https:\/\/www.mystery.city\/wp-content\/uploads\/2025\/02\/Mystery-City-Games-Logo-2048x394-1.png","width":2048,"height":394,"caption":"Mystery City Games"},"image":{"@id":"https:\/\/www.mystery.city\/fr\/#\/schema\/logo\/image\/"},"sameAs":["https:\/\/www.facebook.com\/MysteryCityGames\/","https:\/\/www.instagram.com\/mysterycitygames\/","https:\/\/www.linkedin.com\/company\/mystery-city-games","https:\/\/www.tiktok.com\/@mysterycitygames","https:\/\/www.youtube.com\/@mysterycitygames"]}]}},"_links":{"self":[{"href":"https:\/\/www.mystery.city\/fr\/wp-json\/wp\/v2\/product\/9343","targetHints":{"allow":["GET"]}}],"collection":[{"href":"https:\/\/www.mystery.city\/fr\/wp-json\/wp\/v2\/product"}],"about":[{"href":"https:\/\/www.mystery.city\/fr\/wp-json\/wp\/v2\/types\/product"}],"wp:featuredmedia":[{"embeddable":true,"href":"https:\/\/www.mystery.city\/fr\/wp-json\/wp\/v2\/media\/7072"}],"wp:attachment":[{"href":"https:\/\/www.mystery.city\/fr\/wp-json\/wp\/v2\/media?parent=9343"}],"wp:term":[{"taxonomy":"product_brand","embeddable":true,"href":"https:\/\/www.mystery.city\/fr\/wp-json\/wp\/v2\/product_brand?post=9343"},{"taxonomy":"product_cat","embeddable":true,"href":"https:\/\/www.mystery.city\/fr\/wp-json\/wp\/v2\/product_cat?post=9343"},{"taxonomy":"product_tag","embeddable":true,"href":"https:\/\/www.mystery.city\/fr\/wp-json\/wp\/v2\/product_tag?post=9343"}],"curies":[{"name":"wp","href":"https:\/\/api.w.org\/{rel}","templated":true}]}}