{"id":9346,"date":"2025-03-07T07:15:59","date_gmt":"2025-03-07T06:15:59","guid":{"rendered":"https:\/\/mysterycity.com\/product\/marie-curies-larme-secrete-de-marie-curie-groupes-scolaires\/"},"modified":"2026-03-16T15:57:39","modified_gmt":"2026-03-16T14:57:39","slug":"paris-groupes-scolaires","status":"publish","type":"product","link":"https:\/\/www.mystery.city\/fr\/produit\/paris-groupes-scolaires\/","title":{"rendered":"L&rsquo;Arme Secr\u00e8te de Marie Curie &#8211; Groupes Scolaires"},"content":{"rendered":"<p>D\u00e9couvrez le meilleur de Paris gr\u00e2ce \u00e0 cette exp\u00e9rience unique et amusante ! Retournez en 1914, au d\u00e9but de la Premi\u00e8re Guerre mondiale, et embarquez pour une mission \u00e0 la recherche de l&rsquo;<strong>arme secr\u00e8te de Marie Curie<\/strong>.<\/p>\n<p>Suivez la carte au tr\u00e9sor \u00e0 travers cinq lieux, r\u00e9solvez des \u00e9nigmes en utilisant les objets de Marie Curie et d\u00e9couvrez des <a href=\"https:\/\/www.instagram.com\/mysterycitygames\/\">histoires cach\u00e9es<\/a>. Saurez-vous trouver l&rsquo;arme secr\u00e8te ?<\/p>\n<p>Disponible en anglais et en fran\u00e7ais.<br \/>\n<strong>Le prix est de 15 euros<\/strong> par \u00e9l\u00e8ve (TVA comprise) pour les moins de 18 ans. Les enseignants ne paient pas.<\/p>\n<p>Cette activit\u00e9 parisienne est adapt\u00e9e aux <a href=\"https:\/\/www.mystery.city\/fr\/groupes-scolaires\/\">groupes scolaires<\/a>. Pour jouer en famille ou entre amis, <a href=\"https:\/\/www.mystery.city\/cities\/paris\/\">cliquez ici.<\/a><\/p>\n","protected":false},"excerpt":{"rendered":"<p><script type=\"text\/javascript\" src=\"https:\/\/bookeo.com\/widget.js?a=42551JFW7PA17A3859B833&#038;type=42551AL73NE1879E2DCB2D&#038;languageCode=fr_FR\"><\/script><\/p>\n","protected":false},"featured_media":6694,"template":"","meta":{"_acf_changed":false,"postBodyCss":"","postBodyMargin":[],"postBodyPadding":[],"postBodyBackground":{"backgroundType":"classic","gradient":""}},"product_brand":[],"product_cat":[80],"product_tag":[119],"class_list":{"0":"post-9346","1":"product","2":"type-product","3":"status-publish","4":"has-post-thumbnail","6":"product_cat-education","7":"product_tag-bookeo-fr","9":"first","10":"instock","11":"virtual","12":"taxable","13":"purchasable","14":"product-type-simple"},"acf":[],"yoast_head":"<!-- This site is optimized with the Yoast SEO plugin v27.4 - https:\/\/yoast.com\/product\/yoast-seo-wordpress\/ -->\n<title>Paris Activit\u00e9 pour les groupes scolaires | Jeu de piste Escape Games<\/title>\n<meta name=\"description\" content=\"Organisez une activit\u00e9 pratique \u00e0 Paris pour les groupes scolaires ! Les \u00e9l\u00e8ves r\u00e9soudront des \u00e9nigmes, exploreront l&#039;histoire de la Premi\u00e8re Guerre mondiale et d\u00e9couvriront les secrets de Marie Curie au cours de cette aventure en plein air.\" \/>\n<meta name=\"robots\" content=\"index, follow, max-snippet:-1, max-image-preview:large, max-video-preview:-1\" \/>\n<link rel=\"canonical\" href=\"https:\/\/www.mystery.city\/fr\/produit\/paris-groupes-scolaires\/\" \/>\n<meta property=\"og:locale\" content=\"fr_FR\" \/>\n<meta property=\"og:type\" content=\"article\" \/>\n<meta property=\"og:title\" content=\"Paris Activit\u00e9 pour les groupes scolaires | Jeu de piste Escape Games\" \/>\n<meta property=\"og:description\" content=\"Organisez une activit\u00e9 pratique \u00e0 Paris pour les groupes scolaires ! Les \u00e9l\u00e8ves r\u00e9soudront des \u00e9nigmes, exploreront l&#039;histoire de la Premi\u00e8re Guerre mondiale et d\u00e9couvriront les secrets de Marie Curie au cours de cette aventure en plein air.\" \/>\n<meta property=\"og:url\" content=\"https:\/\/www.mystery.city\/fr\/produit\/paris-groupes-scolaires\/\" \/>\n<meta property=\"og:site_name\" content=\"Mystery City Games\" \/>\n<meta property=\"article:publisher\" content=\"https:\/\/www.facebook.com\/MysteryCityGames\/\" \/>\n<meta property=\"article:modified_time\" content=\"2026-03-16T14:57:39+00:00\" \/>\n<meta property=\"og:image\" content=\"https:\/\/www.mystery.city\/wp-content\/uploads\/2025\/03\/Paris-Mystery-City-Games14-2.webp\" \/>\n\t<meta property=\"og:image:width\" content=\"1620\" \/>\n\t<meta property=\"og:image:height\" content=\"1080\" \/>\n\t<meta property=\"og:image:type\" content=\"image\/webp\" \/>\n<meta name=\"twitter:card\" content=\"summary_large_image\" \/>\n<script type=\"application\/ld+json\" class=\"yoast-schema-graph\">{\"@context\":\"https:\\\/\\\/schema.org\",\"@graph\":[{\"@type\":\"WebPage\",\"@id\":\"https:\\\/\\\/www.mystery.city\\\/fr\\\/produit\\\/paris-groupes-scolaires\\\/\",\"url\":\"https:\\\/\\\/www.mystery.city\\\/fr\\\/produit\\\/paris-groupes-scolaires\\\/\",\"name\":\"Paris Activit\u00e9 pour les groupes scolaires | Jeu de piste Escape Games\",\"isPartOf\":{\"@id\":\"https:\\\/\\\/www.mystery.city\\\/fr\\\/#website\"},\"primaryImageOfPage\":{\"@id\":\"https:\\\/\\\/www.mystery.city\\\/fr\\\/produit\\\/paris-groupes-scolaires\\\/#primaryimage\"},\"image\":{\"@id\":\"https:\\\/\\\/www.mystery.city\\\/fr\\\/produit\\\/paris-groupes-scolaires\\\/#primaryimage\"},\"thumbnailUrl\":\"https:\\\/\\\/www.mystery.city\\\/wp-content\\\/uploads\\\/2025\\\/03\\\/Paris-Mystery-City-Games14-2.webp\",\"datePublished\":\"2025-03-07T06:15:59+00:00\",\"dateModified\":\"2026-03-16T14:57:39+00:00\",\"description\":\"Organisez une activit\u00e9 pratique \u00e0 Paris pour les groupes scolaires ! Les \u00e9l\u00e8ves r\u00e9soudront des \u00e9nigmes, exploreront l'histoire de la Premi\u00e8re Guerre mondiale et d\u00e9couvriront les secrets de Marie Curie au cours de cette aventure en plein air.\",\"breadcrumb\":{\"@id\":\"https:\\\/\\\/www.mystery.city\\\/fr\\\/produit\\\/paris-groupes-scolaires\\\/#breadcrumb\"},\"inLanguage\":\"fr-FR\",\"potentialAction\":[{\"@type\":\"ReadAction\",\"target\":[\"https:\\\/\\\/www.mystery.city\\\/fr\\\/produit\\\/paris-groupes-scolaires\\\/\"]}]},{\"@type\":\"ImageObject\",\"inLanguage\":\"fr-FR\",\"@id\":\"https:\\\/\\\/www.mystery.city\\\/fr\\\/produit\\\/paris-groupes-scolaires\\\/#primaryimage\",\"url\":\"https:\\\/\\\/www.mystery.city\\\/wp-content\\\/uploads\\\/2025\\\/03\\\/Paris-Mystery-City-Games14-2.webp\",\"contentUrl\":\"https:\\\/\\\/www.mystery.city\\\/wp-content\\\/uploads\\\/2025\\\/03\\\/Paris-Mystery-City-Games14-2.webp\",\"width\":1620,\"height\":1080,\"caption\":\"Paris Activit\u00e9 pour les groupes scolaires | Jeu de piste Escape Games\"},{\"@type\":\"BreadcrumbList\",\"@id\":\"https:\\\/\\\/www.mystery.city\\\/fr\\\/produit\\\/paris-groupes-scolaires\\\/#breadcrumb\",\"itemListElement\":[{\"@type\":\"ListItem\",\"position\":1,\"name\":\"Home\",\"item\":\"https:\\\/\\\/www.mystery.city\\\/fr\\\/\"},{\"@type\":\"ListItem\",\"position\":2,\"name\":\"Shop\",\"item\":\"https:\\\/\\\/www.mystery.city\\\/shop\\\/\"},{\"@type\":\"ListItem\",\"position\":3,\"name\":\"L&#8217;Arme Secr\u00e8te de Marie Curie &#8211; Groupes Scolaires\"}]},{\"@type\":\"WebSite\",\"@id\":\"https:\\\/\\\/www.mystery.city\\\/fr\\\/#website\",\"url\":\"https:\\\/\\\/www.mystery.city\\\/fr\\\/\",\"name\":\"Mystery City Games\",\"description\":\"Explore the City, Solve Puzzles, Unlock History\",\"publisher\":{\"@id\":\"https:\\\/\\\/www.mystery.city\\\/fr\\\/#organization\"},\"alternateName\":\"Mystery City Games\",\"potentialAction\":[{\"@type\":\"SearchAction\",\"target\":{\"@type\":\"EntryPoint\",\"urlTemplate\":\"https:\\\/\\\/www.mystery.city\\\/fr\\\/?s={search_term_string}\"},\"query-input\":{\"@type\":\"PropertyValueSpecification\",\"valueRequired\":true,\"valueName\":\"search_term_string\"}}],\"inLanguage\":\"fr-FR\"},{\"@type\":\"Organization\",\"@id\":\"https:\\\/\\\/www.mystery.city\\\/fr\\\/#organization\",\"name\":\"Mystery City Games\",\"alternateName\":\"Mystery City Games\",\"url\":\"https:\\\/\\\/www.mystery.city\\\/fr\\\/\",\"logo\":{\"@type\":\"ImageObject\",\"inLanguage\":\"fr-FR\",\"@id\":\"https:\\\/\\\/www.mystery.city\\\/fr\\\/#\\\/schema\\\/logo\\\/image\\\/\",\"url\":\"https:\\\/\\\/www.mystery.city\\\/wp-content\\\/uploads\\\/2025\\\/02\\\/Mystery-City-Games-Logo-2048x394-1.png\",\"contentUrl\":\"https:\\\/\\\/www.mystery.city\\\/wp-content\\\/uploads\\\/2025\\\/02\\\/Mystery-City-Games-Logo-2048x394-1.png\",\"width\":2048,\"height\":394,\"caption\":\"Mystery City Games\"},\"image\":{\"@id\":\"https:\\\/\\\/www.mystery.city\\\/fr\\\/#\\\/schema\\\/logo\\\/image\\\/\"},\"sameAs\":[\"https:\\\/\\\/www.facebook.com\\\/MysteryCityGames\\\/\",\"https:\\\/\\\/www.instagram.com\\\/mysterycitygames\\\/\",\"https:\\\/\\\/www.linkedin.com\\\/company\\\/mystery-city-games\",\"https:\\\/\\\/www.tiktok.com\\\/@mysterycitygames\",\"https:\\\/\\\/www.youtube.com\\\/@mysterycitygames\"]}]}<\/script>\n<!-- \/ Yoast SEO plugin. -->","yoast_head_json":{"title":"Paris Activit\u00e9 pour les groupes scolaires | Jeu de piste Escape Games","description":"Organisez une activit\u00e9 pratique \u00e0 Paris pour les groupes scolaires ! Les \u00e9l\u00e8ves r\u00e9soudront des \u00e9nigmes, exploreront l'histoire de la Premi\u00e8re Guerre mondiale et d\u00e9couvriront les secrets de Marie Curie au cours de cette aventure en plein air.","robots":{"index":"index","follow":"follow","max-snippet":"max-snippet:-1","max-image-preview":"max-image-preview:large","max-video-preview":"max-video-preview:-1"},"canonical":"https:\/\/www.mystery.city\/fr\/produit\/paris-groupes-scolaires\/","og_locale":"fr_FR","og_type":"article","og_title":"Paris Activit\u00e9 pour les groupes scolaires | Jeu de piste Escape Games","og_description":"Organisez une activit\u00e9 pratique \u00e0 Paris pour les groupes scolaires ! Les \u00e9l\u00e8ves r\u00e9soudront des \u00e9nigmes, exploreront l'histoire de la Premi\u00e8re Guerre mondiale et d\u00e9couvriront les secrets de Marie Curie au cours de cette aventure en plein air.","og_url":"https:\/\/www.mystery.city\/fr\/produit\/paris-groupes-scolaires\/","og_site_name":"Mystery City Games","article_publisher":"https:\/\/www.facebook.com\/MysteryCityGames\/","article_modified_time":"2026-03-16T14:57:39+00:00","og_image":[{"width":1620,"height":1080,"url":"https:\/\/www.mystery.city\/wp-content\/uploads\/2025\/03\/Paris-Mystery-City-Games14-2.webp","type":"image\/webp"}],"twitter_card":"summary_large_image","schema":{"@context":"https:\/\/schema.org","@graph":[{"@type":"WebPage","@id":"https:\/\/www.mystery.city\/fr\/produit\/paris-groupes-scolaires\/","url":"https:\/\/www.mystery.city\/fr\/produit\/paris-groupes-scolaires\/","name":"Paris Activit\u00e9 pour les groupes scolaires | Jeu de piste Escape Games","isPartOf":{"@id":"https:\/\/www.mystery.city\/fr\/#website"},"primaryImageOfPage":{"@id":"https:\/\/www.mystery.city\/fr\/produit\/paris-groupes-scolaires\/#primaryimage"},"image":{"@id":"https:\/\/www.mystery.city\/fr\/produit\/paris-groupes-scolaires\/#primaryimage"},"thumbnailUrl":"https:\/\/www.mystery.city\/wp-content\/uploads\/2025\/03\/Paris-Mystery-City-Games14-2.webp","datePublished":"2025-03-07T06:15:59+00:00","dateModified":"2026-03-16T14:57:39+00:00","description":"Organisez une activit\u00e9 pratique \u00e0 Paris pour les groupes scolaires ! Les \u00e9l\u00e8ves r\u00e9soudront des \u00e9nigmes, exploreront l'histoire de la Premi\u00e8re Guerre mondiale et d\u00e9couvriront les secrets de Marie Curie au cours de cette aventure en plein air.","breadcrumb":{"@id":"https:\/\/www.mystery.city\/fr\/produit\/paris-groupes-scolaires\/#breadcrumb"},"inLanguage":"fr-FR","potentialAction":[{"@type":"ReadAction","target":["https:\/\/www.mystery.city\/fr\/produit\/paris-groupes-scolaires\/"]}]},{"@type":"ImageObject","inLanguage":"fr-FR","@id":"https:\/\/www.mystery.city\/fr\/produit\/paris-groupes-scolaires\/#primaryimage","url":"https:\/\/www.mystery.city\/wp-content\/uploads\/2025\/03\/Paris-Mystery-City-Games14-2.webp","contentUrl":"https:\/\/www.mystery.city\/wp-content\/uploads\/2025\/03\/Paris-Mystery-City-Games14-2.webp","width":1620,"height":1080,"caption":"Paris Activit\u00e9 pour les groupes scolaires | Jeu de piste Escape Games"},{"@type":"BreadcrumbList","@id":"https:\/\/www.mystery.city\/fr\/produit\/paris-groupes-scolaires\/#breadcrumb","itemListElement":[{"@type":"ListItem","position":1,"name":"Home","item":"https:\/\/www.mystery.city\/fr\/"},{"@type":"ListItem","position":2,"name":"Shop","item":"https:\/\/www.mystery.city\/shop\/"},{"@type":"ListItem","position":3,"name":"L&#8217;Arme Secr\u00e8te de Marie Curie &#8211; Groupes Scolaires"}]},{"@type":"WebSite","@id":"https:\/\/www.mystery.city\/fr\/#website","url":"https:\/\/www.mystery.city\/fr\/","name":"Mystery City Games","description":"Explore the City, Solve Puzzles, Unlock History","publisher":{"@id":"https:\/\/www.mystery.city\/fr\/#organization"},"alternateName":"Mystery City Games","potentialAction":[{"@type":"SearchAction","target":{"@type":"EntryPoint","urlTemplate":"https:\/\/www.mystery.city\/fr\/?s={search_term_string}"},"query-input":{"@type":"PropertyValueSpecification","valueRequired":true,"valueName":"search_term_string"}}],"inLanguage":"fr-FR"},{"@type":"Organization","@id":"https:\/\/www.mystery.city\/fr\/#organization","name":"Mystery City Games","alternateName":"Mystery City Games","url":"https:\/\/www.mystery.city\/fr\/","logo":{"@type":"ImageObject","inLanguage":"fr-FR","@id":"https:\/\/www.mystery.city\/fr\/#\/schema\/logo\/image\/","url":"https:\/\/www.mystery.city\/wp-content\/uploads\/2025\/02\/Mystery-City-Games-Logo-2048x394-1.png","contentUrl":"https:\/\/www.mystery.city\/wp-content\/uploads\/2025\/02\/Mystery-City-Games-Logo-2048x394-1.png","width":2048,"height":394,"caption":"Mystery City Games"},"image":{"@id":"https:\/\/www.mystery.city\/fr\/#\/schema\/logo\/image\/"},"sameAs":["https:\/\/www.facebook.com\/MysteryCityGames\/","https:\/\/www.instagram.com\/mysterycitygames\/","https:\/\/www.linkedin.com\/company\/mystery-city-games","https:\/\/www.tiktok.com\/@mysterycitygames","https:\/\/www.youtube.com\/@mysterycitygames"]}]}},"_links":{"self":[{"href":"https:\/\/www.mystery.city\/fr\/wp-json\/wp\/v2\/product\/9346","targetHints":{"allow":["GET"]}}],"collection":[{"href":"https:\/\/www.mystery.city\/fr\/wp-json\/wp\/v2\/product"}],"about":[{"href":"https:\/\/www.mystery.city\/fr\/wp-json\/wp\/v2\/types\/product"}],"wp:featuredmedia":[{"embeddable":true,"href":"https:\/\/www.mystery.city\/fr\/wp-json\/wp\/v2\/media\/6694"}],"wp:attachment":[{"href":"https:\/\/www.mystery.city\/fr\/wp-json\/wp\/v2\/media?parent=9346"}],"wp:term":[{"taxonomy":"product_brand","embeddable":true,"href":"https:\/\/www.mystery.city\/fr\/wp-json\/wp\/v2\/product_brand?post=9346"},{"taxonomy":"product_cat","embeddable":true,"href":"https:\/\/www.mystery.city\/fr\/wp-json\/wp\/v2\/product_cat?post=9346"},{"taxonomy":"product_tag","embeddable":true,"href":"https:\/\/www.mystery.city\/fr\/wp-json\/wp\/v2\/product_tag?post=9346"}],"curies":[{"name":"wp","href":"https:\/\/api.w.org\/{rel}","templated":true}]}}