{"id":9397,"date":"2025-03-07T07:15:56","date_gmt":"2025-03-07T06:15:56","guid":{"rendered":"https:\/\/mysterycity.com\/product\/le-secret-du-roi-team-building\/"},"modified":"2026-03-16T15:57:39","modified_gmt":"2026-03-16T14:57:39","slug":"sintra-team-building","status":"publish","type":"product","link":"https:\/\/www.mystery.city\/fr\/produit\/sintra-team-building\/","title":{"rendered":"Le Secret du Roi &#8211; Team building"},"content":{"rendered":"<div class=\"elementor-element elementor-element-6b6b29d elementor-widget__width-initial elementor-widget elementor-widget-text-editor\" data-id=\"6b6b29d\" data-element_type=\"widget\" data-widget_type=\"text-editor.default\">\n<div class=\"elementor-widget-container\">\n<h3>Jeu de piste \u00e0 Sintra<\/h3>\n<p>Venez d\u00e9couvrir<strong> la meilleure sortie d&rsquo;\u00e9quipe<\/strong> \u00e0 Sintra ! <strong>Collaborez<\/strong> avec vos coll\u00e8gues, <strong>participez \u00e0 la<\/strong> r\u00e9solution d&rsquo;un myst\u00e8re et <strong>profitez d&rsquo;<\/strong> une journ\u00e9e d&rsquo;excursion.<\/p>\n<p>Lors de cet \u00e9v\u00e9nement d&rsquo;entreprise, les joueurs sont r\u00e9partis en \u00e9quipes qui :<\/p>\n<ul>\n<li>Courir \u00e0 travers la ville en suivant une carte au tr\u00e9sor<\/li>\n<li>Collaborer pour trouver des indices et ouvrir les cadenas<\/li>\n<li>Concourir avec leurs coll\u00e8gues pour gagner<\/li>\n<li>D\u00e9couvrez une v\u00e9ritable histoire de Sintra<\/li>\n<\/ul>\n<\/div>\n<\/div>\n<div class=\"elementor-element elementor-element-21cd6a4 elementor-widget elementor-widget-heading\" data-id=\"21cd6a4\" data-element_type=\"widget\" data-widget_type=\"heading.default\">\n<div class=\"elementor-widget-container\">\n<p class=\"elementor-heading-title elementor-size-default\"><a href=\"https:\/\/www.mystery.city\/sintra-team-events-pt\/\">Si vous souhaitez jouer en portugais, cliquez ici<\/a><\/p>\n<\/div>\n<\/div>\n","protected":false},"excerpt":{"rendered":"<p><script type=\"text\/javascript\" src=\"https:\/\/bookeo.com\/widget.js?a=42551JFW7PA17A3859B833&#038;type=42551PHPTW7187DBA317DC&#038;languageCode=fr_FR\"><\/script><\/p>\n","protected":false},"featured_media":6796,"template":"","meta":{"_acf_changed":false,"postBodyCss":"","postBodyMargin":[],"postBodyPadding":[],"postBodyBackground":{"backgroundType":"classic","gradient":""}},"product_brand":[],"product_cat":[79,25],"product_tag":[119],"class_list":{"0":"post-9397","1":"product","2":"type-product","3":"status-publish","4":"has-post-thumbnail","6":"product_cat-teambuilding","7":"product_cat-uncategorized","8":"product_tag-bookeo-fr","10":"first","11":"instock","12":"virtual","13":"taxable","14":"purchasable","15":"product-type-simple"},"acf":[],"yoast_head":"<!-- This site is optimized with the Yoast SEO plugin v27.4 - https:\/\/yoast.com\/product\/yoast-seo-wordpress\/ -->\n<title>Le Secret du Roi - Team building - Mystery City Games<\/title>\n<meta name=\"description\" content=\"Un \u00e9v\u00e9nement de team building en fran\u00e7ais \u00e0 Sintra : collaborez et rivalisez pour r\u00e9soudre un myst\u00e8re tout en d\u00e9couvrant la ville.\" \/>\n<meta name=\"robots\" content=\"index, follow, max-snippet:-1, max-image-preview:large, max-video-preview:-1\" \/>\n<link rel=\"canonical\" href=\"https:\/\/www.mystery.city\/fr\/produit\/sintra-team-building\/\" \/>\n<meta property=\"og:locale\" content=\"fr_FR\" \/>\n<meta property=\"og:type\" content=\"article\" \/>\n<meta property=\"og:title\" content=\"Le Secret du Roi - Team building - Mystery City Games\" \/>\n<meta property=\"og:description\" content=\"Un \u00e9v\u00e9nement de team building en fran\u00e7ais \u00e0 Sintra : collaborez et rivalisez pour r\u00e9soudre un myst\u00e8re tout en d\u00e9couvrant la ville.\" \/>\n<meta property=\"og:url\" content=\"https:\/\/www.mystery.city\/fr\/produit\/sintra-team-building\/\" \/>\n<meta property=\"og:site_name\" content=\"Mystery City Games\" \/>\n<meta property=\"article:publisher\" content=\"https:\/\/www.facebook.com\/MysteryCityGames\/\" \/>\n<meta property=\"article:modified_time\" content=\"2026-03-16T14:57:39+00:00\" \/>\n<meta property=\"og:image\" content=\"https:\/\/www.mystery.city\/wp-content\/uploads\/2025\/03\/Sintra-Mystery-City-Games11-1.webp\" \/>\n\t<meta property=\"og:image:width\" content=\"1440\" \/>\n\t<meta property=\"og:image:height\" content=\"1080\" \/>\n\t<meta property=\"og:image:type\" content=\"image\/webp\" \/>\n<meta name=\"twitter:card\" content=\"summary_large_image\" \/>\n<script type=\"application\/ld+json\" class=\"yoast-schema-graph\">{\"@context\":\"https:\\\/\\\/schema.org\",\"@graph\":[{\"@type\":\"WebPage\",\"@id\":\"https:\\\/\\\/www.mystery.city\\\/fr\\\/produit\\\/sintra-team-building\\\/\",\"url\":\"https:\\\/\\\/www.mystery.city\\\/fr\\\/produit\\\/sintra-team-building\\\/\",\"name\":\"Le Secret du Roi - Team building - Mystery City Games\",\"isPartOf\":{\"@id\":\"https:\\\/\\\/www.mystery.city\\\/fr\\\/#website\"},\"primaryImageOfPage\":{\"@id\":\"https:\\\/\\\/www.mystery.city\\\/fr\\\/produit\\\/sintra-team-building\\\/#primaryimage\"},\"image\":{\"@id\":\"https:\\\/\\\/www.mystery.city\\\/fr\\\/produit\\\/sintra-team-building\\\/#primaryimage\"},\"thumbnailUrl\":\"https:\\\/\\\/www.mystery.city\\\/wp-content\\\/uploads\\\/2025\\\/03\\\/Sintra-Mystery-City-Games11-1.webp\",\"datePublished\":\"2025-03-07T06:15:56+00:00\",\"dateModified\":\"2026-03-16T14:57:39+00:00\",\"description\":\"Un \u00e9v\u00e9nement de team building en fran\u00e7ais \u00e0 Sintra : collaborez et rivalisez pour r\u00e9soudre un myst\u00e8re tout en d\u00e9couvrant la ville.\",\"breadcrumb\":{\"@id\":\"https:\\\/\\\/www.mystery.city\\\/fr\\\/produit\\\/sintra-team-building\\\/#breadcrumb\"},\"inLanguage\":\"fr-FR\",\"potentialAction\":[{\"@type\":\"ReadAction\",\"target\":[\"https:\\\/\\\/www.mystery.city\\\/fr\\\/produit\\\/sintra-team-building\\\/\"]}]},{\"@type\":\"ImageObject\",\"inLanguage\":\"fr-FR\",\"@id\":\"https:\\\/\\\/www.mystery.city\\\/fr\\\/produit\\\/sintra-team-building\\\/#primaryimage\",\"url\":\"https:\\\/\\\/www.mystery.city\\\/wp-content\\\/uploads\\\/2025\\\/03\\\/Sintra-Mystery-City-Games11-1.webp\",\"contentUrl\":\"https:\\\/\\\/www.mystery.city\\\/wp-content\\\/uploads\\\/2025\\\/03\\\/Sintra-Mystery-City-Games11-1.webp\",\"width\":1440,\"height\":1080,\"caption\":\"Jeu de team building \u00e0 Sintra | \u00c9v\u00e9nements d'entreprise et activit\u00e9s en plein air\"},{\"@type\":\"BreadcrumbList\",\"@id\":\"https:\\\/\\\/www.mystery.city\\\/fr\\\/produit\\\/sintra-team-building\\\/#breadcrumb\",\"itemListElement\":[{\"@type\":\"ListItem\",\"position\":1,\"name\":\"Home\",\"item\":\"https:\\\/\\\/www.mystery.city\\\/fr\\\/\"},{\"@type\":\"ListItem\",\"position\":2,\"name\":\"Shop\",\"item\":\"https:\\\/\\\/www.mystery.city\\\/shop\\\/\"},{\"@type\":\"ListItem\",\"position\":3,\"name\":\"Le Secret du Roi &#8211; Team building\"}]},{\"@type\":\"WebSite\",\"@id\":\"https:\\\/\\\/www.mystery.city\\\/fr\\\/#website\",\"url\":\"https:\\\/\\\/www.mystery.city\\\/fr\\\/\",\"name\":\"Mystery City Games\",\"description\":\"Explore the City, Solve Puzzles, Unlock History\",\"publisher\":{\"@id\":\"https:\\\/\\\/www.mystery.city\\\/fr\\\/#organization\"},\"alternateName\":\"Mystery City Games\",\"potentialAction\":[{\"@type\":\"SearchAction\",\"target\":{\"@type\":\"EntryPoint\",\"urlTemplate\":\"https:\\\/\\\/www.mystery.city\\\/fr\\\/?s={search_term_string}\"},\"query-input\":{\"@type\":\"PropertyValueSpecification\",\"valueRequired\":true,\"valueName\":\"search_term_string\"}}],\"inLanguage\":\"fr-FR\"},{\"@type\":\"Organization\",\"@id\":\"https:\\\/\\\/www.mystery.city\\\/fr\\\/#organization\",\"name\":\"Mystery City Games\",\"alternateName\":\"Mystery City Games\",\"url\":\"https:\\\/\\\/www.mystery.city\\\/fr\\\/\",\"logo\":{\"@type\":\"ImageObject\",\"inLanguage\":\"fr-FR\",\"@id\":\"https:\\\/\\\/www.mystery.city\\\/fr\\\/#\\\/schema\\\/logo\\\/image\\\/\",\"url\":\"https:\\\/\\\/www.mystery.city\\\/wp-content\\\/uploads\\\/2025\\\/02\\\/Mystery-City-Games-Logo-2048x394-1.png\",\"contentUrl\":\"https:\\\/\\\/www.mystery.city\\\/wp-content\\\/uploads\\\/2025\\\/02\\\/Mystery-City-Games-Logo-2048x394-1.png\",\"width\":2048,\"height\":394,\"caption\":\"Mystery City Games\"},\"image\":{\"@id\":\"https:\\\/\\\/www.mystery.city\\\/fr\\\/#\\\/schema\\\/logo\\\/image\\\/\"},\"sameAs\":[\"https:\\\/\\\/www.facebook.com\\\/MysteryCityGames\\\/\",\"https:\\\/\\\/www.instagram.com\\\/mysterycitygames\\\/\",\"https:\\\/\\\/www.linkedin.com\\\/company\\\/mystery-city-games\",\"https:\\\/\\\/www.tiktok.com\\\/@mysterycitygames\",\"https:\\\/\\\/www.youtube.com\\\/@mysterycitygames\"]}]}<\/script>\n<!-- \/ Yoast SEO plugin. -->","yoast_head_json":{"title":"Le Secret du Roi - Team building - Mystery City Games","description":"Un \u00e9v\u00e9nement de team building en fran\u00e7ais \u00e0 Sintra : collaborez et rivalisez pour r\u00e9soudre un myst\u00e8re tout en d\u00e9couvrant la ville.","robots":{"index":"index","follow":"follow","max-snippet":"max-snippet:-1","max-image-preview":"max-image-preview:large","max-video-preview":"max-video-preview:-1"},"canonical":"https:\/\/www.mystery.city\/fr\/produit\/sintra-team-building\/","og_locale":"fr_FR","og_type":"article","og_title":"Le Secret du Roi - Team building - Mystery City Games","og_description":"Un \u00e9v\u00e9nement de team building en fran\u00e7ais \u00e0 Sintra : collaborez et rivalisez pour r\u00e9soudre un myst\u00e8re tout en d\u00e9couvrant la ville.","og_url":"https:\/\/www.mystery.city\/fr\/produit\/sintra-team-building\/","og_site_name":"Mystery City Games","article_publisher":"https:\/\/www.facebook.com\/MysteryCityGames\/","article_modified_time":"2026-03-16T14:57:39+00:00","og_image":[{"width":1440,"height":1080,"url":"https:\/\/www.mystery.city\/wp-content\/uploads\/2025\/03\/Sintra-Mystery-City-Games11-1.webp","type":"image\/webp"}],"twitter_card":"summary_large_image","schema":{"@context":"https:\/\/schema.org","@graph":[{"@type":"WebPage","@id":"https:\/\/www.mystery.city\/fr\/produit\/sintra-team-building\/","url":"https:\/\/www.mystery.city\/fr\/produit\/sintra-team-building\/","name":"Le Secret du Roi - Team building - Mystery City Games","isPartOf":{"@id":"https:\/\/www.mystery.city\/fr\/#website"},"primaryImageOfPage":{"@id":"https:\/\/www.mystery.city\/fr\/produit\/sintra-team-building\/#primaryimage"},"image":{"@id":"https:\/\/www.mystery.city\/fr\/produit\/sintra-team-building\/#primaryimage"},"thumbnailUrl":"https:\/\/www.mystery.city\/wp-content\/uploads\/2025\/03\/Sintra-Mystery-City-Games11-1.webp","datePublished":"2025-03-07T06:15:56+00:00","dateModified":"2026-03-16T14:57:39+00:00","description":"Un \u00e9v\u00e9nement de team building en fran\u00e7ais \u00e0 Sintra : collaborez et rivalisez pour r\u00e9soudre un myst\u00e8re tout en d\u00e9couvrant la ville.","breadcrumb":{"@id":"https:\/\/www.mystery.city\/fr\/produit\/sintra-team-building\/#breadcrumb"},"inLanguage":"fr-FR","potentialAction":[{"@type":"ReadAction","target":["https:\/\/www.mystery.city\/fr\/produit\/sintra-team-building\/"]}]},{"@type":"ImageObject","inLanguage":"fr-FR","@id":"https:\/\/www.mystery.city\/fr\/produit\/sintra-team-building\/#primaryimage","url":"https:\/\/www.mystery.city\/wp-content\/uploads\/2025\/03\/Sintra-Mystery-City-Games11-1.webp","contentUrl":"https:\/\/www.mystery.city\/wp-content\/uploads\/2025\/03\/Sintra-Mystery-City-Games11-1.webp","width":1440,"height":1080,"caption":"Jeu de team building \u00e0 Sintra | \u00c9v\u00e9nements d'entreprise et activit\u00e9s en plein air"},{"@type":"BreadcrumbList","@id":"https:\/\/www.mystery.city\/fr\/produit\/sintra-team-building\/#breadcrumb","itemListElement":[{"@type":"ListItem","position":1,"name":"Home","item":"https:\/\/www.mystery.city\/fr\/"},{"@type":"ListItem","position":2,"name":"Shop","item":"https:\/\/www.mystery.city\/shop\/"},{"@type":"ListItem","position":3,"name":"Le Secret du Roi &#8211; Team building"}]},{"@type":"WebSite","@id":"https:\/\/www.mystery.city\/fr\/#website","url":"https:\/\/www.mystery.city\/fr\/","name":"Mystery City Games","description":"Explore the City, Solve Puzzles, Unlock History","publisher":{"@id":"https:\/\/www.mystery.city\/fr\/#organization"},"alternateName":"Mystery City Games","potentialAction":[{"@type":"SearchAction","target":{"@type":"EntryPoint","urlTemplate":"https:\/\/www.mystery.city\/fr\/?s={search_term_string}"},"query-input":{"@type":"PropertyValueSpecification","valueRequired":true,"valueName":"search_term_string"}}],"inLanguage":"fr-FR"},{"@type":"Organization","@id":"https:\/\/www.mystery.city\/fr\/#organization","name":"Mystery City Games","alternateName":"Mystery City Games","url":"https:\/\/www.mystery.city\/fr\/","logo":{"@type":"ImageObject","inLanguage":"fr-FR","@id":"https:\/\/www.mystery.city\/fr\/#\/schema\/logo\/image\/","url":"https:\/\/www.mystery.city\/wp-content\/uploads\/2025\/02\/Mystery-City-Games-Logo-2048x394-1.png","contentUrl":"https:\/\/www.mystery.city\/wp-content\/uploads\/2025\/02\/Mystery-City-Games-Logo-2048x394-1.png","width":2048,"height":394,"caption":"Mystery City Games"},"image":{"@id":"https:\/\/www.mystery.city\/fr\/#\/schema\/logo\/image\/"},"sameAs":["https:\/\/www.facebook.com\/MysteryCityGames\/","https:\/\/www.instagram.com\/mysterycitygames\/","https:\/\/www.linkedin.com\/company\/mystery-city-games","https:\/\/www.tiktok.com\/@mysterycitygames","https:\/\/www.youtube.com\/@mysterycitygames"]}]}},"_links":{"self":[{"href":"https:\/\/www.mystery.city\/fr\/wp-json\/wp\/v2\/product\/9397","targetHints":{"allow":["GET"]}}],"collection":[{"href":"https:\/\/www.mystery.city\/fr\/wp-json\/wp\/v2\/product"}],"about":[{"href":"https:\/\/www.mystery.city\/fr\/wp-json\/wp\/v2\/types\/product"}],"wp:featuredmedia":[{"embeddable":true,"href":"https:\/\/www.mystery.city\/fr\/wp-json\/wp\/v2\/media\/6796"}],"wp:attachment":[{"href":"https:\/\/www.mystery.city\/fr\/wp-json\/wp\/v2\/media?parent=9397"}],"wp:term":[{"taxonomy":"product_brand","embeddable":true,"href":"https:\/\/www.mystery.city\/fr\/wp-json\/wp\/v2\/product_brand?post=9397"},{"taxonomy":"product_cat","embeddable":true,"href":"https:\/\/www.mystery.city\/fr\/wp-json\/wp\/v2\/product_cat?post=9397"},{"taxonomy":"product_tag","embeddable":true,"href":"https:\/\/www.mystery.city\/fr\/wp-json\/wp\/v2\/product_tag?post=9397"}],"curies":[{"name":"wp","href":"https:\/\/api.w.org\/{rel}","templated":true}]}}