{"id":9433,"date":"2025-03-07T08:16:00","date_gmt":"2025-03-07T07:16:00","guid":{"rendered":"https:\/\/mysterycity.com\/product\/le-correspondant-inconnu\/"},"modified":"2026-03-16T11:39:32","modified_gmt":"2026-03-16T10:39:32","slug":"jeu-de-piste-amsterdam","status":"publish","type":"product","link":"https:\/\/www.mystery.city\/fr\/produit\/jeu-de-piste-amsterdam\/","title":{"rendered":"Le Correspondant Inconnu"},"content":{"rendered":"<p>Avez-vous ce qu&rsquo;il faut pour rejoindre l&rsquo;Ordre secret de la Croix-Rose ? Vous devrez prouver votre valeur dans cette <b> <a href=\"https:\/\/www.instagram.com\/mysterycitygames\/\">escape room<\/a> en plein air<\/b> en suivant leur <b>piste myst\u00e9rieuse <\/b>et en <b>relevant des d\u00e9fis<\/b> afin de d\u00e9couvrir l&rsquo;identit\u00e9 de l&rsquo;un de leurs membres historiques, connu uniquement sous le nom de <em>Le Correspondant Inconnu<\/em>.<\/p>\n<p><b>Explorez l&rsquo;histoire d&rsquo;Amsterdam<\/b> dans cette <b>chasse au tr\u00e9sor<\/b> bas\u00e9e sur<b> une histoire vraie<\/b>. Visitez des sites c\u00e9l\u00e8bres, d\u00e9couvrez des joyaux cach\u00e9s et plongez dans l&rsquo;univers d&rsquo;<em>Un exp\u00e9diteur secret.<\/em><\/p>\n<p>Pouvez-vous <b>r\u00e9soudre le myst\u00e8re<\/b>? Entrez dans l&rsquo;histoire et d\u00e9couvrez pourquoi il s&rsquo;agit de l&rsquo;<b> <a href=\"https:\/\/www.mystery.city\/fr\/chasse-au-tresor-a-amsterdam\/\">activit\u00e9 la plus amusante \u00e0 Amsterdam<\/a>!<\/b><\/p>\n","protected":false},"excerpt":{"rendered":"<p><script type=\"text\/javascript\" src=\"https:\/\/bookeo.com\/widget.js?a=42551JFW7PA17A3859B833&#038;type=4255137K7FF17A387B3A7E&#038;languageCode=fr_FR\"><\/script><\/p>\n","protected":false},"featured_media":10259,"template":"","meta":{"_acf_changed":false,"postBodyCss":"","postBodyMargin":[],"postBodyPadding":[],"postBodyBackground":{"backgroundType":"classic","gradient":""}},"product_brand":[],"product_cat":[81],"product_tag":[],"class_list":{"0":"post-9433","1":"product","2":"type-product","3":"status-publish","4":"has-post-thumbnail","6":"product_cat-game","8":"first","9":"instock","10":"virtual","11":"taxable","12":"purchasable","13":"product-type-simple"},"acf":[],"yoast_head":"<!-- This site is optimized with the Yoast SEO plugin v27.4 - https:\/\/yoast.com\/product\/yoast-seo-wordpress\/ -->\n<title>Amsterdam Scavenger Hunt Adventure | A Secret Sender Mystery (en anglais)<\/title>\n<meta name=\"description\" content=\"Explorez la ville en fran\u00e7ais avec notre jeu de piste immersif, inspir\u00e9 d\u2019une histoire vraie ! \u00c0 ne pas manquer \u00e0 Amsterdam\" \/>\n<meta name=\"robots\" content=\"index, follow, max-snippet:-1, max-image-preview:large, max-video-preview:-1\" \/>\n<link rel=\"canonical\" href=\"https:\/\/www.mystery.city\/fr\/produit\/jeu-de-piste-amsterdam\/\" \/>\n<meta property=\"og:locale\" content=\"fr_FR\" \/>\n<meta property=\"og:type\" content=\"article\" \/>\n<meta property=\"og:title\" content=\"Amsterdam Scavenger Hunt Adventure | A Secret Sender Mystery (en anglais)\" \/>\n<meta property=\"og:description\" content=\"Explorez la ville en fran\u00e7ais avec notre jeu de piste immersif, inspir\u00e9 d\u2019une histoire vraie ! \u00c0 ne pas manquer \u00e0 Amsterdam\" \/>\n<meta property=\"og:url\" content=\"https:\/\/www.mystery.city\/fr\/produit\/jeu-de-piste-amsterdam\/\" \/>\n<meta property=\"og:site_name\" content=\"Mystery City Games\" \/>\n<meta property=\"article:publisher\" content=\"https:\/\/www.facebook.com\/MysteryCityGames\/\" \/>\n<meta property=\"article:modified_time\" content=\"2026-03-16T10:39:32+00:00\" \/>\n<meta property=\"og:image\" content=\"https:\/\/www.mystery.city\/wp-content\/uploads\/2025\/03\/TMASS-with-stix2.png\" \/>\n\t<meta property=\"og:image:width\" content=\"698\" \/>\n\t<meta property=\"og:image:height\" content=\"559\" \/>\n\t<meta property=\"og:image:type\" content=\"image\/png\" \/>\n<meta name=\"twitter:card\" content=\"summary_large_image\" \/>\n<script type=\"application\/ld+json\" class=\"yoast-schema-graph\">{\"@context\":\"https:\\\/\\\/schema.org\",\"@graph\":[{\"@type\":\"WebPage\",\"@id\":\"https:\\\/\\\/www.mystery.city\\\/fr\\\/produit\\\/jeu-de-piste-amsterdam\\\/\",\"url\":\"https:\\\/\\\/www.mystery.city\\\/fr\\\/produit\\\/jeu-de-piste-amsterdam\\\/\",\"name\":\"Amsterdam Scavenger Hunt Adventure | A Secret Sender Mystery (en anglais)\",\"isPartOf\":{\"@id\":\"https:\\\/\\\/www.mystery.city\\\/fr\\\/#website\"},\"primaryImageOfPage\":{\"@id\":\"https:\\\/\\\/www.mystery.city\\\/fr\\\/produit\\\/jeu-de-piste-amsterdam\\\/#primaryimage\"},\"image\":{\"@id\":\"https:\\\/\\\/www.mystery.city\\\/fr\\\/produit\\\/jeu-de-piste-amsterdam\\\/#primaryimage\"},\"thumbnailUrl\":\"https:\\\/\\\/www.mystery.city\\\/wp-content\\\/uploads\\\/2025\\\/03\\\/TMASS-with-stix2.png\",\"datePublished\":\"2025-03-07T07:16:00+00:00\",\"dateModified\":\"2026-03-16T10:39:32+00:00\",\"description\":\"Explorez la ville en fran\u00e7ais avec notre jeu de piste immersif, inspir\u00e9 d\u2019une histoire vraie ! \u00c0 ne pas manquer \u00e0 Amsterdam\",\"breadcrumb\":{\"@id\":\"https:\\\/\\\/www.mystery.city\\\/fr\\\/produit\\\/jeu-de-piste-amsterdam\\\/#breadcrumb\"},\"inLanguage\":\"fr-FR\",\"potentialAction\":[{\"@type\":\"ReadAction\",\"target\":[\"https:\\\/\\\/www.mystery.city\\\/fr\\\/produit\\\/jeu-de-piste-amsterdam\\\/\"]}]},{\"@type\":\"ImageObject\",\"inLanguage\":\"fr-FR\",\"@id\":\"https:\\\/\\\/www.mystery.city\\\/fr\\\/produit\\\/jeu-de-piste-amsterdam\\\/#primaryimage\",\"url\":\"https:\\\/\\\/www.mystery.city\\\/wp-content\\\/uploads\\\/2025\\\/03\\\/TMASS-with-stix2.png\",\"contentUrl\":\"https:\\\/\\\/www.mystery.city\\\/wp-content\\\/uploads\\\/2025\\\/03\\\/TMASS-with-stix2.png\",\"width\":698,\"height\":559,\"caption\":\"Chasse au tr\u00e9sor \u00e0 Amsterdam\"},{\"@type\":\"BreadcrumbList\",\"@id\":\"https:\\\/\\\/www.mystery.city\\\/fr\\\/produit\\\/jeu-de-piste-amsterdam\\\/#breadcrumb\",\"itemListElement\":[{\"@type\":\"ListItem\",\"position\":1,\"name\":\"Home\",\"item\":\"https:\\\/\\\/www.mystery.city\\\/fr\\\/\"},{\"@type\":\"ListItem\",\"position\":2,\"name\":\"Shop\",\"item\":\"https:\\\/\\\/www.mystery.city\\\/shop\\\/\"},{\"@type\":\"ListItem\",\"position\":3,\"name\":\"Le Correspondant Inconnu\"}]},{\"@type\":\"WebSite\",\"@id\":\"https:\\\/\\\/www.mystery.city\\\/fr\\\/#website\",\"url\":\"https:\\\/\\\/www.mystery.city\\\/fr\\\/\",\"name\":\"Mystery City Games\",\"description\":\"Explore the City, Solve Puzzles, Unlock History\",\"publisher\":{\"@id\":\"https:\\\/\\\/www.mystery.city\\\/fr\\\/#organization\"},\"alternateName\":\"Mystery City Games\",\"potentialAction\":[{\"@type\":\"SearchAction\",\"target\":{\"@type\":\"EntryPoint\",\"urlTemplate\":\"https:\\\/\\\/www.mystery.city\\\/fr\\\/?s={search_term_string}\"},\"query-input\":{\"@type\":\"PropertyValueSpecification\",\"valueRequired\":true,\"valueName\":\"search_term_string\"}}],\"inLanguage\":\"fr-FR\"},{\"@type\":\"Organization\",\"@id\":\"https:\\\/\\\/www.mystery.city\\\/fr\\\/#organization\",\"name\":\"Mystery City Games\",\"alternateName\":\"Mystery City Games\",\"url\":\"https:\\\/\\\/www.mystery.city\\\/fr\\\/\",\"logo\":{\"@type\":\"ImageObject\",\"inLanguage\":\"fr-FR\",\"@id\":\"https:\\\/\\\/www.mystery.city\\\/fr\\\/#\\\/schema\\\/logo\\\/image\\\/\",\"url\":\"https:\\\/\\\/www.mystery.city\\\/wp-content\\\/uploads\\\/2025\\\/02\\\/Mystery-City-Games-Logo-2048x394-1.png\",\"contentUrl\":\"https:\\\/\\\/www.mystery.city\\\/wp-content\\\/uploads\\\/2025\\\/02\\\/Mystery-City-Games-Logo-2048x394-1.png\",\"width\":2048,\"height\":394,\"caption\":\"Mystery City Games\"},\"image\":{\"@id\":\"https:\\\/\\\/www.mystery.city\\\/fr\\\/#\\\/schema\\\/logo\\\/image\\\/\"},\"sameAs\":[\"https:\\\/\\\/www.facebook.com\\\/MysteryCityGames\\\/\",\"https:\\\/\\\/www.instagram.com\\\/mysterycitygames\\\/\",\"https:\\\/\\\/www.linkedin.com\\\/company\\\/mystery-city-games\",\"https:\\\/\\\/www.tiktok.com\\\/@mysterycitygames\",\"https:\\\/\\\/www.youtube.com\\\/@mysterycitygames\"]}]}<\/script>\n<!-- \/ Yoast SEO plugin. -->","yoast_head_json":{"title":"Amsterdam Scavenger Hunt Adventure | A Secret Sender Mystery (en anglais)","description":"Explorez la ville en fran\u00e7ais avec notre jeu de piste immersif, inspir\u00e9 d\u2019une histoire vraie ! \u00c0 ne pas manquer \u00e0 Amsterdam","robots":{"index":"index","follow":"follow","max-snippet":"max-snippet:-1","max-image-preview":"max-image-preview:large","max-video-preview":"max-video-preview:-1"},"canonical":"https:\/\/www.mystery.city\/fr\/produit\/jeu-de-piste-amsterdam\/","og_locale":"fr_FR","og_type":"article","og_title":"Amsterdam Scavenger Hunt Adventure | A Secret Sender Mystery (en anglais)","og_description":"Explorez la ville en fran\u00e7ais avec notre jeu de piste immersif, inspir\u00e9 d\u2019une histoire vraie ! \u00c0 ne pas manquer \u00e0 Amsterdam","og_url":"https:\/\/www.mystery.city\/fr\/produit\/jeu-de-piste-amsterdam\/","og_site_name":"Mystery City Games","article_publisher":"https:\/\/www.facebook.com\/MysteryCityGames\/","article_modified_time":"2026-03-16T10:39:32+00:00","og_image":[{"width":698,"height":559,"url":"https:\/\/www.mystery.city\/wp-content\/uploads\/2025\/03\/TMASS-with-stix2.png","type":"image\/png"}],"twitter_card":"summary_large_image","schema":{"@context":"https:\/\/schema.org","@graph":[{"@type":"WebPage","@id":"https:\/\/www.mystery.city\/fr\/produit\/jeu-de-piste-amsterdam\/","url":"https:\/\/www.mystery.city\/fr\/produit\/jeu-de-piste-amsterdam\/","name":"Amsterdam Scavenger Hunt Adventure | A Secret Sender Mystery (en anglais)","isPartOf":{"@id":"https:\/\/www.mystery.city\/fr\/#website"},"primaryImageOfPage":{"@id":"https:\/\/www.mystery.city\/fr\/produit\/jeu-de-piste-amsterdam\/#primaryimage"},"image":{"@id":"https:\/\/www.mystery.city\/fr\/produit\/jeu-de-piste-amsterdam\/#primaryimage"},"thumbnailUrl":"https:\/\/www.mystery.city\/wp-content\/uploads\/2025\/03\/TMASS-with-stix2.png","datePublished":"2025-03-07T07:16:00+00:00","dateModified":"2026-03-16T10:39:32+00:00","description":"Explorez la ville en fran\u00e7ais avec notre jeu de piste immersif, inspir\u00e9 d\u2019une histoire vraie ! \u00c0 ne pas manquer \u00e0 Amsterdam","breadcrumb":{"@id":"https:\/\/www.mystery.city\/fr\/produit\/jeu-de-piste-amsterdam\/#breadcrumb"},"inLanguage":"fr-FR","potentialAction":[{"@type":"ReadAction","target":["https:\/\/www.mystery.city\/fr\/produit\/jeu-de-piste-amsterdam\/"]}]},{"@type":"ImageObject","inLanguage":"fr-FR","@id":"https:\/\/www.mystery.city\/fr\/produit\/jeu-de-piste-amsterdam\/#primaryimage","url":"https:\/\/www.mystery.city\/wp-content\/uploads\/2025\/03\/TMASS-with-stix2.png","contentUrl":"https:\/\/www.mystery.city\/wp-content\/uploads\/2025\/03\/TMASS-with-stix2.png","width":698,"height":559,"caption":"Chasse au tr\u00e9sor \u00e0 Amsterdam"},{"@type":"BreadcrumbList","@id":"https:\/\/www.mystery.city\/fr\/produit\/jeu-de-piste-amsterdam\/#breadcrumb","itemListElement":[{"@type":"ListItem","position":1,"name":"Home","item":"https:\/\/www.mystery.city\/fr\/"},{"@type":"ListItem","position":2,"name":"Shop","item":"https:\/\/www.mystery.city\/shop\/"},{"@type":"ListItem","position":3,"name":"Le Correspondant Inconnu"}]},{"@type":"WebSite","@id":"https:\/\/www.mystery.city\/fr\/#website","url":"https:\/\/www.mystery.city\/fr\/","name":"Mystery City Games","description":"Explore the City, Solve Puzzles, Unlock History","publisher":{"@id":"https:\/\/www.mystery.city\/fr\/#organization"},"alternateName":"Mystery City Games","potentialAction":[{"@type":"SearchAction","target":{"@type":"EntryPoint","urlTemplate":"https:\/\/www.mystery.city\/fr\/?s={search_term_string}"},"query-input":{"@type":"PropertyValueSpecification","valueRequired":true,"valueName":"search_term_string"}}],"inLanguage":"fr-FR"},{"@type":"Organization","@id":"https:\/\/www.mystery.city\/fr\/#organization","name":"Mystery City Games","alternateName":"Mystery City Games","url":"https:\/\/www.mystery.city\/fr\/","logo":{"@type":"ImageObject","inLanguage":"fr-FR","@id":"https:\/\/www.mystery.city\/fr\/#\/schema\/logo\/image\/","url":"https:\/\/www.mystery.city\/wp-content\/uploads\/2025\/02\/Mystery-City-Games-Logo-2048x394-1.png","contentUrl":"https:\/\/www.mystery.city\/wp-content\/uploads\/2025\/02\/Mystery-City-Games-Logo-2048x394-1.png","width":2048,"height":394,"caption":"Mystery City Games"},"image":{"@id":"https:\/\/www.mystery.city\/fr\/#\/schema\/logo\/image\/"},"sameAs":["https:\/\/www.facebook.com\/MysteryCityGames\/","https:\/\/www.instagram.com\/mysterycitygames\/","https:\/\/www.linkedin.com\/company\/mystery-city-games","https:\/\/www.tiktok.com\/@mysterycitygames","https:\/\/www.youtube.com\/@mysterycitygames"]}]}},"_links":{"self":[{"href":"https:\/\/www.mystery.city\/fr\/wp-json\/wp\/v2\/product\/9433","targetHints":{"allow":["GET"]}}],"collection":[{"href":"https:\/\/www.mystery.city\/fr\/wp-json\/wp\/v2\/product"}],"about":[{"href":"https:\/\/www.mystery.city\/fr\/wp-json\/wp\/v2\/types\/product"}],"wp:featuredmedia":[{"embeddable":true,"href":"https:\/\/www.mystery.city\/fr\/wp-json\/wp\/v2\/media\/10259"}],"wp:attachment":[{"href":"https:\/\/www.mystery.city\/fr\/wp-json\/wp\/v2\/media?parent=9433"}],"wp:term":[{"taxonomy":"product_brand","embeddable":true,"href":"https:\/\/www.mystery.city\/fr\/wp-json\/wp\/v2\/product_brand?post=9433"},{"taxonomy":"product_cat","embeddable":true,"href":"https:\/\/www.mystery.city\/fr\/wp-json\/wp\/v2\/product_cat?post=9433"},{"taxonomy":"product_tag","embeddable":true,"href":"https:\/\/www.mystery.city\/fr\/wp-json\/wp\/v2\/product_tag?post=9433"}],"curies":[{"name":"wp","href":"https:\/\/api.w.org\/{rel}","templated":true}]}}