{"id":9438,"date":"2025-03-07T07:15:48","date_gmt":"2025-03-07T06:15:48","guid":{"rendered":"https:\/\/mysterycity.com\/product\/le-secret-de-cerda\/"},"modified":"2026-03-16T11:39:47","modified_gmt":"2026-03-16T10:39:47","slug":"jeu-de-piste-barcelone","status":"publish","type":"product","link":"https:\/\/www.mystery.city\/fr\/produit\/jeu-de-piste-barcelone\/","title":{"rendered":"Le Secret de Cerd\u00e0"},"content":{"rendered":"<p><b>La c\u00e9l\u00e8bre grille de Barcelone<\/b> a \u00e9t\u00e9 cr\u00e9\u00e9e par l&rsquo;<b>architecte excentrique Ildefons Cerd\u00e0<\/b>. Mais il a <b>cach\u00e9 d&rsquo;\u00e9tranges secrets<\/b> dans son design&#8230; <b>suivez sa trace <\/b>et <b>r\u00e9solvez les \u00e9nigmes<\/b> de cette <b>escape room en plein air<\/b> pour d\u00e9couvrir ses <b>secrets perdus depuis longtemps<\/b>!<\/p>\n<p><b>Explorez l&rsquo;histoire de Barcelone<\/b> dans cette <b>chasse au tr\u00e9sor<\/b> bas\u00e9e sur<b> une histoire vraie<\/b>. Visitez des sites c\u00e9l\u00e8bres, d\u00e9couvrez des joyaux cach\u00e9s et plongez dans l&rsquo;univers de la Barcelone du XIXe si\u00e8cle.<\/p>\n<p><b>Saurez-vous r\u00e9soudre le myst\u00e8re ? Entrez dans l&rsquo;histoire et d\u00e9couvrez pourquoi il s&rsquo;agit de l&rsquo;activit\u00e9 la plus amusante de Barcelone ! <\/b><\/p>\n","protected":false},"excerpt":{"rendered":"<p><script type=\"text\/javascript\" src=\"https:\/\/bookeo.com\/widget.js?a=42551JFW7PA17A3859B833&#038;type=42551EYNXAH1881FC32DE6&#038;languageCode=fr_FR\"><\/script><\/p>\n","protected":false},"featured_media":9218,"template":"","meta":{"_acf_changed":false,"postBodyCss":"","postBodyMargin":[],"postBodyPadding":[],"postBodyBackground":{"backgroundType":"classic","gradient":""}},"product_brand":[],"product_cat":[81,25],"product_tag":[119],"class_list":{"0":"post-9438","1":"product","2":"type-product","3":"status-publish","4":"has-post-thumbnail","6":"product_cat-game","7":"product_cat-uncategorized","8":"product_tag-bookeo-fr","10":"first","11":"instock","12":"virtual","13":"taxable","14":"purchasable","15":"product-type-simple"},"acf":[],"yoast_head":"<!-- This site is optimized with the Yoast SEO plugin v27.4 - https:\/\/yoast.com\/product\/yoast-seo-wordpress\/ -->\n<title>Le Secret de Cerd\u00e0 - Mystery City Games<\/title>\n<meta name=\"description\" content=\"Explorez la ville en fran\u00e7ais avec notre jeu de piste immersif, inspir\u00e9 d\u2019une histoire vraie ! \u00c0 ne pas manquer \u00e0 Barcelone\" \/>\n<meta name=\"robots\" content=\"index, follow, max-snippet:-1, max-image-preview:large, max-video-preview:-1\" \/>\n<link rel=\"canonical\" href=\"https:\/\/www.mystery.city\/fr\/produit\/jeu-de-piste-barcelone\/\" \/>\n<meta property=\"og:locale\" content=\"fr_FR\" \/>\n<meta property=\"og:type\" content=\"article\" \/>\n<meta property=\"og:title\" content=\"Le Secret de Cerd\u00e0 - Mystery City Games\" \/>\n<meta property=\"og:description\" content=\"Explorez la ville en fran\u00e7ais avec notre jeu de piste immersif, inspir\u00e9 d\u2019une histoire vraie ! \u00c0 ne pas manquer \u00e0 Barcelone\" \/>\n<meta property=\"og:url\" content=\"https:\/\/www.mystery.city\/fr\/produit\/jeu-de-piste-barcelone\/\" \/>\n<meta property=\"og:site_name\" content=\"Mystery City Games\" \/>\n<meta property=\"article:publisher\" content=\"https:\/\/www.facebook.com\/MysteryCityGames\/\" \/>\n<meta property=\"article:modified_time\" content=\"2026-03-16T10:39:47+00:00\" \/>\n<meta property=\"og:image\" content=\"https:\/\/www.mystery.city\/wp-content\/uploads\/2025\/03\/Cerda-with-stix-1.png\" \/>\n\t<meta property=\"og:image:width\" content=\"727\" \/>\n\t<meta property=\"og:image:height\" content=\"567\" \/>\n\t<meta property=\"og:image:type\" content=\"image\/png\" \/>\n<meta name=\"twitter:card\" content=\"summary_large_image\" \/>\n<script type=\"application\/ld+json\" class=\"yoast-schema-graph\">{\"@context\":\"https:\\\/\\\/schema.org\",\"@graph\":[{\"@type\":\"WebPage\",\"@id\":\"https:\\\/\\\/www.mystery.city\\\/fr\\\/produit\\\/jeu-de-piste-barcelone\\\/\",\"url\":\"https:\\\/\\\/www.mystery.city\\\/fr\\\/produit\\\/jeu-de-piste-barcelone\\\/\",\"name\":\"Le Secret de Cerd\u00e0 - Mystery City Games\",\"isPartOf\":{\"@id\":\"https:\\\/\\\/www.mystery.city\\\/fr\\\/#website\"},\"primaryImageOfPage\":{\"@id\":\"https:\\\/\\\/www.mystery.city\\\/fr\\\/produit\\\/jeu-de-piste-barcelone\\\/#primaryimage\"},\"image\":{\"@id\":\"https:\\\/\\\/www.mystery.city\\\/fr\\\/produit\\\/jeu-de-piste-barcelone\\\/#primaryimage\"},\"thumbnailUrl\":\"https:\\\/\\\/www.mystery.city\\\/wp-content\\\/uploads\\\/2025\\\/03\\\/Cerda-with-stix-1.png\",\"datePublished\":\"2025-03-07T06:15:48+00:00\",\"dateModified\":\"2026-03-16T10:39:47+00:00\",\"description\":\"Explorez la ville en fran\u00e7ais avec notre jeu de piste immersif, inspir\u00e9 d\u2019une histoire vraie ! \u00c0 ne pas manquer \u00e0 Barcelone\",\"breadcrumb\":{\"@id\":\"https:\\\/\\\/www.mystery.city\\\/fr\\\/produit\\\/jeu-de-piste-barcelone\\\/#breadcrumb\"},\"inLanguage\":\"fr-FR\",\"potentialAction\":[{\"@type\":\"ReadAction\",\"target\":[\"https:\\\/\\\/www.mystery.city\\\/fr\\\/produit\\\/jeu-de-piste-barcelone\\\/\"]}]},{\"@type\":\"ImageObject\",\"inLanguage\":\"fr-FR\",\"@id\":\"https:\\\/\\\/www.mystery.city\\\/fr\\\/produit\\\/jeu-de-piste-barcelone\\\/#primaryimage\",\"url\":\"https:\\\/\\\/www.mystery.city\\\/wp-content\\\/uploads\\\/2025\\\/03\\\/Cerda-with-stix-1.png\",\"contentUrl\":\"https:\\\/\\\/www.mystery.city\\\/wp-content\\\/uploads\\\/2025\\\/03\\\/Cerda-with-stix-1.png\",\"width\":727,\"height\":567,\"caption\":\"Barcelona Treasure Hunt & Hidden Gems, The Secret of Cerd\u00e0\"},{\"@type\":\"BreadcrumbList\",\"@id\":\"https:\\\/\\\/www.mystery.city\\\/fr\\\/produit\\\/jeu-de-piste-barcelone\\\/#breadcrumb\",\"itemListElement\":[{\"@type\":\"ListItem\",\"position\":1,\"name\":\"Home\",\"item\":\"https:\\\/\\\/www.mystery.city\\\/fr\\\/\"},{\"@type\":\"ListItem\",\"position\":2,\"name\":\"Shop\",\"item\":\"https:\\\/\\\/www.mystery.city\\\/shop\\\/\"},{\"@type\":\"ListItem\",\"position\":3,\"name\":\"Le Secret de Cerd\u00e0\"}]},{\"@type\":\"WebSite\",\"@id\":\"https:\\\/\\\/www.mystery.city\\\/fr\\\/#website\",\"url\":\"https:\\\/\\\/www.mystery.city\\\/fr\\\/\",\"name\":\"Mystery City Games\",\"description\":\"Explore the City, Solve Puzzles, Unlock History\",\"publisher\":{\"@id\":\"https:\\\/\\\/www.mystery.city\\\/fr\\\/#organization\"},\"alternateName\":\"Mystery City Games\",\"potentialAction\":[{\"@type\":\"SearchAction\",\"target\":{\"@type\":\"EntryPoint\",\"urlTemplate\":\"https:\\\/\\\/www.mystery.city\\\/fr\\\/?s={search_term_string}\"},\"query-input\":{\"@type\":\"PropertyValueSpecification\",\"valueRequired\":true,\"valueName\":\"search_term_string\"}}],\"inLanguage\":\"fr-FR\"},{\"@type\":\"Organization\",\"@id\":\"https:\\\/\\\/www.mystery.city\\\/fr\\\/#organization\",\"name\":\"Mystery City Games\",\"alternateName\":\"Mystery City Games\",\"url\":\"https:\\\/\\\/www.mystery.city\\\/fr\\\/\",\"logo\":{\"@type\":\"ImageObject\",\"inLanguage\":\"fr-FR\",\"@id\":\"https:\\\/\\\/www.mystery.city\\\/fr\\\/#\\\/schema\\\/logo\\\/image\\\/\",\"url\":\"https:\\\/\\\/www.mystery.city\\\/wp-content\\\/uploads\\\/2025\\\/02\\\/Mystery-City-Games-Logo-2048x394-1.png\",\"contentUrl\":\"https:\\\/\\\/www.mystery.city\\\/wp-content\\\/uploads\\\/2025\\\/02\\\/Mystery-City-Games-Logo-2048x394-1.png\",\"width\":2048,\"height\":394,\"caption\":\"Mystery City Games\"},\"image\":{\"@id\":\"https:\\\/\\\/www.mystery.city\\\/fr\\\/#\\\/schema\\\/logo\\\/image\\\/\"},\"sameAs\":[\"https:\\\/\\\/www.facebook.com\\\/MysteryCityGames\\\/\",\"https:\\\/\\\/www.instagram.com\\\/mysterycitygames\\\/\",\"https:\\\/\\\/www.linkedin.com\\\/company\\\/mystery-city-games\",\"https:\\\/\\\/www.tiktok.com\\\/@mysterycitygames\",\"https:\\\/\\\/www.youtube.com\\\/@mysterycitygames\"]}]}<\/script>\n<!-- \/ Yoast SEO plugin. -->","yoast_head_json":{"title":"Le Secret de Cerd\u00e0 - Mystery City Games","description":"Explorez la ville en fran\u00e7ais avec notre jeu de piste immersif, inspir\u00e9 d\u2019une histoire vraie ! \u00c0 ne pas manquer \u00e0 Barcelone","robots":{"index":"index","follow":"follow","max-snippet":"max-snippet:-1","max-image-preview":"max-image-preview:large","max-video-preview":"max-video-preview:-1"},"canonical":"https:\/\/www.mystery.city\/fr\/produit\/jeu-de-piste-barcelone\/","og_locale":"fr_FR","og_type":"article","og_title":"Le Secret de Cerd\u00e0 - Mystery City Games","og_description":"Explorez la ville en fran\u00e7ais avec notre jeu de piste immersif, inspir\u00e9 d\u2019une histoire vraie ! \u00c0 ne pas manquer \u00e0 Barcelone","og_url":"https:\/\/www.mystery.city\/fr\/produit\/jeu-de-piste-barcelone\/","og_site_name":"Mystery City Games","article_publisher":"https:\/\/www.facebook.com\/MysteryCityGames\/","article_modified_time":"2026-03-16T10:39:47+00:00","og_image":[{"width":727,"height":567,"url":"https:\/\/www.mystery.city\/wp-content\/uploads\/2025\/03\/Cerda-with-stix-1.png","type":"image\/png"}],"twitter_card":"summary_large_image","schema":{"@context":"https:\/\/schema.org","@graph":[{"@type":"WebPage","@id":"https:\/\/www.mystery.city\/fr\/produit\/jeu-de-piste-barcelone\/","url":"https:\/\/www.mystery.city\/fr\/produit\/jeu-de-piste-barcelone\/","name":"Le Secret de Cerd\u00e0 - Mystery City Games","isPartOf":{"@id":"https:\/\/www.mystery.city\/fr\/#website"},"primaryImageOfPage":{"@id":"https:\/\/www.mystery.city\/fr\/produit\/jeu-de-piste-barcelone\/#primaryimage"},"image":{"@id":"https:\/\/www.mystery.city\/fr\/produit\/jeu-de-piste-barcelone\/#primaryimage"},"thumbnailUrl":"https:\/\/www.mystery.city\/wp-content\/uploads\/2025\/03\/Cerda-with-stix-1.png","datePublished":"2025-03-07T06:15:48+00:00","dateModified":"2026-03-16T10:39:47+00:00","description":"Explorez la ville en fran\u00e7ais avec notre jeu de piste immersif, inspir\u00e9 d\u2019une histoire vraie ! \u00c0 ne pas manquer \u00e0 Barcelone","breadcrumb":{"@id":"https:\/\/www.mystery.city\/fr\/produit\/jeu-de-piste-barcelone\/#breadcrumb"},"inLanguage":"fr-FR","potentialAction":[{"@type":"ReadAction","target":["https:\/\/www.mystery.city\/fr\/produit\/jeu-de-piste-barcelone\/"]}]},{"@type":"ImageObject","inLanguage":"fr-FR","@id":"https:\/\/www.mystery.city\/fr\/produit\/jeu-de-piste-barcelone\/#primaryimage","url":"https:\/\/www.mystery.city\/wp-content\/uploads\/2025\/03\/Cerda-with-stix-1.png","contentUrl":"https:\/\/www.mystery.city\/wp-content\/uploads\/2025\/03\/Cerda-with-stix-1.png","width":727,"height":567,"caption":"Barcelona Treasure Hunt & Hidden Gems, The Secret of Cerd\u00e0"},{"@type":"BreadcrumbList","@id":"https:\/\/www.mystery.city\/fr\/produit\/jeu-de-piste-barcelone\/#breadcrumb","itemListElement":[{"@type":"ListItem","position":1,"name":"Home","item":"https:\/\/www.mystery.city\/fr\/"},{"@type":"ListItem","position":2,"name":"Shop","item":"https:\/\/www.mystery.city\/shop\/"},{"@type":"ListItem","position":3,"name":"Le Secret de Cerd\u00e0"}]},{"@type":"WebSite","@id":"https:\/\/www.mystery.city\/fr\/#website","url":"https:\/\/www.mystery.city\/fr\/","name":"Mystery City Games","description":"Explore the City, Solve Puzzles, Unlock History","publisher":{"@id":"https:\/\/www.mystery.city\/fr\/#organization"},"alternateName":"Mystery City Games","potentialAction":[{"@type":"SearchAction","target":{"@type":"EntryPoint","urlTemplate":"https:\/\/www.mystery.city\/fr\/?s={search_term_string}"},"query-input":{"@type":"PropertyValueSpecification","valueRequired":true,"valueName":"search_term_string"}}],"inLanguage":"fr-FR"},{"@type":"Organization","@id":"https:\/\/www.mystery.city\/fr\/#organization","name":"Mystery City Games","alternateName":"Mystery City Games","url":"https:\/\/www.mystery.city\/fr\/","logo":{"@type":"ImageObject","inLanguage":"fr-FR","@id":"https:\/\/www.mystery.city\/fr\/#\/schema\/logo\/image\/","url":"https:\/\/www.mystery.city\/wp-content\/uploads\/2025\/02\/Mystery-City-Games-Logo-2048x394-1.png","contentUrl":"https:\/\/www.mystery.city\/wp-content\/uploads\/2025\/02\/Mystery-City-Games-Logo-2048x394-1.png","width":2048,"height":394,"caption":"Mystery City Games"},"image":{"@id":"https:\/\/www.mystery.city\/fr\/#\/schema\/logo\/image\/"},"sameAs":["https:\/\/www.facebook.com\/MysteryCityGames\/","https:\/\/www.instagram.com\/mysterycitygames\/","https:\/\/www.linkedin.com\/company\/mystery-city-games","https:\/\/www.tiktok.com\/@mysterycitygames","https:\/\/www.youtube.com\/@mysterycitygames"]}]}},"_links":{"self":[{"href":"https:\/\/www.mystery.city\/fr\/wp-json\/wp\/v2\/product\/9438","targetHints":{"allow":["GET"]}}],"collection":[{"href":"https:\/\/www.mystery.city\/fr\/wp-json\/wp\/v2\/product"}],"about":[{"href":"https:\/\/www.mystery.city\/fr\/wp-json\/wp\/v2\/types\/product"}],"wp:featuredmedia":[{"embeddable":true,"href":"https:\/\/www.mystery.city\/fr\/wp-json\/wp\/v2\/media\/9218"}],"wp:attachment":[{"href":"https:\/\/www.mystery.city\/fr\/wp-json\/wp\/v2\/media?parent=9438"}],"wp:term":[{"taxonomy":"product_brand","embeddable":true,"href":"https:\/\/www.mystery.city\/fr\/wp-json\/wp\/v2\/product_brand?post=9438"},{"taxonomy":"product_cat","embeddable":true,"href":"https:\/\/www.mystery.city\/fr\/wp-json\/wp\/v2\/product_cat?post=9438"},{"taxonomy":"product_tag","embeddable":true,"href":"https:\/\/www.mystery.city\/fr\/wp-json\/wp\/v2\/product_tag?post=9438"}],"curies":[{"name":"wp","href":"https:\/\/api.w.org\/{rel}","templated":true}]}}