{"id":9441,"date":"2025-03-07T07:15:47","date_gmt":"2025-03-07T06:15:47","guid":{"rendered":"https:\/\/mysterycity.com\/product\/marie-curie-larme-secrete-de-marie-curie\/"},"modified":"2026-04-07T14:30:11","modified_gmt":"2026-04-07T13:30:11","slug":"jeu-de-piste-paris","status":"publish","type":"product","link":"https:\/\/www.mystery.city\/fr\/produit\/jeu-de-piste-paris\/","title":{"rendered":"L&rsquo;Arme Secr\u00e8te de Marie Curie"},"content":{"rendered":"<p><b>La Premi\u00e8re Guerre mondiale a commenc\u00e9<\/b>. L&rsquo;ennemi est \u00e0 quelques kilom\u00e8tres de Paris. Vous avez une mission importante : <strong>trouver l&rsquo;<\/strong><b>arme secr\u00e8te<\/b> que Marie Curie a cr\u00e9\u00e9e. Elle pourrait faire basculer le cours de la guerre !<\/p>\n<p><b>Suivez sa trace<\/b> et <b>r\u00e9solvez ses \u00e9nigmes<\/b> dans cet <b>escape room en plein air<\/b> afin de retrouver le site L\u2019Arme Secr\u00e8te de Marie Curie de Marie Curie avant qu\u2019il ne soit trop tard !<\/p>\n<p><b>Explorez l&rsquo;histoire de Paris<\/b> dans cette <b>chasse au tr\u00e9sor<\/b> bas\u00e9e sur<b> une histoire r\u00e9elle<\/b>. Visitez des sites c\u00e9l\u00e8bres, d\u00e9couvrez des joyaux cach\u00e9s et plongez dans le monde de la science et de la guerre.<\/p>\n<p>&nbsp;<\/p>\n","protected":false},"excerpt":{"rendered":"<p><script type=\"text\/javascript\" src=\"https:\/\/bookeo.com\/widget.js?a=42551JFW7PA17A3859B833&#038;type=42551LARKRW183C7A8C961&#038;languageCode=fr_FR\"><\/script><\/p>\n","protected":false},"featured_media":7900,"template":"","meta":{"_acf_changed":false,"postBodyCss":"","postBodyMargin":[],"postBodyPadding":[],"postBodyBackground":{"backgroundType":"classic","gradient":""}},"product_brand":[],"product_cat":[81],"product_tag":[119],"class_list":{"0":"post-9441","1":"product","2":"type-product","3":"status-publish","4":"has-post-thumbnail","6":"product_cat-game","7":"product_tag-bookeo-fr","9":"first","10":"instock","11":"virtual","12":"taxable","13":"purchasable","14":"product-type-simple"},"acf":[],"yoast_head":"<!-- This site is optimized with the Yoast SEO plugin v27.4 - https:\/\/yoast.com\/product\/yoast-seo-wordpress\/ -->\n<title>Jeu de Piste | Escape Room Exterieur | Mystery City Games Paris<\/title>\n<meta name=\"description\" content=\"(Re)d\u00e9couvrez Paris autrement avec notre jeu de piste immersif, inspir\u00e9 d\u2019une incroyable histoire vraie ! Suivez les pistes et r\u00e9solvez le myst\u00e8re.\" \/>\n<meta name=\"robots\" content=\"index, follow, max-snippet:-1, max-image-preview:large, max-video-preview:-1\" \/>\n<link rel=\"canonical\" href=\"https:\/\/www.mystery.city\/fr\/produit\/jeu-de-piste-paris\/\" \/>\n<meta property=\"og:locale\" content=\"fr_FR\" \/>\n<meta property=\"og:type\" content=\"article\" \/>\n<meta property=\"og:title\" content=\"Jeu de Piste | Escape Room Exterieur | Mystery City Games Paris\" \/>\n<meta property=\"og:description\" content=\"(Re)d\u00e9couvrez Paris autrement avec notre jeu de piste immersif, inspir\u00e9 d\u2019une incroyable histoire vraie ! Suivez les pistes et r\u00e9solvez le myst\u00e8re.\" \/>\n<meta property=\"og:url\" content=\"https:\/\/www.mystery.city\/fr\/produit\/jeu-de-piste-paris\/\" \/>\n<meta property=\"og:site_name\" content=\"Mystery City Games\" \/>\n<meta property=\"article:publisher\" content=\"https:\/\/www.facebook.com\/MysteryCityGames\/\" \/>\n<meta property=\"article:modified_time\" content=\"2026-04-07T13:30:11+00:00\" \/>\n<meta property=\"og:image\" content=\"https:\/\/www.mystery.city\/wp-content\/uploads\/2025\/03\/Paris-with-stix.png\" \/>\n\t<meta property=\"og:image:width\" content=\"703\" \/>\n\t<meta property=\"og:image:height\" content=\"564\" \/>\n\t<meta property=\"og:image:type\" content=\"image\/png\" \/>\n<meta name=\"twitter:card\" content=\"summary_large_image\" \/>\n<script type=\"application\/ld+json\" class=\"yoast-schema-graph\">{\"@context\":\"https:\\\/\\\/schema.org\",\"@graph\":[{\"@type\":\"WebPage\",\"@id\":\"https:\\\/\\\/www.mystery.city\\\/fr\\\/produit\\\/jeu-de-piste-paris\\\/\",\"url\":\"https:\\\/\\\/www.mystery.city\\\/fr\\\/produit\\\/jeu-de-piste-paris\\\/\",\"name\":\"Jeu de Piste | Escape Room Exterieur | Mystery City Games Paris\",\"isPartOf\":{\"@id\":\"https:\\\/\\\/www.mystery.city\\\/fr\\\/#website\"},\"primaryImageOfPage\":{\"@id\":\"https:\\\/\\\/www.mystery.city\\\/fr\\\/produit\\\/jeu-de-piste-paris\\\/#primaryimage\"},\"image\":{\"@id\":\"https:\\\/\\\/www.mystery.city\\\/fr\\\/produit\\\/jeu-de-piste-paris\\\/#primaryimage\"},\"thumbnailUrl\":\"https:\\\/\\\/www.mystery.city\\\/wp-content\\\/uploads\\\/2025\\\/03\\\/Paris-with-stix.png\",\"datePublished\":\"2025-03-07T06:15:47+00:00\",\"dateModified\":\"2026-04-07T13:30:11+00:00\",\"description\":\"(Re)d\u00e9couvrez Paris autrement avec notre jeu de piste immersif, inspir\u00e9 d\u2019une incroyable histoire vraie ! Suivez les pistes et r\u00e9solvez le myst\u00e8re.\",\"breadcrumb\":{\"@id\":\"https:\\\/\\\/www.mystery.city\\\/fr\\\/produit\\\/jeu-de-piste-paris\\\/#breadcrumb\"},\"inLanguage\":\"fr-FR\",\"potentialAction\":[{\"@type\":\"ReadAction\",\"target\":[\"https:\\\/\\\/www.mystery.city\\\/fr\\\/produit\\\/jeu-de-piste-paris\\\/\"]}]},{\"@type\":\"ImageObject\",\"inLanguage\":\"fr-FR\",\"@id\":\"https:\\\/\\\/www.mystery.city\\\/fr\\\/produit\\\/jeu-de-piste-paris\\\/#primaryimage\",\"url\":\"https:\\\/\\\/www.mystery.city\\\/wp-content\\\/uploads\\\/2025\\\/03\\\/Paris-with-stix.png\",\"contentUrl\":\"https:\\\/\\\/www.mystery.city\\\/wp-content\\\/uploads\\\/2025\\\/03\\\/Paris-with-stix.png\",\"width\":703,\"height\":564,\"caption\":\"Treasure Hunt Paris | Outdoor Escape Game | Jeu de Pistes \u00e0 Paris | Escape Room Room Exterieur Paris | Chasse au Tr\u00e9sor Paris\"},{\"@type\":\"BreadcrumbList\",\"@id\":\"https:\\\/\\\/www.mystery.city\\\/fr\\\/produit\\\/jeu-de-piste-paris\\\/#breadcrumb\",\"itemListElement\":[{\"@type\":\"ListItem\",\"position\":1,\"name\":\"Home\",\"item\":\"https:\\\/\\\/www.mystery.city\\\/fr\\\/\"},{\"@type\":\"ListItem\",\"position\":2,\"name\":\"Shop\",\"item\":\"https:\\\/\\\/www.mystery.city\\\/shop\\\/\"},{\"@type\":\"ListItem\",\"position\":3,\"name\":\"L&#8217;Arme Secr\u00e8te de Marie Curie\"}]},{\"@type\":\"WebSite\",\"@id\":\"https:\\\/\\\/www.mystery.city\\\/fr\\\/#website\",\"url\":\"https:\\\/\\\/www.mystery.city\\\/fr\\\/\",\"name\":\"Mystery City Games\",\"description\":\"Explore the City, Solve Puzzles, Unlock History\",\"publisher\":{\"@id\":\"https:\\\/\\\/www.mystery.city\\\/fr\\\/#organization\"},\"alternateName\":\"Mystery City Games\",\"potentialAction\":[{\"@type\":\"SearchAction\",\"target\":{\"@type\":\"EntryPoint\",\"urlTemplate\":\"https:\\\/\\\/www.mystery.city\\\/fr\\\/?s={search_term_string}\"},\"query-input\":{\"@type\":\"PropertyValueSpecification\",\"valueRequired\":true,\"valueName\":\"search_term_string\"}}],\"inLanguage\":\"fr-FR\"},{\"@type\":\"Organization\",\"@id\":\"https:\\\/\\\/www.mystery.city\\\/fr\\\/#organization\",\"name\":\"Mystery City Games\",\"alternateName\":\"Mystery City Games\",\"url\":\"https:\\\/\\\/www.mystery.city\\\/fr\\\/\",\"logo\":{\"@type\":\"ImageObject\",\"inLanguage\":\"fr-FR\",\"@id\":\"https:\\\/\\\/www.mystery.city\\\/fr\\\/#\\\/schema\\\/logo\\\/image\\\/\",\"url\":\"https:\\\/\\\/www.mystery.city\\\/wp-content\\\/uploads\\\/2025\\\/02\\\/Mystery-City-Games-Logo-2048x394-1.png\",\"contentUrl\":\"https:\\\/\\\/www.mystery.city\\\/wp-content\\\/uploads\\\/2025\\\/02\\\/Mystery-City-Games-Logo-2048x394-1.png\",\"width\":2048,\"height\":394,\"caption\":\"Mystery City Games\"},\"image\":{\"@id\":\"https:\\\/\\\/www.mystery.city\\\/fr\\\/#\\\/schema\\\/logo\\\/image\\\/\"},\"sameAs\":[\"https:\\\/\\\/www.facebook.com\\\/MysteryCityGames\\\/\",\"https:\\\/\\\/www.instagram.com\\\/mysterycitygames\\\/\",\"https:\\\/\\\/www.linkedin.com\\\/company\\\/mystery-city-games\",\"https:\\\/\\\/www.tiktok.com\\\/@mysterycitygames\",\"https:\\\/\\\/www.youtube.com\\\/@mysterycitygames\"]}]}<\/script>\n<!-- \/ Yoast SEO plugin. -->","yoast_head_json":{"title":"Jeu de Piste | Escape Room Exterieur | Mystery City Games Paris","description":"(Re)d\u00e9couvrez Paris autrement avec notre jeu de piste immersif, inspir\u00e9 d\u2019une incroyable histoire vraie ! Suivez les pistes et r\u00e9solvez le myst\u00e8re.","robots":{"index":"index","follow":"follow","max-snippet":"max-snippet:-1","max-image-preview":"max-image-preview:large","max-video-preview":"max-video-preview:-1"},"canonical":"https:\/\/www.mystery.city\/fr\/produit\/jeu-de-piste-paris\/","og_locale":"fr_FR","og_type":"article","og_title":"Jeu de Piste | Escape Room Exterieur | Mystery City Games Paris","og_description":"(Re)d\u00e9couvrez Paris autrement avec notre jeu de piste immersif, inspir\u00e9 d\u2019une incroyable histoire vraie ! Suivez les pistes et r\u00e9solvez le myst\u00e8re.","og_url":"https:\/\/www.mystery.city\/fr\/produit\/jeu-de-piste-paris\/","og_site_name":"Mystery City Games","article_publisher":"https:\/\/www.facebook.com\/MysteryCityGames\/","article_modified_time":"2026-04-07T13:30:11+00:00","og_image":[{"width":703,"height":564,"url":"https:\/\/www.mystery.city\/wp-content\/uploads\/2025\/03\/Paris-with-stix.png","type":"image\/png"}],"twitter_card":"summary_large_image","schema":{"@context":"https:\/\/schema.org","@graph":[{"@type":"WebPage","@id":"https:\/\/www.mystery.city\/fr\/produit\/jeu-de-piste-paris\/","url":"https:\/\/www.mystery.city\/fr\/produit\/jeu-de-piste-paris\/","name":"Jeu de Piste | Escape Room Exterieur | Mystery City Games Paris","isPartOf":{"@id":"https:\/\/www.mystery.city\/fr\/#website"},"primaryImageOfPage":{"@id":"https:\/\/www.mystery.city\/fr\/produit\/jeu-de-piste-paris\/#primaryimage"},"image":{"@id":"https:\/\/www.mystery.city\/fr\/produit\/jeu-de-piste-paris\/#primaryimage"},"thumbnailUrl":"https:\/\/www.mystery.city\/wp-content\/uploads\/2025\/03\/Paris-with-stix.png","datePublished":"2025-03-07T06:15:47+00:00","dateModified":"2026-04-07T13:30:11+00:00","description":"(Re)d\u00e9couvrez Paris autrement avec notre jeu de piste immersif, inspir\u00e9 d\u2019une incroyable histoire vraie ! Suivez les pistes et r\u00e9solvez le myst\u00e8re.","breadcrumb":{"@id":"https:\/\/www.mystery.city\/fr\/produit\/jeu-de-piste-paris\/#breadcrumb"},"inLanguage":"fr-FR","potentialAction":[{"@type":"ReadAction","target":["https:\/\/www.mystery.city\/fr\/produit\/jeu-de-piste-paris\/"]}]},{"@type":"ImageObject","inLanguage":"fr-FR","@id":"https:\/\/www.mystery.city\/fr\/produit\/jeu-de-piste-paris\/#primaryimage","url":"https:\/\/www.mystery.city\/wp-content\/uploads\/2025\/03\/Paris-with-stix.png","contentUrl":"https:\/\/www.mystery.city\/wp-content\/uploads\/2025\/03\/Paris-with-stix.png","width":703,"height":564,"caption":"Treasure Hunt Paris | Outdoor Escape Game | Jeu de Pistes \u00e0 Paris | Escape Room Room Exterieur Paris | Chasse au Tr\u00e9sor Paris"},{"@type":"BreadcrumbList","@id":"https:\/\/www.mystery.city\/fr\/produit\/jeu-de-piste-paris\/#breadcrumb","itemListElement":[{"@type":"ListItem","position":1,"name":"Home","item":"https:\/\/www.mystery.city\/fr\/"},{"@type":"ListItem","position":2,"name":"Shop","item":"https:\/\/www.mystery.city\/shop\/"},{"@type":"ListItem","position":3,"name":"L&#8217;Arme Secr\u00e8te de Marie Curie"}]},{"@type":"WebSite","@id":"https:\/\/www.mystery.city\/fr\/#website","url":"https:\/\/www.mystery.city\/fr\/","name":"Mystery City Games","description":"Explore the City, Solve Puzzles, Unlock History","publisher":{"@id":"https:\/\/www.mystery.city\/fr\/#organization"},"alternateName":"Mystery City Games","potentialAction":[{"@type":"SearchAction","target":{"@type":"EntryPoint","urlTemplate":"https:\/\/www.mystery.city\/fr\/?s={search_term_string}"},"query-input":{"@type":"PropertyValueSpecification","valueRequired":true,"valueName":"search_term_string"}}],"inLanguage":"fr-FR"},{"@type":"Organization","@id":"https:\/\/www.mystery.city\/fr\/#organization","name":"Mystery City Games","alternateName":"Mystery City Games","url":"https:\/\/www.mystery.city\/fr\/","logo":{"@type":"ImageObject","inLanguage":"fr-FR","@id":"https:\/\/www.mystery.city\/fr\/#\/schema\/logo\/image\/","url":"https:\/\/www.mystery.city\/wp-content\/uploads\/2025\/02\/Mystery-City-Games-Logo-2048x394-1.png","contentUrl":"https:\/\/www.mystery.city\/wp-content\/uploads\/2025\/02\/Mystery-City-Games-Logo-2048x394-1.png","width":2048,"height":394,"caption":"Mystery City Games"},"image":{"@id":"https:\/\/www.mystery.city\/fr\/#\/schema\/logo\/image\/"},"sameAs":["https:\/\/www.facebook.com\/MysteryCityGames\/","https:\/\/www.instagram.com\/mysterycitygames\/","https:\/\/www.linkedin.com\/company\/mystery-city-games","https:\/\/www.tiktok.com\/@mysterycitygames","https:\/\/www.youtube.com\/@mysterycitygames"]}]}},"_links":{"self":[{"href":"https:\/\/www.mystery.city\/fr\/wp-json\/wp\/v2\/product\/9441","targetHints":{"allow":["GET"]}}],"collection":[{"href":"https:\/\/www.mystery.city\/fr\/wp-json\/wp\/v2\/product"}],"about":[{"href":"https:\/\/www.mystery.city\/fr\/wp-json\/wp\/v2\/types\/product"}],"wp:featuredmedia":[{"embeddable":true,"href":"https:\/\/www.mystery.city\/fr\/wp-json\/wp\/v2\/media\/7900"}],"wp:attachment":[{"href":"https:\/\/www.mystery.city\/fr\/wp-json\/wp\/v2\/media?parent=9441"}],"wp:term":[{"taxonomy":"product_brand","embeddable":true,"href":"https:\/\/www.mystery.city\/fr\/wp-json\/wp\/v2\/product_brand?post=9441"},{"taxonomy":"product_cat","embeddable":true,"href":"https:\/\/www.mystery.city\/fr\/wp-json\/wp\/v2\/product_cat?post=9441"},{"taxonomy":"product_tag","embeddable":true,"href":"https:\/\/www.mystery.city\/fr\/wp-json\/wp\/v2\/product_tag?post=9441"}],"curies":[{"name":"wp","href":"https:\/\/api.w.org\/{rel}","templated":true}]}}