{"id":9442,"date":"2025-03-07T07:15:58","date_gmt":"2025-03-07T06:15:58","guid":{"rendered":"https:\/\/mysterycity.com\/product\/marie-curies-larme-secrete-de-marie-curie-team-building\/"},"modified":"2026-04-07T12:11:17","modified_gmt":"2026-04-07T11:11:17","slug":"paris-team-building","status":"publish","type":"product","link":"https:\/\/www.mystery.city\/fr\/produit\/paris-team-building\/","title":{"rendered":"L&rsquo;Arme Secr\u00e8te de Marie Curie &#8211; Team Building"},"content":{"rendered":"<h3>Explorez Paris avec une chasse au tr\u00e9sor comp\u00e9titive, con\u00e7ue pour le team building.<\/h3>\n<p>Dans cet <a href=\"https:\/\/www.mystery.city\/fr\/renforcement-de-lesprit-dequipe\/\">\u00e9v\u00e9nement de team building<\/a>, les joueurs sont r\u00e9partis en \u00e9quipes qui :<\/p>\n<ul>\n<li>Courir \u00e0 travers la ville en suivant une carte au tr\u00e9sor<\/li>\n<li>Collaborer pour trouver des indices et ouvrir les cadenas<\/li>\n<li>Concourir avec leurs coll\u00e8gues pour gagner<\/li>\n<li>D\u00e9couvrez une histoire vraie de l&rsquo;histoire de Paris<\/li>\n<li>C\u00e9l\u00e9brez l&rsquo;\u00e9v\u00e9nement en remettant des prix \u00e0 la fin<\/li>\n<\/ul>\n","protected":false},"excerpt":{"rendered":"<p><script type=\"text\/javascript\" src=\"https:\/\/bookeo.com\/widget.js?a=42551JFW7PA17A3859B833&#038;type=42551K33CU31877B3AEC4C&#038;language&#038;languageCode=fr_FR\"><\/script><\/p>\n","protected":false},"featured_media":6664,"template":"","meta":{"_acf_changed":false,"postBodyCss":"","postBodyMargin":[],"postBodyPadding":[],"postBodyBackground":{"backgroundType":"classic","gradient":""}},"product_brand":[],"product_cat":[79],"product_tag":[119],"class_list":{"0":"post-9442","1":"product","2":"type-product","3":"status-publish","4":"has-post-thumbnail","6":"product_cat-teambuilding","7":"product_tag-bookeo-fr","9":"first","10":"instock","11":"virtual","12":"taxable","13":"purchasable","14":"product-type-simple"},"acf":[],"yoast_head":"<!-- This site is optimized with the Yoast SEO plugin v27.4 - https:\/\/yoast.com\/product\/yoast-seo-wordpress\/ -->\n<title>Activit\u00e9 de Team Building \u00e0 Paris | Chasse au Tr\u00e9sor Comp\u00e9titive<\/title>\n<meta name=\"description\" content=\"Une activit\u00e9 de team building originale \u00e0 Paris : explorez, r\u00e9solvez des \u00e9nigmes et amusez-vous avec un vrai jeu de piste, parfait pour de grands groupes.\" \/>\n<meta name=\"robots\" content=\"index, follow, max-snippet:-1, max-image-preview:large, max-video-preview:-1\" \/>\n<link rel=\"canonical\" href=\"https:\/\/www.mystery.city\/fr\/produit\/paris-team-building\/\" \/>\n<meta property=\"og:locale\" content=\"fr_FR\" \/>\n<meta property=\"og:type\" content=\"article\" \/>\n<meta property=\"og:title\" content=\"Activit\u00e9 de Team Building \u00e0 Paris | Chasse au Tr\u00e9sor Comp\u00e9titive\" \/>\n<meta property=\"og:description\" content=\"Une activit\u00e9 de team building originale \u00e0 Paris : explorez, r\u00e9solvez des \u00e9nigmes et amusez-vous avec un vrai jeu de piste, parfait pour de grands groupes.\" \/>\n<meta property=\"og:url\" content=\"https:\/\/www.mystery.city\/fr\/produit\/paris-team-building\/\" \/>\n<meta property=\"og:site_name\" content=\"Mystery City Games\" \/>\n<meta property=\"article:publisher\" content=\"https:\/\/www.facebook.com\/MysteryCityGames\/\" \/>\n<meta property=\"article:modified_time\" content=\"2026-04-07T11:11:17+00:00\" \/>\n<meta property=\"og:image\" content=\"https:\/\/www.mystery.city\/wp-content\/uploads\/2025\/03\/Paris-Mystery-City-Games16-2.webp\" \/>\n\t<meta property=\"og:image:width\" content=\"1619\" \/>\n\t<meta property=\"og:image:height\" content=\"1080\" \/>\n\t<meta property=\"og:image:type\" content=\"image\/webp\" \/>\n<meta name=\"twitter:card\" content=\"summary_large_image\" \/>\n<script type=\"application\/ld+json\" class=\"yoast-schema-graph\">{\"@context\":\"https:\\\/\\\/schema.org\",\"@graph\":[{\"@type\":\"WebPage\",\"@id\":\"https:\\\/\\\/www.mystery.city\\\/fr\\\/produit\\\/paris-team-building\\\/\",\"url\":\"https:\\\/\\\/www.mystery.city\\\/fr\\\/produit\\\/paris-team-building\\\/\",\"name\":\"Activit\u00e9 de Team Building \u00e0 Paris | Chasse au Tr\u00e9sor Comp\u00e9titive\",\"isPartOf\":{\"@id\":\"https:\\\/\\\/www.mystery.city\\\/fr\\\/#website\"},\"primaryImageOfPage\":{\"@id\":\"https:\\\/\\\/www.mystery.city\\\/fr\\\/produit\\\/paris-team-building\\\/#primaryimage\"},\"image\":{\"@id\":\"https:\\\/\\\/www.mystery.city\\\/fr\\\/produit\\\/paris-team-building\\\/#primaryimage\"},\"thumbnailUrl\":\"https:\\\/\\\/www.mystery.city\\\/wp-content\\\/uploads\\\/2025\\\/03\\\/Paris-Mystery-City-Games16-2.webp\",\"datePublished\":\"2025-03-07T06:15:58+00:00\",\"dateModified\":\"2026-04-07T11:11:17+00:00\",\"description\":\"Une activit\u00e9 de team building originale \u00e0 Paris : explorez, r\u00e9solvez des \u00e9nigmes et amusez-vous avec un vrai jeu de piste, parfait pour de grands groupes.\",\"breadcrumb\":{\"@id\":\"https:\\\/\\\/www.mystery.city\\\/fr\\\/produit\\\/paris-team-building\\\/#breadcrumb\"},\"inLanguage\":\"fr-FR\",\"potentialAction\":[{\"@type\":\"ReadAction\",\"target\":[\"https:\\\/\\\/www.mystery.city\\\/fr\\\/produit\\\/paris-team-building\\\/\"]}]},{\"@type\":\"ImageObject\",\"inLanguage\":\"fr-FR\",\"@id\":\"https:\\\/\\\/www.mystery.city\\\/fr\\\/produit\\\/paris-team-building\\\/#primaryimage\",\"url\":\"https:\\\/\\\/www.mystery.city\\\/wp-content\\\/uploads\\\/2025\\\/03\\\/Paris-Mystery-City-Games16-2.webp\",\"contentUrl\":\"https:\\\/\\\/www.mystery.city\\\/wp-content\\\/uploads\\\/2025\\\/03\\\/Paris-Mystery-City-Games16-2.webp\",\"width\":1619,\"height\":1080,\"caption\":\"Activit\u00e9 de team building Paris | Chasse au tr\u00e9sor comp\u00e9titive\"},{\"@type\":\"BreadcrumbList\",\"@id\":\"https:\\\/\\\/www.mystery.city\\\/fr\\\/produit\\\/paris-team-building\\\/#breadcrumb\",\"itemListElement\":[{\"@type\":\"ListItem\",\"position\":1,\"name\":\"Home\",\"item\":\"https:\\\/\\\/www.mystery.city\\\/fr\\\/\"},{\"@type\":\"ListItem\",\"position\":2,\"name\":\"Shop\",\"item\":\"https:\\\/\\\/www.mystery.city\\\/shop\\\/\"},{\"@type\":\"ListItem\",\"position\":3,\"name\":\"L&#8217;Arme Secr\u00e8te de Marie Curie &#8211; Team Building\"}]},{\"@type\":\"WebSite\",\"@id\":\"https:\\\/\\\/www.mystery.city\\\/fr\\\/#website\",\"url\":\"https:\\\/\\\/www.mystery.city\\\/fr\\\/\",\"name\":\"Mystery City Games\",\"description\":\"Explore the City, Solve Puzzles, Unlock History\",\"publisher\":{\"@id\":\"https:\\\/\\\/www.mystery.city\\\/fr\\\/#organization\"},\"alternateName\":\"Mystery City Games\",\"potentialAction\":[{\"@type\":\"SearchAction\",\"target\":{\"@type\":\"EntryPoint\",\"urlTemplate\":\"https:\\\/\\\/www.mystery.city\\\/fr\\\/?s={search_term_string}\"},\"query-input\":{\"@type\":\"PropertyValueSpecification\",\"valueRequired\":true,\"valueName\":\"search_term_string\"}}],\"inLanguage\":\"fr-FR\"},{\"@type\":\"Organization\",\"@id\":\"https:\\\/\\\/www.mystery.city\\\/fr\\\/#organization\",\"name\":\"Mystery City Games\",\"alternateName\":\"Mystery City Games\",\"url\":\"https:\\\/\\\/www.mystery.city\\\/fr\\\/\",\"logo\":{\"@type\":\"ImageObject\",\"inLanguage\":\"fr-FR\",\"@id\":\"https:\\\/\\\/www.mystery.city\\\/fr\\\/#\\\/schema\\\/logo\\\/image\\\/\",\"url\":\"https:\\\/\\\/www.mystery.city\\\/wp-content\\\/uploads\\\/2025\\\/02\\\/Mystery-City-Games-Logo-2048x394-1.png\",\"contentUrl\":\"https:\\\/\\\/www.mystery.city\\\/wp-content\\\/uploads\\\/2025\\\/02\\\/Mystery-City-Games-Logo-2048x394-1.png\",\"width\":2048,\"height\":394,\"caption\":\"Mystery City Games\"},\"image\":{\"@id\":\"https:\\\/\\\/www.mystery.city\\\/fr\\\/#\\\/schema\\\/logo\\\/image\\\/\"},\"sameAs\":[\"https:\\\/\\\/www.facebook.com\\\/MysteryCityGames\\\/\",\"https:\\\/\\\/www.instagram.com\\\/mysterycitygames\\\/\",\"https:\\\/\\\/www.linkedin.com\\\/company\\\/mystery-city-games\",\"https:\\\/\\\/www.tiktok.com\\\/@mysterycitygames\",\"https:\\\/\\\/www.youtube.com\\\/@mysterycitygames\"]}]}<\/script>\n<!-- \/ Yoast SEO plugin. -->","yoast_head_json":{"title":"Activit\u00e9 de Team Building \u00e0 Paris | Chasse au Tr\u00e9sor Comp\u00e9titive","description":"Une activit\u00e9 de team building originale \u00e0 Paris : explorez, r\u00e9solvez des \u00e9nigmes et amusez-vous avec un vrai jeu de piste, parfait pour de grands groupes.","robots":{"index":"index","follow":"follow","max-snippet":"max-snippet:-1","max-image-preview":"max-image-preview:large","max-video-preview":"max-video-preview:-1"},"canonical":"https:\/\/www.mystery.city\/fr\/produit\/paris-team-building\/","og_locale":"fr_FR","og_type":"article","og_title":"Activit\u00e9 de Team Building \u00e0 Paris | Chasse au Tr\u00e9sor Comp\u00e9titive","og_description":"Une activit\u00e9 de team building originale \u00e0 Paris : explorez, r\u00e9solvez des \u00e9nigmes et amusez-vous avec un vrai jeu de piste, parfait pour de grands groupes.","og_url":"https:\/\/www.mystery.city\/fr\/produit\/paris-team-building\/","og_site_name":"Mystery City Games","article_publisher":"https:\/\/www.facebook.com\/MysteryCityGames\/","article_modified_time":"2026-04-07T11:11:17+00:00","og_image":[{"width":1619,"height":1080,"url":"https:\/\/www.mystery.city\/wp-content\/uploads\/2025\/03\/Paris-Mystery-City-Games16-2.webp","type":"image\/webp"}],"twitter_card":"summary_large_image","schema":{"@context":"https:\/\/schema.org","@graph":[{"@type":"WebPage","@id":"https:\/\/www.mystery.city\/fr\/produit\/paris-team-building\/","url":"https:\/\/www.mystery.city\/fr\/produit\/paris-team-building\/","name":"Activit\u00e9 de Team Building \u00e0 Paris | Chasse au Tr\u00e9sor Comp\u00e9titive","isPartOf":{"@id":"https:\/\/www.mystery.city\/fr\/#website"},"primaryImageOfPage":{"@id":"https:\/\/www.mystery.city\/fr\/produit\/paris-team-building\/#primaryimage"},"image":{"@id":"https:\/\/www.mystery.city\/fr\/produit\/paris-team-building\/#primaryimage"},"thumbnailUrl":"https:\/\/www.mystery.city\/wp-content\/uploads\/2025\/03\/Paris-Mystery-City-Games16-2.webp","datePublished":"2025-03-07T06:15:58+00:00","dateModified":"2026-04-07T11:11:17+00:00","description":"Une activit\u00e9 de team building originale \u00e0 Paris : explorez, r\u00e9solvez des \u00e9nigmes et amusez-vous avec un vrai jeu de piste, parfait pour de grands groupes.","breadcrumb":{"@id":"https:\/\/www.mystery.city\/fr\/produit\/paris-team-building\/#breadcrumb"},"inLanguage":"fr-FR","potentialAction":[{"@type":"ReadAction","target":["https:\/\/www.mystery.city\/fr\/produit\/paris-team-building\/"]}]},{"@type":"ImageObject","inLanguage":"fr-FR","@id":"https:\/\/www.mystery.city\/fr\/produit\/paris-team-building\/#primaryimage","url":"https:\/\/www.mystery.city\/wp-content\/uploads\/2025\/03\/Paris-Mystery-City-Games16-2.webp","contentUrl":"https:\/\/www.mystery.city\/wp-content\/uploads\/2025\/03\/Paris-Mystery-City-Games16-2.webp","width":1619,"height":1080,"caption":"Activit\u00e9 de team building Paris | Chasse au tr\u00e9sor comp\u00e9titive"},{"@type":"BreadcrumbList","@id":"https:\/\/www.mystery.city\/fr\/produit\/paris-team-building\/#breadcrumb","itemListElement":[{"@type":"ListItem","position":1,"name":"Home","item":"https:\/\/www.mystery.city\/fr\/"},{"@type":"ListItem","position":2,"name":"Shop","item":"https:\/\/www.mystery.city\/shop\/"},{"@type":"ListItem","position":3,"name":"L&#8217;Arme Secr\u00e8te de Marie Curie &#8211; Team Building"}]},{"@type":"WebSite","@id":"https:\/\/www.mystery.city\/fr\/#website","url":"https:\/\/www.mystery.city\/fr\/","name":"Mystery City Games","description":"Explore the City, Solve Puzzles, Unlock History","publisher":{"@id":"https:\/\/www.mystery.city\/fr\/#organization"},"alternateName":"Mystery City Games","potentialAction":[{"@type":"SearchAction","target":{"@type":"EntryPoint","urlTemplate":"https:\/\/www.mystery.city\/fr\/?s={search_term_string}"},"query-input":{"@type":"PropertyValueSpecification","valueRequired":true,"valueName":"search_term_string"}}],"inLanguage":"fr-FR"},{"@type":"Organization","@id":"https:\/\/www.mystery.city\/fr\/#organization","name":"Mystery City Games","alternateName":"Mystery City Games","url":"https:\/\/www.mystery.city\/fr\/","logo":{"@type":"ImageObject","inLanguage":"fr-FR","@id":"https:\/\/www.mystery.city\/fr\/#\/schema\/logo\/image\/","url":"https:\/\/www.mystery.city\/wp-content\/uploads\/2025\/02\/Mystery-City-Games-Logo-2048x394-1.png","contentUrl":"https:\/\/www.mystery.city\/wp-content\/uploads\/2025\/02\/Mystery-City-Games-Logo-2048x394-1.png","width":2048,"height":394,"caption":"Mystery City Games"},"image":{"@id":"https:\/\/www.mystery.city\/fr\/#\/schema\/logo\/image\/"},"sameAs":["https:\/\/www.facebook.com\/MysteryCityGames\/","https:\/\/www.instagram.com\/mysterycitygames\/","https:\/\/www.linkedin.com\/company\/mystery-city-games","https:\/\/www.tiktok.com\/@mysterycitygames","https:\/\/www.youtube.com\/@mysterycitygames"]}]}},"_links":{"self":[{"href":"https:\/\/www.mystery.city\/fr\/wp-json\/wp\/v2\/product\/9442","targetHints":{"allow":["GET"]}}],"collection":[{"href":"https:\/\/www.mystery.city\/fr\/wp-json\/wp\/v2\/product"}],"about":[{"href":"https:\/\/www.mystery.city\/fr\/wp-json\/wp\/v2\/types\/product"}],"wp:featuredmedia":[{"embeddable":true,"href":"https:\/\/www.mystery.city\/fr\/wp-json\/wp\/v2\/media\/6664"}],"wp:attachment":[{"href":"https:\/\/www.mystery.city\/fr\/wp-json\/wp\/v2\/media?parent=9442"}],"wp:term":[{"taxonomy":"product_brand","embeddable":true,"href":"https:\/\/www.mystery.city\/fr\/wp-json\/wp\/v2\/product_brand?post=9442"},{"taxonomy":"product_cat","embeddable":true,"href":"https:\/\/www.mystery.city\/fr\/wp-json\/wp\/v2\/product_cat?post=9442"},{"taxonomy":"product_tag","embeddable":true,"href":"https:\/\/www.mystery.city\/fr\/wp-json\/wp\/v2\/product_tag?post=9442"}],"curies":[{"name":"wp","href":"https:\/\/api.w.org\/{rel}","templated":true}]}}