{"id":8950,"date":"2025-03-19T07:16:12","date_gmt":"2025-03-19T06:16:12","guid":{"rendered":"https:\/\/mysterycity.com\/termini-e-condizioni\/"},"modified":"2025-08-15T22:10:23","modified_gmt":"2025-08-15T21:10:23","slug":"termini-e-condizioni","status":"publish","type":"page","link":"https:\/\/www.mystery.city\/it\/termini-e-condizioni\/","title":{"rendered":"Termini e condizioni"},"content":{"rendered":"\t\t<div data-elementor-type=\"wp-page\" data-elementor-id=\"8950\" class=\"elementor elementor-8950 elementor-5159\" data-elementor-post-type=\"page\">\n\t\t\t\t<div class=\"elementor-element elementor-element-c0309d9 e-flex e-con-boxed e-con e-parent\" data-id=\"c0309d9\" data-element_type=\"container\" data-e-type=\"container\" data-settings=\"{&quot;background_background&quot;:&quot;classic&quot;,&quot;_ha_eqh_enable&quot;:false}\">\n\t\t\t\t\t<div class=\"e-con-inner\">\n\t\t\t\t<div class=\"elementor-element elementor-element-3dea4d2 elementor-widget elementor-widget-heading\" data-id=\"3dea4d2\" data-element_type=\"widget\" data-e-type=\"widget\" data-widget_type=\"heading.default\">\n\t\t\t\t<div class=\"elementor-widget-container\">\n\t\t\t\t\t<h1 class=\"elementor-heading-title elementor-size-default\">Termini e condizioni <\/h1>\t\t\t\t<\/div>\n\t\t\t\t<\/div>\n\t\t\t\t\t<\/div>\n\t\t\t\t<\/div>\n\t\t<div class=\"elementor-element elementor-element-23bb2d1 e-flex e-con-boxed e-con e-parent\" data-id=\"23bb2d1\" data-element_type=\"container\" data-e-type=\"container\" data-settings=\"{&quot;_ha_eqh_enable&quot;:false}\">\n\t\t\t\t\t<div class=\"e-con-inner\">\n\t\t\t\t<div class=\"elementor-element elementor-element-71370565 elementor-widget elementor-widget-text-editor\" data-id=\"71370565\" data-element_type=\"widget\" data-e-type=\"widget\" data-widget_type=\"text-editor.default\">\n\t\t\t\t<div class=\"elementor-widget-container\">\n\t\t\t\t\t\t\t\t\t\n<p>Il sito web http:\/\/www.mystery.city, di seguito &#8220;il sito&#8221;, \u00e8 di propriet\u00e0 e gestito da Mystery City Games BV, di seguito &#8220;Mystery City&#8221;. Mystery City ha il diritto di modificare i termini e le condizioni di seguito riportati di volta in volta a sua esclusiva discrezione e senza preavviso. &nbsp;<\/p>\n\n\n\n<p><strong>1. GENERALE<\/strong><\/p>\n\n\n\n<p>1.1. I presenti termini e condizioni non intendono pregiudicare i diritti legali dell&#8217;utente. <\/p>\n\n\n\n<p>1.2 I marchi e i loghi presenti sul sito sono di propriet\u00e0 di Mystery City. Non ti \u00e8 consentito utilizzarli senza il consenso scritto di Mystery City e accetti che tale utilizzo possa costituire una violazione dei diritti di Mystery City. <\/p>\n\n\n\n<p>1.3 I presenti termini e condizioni e qualsiasi contratto stipulato che incorpori i presenti termini e condizioni saranno disciplinati dalla legge olandese e tutte le controversie saranno sottoposte alla giurisdizione esclusiva dei tribunali olandesi.<\/p>\n\n\n\n<p>1.4. Il sito web pu\u00f2 contenere collegamenti ipertestuali a siti web di terzi. Il funzionamento dei siti web di terzi \u00e8 fuori dal controllo di Mystery City e l&#8217;utente li utilizza a proprio rischio. Mystery City non si assume alcuna responsabilit\u00e0 per eventuali danni derivanti dall&#8217;utilizzo di siti web di terzi.   <\/p>\n\n\n\n<p>1.5 Mystery City raccoglie e memorizza i tuoi dati personali, quali nome, numero di telefono ed e-mail, necessari per la tua prenotazione. I tuoi dati vengono forniti direttamente a Mystery City quando completi una prenotazione sul sito web. Questi dati vengono utilizzati per elaborare la tua prenotazione e per inviarti via e-mail i dettagli relativi alla tua prenotazione. Mystery City Games condivider\u00e0 i tuoi dati con i nostri partner per il corretto svolgimento del gioco, ad esempio condividendo il nome indicato nella prenotazione in modo che il nostro partner possa verificare la tua identit\u00e0 al momento del tuo arrivo al gioco o condividendo il numero di persone indicato nella prenotazione in modo che il partner possa preparare il numero corretto di set di gioco per il tuo gruppo.   <\/p>\n\n\n\n<p>1.6. Mystery City Games si aspetta che i visitatori non rivelino alcun dettaglio del gioco direttamente al pubblico. Tutti i materiali di gioco sono propriet\u00e0 intellettuale di Mystery City Games e non possono essere fotografati, copiati o ridistribuiti in alcun modo.  <\/p>\n\n\n\n<p>1.7 La societ\u00e0 ha il diritto di addebitare agli ospiti eventuali danni intenzionali e\/o causati da un uso improprio dei pezzi di gioco.&nbsp;<\/p>\n\n\n\n<p>1.8 Quando sei in possesso del set di gioco e quando ti trovi nei locali di Mystery City o di uno dei partner di Mystery City, devi assicurarti di adottare standard di comportamento adeguati e di collaborare con i nostri partner o dipendenti.<\/p>\n\n\n\n<p>1.9 Mystery City non tollera alcun tipo di bullismo o molestia nei confronti dei suoi partner o dipendenti.<\/p>\n\n\n\n<p><strong>2. PRENOTAZIONI<\/strong><\/p>\n\n\n\n<p>2.1 Per prenotare un gioco con noi devi avere almeno 16 anni.<\/p>\n\n\n\n<p>2.2.1 Per gruppi fino a 20 giocatori: Se devi cancellare o riprogrammare una prenotazione, contattaci all&#8217;indirizzo who@mystery.city almeno 48 ore prima dello svolgimento della partita. Una volta che hai prenotato un gioco con noi, Mystery City e i partner di Mystery City si prendono il tempo necessario per assicurarsi che il gioco sia disponibile per te. Se cancelli la partita con meno di 48 ore di anticipo, non avrai diritto a un rimborso. Le partite che sono state riprogrammate non possono essere cancellate.   <\/p>\n\n\n\n<p>2.2.2 Per gruppi di oltre 20 giocatori: Se hai bisogno di cancellare o riprogrammare una prenotazione, contattaci all&#8217;indirizzo who@mystery.city almeno 1 settimana prima dello svolgimento della partita. Una volta che hai prenotato una partita con noi, Mystery City e i partner di Mystery City si impegnano per assicurarsi che la partita sia disponibile per te. Se cancelli la partita con meno di una settimana di anticipo, non avrai diritto a un rimborso. Le partite che sono state riprogrammate non possono essere cancellate.   <\/p>\n\n\n\n<p>2.3 Qualsiasi acquisto sul sito web \u00e8 valido solo quando viene elaborato dalla societ\u00e0. Una volta elaborata la prenotazione, verr\u00e0 inviata un&#8217;e-mail di conferma all&#8217;indirizzo e-mail indicato nel modulo di prenotazione online. <\/p>\n\n\n\n<p>2.4 Mystery City si riserva il diritto di cancellare una prenotazione, anche se confermata. In questo caso, Mystery City ti rimborser\u00e0 completamente la prenotazione. <\/p>\n\n\n\n<p>2.5 Le prenotazioni non possono essere trasferite o rivendute a fini commerciali o con sovrapprezzo. Se una prenotazione viene trasferita o rivenduta in violazione di questa condizione, al portatore della prenotazione o alla persona che rivendica il diritto di partecipare alla partita verr\u00e0 negato l&#8217;ingresso. <\/p>\n\n\n\n<p>2.6 L&#8217;utente \u00e8 interamente responsabile del corretto inserimento dei propri dati nel modulo di prenotazione online.<\/p>\n\n\n\n<p>2.7 Una prenotazione diventa un no-show e l&#8217;ingresso sar\u00e0 rifiutato se il gruppo arriva in ritardo di 20 minuti o pi\u00f9 senza avvisare Mystery City. In tal caso, il pagamento della prenotazione non \u00e8 rimborsabile e la prenotazione non \u00e8 modificabile. <\/p>\n\n\n\n<p>2.8 I nostri giochi sono progettati per durare al massimo due ore. In alcuni casi potrai impiegare pi\u00f9 tempo per completare il gioco, ma in ogni caso dovrai restituire l&#8217;attrezzatura al punto di partenza del gioco entro 15 minuti dall&#8217;orario di chiusura di Mystery City o del partner di Mystery City. &nbsp;<\/p>\n\n\n\n<p>2.9 Per essere ammessi \u00e8 necessario confermare il nome e cognome del prenotante e mostrare un&#8217;e-mail di conferma.<\/p>\n\n\n\n<p>2.10 I set di gioco e tutti i pezzi di gioco sono di propriet\u00e0 di Mystery City. In alcuni casi, potrebbe esserti richiesto di lasciare un deposito, ad esempio in contanti o un documento d&#8217;identit\u00e0 valido, a Mystery City o ai suoi partner per tutta la durata del gioco. Ti informeremo di questo requisito prima della partita. Il deposito ti verr\u00e0 restituito una volta che avrai restituito il set di gioco e tutti i pezzi a Mystery City o a uno dei partner di Mystery City nella citt\u00e0 in cui stai giocando.   <\/p>\n\n\n\n<p>2.11 I bambini di et\u00e0 inferiore ai 13 anni devono essere accompagnati da un adulto (maggiorenne) per tutta la durata della partita.<\/p>\n\n\n\n<p>2.12 Le persone in stato di ebbrezza o sotto l&#8217;effetto di droghe saranno respinte e la loro partita sar\u00e0 considerata come una mancata presentazione. In tal caso, la prenotazione non \u00e8 rimborsabile. <\/p>\n\n\n\n<p>2.13 Se non restituisci il materiale al punto di partenza dopo l&#8217;esperienza, ti verranno addebitati 400\u20ac per ogni kit incompleto o mancante.<\/p>\n\n\n\n<p><strong>3. PREZZO E PAGAMENTO<\/strong><\/p>\n\n\n\n<p>3.1. Il prezzo di una partita \u00e8 indicato sul sito web nella sezione di prenotazione per ogni citt\u00e0. <\/p>\n\n\n\n<p>3.2. Il prezzo \u00e8 fissato a persona per i Giochi in citt\u00e0 e a gruppo per i Giochi online. <\/p>\n\n\n\n<p>3.3 I pagamenti vengono effettuati tramite un sistema di pagamento online chiamato STRIPE o PAYPAL o MOLLIE. Per gli eventi di gruppo e per i privati nei Paesi Bassi, accettiamo anche pagamenti tramite bonifico bancario. <\/p>\n\n\n\n<p>3.4 Il pagamento completo \u00e8 richiesto al momento della prenotazione.<\/p>\n\n\n\n<p>3.5 La prenotazione deve essere effettuata sul sito web. Se alla partita partecipano pi\u00f9 persone di quelle che hanno prenotato i biglietti, la differenza di prezzo pu\u00f2 essere stabilita all&#8217;arrivo attraverso il sistema di prenotazione online. La possibilit\u00e0 di aggiungere giocatori all&#8217;ultimo minuto dipende dal numero massimo di giocatori per set e dalla disponibilit\u00e0 dei set di gioco. Mystery City si riserva il diritto di rifiutare la partecipazione di giocatori dell&#8217;ultimo minuto in base alla disponibilit\u00e0.   <\/p>\n\n\n\n<p>3.6 Il gettone per le bevande incluso nell&#8217;esperienza di team building ad Amsterdam \u00e8 valido per un caff\u00e8, un t\u00e8, una birra o una bevanda analcolica presso uno dei nostri partner.<\/p>\n\n\n\n<p>3.7 In caso di pagamento tramite fattura, il pagamento \u00e8 sempre dovuto entro il giorno dell&#8217;evento. Se la fattura non viene pagata entro 14 giorni dalla data dell&#8217;evento, addebiteremo &nbsp;<a href=\"https:\/\/www.dnb.nl\/en\/statistics\/data-search\/#\/details\/statutory-interest-rate\/dataset\/2ed0b77d-72c5-47e8-8a3d-0c213048e11d\/resource\/b0304270-e4fb-41d5-bc2f-c7547a72fc0b\" target=\"_blank\" rel=\"noreferrer noopener\">il tasso d&#8217;interesse settimanale previsto dalla legge per<\/a> ogni settimana in cui la fattura rimane in arretrato.&nbsp;<\/p>\n\n\n\n<p><strong>4. RESPONSABILIT\u00c0 E SICUREZZA<\/strong><\/p>\n\n\n\n<p>4.1. I giocatori partecipano all&#8217;evento a proprio rischio e pericolo. Partecipando ai Mystery City Games, accetti che n\u00e9 Mystery City n\u00e9 alcuna persona associata a Mystery City siano responsabili nei tuoi confronti o nei confronti di qualsiasi altro giocatore per eventuali danni diretti o indiretti che dovessero verificarsi in qualsiasi modo. Accetti di trasmettere questa responsabilit\u00e0 a tutti i giocatori prenotati a tuo nome.   <\/p>\n\n\n\n<p>4.2. Alcuni dei nostri giochi contengono un elemento fisico, come camminare in una citt\u00e0, utilizzare materiali forniti da Mystery City o osservare il paesaggio di una citt\u00e0. Mystery City non \u00e8 responsabile di eventuali danni alle persone o alle attrezzature.  <\/p>\n\n\n\n<p><strong>5. USO E SICUREZZA DEL SITO WEB<\/strong><\/p>\n\n\n\n<p>5.1 I termini e le condizioni si applicano all&#8217;utilizzo del sito web da parte di qualsiasi visitatore.<\/p>\n\n\n\n<p>5.2 Il sito web \u00e8 destinato al tuo uso personale e non commerciale. Non puoi modificare, copiare, distribuire, trasmettere, mostrare, eseguire, riprodurre, pubblicare, concedere in licenza, creare opere derivate, trasferire o vendere qualsiasi informazione ottenuta da questo sito web senza il consenso scritto di Mystery City. <\/p>\n\n\n\n<p>5.3 All&#8217;utente non \u00e8 consentito collegarsi o utilizzare qualsiasi parte del sito web per scopi fraudolenti, illegali, diffamatori o dannosi.<\/p>\n\n\n\n<p>5.4 L&#8217;azienda non sar\u00e0 responsabile nei confronti di alcuna persona per danni diretti o indiretti, consequenziali o incidentali derivanti dall&#8217;uso del sito web.<\/p>\n\n\n\n<p>6. UTILIZZO DI E-MAIL E CONTATTI<\/p>\n\n\n\n<p>6.1 L&#8217;utente autorizza Mystery City Games a contattarlo per ricevere informazioni sul suo gioco.&nbsp;<\/p>\n\n\n\n<p>6.2 L&#8217;utente autorizza Mystery City Games a condividere i suoi dati con i suoi partner nella misura necessaria a garantire una buona esperienza di gioco.<\/p>\n\n\n\n<p><strong>7. FOTO<\/strong><\/p>\n\n\n\n<p>7.1 Le foto delle squadre o dei partecipanti saranno caricate sui nostri canali di social media solo con il consenso esplicito dei giocatori che appaiono nella foto.<\/p>\n\n\n\n<p>7.2 Se desideri che la tua foto venga rimossa da uno dei canali di Mystery City, ti preghiamo di comunicarcelo via e-mail all&#8217;indirizzo who@mystery.city.<\/p>\n\n\n\n<p><strong>8. AZIENDA E DATI DI CONTATTO<\/strong><\/p>\n\n\n\n<p>Mystery City Games B.V.<\/p>\n\n\n\n<p>Zwanenburgwal 178<\/p>\n\n\n\n<p>1011 JH Amsterdam<\/p>\n\n\n\n<p>Paesi Bassi<\/p>\n\n\n\n<p>who@mystery.city<\/p>\n\n\n\n<p>+31 6 47 79 95 24<\/p>\n\t\t\t\t\t\t\t\t<\/div>\n\t\t\t\t<\/div>\n\t\t\t\t\t<\/div>\n\t\t\t\t<\/div>\n\t\t\t\t<\/div>\n\t\t","protected":false},"excerpt":{"rendered":"<p>Termini e condizioni Il sito web http:\/\/www.mystery.city, di seguito &#8220;il sito&#8221;, \u00e8 di propriet\u00e0 e gestito da Mystery City Games BV, di seguito &#8220;Mystery City&#8221;. Mystery City ha il diritto di modificare i termini e le condizioni di seguito riportati di volta in volta a sua esclusiva discrezione e senza preavviso. &nbsp; 1. GENERALE 1.1. [&hellip;]<\/p>\n","protected":false},"author":2,"featured_media":0,"parent":0,"menu_order":0,"comment_status":"closed","ping_status":"closed","template":"elementor_header_footer","meta":{"_acf_changed":false,"postBodyCss":"","postBodyMargin":[],"postBodyPadding":[],"postBodyBackground":{"backgroundType":"classic","gradient":""},"footnotes":""},"class_list":["post-8950","page","type-page","status-publish","hentry"],"blocksy_meta":[],"acf":[],"yoast_head":"<!-- This site is optimized with the Yoast SEO plugin v27.4 - https:\/\/yoast.com\/product\/yoast-seo-wordpress\/ -->\n<title>Termini e condizioni - Mystery City Games<\/title>\n<meta name=\"description\" content=\"Crea team building unici con cacce al tesoro e escape room all&#039;aperto, stimolando collaborazione e divertimento in citt\u00e0.\" \/>\n<meta name=\"robots\" content=\"index, follow, max-snippet:-1, max-image-preview:large, max-video-preview:-1\" \/>\n<link rel=\"canonical\" href=\"https:\/\/www.mystery.city\/it\/termini-e-condizioni\/\" \/>\n<meta property=\"og:locale\" content=\"it_IT\" \/>\n<meta property=\"og:type\" content=\"article\" \/>\n<meta property=\"og:title\" content=\"Termini e condizioni - Mystery City Games\" \/>\n<meta property=\"og:description\" content=\"Crea team building unici con cacce al tesoro e escape room all&#039;aperto, stimolando collaborazione e divertimento in citt\u00e0.\" \/>\n<meta property=\"og:url\" content=\"https:\/\/www.mystery.city\/it\/termini-e-condizioni\/\" \/>\n<meta property=\"og:site_name\" content=\"Mystery City Games\" \/>\n<meta property=\"article:publisher\" content=\"https:\/\/www.facebook.com\/MysteryCityGames\/\" \/>\n<meta property=\"article:modified_time\" content=\"2025-08-15T21:10:23+00:00\" \/>\n<meta property=\"og:image\" content=\"https:\/\/www.mystery.city\/wp-content\/uploads\/2025\/02\/Mystery-City-Games-Logo-2048x394-1.png\" \/>\n\t<meta property=\"og:image:width\" content=\"2048\" \/>\n\t<meta property=\"og:image:height\" content=\"394\" \/>\n\t<meta property=\"og:image:type\" content=\"image\/png\" \/>\n<meta name=\"twitter:card\" content=\"summary_large_image\" \/>\n<script type=\"application\/ld+json\" class=\"yoast-schema-graph\">{\"@context\":\"https:\\\/\\\/schema.org\",\"@graph\":[{\"@type\":\"WebPage\",\"@id\":\"https:\\\/\\\/www.mystery.city\\\/it\\\/termini-e-condizioni\\\/\",\"url\":\"https:\\\/\\\/www.mystery.city\\\/it\\\/termini-e-condizioni\\\/\",\"name\":\"Termini e condizioni - Mystery City Games\",\"isPartOf\":{\"@id\":\"https:\\\/\\\/www.mystery.city\\\/it\\\/#website\"},\"datePublished\":\"2025-03-19T06:16:12+00:00\",\"dateModified\":\"2025-08-15T21:10:23+00:00\",\"description\":\"Crea team building unici con cacce al tesoro e escape room all'aperto, stimolando collaborazione e divertimento in citt\u00e0.\",\"breadcrumb\":{\"@id\":\"https:\\\/\\\/www.mystery.city\\\/it\\\/termini-e-condizioni\\\/#breadcrumb\"},\"inLanguage\":\"it-IT\",\"potentialAction\":[{\"@type\":\"ReadAction\",\"target\":[\"https:\\\/\\\/www.mystery.city\\\/it\\\/termini-e-condizioni\\\/\"]}]},{\"@type\":\"BreadcrumbList\",\"@id\":\"https:\\\/\\\/www.mystery.city\\\/it\\\/termini-e-condizioni\\\/#breadcrumb\",\"itemListElement\":[{\"@type\":\"ListItem\",\"position\":1,\"name\":\"Home\",\"item\":\"https:\\\/\\\/www.mystery.city\\\/it\\\/\"},{\"@type\":\"ListItem\",\"position\":2,\"name\":\"Termini e condizioni\"}]},{\"@type\":\"WebSite\",\"@id\":\"https:\\\/\\\/www.mystery.city\\\/it\\\/#website\",\"url\":\"https:\\\/\\\/www.mystery.city\\\/it\\\/\",\"name\":\"Mystery City Games\",\"description\":\"Explore the City, Solve Puzzles, Unlock History\",\"publisher\":{\"@id\":\"https:\\\/\\\/www.mystery.city\\\/it\\\/#organization\"},\"alternateName\":\"Mystery City Games\",\"potentialAction\":[{\"@type\":\"SearchAction\",\"target\":{\"@type\":\"EntryPoint\",\"urlTemplate\":\"https:\\\/\\\/www.mystery.city\\\/it\\\/?s={search_term_string}\"},\"query-input\":{\"@type\":\"PropertyValueSpecification\",\"valueRequired\":true,\"valueName\":\"search_term_string\"}}],\"inLanguage\":\"it-IT\"},{\"@type\":\"Organization\",\"@id\":\"https:\\\/\\\/www.mystery.city\\\/it\\\/#organization\",\"name\":\"Mystery City Games\",\"alternateName\":\"Mystery City Games\",\"url\":\"https:\\\/\\\/www.mystery.city\\\/it\\\/\",\"logo\":{\"@type\":\"ImageObject\",\"inLanguage\":\"it-IT\",\"@id\":\"https:\\\/\\\/www.mystery.city\\\/it\\\/#\\\/schema\\\/logo\\\/image\\\/\",\"url\":\"https:\\\/\\\/www.mystery.city\\\/wp-content\\\/uploads\\\/2025\\\/02\\\/Mystery-City-Games-Logo-2048x394-1.png\",\"contentUrl\":\"https:\\\/\\\/www.mystery.city\\\/wp-content\\\/uploads\\\/2025\\\/02\\\/Mystery-City-Games-Logo-2048x394-1.png\",\"width\":2048,\"height\":394,\"caption\":\"Mystery City Games\"},\"image\":{\"@id\":\"https:\\\/\\\/www.mystery.city\\\/it\\\/#\\\/schema\\\/logo\\\/image\\\/\"},\"sameAs\":[\"https:\\\/\\\/www.facebook.com\\\/MysteryCityGames\\\/\",\"https:\\\/\\\/www.instagram.com\\\/mysterycitygames\\\/\",\"https:\\\/\\\/www.linkedin.com\\\/company\\\/mystery-city-games\",\"https:\\\/\\\/www.tiktok.com\\\/@mysterycitygames\",\"https:\\\/\\\/www.youtube.com\\\/@mysterycitygames\"]}]}<\/script>\n<!-- \/ Yoast SEO plugin. -->","yoast_head_json":{"title":"Termini e condizioni - Mystery City Games","description":"Crea team building unici con cacce al tesoro e escape room all'aperto, stimolando collaborazione e divertimento in citt\u00e0.","robots":{"index":"index","follow":"follow","max-snippet":"max-snippet:-1","max-image-preview":"max-image-preview:large","max-video-preview":"max-video-preview:-1"},"canonical":"https:\/\/www.mystery.city\/it\/termini-e-condizioni\/","og_locale":"it_IT","og_type":"article","og_title":"Termini e condizioni - Mystery City Games","og_description":"Crea team building unici con cacce al tesoro e escape room all'aperto, stimolando collaborazione e divertimento in citt\u00e0.","og_url":"https:\/\/www.mystery.city\/it\/termini-e-condizioni\/","og_site_name":"Mystery City Games","article_publisher":"https:\/\/www.facebook.com\/MysteryCityGames\/","article_modified_time":"2025-08-15T21:10:23+00:00","og_image":[{"width":2048,"height":394,"url":"https:\/\/www.mystery.city\/wp-content\/uploads\/2025\/02\/Mystery-City-Games-Logo-2048x394-1.png","type":"image\/png"}],"twitter_card":"summary_large_image","schema":{"@context":"https:\/\/schema.org","@graph":[{"@type":"WebPage","@id":"https:\/\/www.mystery.city\/it\/termini-e-condizioni\/","url":"https:\/\/www.mystery.city\/it\/termini-e-condizioni\/","name":"Termini e condizioni - Mystery City Games","isPartOf":{"@id":"https:\/\/www.mystery.city\/it\/#website"},"datePublished":"2025-03-19T06:16:12+00:00","dateModified":"2025-08-15T21:10:23+00:00","description":"Crea team building unici con cacce al tesoro e escape room all'aperto, stimolando collaborazione e divertimento in citt\u00e0.","breadcrumb":{"@id":"https:\/\/www.mystery.city\/it\/termini-e-condizioni\/#breadcrumb"},"inLanguage":"it-IT","potentialAction":[{"@type":"ReadAction","target":["https:\/\/www.mystery.city\/it\/termini-e-condizioni\/"]}]},{"@type":"BreadcrumbList","@id":"https:\/\/www.mystery.city\/it\/termini-e-condizioni\/#breadcrumb","itemListElement":[{"@type":"ListItem","position":1,"name":"Home","item":"https:\/\/www.mystery.city\/it\/"},{"@type":"ListItem","position":2,"name":"Termini e condizioni"}]},{"@type":"WebSite","@id":"https:\/\/www.mystery.city\/it\/#website","url":"https:\/\/www.mystery.city\/it\/","name":"Mystery City Games","description":"Explore the City, Solve Puzzles, Unlock History","publisher":{"@id":"https:\/\/www.mystery.city\/it\/#organization"},"alternateName":"Mystery City Games","potentialAction":[{"@type":"SearchAction","target":{"@type":"EntryPoint","urlTemplate":"https:\/\/www.mystery.city\/it\/?s={search_term_string}"},"query-input":{"@type":"PropertyValueSpecification","valueRequired":true,"valueName":"search_term_string"}}],"inLanguage":"it-IT"},{"@type":"Organization","@id":"https:\/\/www.mystery.city\/it\/#organization","name":"Mystery City Games","alternateName":"Mystery City Games","url":"https:\/\/www.mystery.city\/it\/","logo":{"@type":"ImageObject","inLanguage":"it-IT","@id":"https:\/\/www.mystery.city\/it\/#\/schema\/logo\/image\/","url":"https:\/\/www.mystery.city\/wp-content\/uploads\/2025\/02\/Mystery-City-Games-Logo-2048x394-1.png","contentUrl":"https:\/\/www.mystery.city\/wp-content\/uploads\/2025\/02\/Mystery-City-Games-Logo-2048x394-1.png","width":2048,"height":394,"caption":"Mystery City Games"},"image":{"@id":"https:\/\/www.mystery.city\/it\/#\/schema\/logo\/image\/"},"sameAs":["https:\/\/www.facebook.com\/MysteryCityGames\/","https:\/\/www.instagram.com\/mysterycitygames\/","https:\/\/www.linkedin.com\/company\/mystery-city-games","https:\/\/www.tiktok.com\/@mysterycitygames","https:\/\/www.youtube.com\/@mysterycitygames"]}]}},"_links":{"self":[{"href":"https:\/\/www.mystery.city\/it\/wp-json\/wp\/v2\/pages\/8950","targetHints":{"allow":["GET"]}}],"collection":[{"href":"https:\/\/www.mystery.city\/it\/wp-json\/wp\/v2\/pages"}],"about":[{"href":"https:\/\/www.mystery.city\/it\/wp-json\/wp\/v2\/types\/page"}],"author":[{"embeddable":true,"href":"https:\/\/www.mystery.city\/it\/wp-json\/wp\/v2\/users\/2"}],"replies":[{"embeddable":true,"href":"https:\/\/www.mystery.city\/it\/wp-json\/wp\/v2\/comments?post=8950"}],"version-history":[{"count":14,"href":"https:\/\/www.mystery.city\/it\/wp-json\/wp\/v2\/pages\/8950\/revisions"}],"predecessor-version":[{"id":11930,"href":"https:\/\/www.mystery.city\/it\/wp-json\/wp\/v2\/pages\/8950\/revisions\/11930"}],"wp:attachment":[{"href":"https:\/\/www.mystery.city\/it\/wp-json\/wp\/v2\/media?parent=8950"}],"curies":[{"name":"wp","href":"https:\/\/api.w.org\/{rel}","templated":true}]}}