{"id":9401,"date":"2025-03-07T08:15:50","date_gmt":"2025-03-07T07:15:50","guid":{"rendered":"https:\/\/mysterycity.com\/product\/the-kings-secret\/"},"modified":"2026-03-17T09:57:00","modified_gmt":"2026-03-17T08:57:00","slug":"sintra-caccia-al-tesoro","status":"publish","type":"product","link":"https:\/\/www.mystery.city\/it\/prodotto\/sintra-caccia-al-tesoro\/","title":{"rendered":"The King&#8217;s Secret"},"content":{"rendered":"<p>Il <b>Re ha un segreto<\/b>. \u00c8 innamorato! Ma il suo <b>amore \u00e8 proibito<\/b>. Ma il Re ha un piano per farli stare insieme&#8230;<b> Segui le sue tracce<\/b> e <b>risolvi le sue sfide<\/b> in questa <b>escape room all&#8217;aperto<\/b> per aiutare il Re a salvare il suo amore!<\/p>\n<p><b>Esplora la<\/b> <b>storia<\/b> <b>di Sintra<\/b> in questa <b>avventura di caccia al tesoro<\/b> basata su<b> una storia vera<\/b>. Visita i luoghi pi\u00f9 famosi, scopri le gemme nascoste e immergiti nel mondo dell&#8217;amore e della regalit\u00e0.<\/p>\n<p>Riuscirai a <b>risolvere il mistero<\/b>? Entra nella storia e scopri perch\u00e9 questa \u00e8 l&#8217;<b>attivit\u00e0 pi\u00f9 divertente di Sintra!<\/b><\/p>\n","protected":false},"excerpt":{"rendered":"<p><script type=\"text\/javascript\" src=\"https:\/\/bookeo.com\/widget.js?a=42551JFW7PA17A3859B833&#038;type=4255179JP4L187237843C4&#038;languageCode=it_IT\"><\/script><\/p>\n","protected":false},"featured_media":7908,"template":"","meta":{"_acf_changed":false,"postBodyCss":"","postBodyMargin":[],"postBodyPadding":[],"postBodyBackground":{"backgroundType":"classic","gradient":""}},"product_brand":[],"product_cat":[81,25],"product_tag":[125],"class_list":{"0":"post-9401","1":"product","2":"type-product","3":"status-publish","4":"has-post-thumbnail","6":"product_cat-game","7":"product_cat-uncategorized","8":"product_tag-bookeo-it","10":"first","11":"instock","12":"virtual","13":"taxable","14":"purchasable","15":"product-type-simple"},"acf":[],"yoast_head":"<!-- This site is optimized with the Yoast SEO plugin v27.4 - https:\/\/yoast.com\/product\/yoast-seo-wordpress\/ -->\n<title>The King&#039;s Secret - Mystery City Games<\/title>\n<meta name=\"description\" content=\"Scopri &quot;The King&#039;s Secret&quot;, un&#039;emozionante escape room virtuale da risolvere in compagnia. Metti alla prova la tua astuzia!\" \/>\n<meta name=\"robots\" content=\"index, follow, max-snippet:-1, max-image-preview:large, max-video-preview:-1\" \/>\n<link rel=\"canonical\" href=\"https:\/\/www.mystery.city\/it\/prodotto\/sintra-caccia-al-tesoro\/\" \/>\n<meta property=\"og:locale\" content=\"it_IT\" \/>\n<meta property=\"og:type\" content=\"article\" \/>\n<meta property=\"og:title\" content=\"The King&#039;s Secret - Mystery City Games\" \/>\n<meta property=\"og:description\" content=\"Scopri &quot;The King&#039;s Secret&quot;, un&#039;emozionante escape room virtuale da risolvere in compagnia. Metti alla prova la tua astuzia!\" \/>\n<meta property=\"og:url\" content=\"https:\/\/www.mystery.city\/it\/prodotto\/sintra-caccia-al-tesoro\/\" \/>\n<meta property=\"og:site_name\" content=\"Mystery City Games\" \/>\n<meta property=\"article:publisher\" content=\"https:\/\/www.facebook.com\/MysteryCityGames\/\" \/>\n<meta property=\"article:modified_time\" content=\"2026-03-17T08:57:00+00:00\" \/>\n<meta property=\"og:image\" content=\"https:\/\/www.mystery.city\/wp-content\/uploads\/2025\/03\/Sintra-w-stix.png\" \/>\n\t<meta property=\"og:image:width\" content=\"707\" \/>\n\t<meta property=\"og:image:height\" content=\"557\" \/>\n\t<meta property=\"og:image:type\" content=\"image\/png\" \/>\n<meta name=\"twitter:card\" content=\"summary_large_image\" \/>\n<script type=\"application\/ld+json\" class=\"yoast-schema-graph\">{\"@context\":\"https:\\\/\\\/schema.org\",\"@graph\":[{\"@type\":\"WebPage\",\"@id\":\"https:\\\/\\\/www.mystery.city\\\/it\\\/prodotto\\\/sintra-caccia-al-tesoro\\\/\",\"url\":\"https:\\\/\\\/www.mystery.city\\\/it\\\/prodotto\\\/sintra-caccia-al-tesoro\\\/\",\"name\":\"The King's Secret - Mystery City Games\",\"isPartOf\":{\"@id\":\"https:\\\/\\\/www.mystery.city\\\/it\\\/#website\"},\"primaryImageOfPage\":{\"@id\":\"https:\\\/\\\/www.mystery.city\\\/it\\\/prodotto\\\/sintra-caccia-al-tesoro\\\/#primaryimage\"},\"image\":{\"@id\":\"https:\\\/\\\/www.mystery.city\\\/it\\\/prodotto\\\/sintra-caccia-al-tesoro\\\/#primaryimage\"},\"thumbnailUrl\":\"https:\\\/\\\/www.mystery.city\\\/wp-content\\\/uploads\\\/2025\\\/03\\\/Sintra-w-stix.png\",\"datePublished\":\"2025-03-07T07:15:50+00:00\",\"dateModified\":\"2026-03-17T08:57:00+00:00\",\"description\":\"Scopri \\\"The King's Secret\\\", un'emozionante escape room virtuale da risolvere in compagnia. Metti alla prova la tua astuzia!\",\"breadcrumb\":{\"@id\":\"https:\\\/\\\/www.mystery.city\\\/it\\\/prodotto\\\/sintra-caccia-al-tesoro\\\/#breadcrumb\"},\"inLanguage\":\"it-IT\",\"potentialAction\":[{\"@type\":\"ReadAction\",\"target\":[\"https:\\\/\\\/www.mystery.city\\\/it\\\/prodotto\\\/sintra-caccia-al-tesoro\\\/\"]}]},{\"@type\":\"ImageObject\",\"inLanguage\":\"it-IT\",\"@id\":\"https:\\\/\\\/www.mystery.city\\\/it\\\/prodotto\\\/sintra-caccia-al-tesoro\\\/#primaryimage\",\"url\":\"https:\\\/\\\/www.mystery.city\\\/wp-content\\\/uploads\\\/2025\\\/03\\\/Sintra-w-stix.png\",\"contentUrl\":\"https:\\\/\\\/www.mystery.city\\\/wp-content\\\/uploads\\\/2025\\\/03\\\/Sintra-w-stix.png\",\"width\":707,\"height\":557,\"caption\":\"Treasure Hunt Sintra \u2013 Outdoor Escape Room Adventure Game\"},{\"@type\":\"BreadcrumbList\",\"@id\":\"https:\\\/\\\/www.mystery.city\\\/it\\\/prodotto\\\/sintra-caccia-al-tesoro\\\/#breadcrumb\",\"itemListElement\":[{\"@type\":\"ListItem\",\"position\":1,\"name\":\"Home\",\"item\":\"https:\\\/\\\/www.mystery.city\\\/it\\\/\"},{\"@type\":\"ListItem\",\"position\":2,\"name\":\"Shop\",\"item\":\"https:\\\/\\\/www.mystery.city\\\/shop\\\/\"},{\"@type\":\"ListItem\",\"position\":3,\"name\":\"The King&#8217;s Secret\"}]},{\"@type\":\"WebSite\",\"@id\":\"https:\\\/\\\/www.mystery.city\\\/it\\\/#website\",\"url\":\"https:\\\/\\\/www.mystery.city\\\/it\\\/\",\"name\":\"Mystery City Games\",\"description\":\"Explore the City, Solve Puzzles, Unlock History\",\"publisher\":{\"@id\":\"https:\\\/\\\/www.mystery.city\\\/it\\\/#organization\"},\"alternateName\":\"Mystery City Games\",\"potentialAction\":[{\"@type\":\"SearchAction\",\"target\":{\"@type\":\"EntryPoint\",\"urlTemplate\":\"https:\\\/\\\/www.mystery.city\\\/it\\\/?s={search_term_string}\"},\"query-input\":{\"@type\":\"PropertyValueSpecification\",\"valueRequired\":true,\"valueName\":\"search_term_string\"}}],\"inLanguage\":\"it-IT\"},{\"@type\":\"Organization\",\"@id\":\"https:\\\/\\\/www.mystery.city\\\/it\\\/#organization\",\"name\":\"Mystery City Games\",\"alternateName\":\"Mystery City Games\",\"url\":\"https:\\\/\\\/www.mystery.city\\\/it\\\/\",\"logo\":{\"@type\":\"ImageObject\",\"inLanguage\":\"it-IT\",\"@id\":\"https:\\\/\\\/www.mystery.city\\\/it\\\/#\\\/schema\\\/logo\\\/image\\\/\",\"url\":\"https:\\\/\\\/www.mystery.city\\\/wp-content\\\/uploads\\\/2025\\\/02\\\/Mystery-City-Games-Logo-2048x394-1.png\",\"contentUrl\":\"https:\\\/\\\/www.mystery.city\\\/wp-content\\\/uploads\\\/2025\\\/02\\\/Mystery-City-Games-Logo-2048x394-1.png\",\"width\":2048,\"height\":394,\"caption\":\"Mystery City Games\"},\"image\":{\"@id\":\"https:\\\/\\\/www.mystery.city\\\/it\\\/#\\\/schema\\\/logo\\\/image\\\/\"},\"sameAs\":[\"https:\\\/\\\/www.facebook.com\\\/MysteryCityGames\\\/\",\"https:\\\/\\\/www.instagram.com\\\/mysterycitygames\\\/\",\"https:\\\/\\\/www.linkedin.com\\\/company\\\/mystery-city-games\",\"https:\\\/\\\/www.tiktok.com\\\/@mysterycitygames\",\"https:\\\/\\\/www.youtube.com\\\/@mysterycitygames\"]}]}<\/script>\n<!-- \/ Yoast SEO plugin. -->","yoast_head_json":{"title":"The King's Secret - Mystery City Games","description":"Scopri \"The King's Secret\", un'emozionante escape room virtuale da risolvere in compagnia. Metti alla prova la tua astuzia!","robots":{"index":"index","follow":"follow","max-snippet":"max-snippet:-1","max-image-preview":"max-image-preview:large","max-video-preview":"max-video-preview:-1"},"canonical":"https:\/\/www.mystery.city\/it\/prodotto\/sintra-caccia-al-tesoro\/","og_locale":"it_IT","og_type":"article","og_title":"The King's Secret - Mystery City Games","og_description":"Scopri \"The King's Secret\", un'emozionante escape room virtuale da risolvere in compagnia. Metti alla prova la tua astuzia!","og_url":"https:\/\/www.mystery.city\/it\/prodotto\/sintra-caccia-al-tesoro\/","og_site_name":"Mystery City Games","article_publisher":"https:\/\/www.facebook.com\/MysteryCityGames\/","article_modified_time":"2026-03-17T08:57:00+00:00","og_image":[{"width":707,"height":557,"url":"https:\/\/www.mystery.city\/wp-content\/uploads\/2025\/03\/Sintra-w-stix.png","type":"image\/png"}],"twitter_card":"summary_large_image","schema":{"@context":"https:\/\/schema.org","@graph":[{"@type":"WebPage","@id":"https:\/\/www.mystery.city\/it\/prodotto\/sintra-caccia-al-tesoro\/","url":"https:\/\/www.mystery.city\/it\/prodotto\/sintra-caccia-al-tesoro\/","name":"The King's Secret - Mystery City Games","isPartOf":{"@id":"https:\/\/www.mystery.city\/it\/#website"},"primaryImageOfPage":{"@id":"https:\/\/www.mystery.city\/it\/prodotto\/sintra-caccia-al-tesoro\/#primaryimage"},"image":{"@id":"https:\/\/www.mystery.city\/it\/prodotto\/sintra-caccia-al-tesoro\/#primaryimage"},"thumbnailUrl":"https:\/\/www.mystery.city\/wp-content\/uploads\/2025\/03\/Sintra-w-stix.png","datePublished":"2025-03-07T07:15:50+00:00","dateModified":"2026-03-17T08:57:00+00:00","description":"Scopri \"The King's Secret\", un'emozionante escape room virtuale da risolvere in compagnia. Metti alla prova la tua astuzia!","breadcrumb":{"@id":"https:\/\/www.mystery.city\/it\/prodotto\/sintra-caccia-al-tesoro\/#breadcrumb"},"inLanguage":"it-IT","potentialAction":[{"@type":"ReadAction","target":["https:\/\/www.mystery.city\/it\/prodotto\/sintra-caccia-al-tesoro\/"]}]},{"@type":"ImageObject","inLanguage":"it-IT","@id":"https:\/\/www.mystery.city\/it\/prodotto\/sintra-caccia-al-tesoro\/#primaryimage","url":"https:\/\/www.mystery.city\/wp-content\/uploads\/2025\/03\/Sintra-w-stix.png","contentUrl":"https:\/\/www.mystery.city\/wp-content\/uploads\/2025\/03\/Sintra-w-stix.png","width":707,"height":557,"caption":"Treasure Hunt Sintra \u2013 Outdoor Escape Room Adventure Game"},{"@type":"BreadcrumbList","@id":"https:\/\/www.mystery.city\/it\/prodotto\/sintra-caccia-al-tesoro\/#breadcrumb","itemListElement":[{"@type":"ListItem","position":1,"name":"Home","item":"https:\/\/www.mystery.city\/it\/"},{"@type":"ListItem","position":2,"name":"Shop","item":"https:\/\/www.mystery.city\/shop\/"},{"@type":"ListItem","position":3,"name":"The King&#8217;s Secret"}]},{"@type":"WebSite","@id":"https:\/\/www.mystery.city\/it\/#website","url":"https:\/\/www.mystery.city\/it\/","name":"Mystery City Games","description":"Explore the City, Solve Puzzles, Unlock History","publisher":{"@id":"https:\/\/www.mystery.city\/it\/#organization"},"alternateName":"Mystery City Games","potentialAction":[{"@type":"SearchAction","target":{"@type":"EntryPoint","urlTemplate":"https:\/\/www.mystery.city\/it\/?s={search_term_string}"},"query-input":{"@type":"PropertyValueSpecification","valueRequired":true,"valueName":"search_term_string"}}],"inLanguage":"it-IT"},{"@type":"Organization","@id":"https:\/\/www.mystery.city\/it\/#organization","name":"Mystery City Games","alternateName":"Mystery City Games","url":"https:\/\/www.mystery.city\/it\/","logo":{"@type":"ImageObject","inLanguage":"it-IT","@id":"https:\/\/www.mystery.city\/it\/#\/schema\/logo\/image\/","url":"https:\/\/www.mystery.city\/wp-content\/uploads\/2025\/02\/Mystery-City-Games-Logo-2048x394-1.png","contentUrl":"https:\/\/www.mystery.city\/wp-content\/uploads\/2025\/02\/Mystery-City-Games-Logo-2048x394-1.png","width":2048,"height":394,"caption":"Mystery City Games"},"image":{"@id":"https:\/\/www.mystery.city\/it\/#\/schema\/logo\/image\/"},"sameAs":["https:\/\/www.facebook.com\/MysteryCityGames\/","https:\/\/www.instagram.com\/mysterycitygames\/","https:\/\/www.linkedin.com\/company\/mystery-city-games","https:\/\/www.tiktok.com\/@mysterycitygames","https:\/\/www.youtube.com\/@mysterycitygames"]}]}},"_links":{"self":[{"href":"https:\/\/www.mystery.city\/it\/wp-json\/wp\/v2\/product\/9401","targetHints":{"allow":["GET"]}}],"collection":[{"href":"https:\/\/www.mystery.city\/it\/wp-json\/wp\/v2\/product"}],"about":[{"href":"https:\/\/www.mystery.city\/it\/wp-json\/wp\/v2\/types\/product"}],"wp:featuredmedia":[{"embeddable":true,"href":"https:\/\/www.mystery.city\/it\/wp-json\/wp\/v2\/media\/7908"}],"wp:attachment":[{"href":"https:\/\/www.mystery.city\/it\/wp-json\/wp\/v2\/media?parent=9401"}],"wp:term":[{"taxonomy":"product_brand","embeddable":true,"href":"https:\/\/www.mystery.city\/it\/wp-json\/wp\/v2\/product_brand?post=9401"},{"taxonomy":"product_cat","embeddable":true,"href":"https:\/\/www.mystery.city\/it\/wp-json\/wp\/v2\/product_cat?post=9401"},{"taxonomy":"product_tag","embeddable":true,"href":"https:\/\/www.mystery.city\/it\/wp-json\/wp\/v2\/product_tag?post=9401"}],"curies":[{"name":"wp","href":"https:\/\/api.w.org\/{rel}","templated":true}]}}