{"id":13854,"date":"2025-04-07T14:44:57","date_gmt":"2025-04-07T13:44:57","guid":{"rendered":"https:\/\/www.mystery.city\/deixa-um-comentario\/"},"modified":"2025-08-07T15:23:47","modified_gmt":"2025-08-07T14:23:47","slug":"deixa-um-comentario","status":"publish","type":"page","link":"https:\/\/www.mystery.city\/pt-pt\/deixa-um-comentario\/","title":{"rendered":"Deixa um coment\u00e1rio"},"content":{"rendered":"\t\t<div data-elementor-type=\"wp-page\" data-elementor-id=\"13854\" class=\"elementor elementor-13854 elementor-9876\" data-elementor-post-type=\"page\">\n\t\t\t\t<div class=\"elementor-element elementor-element-5681c9a con-form e-flex e-con-boxed e-con e-parent\" data-id=\"5681c9a\" data-element_type=\"container\" data-e-type=\"container\" data-settings=\"{&quot;background_background&quot;:&quot;classic&quot;,&quot;_ha_eqh_enable&quot;:false}\">\n\t\t\t\t\t<div class=\"e-con-inner\">\n\t\t<div class=\"elementor-element elementor-element-23765dd e-con-full e-flex e-con e-child\" data-id=\"23765dd\" data-element_type=\"container\" data-e-type=\"container\" data-settings=\"{&quot;_ha_eqh_enable&quot;:false}\">\n\t\t<div class=\"elementor-element elementor-element-dc04475 e-con-full e-flex e-con e-child\" data-id=\"dc04475\" data-element_type=\"container\" data-e-type=\"container\" data-settings=\"{&quot;_ha_eqh_enable&quot;:false}\">\n\t\t<div class=\"elementor-element elementor-element-576e155 e-con-full e-flex e-con e-child\" data-id=\"576e155\" data-element_type=\"container\" data-e-type=\"container\" data-settings=\"{&quot;_ha_eqh_enable&quot;:false}\">\n\t\t\t\t<div class=\"elementor-element elementor-element-bd31095 elementor-widget elementor-widget-heading\" data-id=\"bd31095\" data-element_type=\"widget\" data-e-type=\"widget\" data-widget_type=\"heading.default\">\n\t\t\t\t<div class=\"elementor-widget-container\">\n\t\t\t\t\t<h1 class=\"elementor-heading-title elementor-size-default\">Deixa um coment\u00e1rio<\/h1>\t\t\t\t<\/div>\n\t\t\t\t<\/div>\n\t\t\t\t<div class=\"elementor-element elementor-element-9fa1935 elementor-widget elementor-widget-heading\" data-id=\"9fa1935\" data-element_type=\"widget\" data-e-type=\"widget\" data-widget_type=\"heading.default\">\n\t\t\t\t<div class=\"elementor-widget-container\">\n\t\t\t\t\t<h2 class=\"elementor-heading-title elementor-size-default\">OS COMENT\u00c1RIOS AJUDAM-NOS A CRESCER E A MELHORAR<\/h2>\t\t\t\t<\/div>\n\t\t\t\t<\/div>\n\t\t\t\t<\/div>\n\t\t\t\t<\/div>\n\t\t\t\t<\/div>\n\t\t\t\t\t<\/div>\n\t\t\t\t<\/div>\n\t\t<div class=\"elementor-element elementor-element-f05b4f9 con-form e-flex e-con-boxed e-con e-parent\" data-id=\"f05b4f9\" data-element_type=\"container\" data-e-type=\"container\" data-settings=\"{&quot;background_background&quot;:&quot;classic&quot;,&quot;_ha_eqh_enable&quot;:false}\">\n\t\t\t\t\t<div class=\"e-con-inner\">\n\t\t<div class=\"elementor-element elementor-element-41d6978 e-con-full e-flex e-con e-child\" data-id=\"41d6978\" data-element_type=\"container\" data-e-type=\"container\" data-settings=\"{&quot;background_background&quot;:&quot;classic&quot;,&quot;_ha_eqh_enable&quot;:false}\">\n\t\t\t\t<div class=\"elementor-element elementor-element-3bfea8b elementor-widget elementor-widget-text-editor\" data-id=\"3bfea8b\" data-element_type=\"widget\" data-e-type=\"widget\" data-widget_type=\"text-editor.default\">\n\t\t\t\t<div class=\"elementor-widget-container\">\n\t\t\t\t\t\t\t\t\t<p style=\"text-align: center;\">Quantas estrelas classificarias o jogo que jogaste?<\/p>\t\t\t\t\t\t\t\t<\/div>\n\t\t\t\t<\/div>\n\t\t<div class=\"elementor-element elementor-element-555288d e-con-full e-flex e-con e-child\" data-id=\"555288d\" data-element_type=\"container\" data-e-type=\"container\" data-settings=\"{&quot;_ha_eqh_enable&quot;:false}\">\n\t\t\t\t<div class=\"elementor-element elementor-element-7f3a6a2 elementor-widget__width-initial elementor-widget elementor-widget-image\" data-id=\"7f3a6a2\" data-element_type=\"widget\" data-e-type=\"widget\" data-widget_type=\"image.default\">\n\t\t\t\t<div class=\"elementor-widget-container\">\n\t\t\t\t\t\t\t\t\t\t\t\t<figure class=\"wp-caption\">\n\t\t\t\t\t\t\t\t\t\t\t<a href=\"https:\/\/www.mystery.city\/custorner-feedback\/\">\n\t\t\t\t\t\t\t<img decoding=\"async\" width=\"150\" height=\"150\" src=\"https:\/\/www.mystery.city\/wp-content\/uploads\/2025\/04\/star-biger-150x150.png\" class=\"elementor-animation-grow attachment-thumbnail size-thumbnail wp-image-9894\" alt=\"\" srcset=\"https:\/\/www.mystery.city\/wp-content\/uploads\/2025\/04\/star-biger-150x150.png 150w, https:\/\/www.mystery.city\/wp-content\/uploads\/2025\/04\/star-biger-300x300.png 300w, https:\/\/www.mystery.city\/wp-content\/uploads\/2025\/04\/star-biger-100x100.png 100w\" sizes=\"(max-width: 150px) 100vw, 150px\" \/>\t\t\t\t\t\t\t\t<\/a>\n\t\t\t\t\t\t\t\t\t\t\t<figcaption class=\"widget-image-caption wp-caption-text\"><b>N\u00e3o tens nada!<\/b><\/figcaption>\n\t\t\t\t\t\t\t\t\t\t<\/figure>\n\t\t\t\t\t\t\t\t\t<\/div>\n\t\t\t\t<\/div>\n\t\t\t\t<div class=\"elementor-element elementor-element-d2633c1 elementor-widget__width-initial elementor-widget elementor-widget-image\" data-id=\"d2633c1\" data-element_type=\"widget\" data-e-type=\"widget\" data-widget_type=\"image.default\">\n\t\t\t\t<div class=\"elementor-widget-container\">\n\t\t\t\t\t\t\t\t\t\t\t\t<figure class=\"wp-caption\">\n\t\t\t\t\t\t\t\t\t\t\t<a href=\"https:\/\/www.mystery.city\/custorner-feedback\/\">\n\t\t\t\t\t\t\t<img decoding=\"async\" width=\"150\" height=\"150\" src=\"https:\/\/www.mystery.city\/wp-content\/uploads\/2025\/04\/star-biger-150x150.png\" class=\"elementor-animation-grow attachment-thumbnail size-thumbnail wp-image-9894\" alt=\"\" srcset=\"https:\/\/www.mystery.city\/wp-content\/uploads\/2025\/04\/star-biger-150x150.png 150w, https:\/\/www.mystery.city\/wp-content\/uploads\/2025\/04\/star-biger-300x300.png 300w, https:\/\/www.mystery.city\/wp-content\/uploads\/2025\/04\/star-biger-100x100.png 100w\" sizes=\"(max-width: 150px) 100vw, 150px\" \/>\t\t\t\t\t\t\t\t<\/a>\n\t\t\t\t\t\t\t\t\t\t\t<figcaption class=\"widget-image-caption wp-caption-text\"><\/figcaption>\n\t\t\t\t\t\t\t\t\t\t<\/figure>\n\t\t\t\t\t\t\t\t\t<\/div>\n\t\t\t\t<\/div>\n\t\t\t\t<div class=\"elementor-element elementor-element-2edfad8 elementor-widget__width-initial elementor-widget elementor-widget-image\" data-id=\"2edfad8\" data-element_type=\"widget\" data-e-type=\"widget\" data-widget_type=\"image.default\">\n\t\t\t\t<div class=\"elementor-widget-container\">\n\t\t\t\t\t\t\t\t\t\t\t\t<figure class=\"wp-caption\">\n\t\t\t\t\t\t\t\t\t\t\t<a href=\"https:\/\/www.mystery.city\/custorner-feedback\/\">\n\t\t\t\t\t\t\t<img decoding=\"async\" width=\"150\" height=\"150\" src=\"https:\/\/www.mystery.city\/wp-content\/uploads\/2025\/04\/star-biger-150x150.png\" class=\"elementor-animation-grow attachment-thumbnail size-thumbnail wp-image-9894\" alt=\"\" srcset=\"https:\/\/www.mystery.city\/wp-content\/uploads\/2025\/04\/star-biger-150x150.png 150w, https:\/\/www.mystery.city\/wp-content\/uploads\/2025\/04\/star-biger-300x300.png 300w, https:\/\/www.mystery.city\/wp-content\/uploads\/2025\/04\/star-biger-100x100.png 100w\" sizes=\"(max-width: 150px) 100vw, 150px\" \/>\t\t\t\t\t\t\t\t<\/a>\n\t\t\t\t\t\t\t\t\t\t\t<figcaption class=\"widget-image-caption wp-caption-text\"><\/figcaption>\n\t\t\t\t\t\t\t\t\t\t<\/figure>\n\t\t\t\t\t\t\t\t\t<\/div>\n\t\t\t\t<\/div>\n\t\t\t\t<div class=\"elementor-element elementor-element-8968dca elementor-widget__width-initial elementor-widget elementor-widget-image\" data-id=\"8968dca\" data-element_type=\"widget\" data-e-type=\"widget\" data-widget_type=\"image.default\">\n\t\t\t\t<div class=\"elementor-widget-container\">\n\t\t\t\t\t\t\t\t\t\t\t\t<figure class=\"wp-caption\">\n\t\t\t\t\t\t\t\t\t\t\t<a href=\"https:\/\/www.mystery.city\/custorner-feedback\/\">\n\t\t\t\t\t\t\t<img decoding=\"async\" width=\"150\" height=\"150\" src=\"https:\/\/www.mystery.city\/wp-content\/uploads\/2025\/04\/star-biger-150x150.png\" class=\"elementor-animation-grow attachment-thumbnail size-thumbnail wp-image-9894\" alt=\"\" srcset=\"https:\/\/www.mystery.city\/wp-content\/uploads\/2025\/04\/star-biger-150x150.png 150w, https:\/\/www.mystery.city\/wp-content\/uploads\/2025\/04\/star-biger-300x300.png 300w, https:\/\/www.mystery.city\/wp-content\/uploads\/2025\/04\/star-biger-100x100.png 100w\" sizes=\"(max-width: 150px) 100vw, 150px\" \/>\t\t\t\t\t\t\t\t<\/a>\n\t\t\t\t\t\t\t\t\t\t\t<figcaption class=\"widget-image-caption wp-caption-text\"><\/figcaption>\n\t\t\t\t\t\t\t\t\t\t<\/figure>\n\t\t\t\t\t\t\t\t\t<\/div>\n\t\t\t\t<\/div>\n\t\t\t\t<div class=\"elementor-element elementor-element-45cda8b elementor-widget__width-initial elementor-widget elementor-widget-image\" data-id=\"45cda8b\" data-element_type=\"widget\" data-e-type=\"widget\" data-widget_type=\"image.default\">\n\t\t\t\t<div class=\"elementor-widget-container\">\n\t\t\t\t\t\t\t\t\t\t\t\t<figure class=\"wp-caption\">\n\t\t\t\t\t\t\t\t\t\t\t<a href=\"https:\/\/www.mystery.city\/customer-feedback\/\">\n\t\t\t\t\t\t\t<img decoding=\"async\" width=\"150\" height=\"150\" src=\"https:\/\/www.mystery.city\/wp-content\/uploads\/2025\/04\/star-biger-150x150.png\" class=\"elementor-animation-grow attachment-thumbnail size-thumbnail wp-image-9894\" alt=\"\" srcset=\"https:\/\/www.mystery.city\/wp-content\/uploads\/2025\/04\/star-biger-150x150.png 150w, https:\/\/www.mystery.city\/wp-content\/uploads\/2025\/04\/star-biger-300x300.png 300w, https:\/\/www.mystery.city\/wp-content\/uploads\/2025\/04\/star-biger-100x100.png 100w\" sizes=\"(max-width: 150px) 100vw, 150px\" \/>\t\t\t\t\t\t\t\t<\/a>\n\t\t\t\t\t\t\t\t\t\t\t<figcaption class=\"widget-image-caption wp-caption-text\"><b>\u00c9s fant\u00e1stico!<\/b><\/figcaption>\n\t\t\t\t\t\t\t\t\t\t<\/figure>\n\t\t\t\t\t\t\t\t\t<\/div>\n\t\t\t\t<\/div>\n\t\t\t\t<\/div>\n\t\t\t\t<\/div>\n\t\t\t\t<div class=\"elementor-element elementor-element-9cbb2a3 elementor-widget elementor-widget-spacer\" data-id=\"9cbb2a3\" data-element_type=\"widget\" data-e-type=\"widget\" data-widget_type=\"spacer.default\">\n\t\t\t\t<div class=\"elementor-widget-container\">\n\t\t\t\t\t\t\t<div class=\"elementor-spacer\">\n\t\t\t<div class=\"elementor-spacer-inner\"><\/div>\n\t\t<\/div>\n\t\t\t\t\t\t<\/div>\n\t\t\t\t<\/div>\n\t\t\t\t\t<\/div>\n\t\t\t\t<\/div>\n\t\t\t\t<\/div>\n\t\t","protected":false},"excerpt":{"rendered":"<p>Deixa um coment\u00e1rio OS COMENT\u00c1RIOS AJUDAM-NOS A CRESCER E A MELHORAR Quantas estrelas classificarias o jogo que jogaste? N\u00e3o tens nada! \u00c9s fant\u00e1stico!<\/p>\n","protected":false},"author":2,"featured_media":0,"parent":0,"menu_order":0,"comment_status":"closed","ping_status":"closed","template":"elementor_header_footer","meta":{"_acf_changed":false,"postBodyCss":"","postBodyMargin":[],"postBodyPadding":[],"postBodyBackground":{"backgroundType":"classic","gradient":""},"footnotes":""},"class_list":["post-13854","page","type-page","status-publish","hentry"],"blocksy_meta":[],"acf":[],"yoast_head":"<!-- This site is optimized with the Yoast SEO plugin v27.4 - https:\/\/yoast.com\/product\/yoast-seo-wordpress\/ -->\n<title>Deixa um coment\u00e1rio - Mystery City Games<\/title>\n<meta name=\"robots\" content=\"index, follow, max-snippet:-1, max-image-preview:large, max-video-preview:-1\" \/>\n<link rel=\"canonical\" href=\"https:\/\/www.mystery.city\/pt-pt\/deixa-um-comentario\/\" \/>\n<meta property=\"og:locale\" content=\"pt_PT\" \/>\n<meta property=\"og:type\" content=\"article\" \/>\n<meta property=\"og:title\" content=\"Deixa um coment\u00e1rio - Mystery City Games\" \/>\n<meta property=\"og:description\" content=\"Deixa um coment\u00e1rio OS COMENT\u00c1RIOS AJUDAM-NOS A CRESCER E A MELHORAR Quantas estrelas classificarias o jogo que jogaste? N\u00e3o tens nada! \u00c9s fant\u00e1stico!\" \/>\n<meta property=\"og:url\" content=\"https:\/\/www.mystery.city\/pt-pt\/deixa-um-comentario\/\" \/>\n<meta property=\"og:site_name\" content=\"Mystery City Games\" \/>\n<meta property=\"article:publisher\" content=\"https:\/\/www.facebook.com\/MysteryCityGames\/\" \/>\n<meta property=\"article:modified_time\" content=\"2025-08-07T14:23:47+00:00\" \/>\n<meta property=\"og:image\" content=\"https:\/\/www.mystery.city\/wp-content\/uploads\/2025\/04\/star-biger.png\" \/>\n\t<meta property=\"og:image:width\" content=\"410\" \/>\n\t<meta property=\"og:image:height\" content=\"391\" \/>\n\t<meta property=\"og:image:type\" content=\"image\/png\" \/>\n<meta name=\"twitter:card\" content=\"summary_large_image\" \/>\n<script type=\"application\/ld+json\" class=\"yoast-schema-graph\">{\"@context\":\"https:\\\/\\\/schema.org\",\"@graph\":[{\"@type\":\"WebPage\",\"@id\":\"https:\\\/\\\/www.mystery.city\\\/pt-pt\\\/deixa-um-comentario\\\/\",\"url\":\"https:\\\/\\\/www.mystery.city\\\/pt-pt\\\/deixa-um-comentario\\\/\",\"name\":\"Deixa um coment\u00e1rio - Mystery City Games\",\"isPartOf\":{\"@id\":\"https:\\\/\\\/www.mystery.city\\\/pt-pt\\\/#website\"},\"primaryImageOfPage\":{\"@id\":\"https:\\\/\\\/www.mystery.city\\\/pt-pt\\\/deixa-um-comentario\\\/#primaryimage\"},\"image\":{\"@id\":\"https:\\\/\\\/www.mystery.city\\\/pt-pt\\\/deixa-um-comentario\\\/#primaryimage\"},\"thumbnailUrl\":\"https:\\\/\\\/www.mystery.city\\\/wp-content\\\/uploads\\\/2025\\\/04\\\/star-biger-150x150.png\",\"datePublished\":\"2025-04-07T13:44:57+00:00\",\"dateModified\":\"2025-08-07T14:23:47+00:00\",\"breadcrumb\":{\"@id\":\"https:\\\/\\\/www.mystery.city\\\/pt-pt\\\/deixa-um-comentario\\\/#breadcrumb\"},\"inLanguage\":\"pt-PT\",\"potentialAction\":[{\"@type\":\"ReadAction\",\"target\":[\"https:\\\/\\\/www.mystery.city\\\/pt-pt\\\/deixa-um-comentario\\\/\"]}]},{\"@type\":\"ImageObject\",\"inLanguage\":\"pt-PT\",\"@id\":\"https:\\\/\\\/www.mystery.city\\\/pt-pt\\\/deixa-um-comentario\\\/#primaryimage\",\"url\":\"https:\\\/\\\/www.mystery.city\\\/wp-content\\\/uploads\\\/2025\\\/04\\\/star-biger-150x150.png\",\"contentUrl\":\"https:\\\/\\\/www.mystery.city\\\/wp-content\\\/uploads\\\/2025\\\/04\\\/star-biger-150x150.png\"},{\"@type\":\"BreadcrumbList\",\"@id\":\"https:\\\/\\\/www.mystery.city\\\/pt-pt\\\/deixa-um-comentario\\\/#breadcrumb\",\"itemListElement\":[{\"@type\":\"ListItem\",\"position\":1,\"name\":\"Home\",\"item\":\"https:\\\/\\\/www.mystery.city\\\/pt-pt\\\/\"},{\"@type\":\"ListItem\",\"position\":2,\"name\":\"Deixa um coment\u00e1rio\"}]},{\"@type\":\"WebSite\",\"@id\":\"https:\\\/\\\/www.mystery.city\\\/pt-pt\\\/#website\",\"url\":\"https:\\\/\\\/www.mystery.city\\\/pt-pt\\\/\",\"name\":\"Mystery City Games\",\"description\":\"Explore the City, Solve Puzzles, Unlock History\",\"publisher\":{\"@id\":\"https:\\\/\\\/www.mystery.city\\\/pt-pt\\\/#organization\"},\"alternateName\":\"Mystery City Games\",\"potentialAction\":[{\"@type\":\"SearchAction\",\"target\":{\"@type\":\"EntryPoint\",\"urlTemplate\":\"https:\\\/\\\/www.mystery.city\\\/pt-pt\\\/?s={search_term_string}\"},\"query-input\":{\"@type\":\"PropertyValueSpecification\",\"valueRequired\":true,\"valueName\":\"search_term_string\"}}],\"inLanguage\":\"pt-PT\"},{\"@type\":\"Organization\",\"@id\":\"https:\\\/\\\/www.mystery.city\\\/pt-pt\\\/#organization\",\"name\":\"Mystery City Games\",\"alternateName\":\"Mystery City Games\",\"url\":\"https:\\\/\\\/www.mystery.city\\\/pt-pt\\\/\",\"logo\":{\"@type\":\"ImageObject\",\"inLanguage\":\"pt-PT\",\"@id\":\"https:\\\/\\\/www.mystery.city\\\/pt-pt\\\/#\\\/schema\\\/logo\\\/image\\\/\",\"url\":\"https:\\\/\\\/www.mystery.city\\\/wp-content\\\/uploads\\\/2025\\\/02\\\/Mystery-City-Games-Logo-2048x394-1.png\",\"contentUrl\":\"https:\\\/\\\/www.mystery.city\\\/wp-content\\\/uploads\\\/2025\\\/02\\\/Mystery-City-Games-Logo-2048x394-1.png\",\"width\":2048,\"height\":394,\"caption\":\"Mystery City Games\"},\"image\":{\"@id\":\"https:\\\/\\\/www.mystery.city\\\/pt-pt\\\/#\\\/schema\\\/logo\\\/image\\\/\"},\"sameAs\":[\"https:\\\/\\\/www.facebook.com\\\/MysteryCityGames\\\/\",\"https:\\\/\\\/www.instagram.com\\\/mysterycitygames\\\/\",\"https:\\\/\\\/www.linkedin.com\\\/company\\\/mystery-city-games\",\"https:\\\/\\\/www.tiktok.com\\\/@mysterycitygames\",\"https:\\\/\\\/www.youtube.com\\\/@mysterycitygames\"]}]}<\/script>\n<!-- \/ Yoast SEO plugin. -->","yoast_head_json":{"title":"Deixa um coment\u00e1rio - Mystery City Games","robots":{"index":"index","follow":"follow","max-snippet":"max-snippet:-1","max-image-preview":"max-image-preview:large","max-video-preview":"max-video-preview:-1"},"canonical":"https:\/\/www.mystery.city\/pt-pt\/deixa-um-comentario\/","og_locale":"pt_PT","og_type":"article","og_title":"Deixa um coment\u00e1rio - Mystery City Games","og_description":"Deixa um coment\u00e1rio OS COMENT\u00c1RIOS AJUDAM-NOS A CRESCER E A MELHORAR Quantas estrelas classificarias o jogo que jogaste? N\u00e3o tens nada! \u00c9s fant\u00e1stico!","og_url":"https:\/\/www.mystery.city\/pt-pt\/deixa-um-comentario\/","og_site_name":"Mystery City Games","article_publisher":"https:\/\/www.facebook.com\/MysteryCityGames\/","article_modified_time":"2025-08-07T14:23:47+00:00","og_image":[{"width":410,"height":391,"url":"https:\/\/www.mystery.city\/wp-content\/uploads\/2025\/04\/star-biger.png","type":"image\/png"}],"twitter_card":"summary_large_image","schema":{"@context":"https:\/\/schema.org","@graph":[{"@type":"WebPage","@id":"https:\/\/www.mystery.city\/pt-pt\/deixa-um-comentario\/","url":"https:\/\/www.mystery.city\/pt-pt\/deixa-um-comentario\/","name":"Deixa um coment\u00e1rio - Mystery City Games","isPartOf":{"@id":"https:\/\/www.mystery.city\/pt-pt\/#website"},"primaryImageOfPage":{"@id":"https:\/\/www.mystery.city\/pt-pt\/deixa-um-comentario\/#primaryimage"},"image":{"@id":"https:\/\/www.mystery.city\/pt-pt\/deixa-um-comentario\/#primaryimage"},"thumbnailUrl":"https:\/\/www.mystery.city\/wp-content\/uploads\/2025\/04\/star-biger-150x150.png","datePublished":"2025-04-07T13:44:57+00:00","dateModified":"2025-08-07T14:23:47+00:00","breadcrumb":{"@id":"https:\/\/www.mystery.city\/pt-pt\/deixa-um-comentario\/#breadcrumb"},"inLanguage":"pt-PT","potentialAction":[{"@type":"ReadAction","target":["https:\/\/www.mystery.city\/pt-pt\/deixa-um-comentario\/"]}]},{"@type":"ImageObject","inLanguage":"pt-PT","@id":"https:\/\/www.mystery.city\/pt-pt\/deixa-um-comentario\/#primaryimage","url":"https:\/\/www.mystery.city\/wp-content\/uploads\/2025\/04\/star-biger-150x150.png","contentUrl":"https:\/\/www.mystery.city\/wp-content\/uploads\/2025\/04\/star-biger-150x150.png"},{"@type":"BreadcrumbList","@id":"https:\/\/www.mystery.city\/pt-pt\/deixa-um-comentario\/#breadcrumb","itemListElement":[{"@type":"ListItem","position":1,"name":"Home","item":"https:\/\/www.mystery.city\/pt-pt\/"},{"@type":"ListItem","position":2,"name":"Deixa um coment\u00e1rio"}]},{"@type":"WebSite","@id":"https:\/\/www.mystery.city\/pt-pt\/#website","url":"https:\/\/www.mystery.city\/pt-pt\/","name":"Mystery City Games","description":"Explore the City, Solve Puzzles, Unlock History","publisher":{"@id":"https:\/\/www.mystery.city\/pt-pt\/#organization"},"alternateName":"Mystery City Games","potentialAction":[{"@type":"SearchAction","target":{"@type":"EntryPoint","urlTemplate":"https:\/\/www.mystery.city\/pt-pt\/?s={search_term_string}"},"query-input":{"@type":"PropertyValueSpecification","valueRequired":true,"valueName":"search_term_string"}}],"inLanguage":"pt-PT"},{"@type":"Organization","@id":"https:\/\/www.mystery.city\/pt-pt\/#organization","name":"Mystery City Games","alternateName":"Mystery City Games","url":"https:\/\/www.mystery.city\/pt-pt\/","logo":{"@type":"ImageObject","inLanguage":"pt-PT","@id":"https:\/\/www.mystery.city\/pt-pt\/#\/schema\/logo\/image\/","url":"https:\/\/www.mystery.city\/wp-content\/uploads\/2025\/02\/Mystery-City-Games-Logo-2048x394-1.png","contentUrl":"https:\/\/www.mystery.city\/wp-content\/uploads\/2025\/02\/Mystery-City-Games-Logo-2048x394-1.png","width":2048,"height":394,"caption":"Mystery City Games"},"image":{"@id":"https:\/\/www.mystery.city\/pt-pt\/#\/schema\/logo\/image\/"},"sameAs":["https:\/\/www.facebook.com\/MysteryCityGames\/","https:\/\/www.instagram.com\/mysterycitygames\/","https:\/\/www.linkedin.com\/company\/mystery-city-games","https:\/\/www.tiktok.com\/@mysterycitygames","https:\/\/www.youtube.com\/@mysterycitygames"]}]}},"_links":{"self":[{"href":"https:\/\/www.mystery.city\/pt-pt\/wp-json\/wp\/v2\/pages\/13854","targetHints":{"allow":["GET"]}}],"collection":[{"href":"https:\/\/www.mystery.city\/pt-pt\/wp-json\/wp\/v2\/pages"}],"about":[{"href":"https:\/\/www.mystery.city\/pt-pt\/wp-json\/wp\/v2\/types\/page"}],"author":[{"embeddable":true,"href":"https:\/\/www.mystery.city\/pt-pt\/wp-json\/wp\/v2\/users\/2"}],"replies":[{"embeddable":true,"href":"https:\/\/www.mystery.city\/pt-pt\/wp-json\/wp\/v2\/comments?post=13854"}],"version-history":[{"count":1,"href":"https:\/\/www.mystery.city\/pt-pt\/wp-json\/wp\/v2\/pages\/13854\/revisions"}],"predecessor-version":[{"id":13855,"href":"https:\/\/www.mystery.city\/pt-pt\/wp-json\/wp\/v2\/pages\/13854\/revisions\/13855"}],"wp:attachment":[{"href":"https:\/\/www.mystery.city\/pt-pt\/wp-json\/wp\/v2\/media?parent=13854"}],"curies":[{"name":"wp","href":"https:\/\/api.w.org\/{rel}","templated":true}]}}