{"id":12011,"date":"2025-03-07T07:15:59","date_gmt":"2025-03-07T06:15:59","guid":{"rendered":"https:\/\/www.mystery.city\/product\/marie-curies-secret-weapon-x-educacao\/"},"modified":"2025-08-15T20:01:50","modified_gmt":"2025-08-15T19:01:50","slug":"marie-curies-secret-weapon-x-educacao","status":"publish","type":"product","link":"https:\/\/www.mystery.city\/pt-pt\/produto\/marie-curies-secret-weapon-x-educacao\/","title":{"rendered":"Marie Curie&#8217;s Secret Weapon X- Educa\u00e7\u00e3o"},"content":{"rendered":"<p>Descobre o melhor de Paris com esta experi\u00eancia \u00fanica e divertida! Viaja at\u00e9 1914, o in\u00edcio da Primeira Guerra Mundial, e embarca numa miss\u00e3o para encontrar <strong>a Arma Secreta de Marie Curie.<\/strong><\/p>\n<p>Segue o mapa do tesouro atrav\u00e9s de cinco locais, resolve puzzles utilizando as ferramentas de Marie Curie e descobre <a href=\"https:\/\/www.instagram.com\/mysterycitygames\/\">hist\u00f3rias escondidas<\/a>. Ser\u00e1s capaz de encontrar a arma secreta?<\/p>\n<p>Dispon\u00edvel em ingl\u00eas e franc\u00eas.<br \/>\n<strong>O pre\u00e7o \u00e9 de 15 euros<\/strong> por aluno (IVA inclu\u00eddo) para os menores de 18 anos. Os professores n\u00e3o pagam.<\/p>\n<p>Esta atividade de Paris est\u00e1 adaptada a <a href=\"https:\/\/www.mystery.city\/pt-pt\/educacao\/\">grupos escolares<\/a>. Para jogar em fam\u00edlia ou com amigos, <a href=\"https:\/\/www.mystery.city\/cities\/paris\/\">clica aqui.<\/a><\/p>\n","protected":false},"excerpt":{"rendered":"<p><script type=\"text\/javascript\" src=\"https:\/\/bookeo.com\/widget.js?a=42551JFW7PA17A3859B833&#038;type=42551AL73NE1879E2DCB2D\"><\/script><\/p>\n","protected":false},"featured_media":6697,"template":"","meta":{"_acf_changed":false,"postBodyCss":"","postBodyMargin":[],"postBodyPadding":[],"postBodyBackground":{"backgroundType":"classic","gradient":""}},"product_brand":[],"product_cat":[80],"product_tag":[140],"class_list":{"0":"post-12011","1":"product","2":"type-product","3":"status-publish","4":"has-post-thumbnail","6":"product_cat-education","7":"product_tag-bookeo-pt-pt","9":"first","10":"instock","11":"virtual","12":"taxable","13":"purchasable","14":"product-type-simple"},"acf":[],"yoast_head":"<!-- This site is optimized with the Yoast SEO plugin v27.4 - https:\/\/yoast.com\/product\/yoast-seo-wordpress\/ -->\n<title>Atividade em Paris para grupos escolares | Treasure Hunt Escape Games<\/title>\n<meta name=\"description\" content=\"Explore o jogo educativo &quot;Marie Curie&#039;s Secret Weapon X&quot; e inspire jovens com ci\u00eancia, hist\u00f3ria e desafios interativos.\" \/>\n<meta name=\"robots\" content=\"index, follow, max-snippet:-1, max-image-preview:large, max-video-preview:-1\" \/>\n<link rel=\"canonical\" href=\"https:\/\/www.mystery.city\/pt-pt\/produto\/marie-curies-secret-weapon-x-educacao\/\" \/>\n<meta property=\"og:locale\" content=\"pt_PT\" \/>\n<meta property=\"og:type\" content=\"article\" \/>\n<meta property=\"og:title\" content=\"Atividade em Paris para grupos escolares | Treasure Hunt Escape Games\" \/>\n<meta property=\"og:description\" content=\"Explore o jogo educativo &quot;Marie Curie&#039;s Secret Weapon X&quot; e inspire jovens com ci\u00eancia, hist\u00f3ria e desafios interativos.\" \/>\n<meta property=\"og:url\" content=\"https:\/\/www.mystery.city\/pt-pt\/produto\/marie-curies-secret-weapon-x-educacao\/\" \/>\n<meta property=\"og:site_name\" content=\"Mystery City Games\" \/>\n<meta property=\"article:publisher\" content=\"https:\/\/www.facebook.com\/MysteryCityGames\/\" \/>\n<meta property=\"article:modified_time\" content=\"2025-08-15T19:01:50+00:00\" \/>\n<meta property=\"og:image\" content=\"https:\/\/www.mystery.city\/wp-content\/uploads\/2025\/03\/Paris-Mystery-City-Games14-2.webp\" \/>\n\t<meta property=\"og:image:width\" content=\"1620\" \/>\n\t<meta property=\"og:image:height\" content=\"1080\" \/>\n\t<meta property=\"og:image:type\" content=\"image\/webp\" \/>\n<meta name=\"twitter:card\" content=\"summary_large_image\" \/>\n<script type=\"application\/ld+json\" class=\"yoast-schema-graph\">{\"@context\":\"https:\\\/\\\/schema.org\",\"@graph\":[{\"@type\":\"WebPage\",\"@id\":\"https:\\\/\\\/www.mystery.city\\\/pt-pt\\\/produto\\\/marie-curies-secret-weapon-x-educacao\\\/\",\"url\":\"https:\\\/\\\/www.mystery.city\\\/pt-pt\\\/produto\\\/marie-curies-secret-weapon-x-educacao\\\/\",\"name\":\"Atividade em Paris para grupos escolares | Treasure Hunt Escape Games\",\"isPartOf\":{\"@id\":\"https:\\\/\\\/www.mystery.city\\\/pt-pt\\\/#website\"},\"primaryImageOfPage\":{\"@id\":\"https:\\\/\\\/www.mystery.city\\\/pt-pt\\\/produto\\\/marie-curies-secret-weapon-x-educacao\\\/#primaryimage\"},\"image\":{\"@id\":\"https:\\\/\\\/www.mystery.city\\\/pt-pt\\\/produto\\\/marie-curies-secret-weapon-x-educacao\\\/#primaryimage\"},\"thumbnailUrl\":\"https:\\\/\\\/www.mystery.city\\\/wp-content\\\/uploads\\\/2025\\\/03\\\/Paris-Mystery-City-Games14-2.webp\",\"datePublished\":\"2025-03-07T06:15:59+00:00\",\"dateModified\":\"2025-08-15T19:01:50+00:00\",\"description\":\"Explore o jogo educativo \\\"Marie Curie's Secret Weapon X\\\" e inspire jovens com ci\u00eancia, hist\u00f3ria e desafios interativos.\",\"breadcrumb\":{\"@id\":\"https:\\\/\\\/www.mystery.city\\\/pt-pt\\\/produto\\\/marie-curies-secret-weapon-x-educacao\\\/#breadcrumb\"},\"inLanguage\":\"pt-PT\",\"potentialAction\":[{\"@type\":\"ReadAction\",\"target\":[\"https:\\\/\\\/www.mystery.city\\\/pt-pt\\\/produto\\\/marie-curies-secret-weapon-x-educacao\\\/\"]}]},{\"@type\":\"ImageObject\",\"inLanguage\":\"pt-PT\",\"@id\":\"https:\\\/\\\/www.mystery.city\\\/pt-pt\\\/produto\\\/marie-curies-secret-weapon-x-educacao\\\/#primaryimage\",\"url\":\"https:\\\/\\\/www.mystery.city\\\/wp-content\\\/uploads\\\/2025\\\/03\\\/Paris-Mystery-City-Games14-2.webp\",\"contentUrl\":\"https:\\\/\\\/www.mystery.city\\\/wp-content\\\/uploads\\\/2025\\\/03\\\/Paris-Mystery-City-Games14-2.webp\",\"width\":1620,\"height\":1080,\"caption\":\"Atividade em Paris para grupos escolares | Treasure Hunt Escape Games\"},{\"@type\":\"BreadcrumbList\",\"@id\":\"https:\\\/\\\/www.mystery.city\\\/pt-pt\\\/produto\\\/marie-curies-secret-weapon-x-educacao\\\/#breadcrumb\",\"itemListElement\":[{\"@type\":\"ListItem\",\"position\":1,\"name\":\"Home\",\"item\":\"https:\\\/\\\/www.mystery.city\\\/pt-pt\\\/\"},{\"@type\":\"ListItem\",\"position\":2,\"name\":\"Compra\",\"item\":\"https:\\\/\\\/www.mystery.city\\\/shop\\\/\"},{\"@type\":\"ListItem\",\"position\":3,\"name\":\"Marie Curie&#8217;s Secret Weapon X- Educa\u00e7\u00e3o\"}]},{\"@type\":\"WebSite\",\"@id\":\"https:\\\/\\\/www.mystery.city\\\/pt-pt\\\/#website\",\"url\":\"https:\\\/\\\/www.mystery.city\\\/pt-pt\\\/\",\"name\":\"Mystery City Games\",\"description\":\"Explore the City, Solve Puzzles, Unlock History\",\"publisher\":{\"@id\":\"https:\\\/\\\/www.mystery.city\\\/pt-pt\\\/#organization\"},\"alternateName\":\"Mystery City Games\",\"potentialAction\":[{\"@type\":\"SearchAction\",\"target\":{\"@type\":\"EntryPoint\",\"urlTemplate\":\"https:\\\/\\\/www.mystery.city\\\/pt-pt\\\/?s={search_term_string}\"},\"query-input\":{\"@type\":\"PropertyValueSpecification\",\"valueRequired\":true,\"valueName\":\"search_term_string\"}}],\"inLanguage\":\"pt-PT\"},{\"@type\":\"Organization\",\"@id\":\"https:\\\/\\\/www.mystery.city\\\/pt-pt\\\/#organization\",\"name\":\"Mystery City Games\",\"alternateName\":\"Mystery City Games\",\"url\":\"https:\\\/\\\/www.mystery.city\\\/pt-pt\\\/\",\"logo\":{\"@type\":\"ImageObject\",\"inLanguage\":\"pt-PT\",\"@id\":\"https:\\\/\\\/www.mystery.city\\\/pt-pt\\\/#\\\/schema\\\/logo\\\/image\\\/\",\"url\":\"https:\\\/\\\/www.mystery.city\\\/wp-content\\\/uploads\\\/2025\\\/02\\\/Mystery-City-Games-Logo-2048x394-1.png\",\"contentUrl\":\"https:\\\/\\\/www.mystery.city\\\/wp-content\\\/uploads\\\/2025\\\/02\\\/Mystery-City-Games-Logo-2048x394-1.png\",\"width\":2048,\"height\":394,\"caption\":\"Mystery City Games\"},\"image\":{\"@id\":\"https:\\\/\\\/www.mystery.city\\\/pt-pt\\\/#\\\/schema\\\/logo\\\/image\\\/\"},\"sameAs\":[\"https:\\\/\\\/www.facebook.com\\\/MysteryCityGames\\\/\",\"https:\\\/\\\/www.instagram.com\\\/mysterycitygames\\\/\",\"https:\\\/\\\/www.linkedin.com\\\/company\\\/mystery-city-games\",\"https:\\\/\\\/www.tiktok.com\\\/@mysterycitygames\",\"https:\\\/\\\/www.youtube.com\\\/@mysterycitygames\"]}]}<\/script>\n<!-- \/ Yoast SEO plugin. -->","yoast_head_json":{"title":"Atividade em Paris para grupos escolares | Treasure Hunt Escape Games","description":"Explore o jogo educativo \"Marie Curie's Secret Weapon X\" e inspire jovens com ci\u00eancia, hist\u00f3ria e desafios interativos.","robots":{"index":"index","follow":"follow","max-snippet":"max-snippet:-1","max-image-preview":"max-image-preview:large","max-video-preview":"max-video-preview:-1"},"canonical":"https:\/\/www.mystery.city\/pt-pt\/produto\/marie-curies-secret-weapon-x-educacao\/","og_locale":"pt_PT","og_type":"article","og_title":"Atividade em Paris para grupos escolares | Treasure Hunt Escape Games","og_description":"Explore o jogo educativo \"Marie Curie's Secret Weapon X\" e inspire jovens com ci\u00eancia, hist\u00f3ria e desafios interativos.","og_url":"https:\/\/www.mystery.city\/pt-pt\/produto\/marie-curies-secret-weapon-x-educacao\/","og_site_name":"Mystery City Games","article_publisher":"https:\/\/www.facebook.com\/MysteryCityGames\/","article_modified_time":"2025-08-15T19:01:50+00:00","og_image":[{"width":1620,"height":1080,"url":"https:\/\/www.mystery.city\/wp-content\/uploads\/2025\/03\/Paris-Mystery-City-Games14-2.webp","type":"image\/webp"}],"twitter_card":"summary_large_image","schema":{"@context":"https:\/\/schema.org","@graph":[{"@type":"WebPage","@id":"https:\/\/www.mystery.city\/pt-pt\/produto\/marie-curies-secret-weapon-x-educacao\/","url":"https:\/\/www.mystery.city\/pt-pt\/produto\/marie-curies-secret-weapon-x-educacao\/","name":"Atividade em Paris para grupos escolares | Treasure Hunt Escape Games","isPartOf":{"@id":"https:\/\/www.mystery.city\/pt-pt\/#website"},"primaryImageOfPage":{"@id":"https:\/\/www.mystery.city\/pt-pt\/produto\/marie-curies-secret-weapon-x-educacao\/#primaryimage"},"image":{"@id":"https:\/\/www.mystery.city\/pt-pt\/produto\/marie-curies-secret-weapon-x-educacao\/#primaryimage"},"thumbnailUrl":"https:\/\/www.mystery.city\/wp-content\/uploads\/2025\/03\/Paris-Mystery-City-Games14-2.webp","datePublished":"2025-03-07T06:15:59+00:00","dateModified":"2025-08-15T19:01:50+00:00","description":"Explore o jogo educativo \"Marie Curie's Secret Weapon X\" e inspire jovens com ci\u00eancia, hist\u00f3ria e desafios interativos.","breadcrumb":{"@id":"https:\/\/www.mystery.city\/pt-pt\/produto\/marie-curies-secret-weapon-x-educacao\/#breadcrumb"},"inLanguage":"pt-PT","potentialAction":[{"@type":"ReadAction","target":["https:\/\/www.mystery.city\/pt-pt\/produto\/marie-curies-secret-weapon-x-educacao\/"]}]},{"@type":"ImageObject","inLanguage":"pt-PT","@id":"https:\/\/www.mystery.city\/pt-pt\/produto\/marie-curies-secret-weapon-x-educacao\/#primaryimage","url":"https:\/\/www.mystery.city\/wp-content\/uploads\/2025\/03\/Paris-Mystery-City-Games14-2.webp","contentUrl":"https:\/\/www.mystery.city\/wp-content\/uploads\/2025\/03\/Paris-Mystery-City-Games14-2.webp","width":1620,"height":1080,"caption":"Atividade em Paris para grupos escolares | Treasure Hunt Escape Games"},{"@type":"BreadcrumbList","@id":"https:\/\/www.mystery.city\/pt-pt\/produto\/marie-curies-secret-weapon-x-educacao\/#breadcrumb","itemListElement":[{"@type":"ListItem","position":1,"name":"Home","item":"https:\/\/www.mystery.city\/pt-pt\/"},{"@type":"ListItem","position":2,"name":"Compra","item":"https:\/\/www.mystery.city\/shop\/"},{"@type":"ListItem","position":3,"name":"Marie Curie&#8217;s Secret Weapon X- Educa\u00e7\u00e3o"}]},{"@type":"WebSite","@id":"https:\/\/www.mystery.city\/pt-pt\/#website","url":"https:\/\/www.mystery.city\/pt-pt\/","name":"Mystery City Games","description":"Explore the City, Solve Puzzles, Unlock History","publisher":{"@id":"https:\/\/www.mystery.city\/pt-pt\/#organization"},"alternateName":"Mystery City Games","potentialAction":[{"@type":"SearchAction","target":{"@type":"EntryPoint","urlTemplate":"https:\/\/www.mystery.city\/pt-pt\/?s={search_term_string}"},"query-input":{"@type":"PropertyValueSpecification","valueRequired":true,"valueName":"search_term_string"}}],"inLanguage":"pt-PT"},{"@type":"Organization","@id":"https:\/\/www.mystery.city\/pt-pt\/#organization","name":"Mystery City Games","alternateName":"Mystery City Games","url":"https:\/\/www.mystery.city\/pt-pt\/","logo":{"@type":"ImageObject","inLanguage":"pt-PT","@id":"https:\/\/www.mystery.city\/pt-pt\/#\/schema\/logo\/image\/","url":"https:\/\/www.mystery.city\/wp-content\/uploads\/2025\/02\/Mystery-City-Games-Logo-2048x394-1.png","contentUrl":"https:\/\/www.mystery.city\/wp-content\/uploads\/2025\/02\/Mystery-City-Games-Logo-2048x394-1.png","width":2048,"height":394,"caption":"Mystery City Games"},"image":{"@id":"https:\/\/www.mystery.city\/pt-pt\/#\/schema\/logo\/image\/"},"sameAs":["https:\/\/www.facebook.com\/MysteryCityGames\/","https:\/\/www.instagram.com\/mysterycitygames\/","https:\/\/www.linkedin.com\/company\/mystery-city-games","https:\/\/www.tiktok.com\/@mysterycitygames","https:\/\/www.youtube.com\/@mysterycitygames"]}]}},"_links":{"self":[{"href":"https:\/\/www.mystery.city\/pt-pt\/wp-json\/wp\/v2\/product\/12011","targetHints":{"allow":["GET"]}}],"collection":[{"href":"https:\/\/www.mystery.city\/pt-pt\/wp-json\/wp\/v2\/product"}],"about":[{"href":"https:\/\/www.mystery.city\/pt-pt\/wp-json\/wp\/v2\/types\/product"}],"wp:featuredmedia":[{"embeddable":true,"href":"https:\/\/www.mystery.city\/pt-pt\/wp-json\/wp\/v2\/media\/6697"}],"wp:attachment":[{"href":"https:\/\/www.mystery.city\/pt-pt\/wp-json\/wp\/v2\/media?parent=12011"}],"wp:term":[{"taxonomy":"product_brand","embeddable":true,"href":"https:\/\/www.mystery.city\/pt-pt\/wp-json\/wp\/v2\/product_brand?post=12011"},{"taxonomy":"product_cat","embeddable":true,"href":"https:\/\/www.mystery.city\/pt-pt\/wp-json\/wp\/v2\/product_cat?post=12011"},{"taxonomy":"product_tag","embeddable":true,"href":"https:\/\/www.mystery.city\/pt-pt\/wp-json\/wp\/v2\/product_tag?post=12011"}],"curies":[{"name":"wp","href":"https:\/\/api.w.org\/{rel}","templated":true}]}}