{"id":15460,"date":"2026-03-03T14:46:16","date_gmt":"2026-03-03T13:46:16","guid":{"rendered":"https:\/\/www.mystery.city\/?post_type=product&#038;p=15460"},"modified":"2026-03-19T16:05:45","modified_gmt":"2026-03-19T15:05:45","slug":"lisboa-grupos-escolares","status":"publish","type":"product","link":"https:\/\/www.mystery.city\/pt-pt\/produto\/lisboa-grupos-escolares\/","title":{"rendered":"O Espi\u00e3o das Sombras &#8211; Grupos Escolares"},"content":{"rendered":"<div class=\"elementor-element elementor-element-6b6b29d elementor-widget__width-initial elementor-widget elementor-widget-text-editor\" data-id=\"6b6b29d\" data-element_type=\"widget\" data-widget_type=\"text-editor.default\">\n<div class=\"elementor-widget-container\">\n<h3>Ca\u00e7a ao tesouro hist\u00f3rico em Lisboa<\/h3>\n<p>Venha descobrir a melhor atividade para <strong>grupos escolares<\/strong> em Lisboa! Os alunos <strong>colaboram entre si<\/strong>, competem para<strong> resolver um mist\u00e9rio<\/strong> e seguem uma <strong>hist\u00f3ria real da Hist\u00f3ria<\/strong>.<\/p>\n<p>Neste evento, os jogadores s\u00e3o divididos em equipas que:<\/p>\n<ul>\n<li>Corra pela cidade seguindo um mapa do tesouro<\/li>\n<li>Colabore para encontrar pistas e suspeitos<\/li>\n<li>Competir com os colegas de turma para ganhar<\/li>\n<li>Descubra uma verdadeira hist\u00f3ria da hist\u00f3ria de Lisboa<\/li>\n<\/ul>\n<\/div>\n<\/div>\n<div class=\"elementor-element elementor-element-21cd6a4 elementor-widget elementor-widget-heading\" data-id=\"21cd6a4\" data-element_type=\"widget\" data-widget_type=\"heading.default\">\n<div class=\"elementor-widget-container\">\n<p class=\"elementor-heading-title elementor-size-default\"><a>.<\/a><\/p>\n<\/div>\n<\/div>\n","protected":false},"excerpt":{"rendered":"<p><script type=\"text\/javascript\" src=\"https:\/\/bookeo.com\/widget.js?a=42551JFW7PA17A3859B833&#038;type=42551KXFRAY19C6BB55526\"><\/script><\/p>\n","protected":false},"featured_media":15376,"template":"","meta":{"_acf_changed":false,"postBodyCss":"","postBodyMargin":[],"postBodyPadding":[],"postBodyBackground":{"backgroundType":"classic","gradient":""}},"product_brand":[],"product_cat":[80],"product_tag":[140],"class_list":{"0":"post-15460","1":"product","2":"type-product","3":"status-publish","4":"has-post-thumbnail","6":"product_cat-education","7":"product_tag-bookeo-pt-pt","9":"first","10":"instock","11":"virtual","12":"taxable","13":"purchasable","14":"product-type-simple"},"acf":[],"yoast_head":"<!-- This site is optimized with the Yoast SEO plugin v27.4 - https:\/\/yoast.com\/product\/yoast-seo-wordpress\/ -->\n<title>Ca\u00e7a ao Tesouro Hist\u00f3rica em Lisboa | Grupos Escolares | Mystery City Games<\/title>\n<meta name=\"description\" content=\"A atividade perfeita em Lisboa para grupos escolares. D\u00ea vida \u00e0 hist\u00f3ria para os seus alunos com uma ca\u00e7a ao tesouro hist\u00f3rica pela cidade!\" \/>\n<meta name=\"robots\" content=\"index, follow, max-snippet:-1, max-image-preview:large, max-video-preview:-1\" \/>\n<link rel=\"canonical\" href=\"https:\/\/www.mystery.city\/pt-pt\/produto\/lisboa-grupos-escolares\/\" \/>\n<meta property=\"og:locale\" content=\"pt_PT\" \/>\n<meta property=\"og:type\" content=\"article\" \/>\n<meta property=\"og:title\" content=\"Ca\u00e7a ao Tesouro Hist\u00f3rica em Lisboa | Grupos Escolares | Mystery City Games\" \/>\n<meta property=\"og:description\" content=\"A atividade perfeita em Lisboa para grupos escolares. D\u00ea vida \u00e0 hist\u00f3ria para os seus alunos com uma ca\u00e7a ao tesouro hist\u00f3rica pela cidade!\" \/>\n<meta property=\"og:url\" content=\"https:\/\/www.mystery.city\/pt-pt\/produto\/lisboa-grupos-escolares\/\" \/>\n<meta property=\"og:site_name\" content=\"Mystery City Games\" \/>\n<meta property=\"article:publisher\" content=\"https:\/\/www.facebook.com\/MysteryCityGames\/\" \/>\n<meta property=\"article:modified_time\" content=\"2026-03-19T15:05:45+00:00\" \/>\n<meta property=\"og:image\" content=\"https:\/\/www.mystery.city\/wp-content\/uploads\/2026\/01\/Lisbon-w-stix.webp\" \/>\n\t<meta property=\"og:image:width\" content=\"884\" \/>\n\t<meta property=\"og:image:height\" content=\"630\" \/>\n\t<meta property=\"og:image:type\" content=\"image\/webp\" \/>\n<meta name=\"twitter:card\" content=\"summary_large_image\" \/>\n<script type=\"application\/ld+json\" class=\"yoast-schema-graph\">{\"@context\":\"https:\\\/\\\/schema.org\",\"@graph\":[{\"@type\":\"WebPage\",\"@id\":\"https:\\\/\\\/www.mystery.city\\\/pt-pt\\\/produto\\\/lisboa-grupos-escolares\\\/\",\"url\":\"https:\\\/\\\/www.mystery.city\\\/pt-pt\\\/produto\\\/lisboa-grupos-escolares\\\/\",\"name\":\"Ca\u00e7a ao Tesouro Hist\u00f3rica em Lisboa | Grupos Escolares | Mystery City Games\",\"isPartOf\":{\"@id\":\"https:\\\/\\\/www.mystery.city\\\/pt-pt\\\/#website\"},\"primaryImageOfPage\":{\"@id\":\"https:\\\/\\\/www.mystery.city\\\/pt-pt\\\/produto\\\/lisboa-grupos-escolares\\\/#primaryimage\"},\"image\":{\"@id\":\"https:\\\/\\\/www.mystery.city\\\/pt-pt\\\/produto\\\/lisboa-grupos-escolares\\\/#primaryimage\"},\"thumbnailUrl\":\"https:\\\/\\\/www.mystery.city\\\/wp-content\\\/uploads\\\/2026\\\/01\\\/Lisbon-w-stix.webp\",\"datePublished\":\"2026-03-03T13:46:16+00:00\",\"dateModified\":\"2026-03-19T15:05:45+00:00\",\"description\":\"A atividade perfeita em Lisboa para grupos escolares. D\u00ea vida \u00e0 hist\u00f3ria para os seus alunos com uma ca\u00e7a ao tesouro hist\u00f3rica pela cidade!\",\"breadcrumb\":{\"@id\":\"https:\\\/\\\/www.mystery.city\\\/pt-pt\\\/produto\\\/lisboa-grupos-escolares\\\/#breadcrumb\"},\"inLanguage\":\"pt-PT\",\"potentialAction\":[{\"@type\":\"ReadAction\",\"target\":[\"https:\\\/\\\/www.mystery.city\\\/pt-pt\\\/produto\\\/lisboa-grupos-escolares\\\/\"]}]},{\"@type\":\"ImageObject\",\"inLanguage\":\"pt-PT\",\"@id\":\"https:\\\/\\\/www.mystery.city\\\/pt-pt\\\/produto\\\/lisboa-grupos-escolares\\\/#primaryimage\",\"url\":\"https:\\\/\\\/www.mystery.city\\\/wp-content\\\/uploads\\\/2026\\\/01\\\/Lisbon-w-stix.webp\",\"contentUrl\":\"https:\\\/\\\/www.mystery.city\\\/wp-content\\\/uploads\\\/2026\\\/01\\\/Lisbon-w-stix.webp\",\"width\":884,\"height\":630,\"caption\":\"Ca\u00e7a ao tesouro em Lisboa, escape room ao ar livre em Lisboa\"},{\"@type\":\"BreadcrumbList\",\"@id\":\"https:\\\/\\\/www.mystery.city\\\/pt-pt\\\/produto\\\/lisboa-grupos-escolares\\\/#breadcrumb\",\"itemListElement\":[{\"@type\":\"ListItem\",\"position\":1,\"name\":\"Home\",\"item\":\"https:\\\/\\\/www.mystery.city\\\/pt-pt\\\/\"},{\"@type\":\"ListItem\",\"position\":2,\"name\":\"Shop\",\"item\":\"https:\\\/\\\/www.mystery.city\\\/shop\\\/\"},{\"@type\":\"ListItem\",\"position\":3,\"name\":\"O Espi\u00e3o das Sombras &#8211; Grupos Escolares\"}]},{\"@type\":\"WebSite\",\"@id\":\"https:\\\/\\\/www.mystery.city\\\/pt-pt\\\/#website\",\"url\":\"https:\\\/\\\/www.mystery.city\\\/pt-pt\\\/\",\"name\":\"Mystery City Games\",\"description\":\"Explore the City, Solve Puzzles, Unlock History\",\"publisher\":{\"@id\":\"https:\\\/\\\/www.mystery.city\\\/pt-pt\\\/#organization\"},\"alternateName\":\"Mystery City Games\",\"potentialAction\":[{\"@type\":\"SearchAction\",\"target\":{\"@type\":\"EntryPoint\",\"urlTemplate\":\"https:\\\/\\\/www.mystery.city\\\/pt-pt\\\/?s={search_term_string}\"},\"query-input\":{\"@type\":\"PropertyValueSpecification\",\"valueRequired\":true,\"valueName\":\"search_term_string\"}}],\"inLanguage\":\"pt-PT\"},{\"@type\":\"Organization\",\"@id\":\"https:\\\/\\\/www.mystery.city\\\/pt-pt\\\/#organization\",\"name\":\"Mystery City Games\",\"alternateName\":\"Mystery City Games\",\"url\":\"https:\\\/\\\/www.mystery.city\\\/pt-pt\\\/\",\"logo\":{\"@type\":\"ImageObject\",\"inLanguage\":\"pt-PT\",\"@id\":\"https:\\\/\\\/www.mystery.city\\\/pt-pt\\\/#\\\/schema\\\/logo\\\/image\\\/\",\"url\":\"https:\\\/\\\/www.mystery.city\\\/wp-content\\\/uploads\\\/2025\\\/02\\\/Mystery-City-Games-Logo-2048x394-1.png\",\"contentUrl\":\"https:\\\/\\\/www.mystery.city\\\/wp-content\\\/uploads\\\/2025\\\/02\\\/Mystery-City-Games-Logo-2048x394-1.png\",\"width\":2048,\"height\":394,\"caption\":\"Mystery City Games\"},\"image\":{\"@id\":\"https:\\\/\\\/www.mystery.city\\\/pt-pt\\\/#\\\/schema\\\/logo\\\/image\\\/\"},\"sameAs\":[\"https:\\\/\\\/www.facebook.com\\\/MysteryCityGames\\\/\",\"https:\\\/\\\/www.instagram.com\\\/mysterycitygames\\\/\",\"https:\\\/\\\/www.linkedin.com\\\/company\\\/mystery-city-games\",\"https:\\\/\\\/www.tiktok.com\\\/@mysterycitygames\",\"https:\\\/\\\/www.youtube.com\\\/@mysterycitygames\"]}]}<\/script>\n<!-- \/ Yoast SEO plugin. -->","yoast_head_json":{"title":"Ca\u00e7a ao Tesouro Hist\u00f3rica em Lisboa | Grupos Escolares | Mystery City Games","description":"A atividade perfeita em Lisboa para grupos escolares. D\u00ea vida \u00e0 hist\u00f3ria para os seus alunos com uma ca\u00e7a ao tesouro hist\u00f3rica pela cidade!","robots":{"index":"index","follow":"follow","max-snippet":"max-snippet:-1","max-image-preview":"max-image-preview:large","max-video-preview":"max-video-preview:-1"},"canonical":"https:\/\/www.mystery.city\/pt-pt\/produto\/lisboa-grupos-escolares\/","og_locale":"pt_PT","og_type":"article","og_title":"Ca\u00e7a ao Tesouro Hist\u00f3rica em Lisboa | Grupos Escolares | Mystery City Games","og_description":"A atividade perfeita em Lisboa para grupos escolares. D\u00ea vida \u00e0 hist\u00f3ria para os seus alunos com uma ca\u00e7a ao tesouro hist\u00f3rica pela cidade!","og_url":"https:\/\/www.mystery.city\/pt-pt\/produto\/lisboa-grupos-escolares\/","og_site_name":"Mystery City Games","article_publisher":"https:\/\/www.facebook.com\/MysteryCityGames\/","article_modified_time":"2026-03-19T15:05:45+00:00","og_image":[{"width":884,"height":630,"url":"https:\/\/www.mystery.city\/wp-content\/uploads\/2026\/01\/Lisbon-w-stix.webp","type":"image\/webp"}],"twitter_card":"summary_large_image","schema":{"@context":"https:\/\/schema.org","@graph":[{"@type":"WebPage","@id":"https:\/\/www.mystery.city\/pt-pt\/produto\/lisboa-grupos-escolares\/","url":"https:\/\/www.mystery.city\/pt-pt\/produto\/lisboa-grupos-escolares\/","name":"Ca\u00e7a ao Tesouro Hist\u00f3rica em Lisboa | Grupos Escolares | Mystery City Games","isPartOf":{"@id":"https:\/\/www.mystery.city\/pt-pt\/#website"},"primaryImageOfPage":{"@id":"https:\/\/www.mystery.city\/pt-pt\/produto\/lisboa-grupos-escolares\/#primaryimage"},"image":{"@id":"https:\/\/www.mystery.city\/pt-pt\/produto\/lisboa-grupos-escolares\/#primaryimage"},"thumbnailUrl":"https:\/\/www.mystery.city\/wp-content\/uploads\/2026\/01\/Lisbon-w-stix.webp","datePublished":"2026-03-03T13:46:16+00:00","dateModified":"2026-03-19T15:05:45+00:00","description":"A atividade perfeita em Lisboa para grupos escolares. D\u00ea vida \u00e0 hist\u00f3ria para os seus alunos com uma ca\u00e7a ao tesouro hist\u00f3rica pela cidade!","breadcrumb":{"@id":"https:\/\/www.mystery.city\/pt-pt\/produto\/lisboa-grupos-escolares\/#breadcrumb"},"inLanguage":"pt-PT","potentialAction":[{"@type":"ReadAction","target":["https:\/\/www.mystery.city\/pt-pt\/produto\/lisboa-grupos-escolares\/"]}]},{"@type":"ImageObject","inLanguage":"pt-PT","@id":"https:\/\/www.mystery.city\/pt-pt\/produto\/lisboa-grupos-escolares\/#primaryimage","url":"https:\/\/www.mystery.city\/wp-content\/uploads\/2026\/01\/Lisbon-w-stix.webp","contentUrl":"https:\/\/www.mystery.city\/wp-content\/uploads\/2026\/01\/Lisbon-w-stix.webp","width":884,"height":630,"caption":"Ca\u00e7a ao tesouro em Lisboa, escape room ao ar livre em Lisboa"},{"@type":"BreadcrumbList","@id":"https:\/\/www.mystery.city\/pt-pt\/produto\/lisboa-grupos-escolares\/#breadcrumb","itemListElement":[{"@type":"ListItem","position":1,"name":"Home","item":"https:\/\/www.mystery.city\/pt-pt\/"},{"@type":"ListItem","position":2,"name":"Shop","item":"https:\/\/www.mystery.city\/shop\/"},{"@type":"ListItem","position":3,"name":"O Espi\u00e3o das Sombras &#8211; Grupos Escolares"}]},{"@type":"WebSite","@id":"https:\/\/www.mystery.city\/pt-pt\/#website","url":"https:\/\/www.mystery.city\/pt-pt\/","name":"Mystery City Games","description":"Explore the City, Solve Puzzles, Unlock History","publisher":{"@id":"https:\/\/www.mystery.city\/pt-pt\/#organization"},"alternateName":"Mystery City Games","potentialAction":[{"@type":"SearchAction","target":{"@type":"EntryPoint","urlTemplate":"https:\/\/www.mystery.city\/pt-pt\/?s={search_term_string}"},"query-input":{"@type":"PropertyValueSpecification","valueRequired":true,"valueName":"search_term_string"}}],"inLanguage":"pt-PT"},{"@type":"Organization","@id":"https:\/\/www.mystery.city\/pt-pt\/#organization","name":"Mystery City Games","alternateName":"Mystery City Games","url":"https:\/\/www.mystery.city\/pt-pt\/","logo":{"@type":"ImageObject","inLanguage":"pt-PT","@id":"https:\/\/www.mystery.city\/pt-pt\/#\/schema\/logo\/image\/","url":"https:\/\/www.mystery.city\/wp-content\/uploads\/2025\/02\/Mystery-City-Games-Logo-2048x394-1.png","contentUrl":"https:\/\/www.mystery.city\/wp-content\/uploads\/2025\/02\/Mystery-City-Games-Logo-2048x394-1.png","width":2048,"height":394,"caption":"Mystery City Games"},"image":{"@id":"https:\/\/www.mystery.city\/pt-pt\/#\/schema\/logo\/image\/"},"sameAs":["https:\/\/www.facebook.com\/MysteryCityGames\/","https:\/\/www.instagram.com\/mysterycitygames\/","https:\/\/www.linkedin.com\/company\/mystery-city-games","https:\/\/www.tiktok.com\/@mysterycitygames","https:\/\/www.youtube.com\/@mysterycitygames"]}]}},"_links":{"self":[{"href":"https:\/\/www.mystery.city\/pt-pt\/wp-json\/wp\/v2\/product\/15460","targetHints":{"allow":["GET"]}}],"collection":[{"href":"https:\/\/www.mystery.city\/pt-pt\/wp-json\/wp\/v2\/product"}],"about":[{"href":"https:\/\/www.mystery.city\/pt-pt\/wp-json\/wp\/v2\/types\/product"}],"wp:featuredmedia":[{"embeddable":true,"href":"https:\/\/www.mystery.city\/pt-pt\/wp-json\/wp\/v2\/media\/15376"}],"wp:attachment":[{"href":"https:\/\/www.mystery.city\/pt-pt\/wp-json\/wp\/v2\/media?parent=15460"}],"wp:term":[{"taxonomy":"product_brand","embeddable":true,"href":"https:\/\/www.mystery.city\/pt-pt\/wp-json\/wp\/v2\/product_brand?post=15460"},{"taxonomy":"product_cat","embeddable":true,"href":"https:\/\/www.mystery.city\/pt-pt\/wp-json\/wp\/v2\/product_cat?post=15460"},{"taxonomy":"product_tag","embeddable":true,"href":"https:\/\/www.mystery.city\/pt-pt\/wp-json\/wp\/v2\/product_tag?post=15460"}],"curies":[{"name":"wp","href":"https:\/\/api.w.org\/{rel}","templated":true}]}}