{"id":9403,"date":"2025-03-07T08:15:50","date_gmt":"2025-03-07T07:15:50","guid":{"rendered":"https:\/\/mysterycity.com\/product\/the-kings-secret\/"},"modified":"2025-12-30T13:55:47","modified_gmt":"2025-12-30T12:55:47","slug":"caca-ao-tesouro-sintra","status":"publish","type":"product","link":"https:\/\/www.mystery.city\/pt-pt\/produto\/caca-ao-tesouro-sintra\/","title":{"rendered":"O Segredo do Rei"},"content":{"rendered":"<p>O <b>Rei tem um segredo<\/b>. Est\u00e1 apaixonado! Mas, pasme, <b>o<\/b> seu <b>amor \u00e9 proibido<\/b>. Mas o Rei tem um plano para que eles possam ficar juntos&#8230;<b> segue o seu rasto<\/b> e <b>resolve os seus desafios<\/b> neste <b>escape room ao ar livre<\/b> para ajudar o Rei a salvar o seu amor!<\/p>\n<p><b>Explora<\/b> <b>a hist\u00f3ria<\/b> <b>de Sintra<\/b> nesta <b>aventura de ca\u00e7a ao tesouro<\/b> baseada numa<b> hist\u00f3ria real<\/b>. Visita monumentos famosos, descobre j\u00f3ias escondidas e mergulha no mundo do amor e da realeza.<\/p>\n<p>Consegues <b>resolver o mist\u00e9rio<\/b>? Entra na hist\u00f3ria e descobre porque \u00e9 que esta \u00e9 a <b>atividade mais divertida de Sintra!<\/b><\/p>\n","protected":false},"excerpt":{"rendered":"<p><!-- Portuguese --><\/p>\n<p><!-- Your existing styles --><\/p>\n<style>\n    @media (max-width: 1200px) {<br \/>      .LandbotLivechat,<br \/>      .LandbotLivechat .LandbotWidget,<br \/>      .LandbotLivechat .LandbotLauncher,<br \/>      .LandbotLivechat .LandbotButton,<br \/>      .LandbotLivechat .LandbotToggle {<br \/>        bottom: 10vh !important;<br \/>      }<br \/>    }<br \/>  <\/style>\n<p>&nbsp;<\/p>\n<p><script>\nwindow.addEventListener('mouseover', initLandbot, { once: true });\nwindow.addEventListener('touchstart', initLandbot, { once: true });\nvar myLandbot;\nfunction initLandbot() {\nif (!myLandbot) {\nvar s = document.createElement('script');\ns.type = \"module\"\ns.async = true;\ns.addEventListener('load', function() {\nvar myLandbot = new Landbot.Livechat({\nconfigUrl: 'https:\/\/storage.googleapis.com\/landbot.pro\/v3\/H-3139858-KNHPFZ7YWJCSZO07\/index.json',\ncustomData: {\ncity:\"Sintra\"\n}\n});\n});\ns.src = 'https:\/\/cdn.landbot.io\/landbot-3\/landbot-3.0.0.mjs';\nvar x = document.getElementsByTagName('script')[0];\nx.parentNode.insertBefore(s, x);\n}\n}\n<\/script><\/p>\n<p><script type=\"text\/javascript\" src=\"https:\/\/bookeo.com\/widget.js?a=42551JFW7PA17A3859B833&#038;type=4255179JP4L187237843C4&#038;languageCode=pt_PT\"><\/script><\/p>\n","protected":false},"featured_media":7909,"template":"","meta":{"_acf_changed":false,"postBodyCss":"","postBodyMargin":[],"postBodyPadding":[],"postBodyBackground":{"backgroundType":"classic","gradient":""}},"product_brand":[],"product_cat":[81],"product_tag":[140],"class_list":{"0":"post-9403","1":"product","2":"type-product","3":"status-publish","4":"has-post-thumbnail","6":"product_cat-game","7":"product_tag-bookeo-pt-pt","9":"first","10":"instock","11":"virtual","12":"taxable","13":"purchasable","14":"product-type-simple"},"acf":[],"yoast_head":"<!-- This site is optimized with the Yoast SEO plugin v27.4 - https:\/\/yoast.com\/product\/yoast-seo-wordpress\/ -->\n<title>Ca\u00e7a ao Tesouro Sintra | Escape Room ao ar Livre | Mystery City Games<\/title>\n<meta name=\"description\" content=\"Vive uma aventura inesquec\u00edvel em Sintra com um escape room ao ar livre \u2014 uma ca\u00e7a ao tesouro repleta de mist\u00e9rios e hist\u00f3ria.\" \/>\n<meta name=\"robots\" content=\"index, follow, max-snippet:-1, max-image-preview:large, max-video-preview:-1\" \/>\n<link rel=\"canonical\" href=\"https:\/\/www.mystery.city\/pt-pt\/produto\/caca-ao-tesouro-sintra\/\" \/>\n<meta property=\"og:locale\" content=\"pt_PT\" \/>\n<meta property=\"og:type\" content=\"article\" \/>\n<meta property=\"og:title\" content=\"Ca\u00e7a ao Tesouro Sintra | Escape Room ao ar Livre | Mystery City Games\" \/>\n<meta property=\"og:description\" content=\"Vive uma aventura inesquec\u00edvel em Sintra com um escape room ao ar livre \u2014 uma ca\u00e7a ao tesouro repleta de mist\u00e9rios e hist\u00f3ria.\" \/>\n<meta property=\"og:url\" content=\"https:\/\/www.mystery.city\/pt-pt\/produto\/caca-ao-tesouro-sintra\/\" \/>\n<meta property=\"og:site_name\" content=\"Mystery City Games\" \/>\n<meta property=\"article:publisher\" content=\"https:\/\/www.facebook.com\/MysteryCityGames\/\" \/>\n<meta property=\"article:modified_time\" content=\"2025-12-30T12:55:47+00:00\" \/>\n<meta property=\"og:image\" content=\"https:\/\/www.mystery.city\/wp-content\/uploads\/2025\/03\/Sintra-w-stix.png\" \/>\n\t<meta property=\"og:image:width\" content=\"707\" \/>\n\t<meta property=\"og:image:height\" content=\"557\" \/>\n\t<meta property=\"og:image:type\" content=\"image\/png\" \/>\n<meta name=\"twitter:card\" content=\"summary_large_image\" \/>\n<script type=\"application\/ld+json\" class=\"yoast-schema-graph\">{\"@context\":\"https:\\\/\\\/schema.org\",\"@graph\":[{\"@type\":\"WebPage\",\"@id\":\"https:\\\/\\\/www.mystery.city\\\/pt-pt\\\/produto\\\/caca-ao-tesouro-sintra\\\/\",\"url\":\"https:\\\/\\\/www.mystery.city\\\/pt-pt\\\/produto\\\/caca-ao-tesouro-sintra\\\/\",\"name\":\"Ca\u00e7a ao Tesouro Sintra | Escape Room ao ar Livre | Mystery City Games\",\"isPartOf\":{\"@id\":\"https:\\\/\\\/www.mystery.city\\\/pt-pt\\\/#website\"},\"primaryImageOfPage\":{\"@id\":\"https:\\\/\\\/www.mystery.city\\\/pt-pt\\\/produto\\\/caca-ao-tesouro-sintra\\\/#primaryimage\"},\"image\":{\"@id\":\"https:\\\/\\\/www.mystery.city\\\/pt-pt\\\/produto\\\/caca-ao-tesouro-sintra\\\/#primaryimage\"},\"thumbnailUrl\":\"https:\\\/\\\/www.mystery.city\\\/wp-content\\\/uploads\\\/2025\\\/03\\\/Sintra-w-stix.png\",\"datePublished\":\"2025-03-07T07:15:50+00:00\",\"dateModified\":\"2025-12-30T12:55:47+00:00\",\"description\":\"Vive uma aventura inesquec\u00edvel em Sintra com um escape room ao ar livre \u2014 uma ca\u00e7a ao tesouro repleta de mist\u00e9rios e hist\u00f3ria.\",\"breadcrumb\":{\"@id\":\"https:\\\/\\\/www.mystery.city\\\/pt-pt\\\/produto\\\/caca-ao-tesouro-sintra\\\/#breadcrumb\"},\"inLanguage\":\"pt-PT\",\"potentialAction\":[{\"@type\":\"ReadAction\",\"target\":[\"https:\\\/\\\/www.mystery.city\\\/pt-pt\\\/produto\\\/caca-ao-tesouro-sintra\\\/\"]}]},{\"@type\":\"ImageObject\",\"inLanguage\":\"pt-PT\",\"@id\":\"https:\\\/\\\/www.mystery.city\\\/pt-pt\\\/produto\\\/caca-ao-tesouro-sintra\\\/#primaryimage\",\"url\":\"https:\\\/\\\/www.mystery.city\\\/wp-content\\\/uploads\\\/2025\\\/03\\\/Sintra-w-stix.png\",\"contentUrl\":\"https:\\\/\\\/www.mystery.city\\\/wp-content\\\/uploads\\\/2025\\\/03\\\/Sintra-w-stix.png\",\"width\":707,\"height\":557,\"caption\":\"Treasure Hunt Sintra \u2013 Outdoor Escape Room Adventure Game, escape room ao ar livre, Sintra Ca\u00e7a ao Tesouro\"},{\"@type\":\"BreadcrumbList\",\"@id\":\"https:\\\/\\\/www.mystery.city\\\/pt-pt\\\/produto\\\/caca-ao-tesouro-sintra\\\/#breadcrumb\",\"itemListElement\":[{\"@type\":\"ListItem\",\"position\":1,\"name\":\"Home\",\"item\":\"https:\\\/\\\/www.mystery.city\\\/pt-pt\\\/\"},{\"@type\":\"ListItem\",\"position\":2,\"name\":\"Shop\",\"item\":\"https:\\\/\\\/www.mystery.city\\\/shop\\\/\"},{\"@type\":\"ListItem\",\"position\":3,\"name\":\"O Segredo do Rei\"}]},{\"@type\":\"WebSite\",\"@id\":\"https:\\\/\\\/www.mystery.city\\\/pt-pt\\\/#website\",\"url\":\"https:\\\/\\\/www.mystery.city\\\/pt-pt\\\/\",\"name\":\"Mystery City Games\",\"description\":\"Explore the City, Solve Puzzles, Unlock History\",\"publisher\":{\"@id\":\"https:\\\/\\\/www.mystery.city\\\/pt-pt\\\/#organization\"},\"alternateName\":\"Mystery City Games\",\"potentialAction\":[{\"@type\":\"SearchAction\",\"target\":{\"@type\":\"EntryPoint\",\"urlTemplate\":\"https:\\\/\\\/www.mystery.city\\\/pt-pt\\\/?s={search_term_string}\"},\"query-input\":{\"@type\":\"PropertyValueSpecification\",\"valueRequired\":true,\"valueName\":\"search_term_string\"}}],\"inLanguage\":\"pt-PT\"},{\"@type\":\"Organization\",\"@id\":\"https:\\\/\\\/www.mystery.city\\\/pt-pt\\\/#organization\",\"name\":\"Mystery City Games\",\"alternateName\":\"Mystery City Games\",\"url\":\"https:\\\/\\\/www.mystery.city\\\/pt-pt\\\/\",\"logo\":{\"@type\":\"ImageObject\",\"inLanguage\":\"pt-PT\",\"@id\":\"https:\\\/\\\/www.mystery.city\\\/pt-pt\\\/#\\\/schema\\\/logo\\\/image\\\/\",\"url\":\"https:\\\/\\\/www.mystery.city\\\/wp-content\\\/uploads\\\/2025\\\/02\\\/Mystery-City-Games-Logo-2048x394-1.png\",\"contentUrl\":\"https:\\\/\\\/www.mystery.city\\\/wp-content\\\/uploads\\\/2025\\\/02\\\/Mystery-City-Games-Logo-2048x394-1.png\",\"width\":2048,\"height\":394,\"caption\":\"Mystery City Games\"},\"image\":{\"@id\":\"https:\\\/\\\/www.mystery.city\\\/pt-pt\\\/#\\\/schema\\\/logo\\\/image\\\/\"},\"sameAs\":[\"https:\\\/\\\/www.facebook.com\\\/MysteryCityGames\\\/\",\"https:\\\/\\\/www.instagram.com\\\/mysterycitygames\\\/\",\"https:\\\/\\\/www.linkedin.com\\\/company\\\/mystery-city-games\",\"https:\\\/\\\/www.tiktok.com\\\/@mysterycitygames\",\"https:\\\/\\\/www.youtube.com\\\/@mysterycitygames\"]}]}<\/script>\n<!-- \/ Yoast SEO plugin. -->","yoast_head_json":{"title":"Ca\u00e7a ao Tesouro Sintra | Escape Room ao ar Livre | Mystery City Games","description":"Vive uma aventura inesquec\u00edvel em Sintra com um escape room ao ar livre \u2014 uma ca\u00e7a ao tesouro repleta de mist\u00e9rios e hist\u00f3ria.","robots":{"index":"index","follow":"follow","max-snippet":"max-snippet:-1","max-image-preview":"max-image-preview:large","max-video-preview":"max-video-preview:-1"},"canonical":"https:\/\/www.mystery.city\/pt-pt\/produto\/caca-ao-tesouro-sintra\/","og_locale":"pt_PT","og_type":"article","og_title":"Ca\u00e7a ao Tesouro Sintra | Escape Room ao ar Livre | Mystery City Games","og_description":"Vive uma aventura inesquec\u00edvel em Sintra com um escape room ao ar livre \u2014 uma ca\u00e7a ao tesouro repleta de mist\u00e9rios e hist\u00f3ria.","og_url":"https:\/\/www.mystery.city\/pt-pt\/produto\/caca-ao-tesouro-sintra\/","og_site_name":"Mystery City Games","article_publisher":"https:\/\/www.facebook.com\/MysteryCityGames\/","article_modified_time":"2025-12-30T12:55:47+00:00","og_image":[{"width":707,"height":557,"url":"https:\/\/www.mystery.city\/wp-content\/uploads\/2025\/03\/Sintra-w-stix.png","type":"image\/png"}],"twitter_card":"summary_large_image","schema":{"@context":"https:\/\/schema.org","@graph":[{"@type":"WebPage","@id":"https:\/\/www.mystery.city\/pt-pt\/produto\/caca-ao-tesouro-sintra\/","url":"https:\/\/www.mystery.city\/pt-pt\/produto\/caca-ao-tesouro-sintra\/","name":"Ca\u00e7a ao Tesouro Sintra | Escape Room ao ar Livre | Mystery City Games","isPartOf":{"@id":"https:\/\/www.mystery.city\/pt-pt\/#website"},"primaryImageOfPage":{"@id":"https:\/\/www.mystery.city\/pt-pt\/produto\/caca-ao-tesouro-sintra\/#primaryimage"},"image":{"@id":"https:\/\/www.mystery.city\/pt-pt\/produto\/caca-ao-tesouro-sintra\/#primaryimage"},"thumbnailUrl":"https:\/\/www.mystery.city\/wp-content\/uploads\/2025\/03\/Sintra-w-stix.png","datePublished":"2025-03-07T07:15:50+00:00","dateModified":"2025-12-30T12:55:47+00:00","description":"Vive uma aventura inesquec\u00edvel em Sintra com um escape room ao ar livre \u2014 uma ca\u00e7a ao tesouro repleta de mist\u00e9rios e hist\u00f3ria.","breadcrumb":{"@id":"https:\/\/www.mystery.city\/pt-pt\/produto\/caca-ao-tesouro-sintra\/#breadcrumb"},"inLanguage":"pt-PT","potentialAction":[{"@type":"ReadAction","target":["https:\/\/www.mystery.city\/pt-pt\/produto\/caca-ao-tesouro-sintra\/"]}]},{"@type":"ImageObject","inLanguage":"pt-PT","@id":"https:\/\/www.mystery.city\/pt-pt\/produto\/caca-ao-tesouro-sintra\/#primaryimage","url":"https:\/\/www.mystery.city\/wp-content\/uploads\/2025\/03\/Sintra-w-stix.png","contentUrl":"https:\/\/www.mystery.city\/wp-content\/uploads\/2025\/03\/Sintra-w-stix.png","width":707,"height":557,"caption":"Treasure Hunt Sintra \u2013 Outdoor Escape Room Adventure Game, escape room ao ar livre, Sintra Ca\u00e7a ao Tesouro"},{"@type":"BreadcrumbList","@id":"https:\/\/www.mystery.city\/pt-pt\/produto\/caca-ao-tesouro-sintra\/#breadcrumb","itemListElement":[{"@type":"ListItem","position":1,"name":"Home","item":"https:\/\/www.mystery.city\/pt-pt\/"},{"@type":"ListItem","position":2,"name":"Shop","item":"https:\/\/www.mystery.city\/shop\/"},{"@type":"ListItem","position":3,"name":"O Segredo do Rei"}]},{"@type":"WebSite","@id":"https:\/\/www.mystery.city\/pt-pt\/#website","url":"https:\/\/www.mystery.city\/pt-pt\/","name":"Mystery City Games","description":"Explore the City, Solve Puzzles, Unlock History","publisher":{"@id":"https:\/\/www.mystery.city\/pt-pt\/#organization"},"alternateName":"Mystery City Games","potentialAction":[{"@type":"SearchAction","target":{"@type":"EntryPoint","urlTemplate":"https:\/\/www.mystery.city\/pt-pt\/?s={search_term_string}"},"query-input":{"@type":"PropertyValueSpecification","valueRequired":true,"valueName":"search_term_string"}}],"inLanguage":"pt-PT"},{"@type":"Organization","@id":"https:\/\/www.mystery.city\/pt-pt\/#organization","name":"Mystery City Games","alternateName":"Mystery City Games","url":"https:\/\/www.mystery.city\/pt-pt\/","logo":{"@type":"ImageObject","inLanguage":"pt-PT","@id":"https:\/\/www.mystery.city\/pt-pt\/#\/schema\/logo\/image\/","url":"https:\/\/www.mystery.city\/wp-content\/uploads\/2025\/02\/Mystery-City-Games-Logo-2048x394-1.png","contentUrl":"https:\/\/www.mystery.city\/wp-content\/uploads\/2025\/02\/Mystery-City-Games-Logo-2048x394-1.png","width":2048,"height":394,"caption":"Mystery City Games"},"image":{"@id":"https:\/\/www.mystery.city\/pt-pt\/#\/schema\/logo\/image\/"},"sameAs":["https:\/\/www.facebook.com\/MysteryCityGames\/","https:\/\/www.instagram.com\/mysterycitygames\/","https:\/\/www.linkedin.com\/company\/mystery-city-games","https:\/\/www.tiktok.com\/@mysterycitygames","https:\/\/www.youtube.com\/@mysterycitygames"]}]}},"_links":{"self":[{"href":"https:\/\/www.mystery.city\/pt-pt\/wp-json\/wp\/v2\/product\/9403","targetHints":{"allow":["GET"]}}],"collection":[{"href":"https:\/\/www.mystery.city\/pt-pt\/wp-json\/wp\/v2\/product"}],"about":[{"href":"https:\/\/www.mystery.city\/pt-pt\/wp-json\/wp\/v2\/types\/product"}],"wp:featuredmedia":[{"embeddable":true,"href":"https:\/\/www.mystery.city\/pt-pt\/wp-json\/wp\/v2\/media\/7909"}],"wp:attachment":[{"href":"https:\/\/www.mystery.city\/pt-pt\/wp-json\/wp\/v2\/media?parent=9403"}],"wp:term":[{"taxonomy":"product_brand","embeddable":true,"href":"https:\/\/www.mystery.city\/pt-pt\/wp-json\/wp\/v2\/product_brand?post=9403"},{"taxonomy":"product_cat","embeddable":true,"href":"https:\/\/www.mystery.city\/pt-pt\/wp-json\/wp\/v2\/product_cat?post=9403"},{"taxonomy":"product_tag","embeddable":true,"href":"https:\/\/www.mystery.city\/pt-pt\/wp-json\/wp\/v2\/product_tag?post=9403"}],"curies":[{"name":"wp","href":"https:\/\/api.w.org\/{rel}","templated":true}]}}